{"id":17,"date":"2019-09-17T10:43:44","date_gmt":"2019-09-17T03:43:44","guid":{"rendered":"http:\/\/loiloccamera.com\/?page_id=17"},"modified":"2019-09-27T09:03:30","modified_gmt":"2019-09-27T02:03:30","slug":"gioi-thieu","status":"publish","type":"page","link":"https:\/\/loiloccamera.com\/index.php\/gioi-thieu\/","title":{"rendered":"GI\u1edaI THI\u1ec6U"},"content":{"rendered":"\n<div class=\"row\"  id=\"row-1285434574\">\n\n<div class=\"col small-12 large-12\"  ><div class=\"col-inner\"  >\n\n<h2 style=\"text-align: center;\">GI\u1edaI THI\u1ec6U L\u1ee2I L\u1ed8C CAMERA<\/h2>\n<p><em><strong>L\u1ee3i L\u1ed9c camera c\u1ea3m \u01a1n Qu\u00fd Kh\u00e1ch h\u00e0ng \u0111\u00e3 truy c\u1eadp v\u00e0o trang th\u00f4ng tin \u0111i\u1ec7n t\u1eed c\u1ee7a ch\u00fang t\u00f4i!<\/strong><\/em><\/p>\n<p>C\u00f9ng v\u1edbi s\u1ef1 ph\u00e1t tri\u1ec3n c\u1ee7a \u0111\u1eddi s\u1ed1ng Kinh t\u1ebf \u2013 X\u00e3 h\u1ed9i, c\u00e1c ng\u00e0nh C\u00f4ng ngh\u1ec7 \u0111\u00e3 v\u00e0 \u0111ang ph\u00e1t tri\u1ec3n nhanh ch\u00f3ng, \u0111\u1eb7c bi\u1ec7t l\u00e0 ng\u00e0nh thi\u1ebft b\u1ecb an ninh. C\u00e1c h\u00e3ng thi\u1ebft b\u1ecb \u0111ang nghi\u00ean c\u1ee9u v\u00e0 ph\u00e1t tri\u1ec3n \u0111\u1ec3 \u0111em \u0111\u1ebfn cho kh\u00e1ch h\u00e0ng nh\u1eefng s\u1ea3n ph\u1ea9m ch\u1ea5t l\u01b0\u1ee3ng cao, nhi\u1ec1u t\u00ednh n\u0103ng th\u00f4ng minh v\u00e0 gi\u00e1 th\u00e0nh h\u1ee3p l\u00fd. Nhu c\u1ea7u c\u1ee7a ng\u01b0\u1eddi d\u00f9ng c\u0169ng ng\u00e0y m\u1ed9t t\u0103ng l\u00ean v\u1ec1 s\u1ed1 l\u01b0\u1ee3ng v\u00e0 ch\u1ea5t l\u01b0\u1ee3ng. <strong><a href=\"https:\/\/loiloccamera.com\">L\u1ee3i L\u1ed9c camera<\/a><\/strong>\u00a0l\u00e0 nh\u00e0 ph\u00e2n ph\u1ed1i, thi\u1ebft k\u1ebf v\u00e0 l\u1eafp \u0111\u1eb7t c\u00e1c h\u1ec7 th\u1ed1ng:<\/p>\n<ul>\n<li><em>H\u1ec7 th\u1ed1ng Camera quan s\u00e1t, Camera an ninh.<\/em><\/li>\n<li><em>L\u1eafp \u0111\u1eb7t\u00a0b\u00e1o tr\u1ed9m, c\u1ea3nh b\u00e1o, ch\u1ed1ng \u0111\u1ed9t nh\u1eadp.<\/em><\/li>\n<li><em>H\u1ec7 th\u1ed1ng an ninh si\u00eau th\u1ecb, c\u1eeda h\u00e0ng.<\/em><\/li>\n<li><em>H\u1ec7 th\u1ed1ng b\u00e1o ch\u00e1y t\u1ef1 \u0111\u1ed9ng.<\/em><\/li>\n<li><em>T\u1ed5ng \u0111\u00e0i n\u1ed9i b\u1ed9.<\/em><\/li>\n<li><em>H\u1ec7 th\u1ed1ng m\u1ea1ng LAN, WAN.<\/em><\/li>\n<li><em>H\u1ec7 th\u1ed1ng thu h\u00ecnh k\u1ef9 thu\u1eadt s\u1ed1.<\/em><\/li>\n<li><em>H\u1ec7 th\u1ed1ng ch\u1ea5m c\u00f4ng v\u00e2n tay, chu\u00f4ng c\u1eeda m\u00e0n h\u00ecnh, b\u1ed9 \u0111\u00e0m, vi t\u00ednh.<\/em><\/li>\n<li><em>L\u1eafp \u0111\u1eb7t h\u1ec7 th\u1ed1ng \u00e2m thanh.<\/em><\/li>\n<li><em>Bu\u00f4n b\u00e1n linh ki\u1ec7n \u0111i\u1ec7n t\u1eed vi\u1ec5n th\u00f4ng, k\u1ef9 thu\u1eadt s\u1ed1.<\/em><\/li>\n<\/ul>\n<p>Ch\u00fang t\u00f4i h\u1ee3p t\u00e1c v\u1edbi c\u00e1c h\u00e3ng thi\u1ebft b\u1ecb h\u00e0ng \u0111\u1ea7u tr\u00ean th\u1ebf gi\u1edbi \u0111\u1ec3 \u0111em \u0111\u1ebfn c\u00e1c s\u1ea3n ph\u1ea9m ch\u1ea5t l\u01b0\u1ee3ng. H\u00e0ng h\u00f3a b\u00e1n ra \u0111\u1ec1u c\u00f3 Ch\u1ee9ng nh\u1eadn xu\u1ea5t x\u1ee9 CO, Ch\u1ee9ng nh\u1eadn ch\u1ea5t l\u01b0\u1ee3ng CQ. Quan tr\u1ecdng h\u01a1n l\u00e0 c\u00e1c s\u1ea3n ph\u1ea9m \u0111\u1ec1u \u0111\u01b0\u1ee3c b\u00e1n r\u00f4ng r\u00e3i tr\u00ean th\u1ebf gi\u1edbi v\u00e0 \u0111\u01b0\u1ee3c ng\u01b0\u1eddi d\u00f9ng tr\u1ea3i nghi\u1ec7m \u0111\u00e1nh gi\u00e1 cao.<\/p>\n<p>Ch\u00fang t\u00f4i c\u0169ng lu\u00f4n quan t\u00e2m \u0111\u00e0o t\u1ea1o \u0111\u1ed9i ng\u0169 nh\u00e2n vi\u00ean, k\u1ef9 thu\u1eadt vi\u00ean n\u1eafm r\u00f5 v\u1ec1 s\u1ea3n ph\u1ea9m. Nh\u1edd \u0111\u00f3 s\u1ebd t\u01b0 v\u1ea5n mi\u1ec5n ph\u00ed cho kh\u00e1ch h\u00e0ng ch\u1ecdn l\u1ef1a \u0111\u01b0\u1ee3c s\u1ea3n ph\u1ea9m ph\u00f9 h\u1ee3p v\u1edbi nhu c\u1ea7u v\u00e0 chi ph\u00ed \u0111\u1ea7u t\u01b0. C\u00e1c k\u1ef9 thu\u1eadt vi\u00ean l\u1eafp \u0111\u1eb7t, c\u00e0i \u0111\u1eb7t h\u1ec7 th\u1ed1ng \u0111\u00fang v\u1edbi y\u00eau c\u1ea7u k\u1ef9 thu\u1eadt khuy\u1ebfn c\u00e1o t\u1eeb h\u00e3ng. Nh\u1edd \u0111\u00f3 h\u1ec7 th\u1ed1ng s\u1ebd ho\u1ea1t \u0111\u1ed9ng l\u00e2u d\u00e0i v\u00e0 \u1ed5n \u0111\u1ecbnh h\u01a1n. B\u00ean c\u1ea1nh \u0111\u00f3 l\u00e0 c\u00e1c ch\u01b0\u01a1ng tr\u00ecnh h\u1ed7 tr\u1ee3 sau b\u00e1n h\u00e0ng c\u0169ng \u0111\u01b0\u1ee3c tri\u1ec3n khai \u0111\u1ec1u \u0111\u1eb7n v\u00e0 th\u01b0\u1eddng xuy\u00ean.<\/p>\n<p>Ch\u00fang t\u00f4i c\u0169ng gi\u00fap c\u00e1c \u0110\u1ea1i l\u00fd b\u00e1n h\u00e0ng \u0111\u00e0o t\u1ea1o nh\u00e2n vi\u00ean kinh doanh, nh\u00e2n vi\u00ean k\u1ef9 thu\u1eadt n\u1eafm b\u1eaft \u0111\u01b0\u1ee3c s\u1ea3n ph\u1ea9m v\u00e0 t\u01b0 v\u1ea5n \u0111\u1ebfn nhi\u1ec1u ng\u01b0\u1eddi d\u00f9ng kh\u00e1c.<\/p>\n<p>Ngo\u00e0i ra, ch\u00fang t\u00f4i c\u0169ng kh\u00f4ng ng\u1eebng \u0111\u1ed5i m\u1edbi chi\u1ebfn l\u01b0\u1ee3c kinh doanh, \u0111\u1ed5i m\u1edbi phong c\u00e1ch l\u00e0m vi\u1ec7c \u0111\u1ec3 \u0111em l\u1ea1i cho kh\u00e1ch h\u00e0ng Quy\u1ec1n l\u1ee3i t\u1ed1t nh\u1ea5t. Hi v\u1ecdng s\u1ebd \u0111\u01b0\u1ee3c nhi\u1ec1u \u0110\u1ea1i l\u00fd, Kh\u00e1ch h\u00e0ng tin t\u01b0\u1edfng, \u1ee7ng h\u1ed9 \u0111\u1ec3 ch\u00fang t\u00f4i ng\u00e0y c\u00e0ng ph\u00e1t tri\u1ec3n.<\/p>\n<p><strong>L\u1ee3i L\u1ed9c camera.<\/strong><\/p>\n<p>\u00a0<\/p>\n<p>\u00a0<\/p>\n<p>\u00a0<\/p>\n<p>\u00a0<\/p>\n<p>\u00a0<\/p>\n\n<\/div><\/div>\n\n<\/div>\n\n","protected":false},"excerpt":{"rendered":"","protected":false},"author":1,"featured_media":0,"parent":0,"menu_order":0,"comment_status":"closed","ping_status":"closed","template":"","meta":{"_monsterinsights_skip_tracking":false,"_monsterinsights_sitenote_active":false,"_monsterinsights_sitenote_note":"","_monsterinsights_sitenote_category":0,"footnotes":""},"class_list":["post-17","page","type-page","status-publish","hentry"],"aioseo_notices":[],"yoast_head":"<!-- This site is optimized with the Yoast SEO plugin v27.5 - https:\/\/yoast.com\/product\/yoast-seo-wordpress\/ -->\n<title>GI\u1edaI THI\u1ec6U - L\u1ee3i L\u1ed9c Camera<\/title>\n<meta name=\"robots\" content=\"index, follow, max-snippet:-1, max-image-preview:large, max-video-preview:-1\" \/>\n<link rel=\"canonical\" href=\"https:\/\/loiloccamera.com\/index.php\/gioi-thieu\/\" \/>\n<meta property=\"og:locale\" content=\"vi_VN\" \/>\n<meta property=\"og:type\" content=\"article\" \/>\n<meta property=\"og:title\" content=\"GI\u1edaI THI\u1ec6U - L\u1ee3i L\u1ed9c Camera\" \/>\n<meta property=\"og:url\" content=\"https:\/\/loiloccamera.com\/index.php\/gioi-thieu\/\" \/>\n<meta property=\"og:site_name\" content=\"L\u1ee3i L\u1ed9c Camera\" \/>\n<meta property=\"article:publisher\" content=\"https:\/\/www.facebook.com\/loiloccamera\/\" \/>\n<meta property=\"article:modified_time\" content=\"2019-09-27T02:03:30+00:00\" \/>\n<meta name=\"twitter:card\" content=\"summary_large_image\" \/>\n<meta name=\"twitter:label1\" content=\"\u01af\u1edbc t\u00ednh th\u1eddi gian \u0111\u1ecdc\" \/>\n\t<meta name=\"twitter:data1\" content=\"4 ph\u00fat\" \/>\n<script type=\"application\/ld+json\" class=\"yoast-schema-graph\">{\"@context\":\"https:\\\/\\\/schema.org\",\"@graph\":[{\"@type\":\"WebPage\",\"@id\":\"https:\\\/\\\/loiloccamera.com\\\/index.php\\\/gioi-thieu\\\/\",\"url\":\"https:\\\/\\\/loiloccamera.com\\\/index.php\\\/gioi-thieu\\\/\",\"name\":\"GI\u1edaI THI\u1ec6U - L\u1ee3i L\u1ed9c Camera\",\"isPartOf\":{\"@id\":\"https:\\\/\\\/loiloccamera.com\\\/#website\"},\"datePublished\":\"2019-09-17T03:43:44+00:00\",\"dateModified\":\"2019-09-27T02:03:30+00:00\",\"breadcrumb\":{\"@id\":\"https:\\\/\\\/loiloccamera.com\\\/index.php\\\/gioi-thieu\\\/#breadcrumb\"},\"inLanguage\":\"vi\",\"potentialAction\":[{\"@type\":\"ReadAction\",\"target\":[\"https:\\\/\\\/loiloccamera.com\\\/index.php\\\/gioi-thieu\\\/\"]}]},{\"@type\":\"BreadcrumbList\",\"@id\":\"https:\\\/\\\/loiloccamera.com\\\/index.php\\\/gioi-thieu\\\/#breadcrumb\",\"itemListElement\":[{\"@type\":\"ListItem\",\"position\":1,\"name\":\"Trang ch\u1ee7\",\"item\":\"https:\\\/\\\/loiloccamera.com\\\/\"},{\"@type\":\"ListItem\",\"position\":2,\"name\":\"GI\u1edaI THI\u1ec6U\"}]},{\"@type\":\"WebSite\",\"@id\":\"https:\\\/\\\/loiloccamera.com\\\/#website\",\"url\":\"https:\\\/\\\/loiloccamera.com\\\/\",\"name\":\"L\u1ee3i L\u1ed9c Camera\",\"description\":\"Uy t\u00ednh v\u00e0 ch\u1ea5t l\u01b0\u1ee3ng h\u00e0ng \u0111\u1ea7u .\",\"publisher\":{\"@id\":\"https:\\\/\\\/loiloccamera.com\\\/#organization\"},\"potentialAction\":[{\"@type\":\"SearchAction\",\"target\":{\"@type\":\"EntryPoint\",\"urlTemplate\":\"https:\\\/\\\/loiloccamera.com\\\/?s={search_term_string}\"},\"query-input\":{\"@type\":\"PropertyValueSpecification\",\"valueRequired\":true,\"valueName\":\"search_term_string\"}}],\"inLanguage\":\"vi\"},{\"@type\":\"Organization\",\"@id\":\"https:\\\/\\\/loiloccamera.com\\\/#organization\",\"name\":\"L\u1ee3i L\u1ed9c Camera\",\"url\":\"https:\\\/\\\/loiloccamera.com\\\/\",\"logo\":{\"@type\":\"ImageObject\",\"inLanguage\":\"vi\",\"@id\":\"https:\\\/\\\/loiloccamera.com\\\/#\\\/schema\\\/logo\\\/image\\\/\",\"url\":\"https:\\\/\\\/loiloccamera.com\\\/wp-content\\\/uploads\\\/2024\\\/06\\\/Loi-Loc-tron.png\",\"contentUrl\":\"https:\\\/\\\/loiloccamera.com\\\/wp-content\\\/uploads\\\/2024\\\/06\\\/Loi-Loc-tron.png\",\"width\":516,\"height\":513,\"caption\":\"L\u1ee3i L\u1ed9c Camera\"},\"image\":{\"@id\":\"https:\\\/\\\/loiloccamera.com\\\/#\\\/schema\\\/logo\\\/image\\\/\"},\"sameAs\":[\"https:\\\/\\\/www.facebook.com\\\/loiloccamera\\\/\"]}]}<\/script>\n<!-- \/ Yoast SEO plugin. -->","yoast_head_json":{"title":"GI\u1edaI THI\u1ec6U - L\u1ee3i L\u1ed9c Camera","robots":{"index":"index","follow":"follow","max-snippet":"max-snippet:-1","max-image-preview":"max-image-preview:large","max-video-preview":"max-video-preview:-1"},"canonical":"https:\/\/loiloccamera.com\/index.php\/gioi-thieu\/","og_locale":"vi_VN","og_type":"article","og_title":"GI\u1edaI THI\u1ec6U - L\u1ee3i L\u1ed9c Camera","og_url":"https:\/\/loiloccamera.com\/index.php\/gioi-thieu\/","og_site_name":"L\u1ee3i L\u1ed9c Camera","article_publisher":"https:\/\/www.facebook.com\/loiloccamera\/","article_modified_time":"2019-09-27T02:03:30+00:00","twitter_card":"summary_large_image","twitter_misc":{"\u01af\u1edbc t\u00ednh th\u1eddi gian \u0111\u1ecdc":"4 ph\u00fat"},"schema":{"@context":"https:\/\/schema.org","@graph":[{"@type":"WebPage","@id":"https:\/\/loiloccamera.com\/index.php\/gioi-thieu\/","url":"https:\/\/loiloccamera.com\/index.php\/gioi-thieu\/","name":"GI\u1edaI THI\u1ec6U - L\u1ee3i L\u1ed9c Camera","isPartOf":{"@id":"https:\/\/loiloccamera.com\/#website"},"datePublished":"2019-09-17T03:43:44+00:00","dateModified":"2019-09-27T02:03:30+00:00","breadcrumb":{"@id":"https:\/\/loiloccamera.com\/index.php\/gioi-thieu\/#breadcrumb"},"inLanguage":"vi","potentialAction":[{"@type":"ReadAction","target":["https:\/\/loiloccamera.com\/index.php\/gioi-thieu\/"]}]},{"@type":"BreadcrumbList","@id":"https:\/\/loiloccamera.com\/index.php\/gioi-thieu\/#breadcrumb","itemListElement":[{"@type":"ListItem","position":1,"name":"Trang ch\u1ee7","item":"https:\/\/loiloccamera.com\/"},{"@type":"ListItem","position":2,"name":"GI\u1edaI THI\u1ec6U"}]},{"@type":"WebSite","@id":"https:\/\/loiloccamera.com\/#website","url":"https:\/\/loiloccamera.com\/","name":"L\u1ee3i L\u1ed9c Camera","description":"Uy t\u00ednh v\u00e0 ch\u1ea5t l\u01b0\u1ee3ng h\u00e0ng \u0111\u1ea7u .","publisher":{"@id":"https:\/\/loiloccamera.com\/#organization"},"potentialAction":[{"@type":"SearchAction","target":{"@type":"EntryPoint","urlTemplate":"https:\/\/loiloccamera.com\/?s={search_term_string}"},"query-input":{"@type":"PropertyValueSpecification","valueRequired":true,"valueName":"search_term_string"}}],"inLanguage":"vi"},{"@type":"Organization","@id":"https:\/\/loiloccamera.com\/#organization","name":"L\u1ee3i L\u1ed9c Camera","url":"https:\/\/loiloccamera.com\/","logo":{"@type":"ImageObject","inLanguage":"vi","@id":"https:\/\/loiloccamera.com\/#\/schema\/logo\/image\/","url":"https:\/\/loiloccamera.com\/wp-content\/uploads\/2024\/06\/Loi-Loc-tron.png","contentUrl":"https:\/\/loiloccamera.com\/wp-content\/uploads\/2024\/06\/Loi-Loc-tron.png","width":516,"height":513,"caption":"L\u1ee3i L\u1ed9c Camera"},"image":{"@id":"https:\/\/loiloccamera.com\/#\/schema\/logo\/image\/"},"sameAs":["https:\/\/www.facebook.com\/loiloccamera\/"]}]}},"_links":{"self":[{"href":"https:\/\/loiloccamera.com\/index.php\/wp-json\/wp\/v2\/pages\/17","targetHints":{"allow":["GET"]}}],"collection":[{"href":"https:\/\/loiloccamera.com\/index.php\/wp-json\/wp\/v2\/pages"}],"about":[{"href":"https:\/\/loiloccamera.com\/index.php\/wp-json\/wp\/v2\/types\/page"}],"author":[{"embeddable":true,"href":"https:\/\/loiloccamera.com\/index.php\/wp-json\/wp\/v2\/users\/1"}],"replies":[{"embeddable":true,"href":"https:\/\/loiloccamera.com\/index.php\/wp-json\/wp\/v2\/comments?post=17"}],"version-history":[{"count":5,"href":"https:\/\/loiloccamera.com\/index.php\/wp-json\/wp\/v2\/pages\/17\/revisions"}],"predecessor-version":[{"id":343,"href":"https:\/\/loiloccamera.com\/index.php\/wp-json\/wp\/v2\/pages\/17\/revisions\/343"}],"wp:attachment":[{"href":"https:\/\/loiloccamera.com\/index.php\/wp-json\/wp\/v2\/media?parent=17"}],"curies":[{"name":"wp","href":"https:\/\/api.w.org\/{rel}","templated":true}]}}