{"id":101,"date":"2019-09-19T15:16:07","date_gmt":"2019-09-19T08:16:07","guid":{"rendered":"http:\/\/loiloccamera.com\/?post_type=product&#038;p=101"},"modified":"2023-03-13T09:58:42","modified_gmt":"2023-03-13T02:58:42","slug":"dau-ghi-hinh-hdtvi-hikvision-ds-7104hghi-f1","status":"publish","type":"product","link":"https:\/\/loiloccamera.com\/index.php\/product\/dau-ghi-hinh-hdtvi-hikvision-ds-7104hghi-f1\/","title":{"rendered":"\u0110\u1ea7u ghi h\u00ecnh 4 k\u00eanh 2MP DS-7104HGHI-F1"},"content":{"rendered":"<div class=\"product-tabs-wrapper\">\n<div class=\"container\">\n<div class=\"row\">\n<div class=\"col-12 poduct-tabs-inner\">\n<div class=\"woocommerce-tabs wc-tabs-wrapper tabs-layout-tabs\">\n<div class=\"woodmart-tab-wrapper\">\n<div id=\"tab-description\" class=\"woocommerce-Tabs-panel woocommerce-Tabs-panel--description panel entry-content wc-tab\">\n<div class=\"wc-tab-inner \">\n<div class=\"\">\n<h2>Th\u00f4ng s\u1ed1 k\u1ef9 thu\u1eadt \u0111\u1ea7u ghi h\u00ecnh\u00a0DS-7104HGHI-F1<\/h2>\n<div class=\"parameter-table\">\n<table>\n<tbody>\n<tr>\n<th colspan=\"3\">\u0110\u1ea7u v\u00e0o Video\/Audio<\/th>\n<\/tr>\n<tr>\n<td class=\"td1\"><strong>\u0110\u1ea7u v\u00e0o Audio:<\/strong><\/td>\n<td class=\"td2\"><\/td>\n<td>1 k\u00eanh<\/td>\n<\/tr>\n<tr>\n<td class=\"td1\"><strong>Chu\u1ea9n n\u00e9n h\u00ecnh \u1ea3nh:<\/strong><\/td>\n<td class=\"td2\"><\/td>\n<td>H.264,H.264+<\/td>\n<\/tr>\n<tr>\n<td class=\"td1\"><strong>\u0110\u1ea7u v\u00e0o Analog and HD-TVI:<\/strong><\/td>\n<td class=\"td2\"><\/td>\n<td>4 k\u00eanh BNC interface (1.0Vp-p, 75 \u03a9)<\/td>\n<\/tr>\n<tr>\n<td class=\"td1\"><strong>Ki\u1ec3u Camera h\u1ed7 tr\u1ee3:<\/strong><\/td>\n<td class=\"td2\"><\/td>\n<td>H\u1ed7 tr\u1ee3 HD-CVI:1080P\/25Hz, 1080P\/30Hz, 720P\/25Hz, 720P\/30Hz.H\u1ed7 tr\u1ee3 HD-TVI: 1080P\/25Hz, 1080P\/30Hz, 720P\/25Hz, 720P\/30Hz,<br \/>\nH\u1ed7 tr\u1ee3 AHD: 720P\/25Hz, 720P\/30Hz,<br \/>\nH\u1ed7 tr\u1ee3 CBVS.<\/td>\n<\/tr>\n<tr>\n<td class=\"td1\"><strong>Jack Video \u0111\u1ea7u v\u00e0o:<\/strong><\/td>\n<td class=\"td2\"><\/td>\n<td>BNC (1.0 Vp-p, 75\u03a9)<\/td>\n<\/tr>\n<tr>\n<td class=\"td1\"><strong>Gi\u1ea3i m\u00e3 \u00e2m thanh:<\/strong><\/td>\n<td class=\"td2\"><\/td>\n<td>G.711u<\/td>\n<\/tr>\n<tr>\n<td class=\"td1\"><strong>Giao di\u1ec7n \u00e2m thanh \u0111\u1ea7u v\u00e0o:<\/strong><\/td>\n<td class=\"td2\"><\/td>\n<td>RCA (2.0 Vp-p, 1 k\u03a9)<\/td>\n<\/tr>\n<tr>\n<td class=\"td1\"><b>\u0110\u00e0m tho\u1ea1i 2 chi\u1ec1u:<\/b><\/td>\n<td class=\"td2\"><\/td>\n<td>1 k\u00eanh, RCA (2.0 Vp-p, 1 K\u03a9) (using audio input)<\/td>\n<\/tr>\n<\/tbody>\n<\/table>\n<\/div>\n<div class=\"parameter-table\">\n<table>\n<tbody>\n<tr>\n<th colspan=\"3\">\u0110\u1ea7u ra Video\/Audio<\/th>\n<\/tr>\n<tr>\n<td class=\"td1\"><strong>HDMI\/VGA:<\/strong><\/td>\n<td class=\"td2\"><\/td>\n<td>1920 \u00d7 1080 \/ 60 Hz,1280 \u00d7 1024 \/ 60 Hz, 1280 \u00d7 720 \/ 60 Hz, 1024 \u00d7 768 \/ 60 Hz<\/td>\n<\/tr>\n<tr>\n<td class=\"td1\"><strong>\u0110\u1ed9 ph\u00e2n gi\u1ea3i ghi h\u00ecnh:<\/strong><\/td>\n<td class=\"td2\"><\/td>\n<td>Kh\u00f4ng b\u1eadt ch\u1ebf \u0111\u1ed9 1080P Lite: 720p\/WD1\/4CIF\/VGA\/CIF;<br \/>\nB\u1eadt ch\u1ebf \u0111\u1ed9 1080P Lite: 1080p lite\/720p\/WD1\/4CIF\/VGA\/CIF<\/td>\n<\/tr>\n<tr>\n<td class=\"td1\"><strong>Khung h\u00ecnh:<\/strong><\/td>\n<td class=\"td2\"><\/td>\n<td>D\u00f2ng ch\u00ednh:<br \/>\nKh\u00f4ng b\u1eadt ch\u1ebf \u0111\u1ed9 1080P Lite: 720p\/WD1\/4CIF\/VGA\/CIF@25fps (P)\/30fps (N)<br \/>\nB\u1eadt ch\u1ebf \u0111\u1ed9 1080P Lite:\u00a01080p lite\/720p\/WD1\/4CIF\/VGA\/CIF@25fps (P)\/30fps (N)<\/td>\n<\/tr>\n<tr>\n<td class=\"td1\"><strong>B\u0103ng th\u00f4ng:<\/strong><\/td>\n<td class=\"td2\"><\/td>\n<td>32 Kbps ~ 4 Mbps<\/td>\n<\/tr>\n<tr>\n<td class=\"td1\"><strong>Ki\u1ec3u t\u00edn hi\u1ec7u:<\/strong><\/td>\n<td class=\"td2\"><\/td>\n<td>Video\/Video&amp;Audio<\/td>\n<\/tr>\n<tr>\n<td class=\"td1\"><strong>\u0110\u1ea7u ra Audio:<\/strong><\/td>\n<td class=\"td2\"><\/td>\n<td>1 k\u00eanh RCA(Linear, 1k\u03a9)<\/td>\n<\/tr>\n<tr>\n<td class=\"td1\"><strong>Audio Bit Rate:<\/strong><\/td>\n<td class=\"td2\"><\/td>\n<td>64kbps<\/td>\n<\/tr>\n<tr>\n<td class=\"td1\"><strong>Dual Stream:<\/strong><\/td>\n<td class=\"td2\"><\/td>\n<td>Support<\/td>\n<\/tr>\n<tr>\n<td class=\"td1\"><strong>Ph\u00e2n gi\u1ea3i xem l\u1ea1i:<\/strong><\/td>\n<td class=\"td2\"><\/td>\n<td>1080p lite\/720p\/WD1\/4CIF\/VGA\/CIF<\/td>\n<\/tr>\n<tr>\n<td class=\"td1\"><strong>Xem l\u1ea1i \u0111\u1ed3ng th\u1eddi:<\/strong><\/td>\n<td class=\"td2\"><\/td>\n<td>4 k\u00eanh<\/td>\n<\/tr>\n<\/tbody>\n<\/table>\n<\/div>\n<div class=\"parameter-table\">\n<table>\n<tbody>\n<tr>\n<th colspan=\"3\">Qu\u1ea3n l\u00fd m\u1ea1ng l\u01b0\u1edbi<\/th>\n<\/tr>\n<tr>\n<td class=\"td1\"><strong>S\u1ed1 l\u01b0\u1ee3ng k\u1ebft n\u1ed1i t\u1ed1i \u0111a:<\/strong><\/td>\n<td class=\"td2\"><\/td>\n<td>32<\/td>\n<\/tr>\n<tr>\n<td class=\"td1\"><strong>Giao di\u1ec7n mang:<\/strong><\/td>\n<td class=\"td2\"><\/td>\n<td>TCP\/IP, PPPoE, DHCP, Hik Cloud P2P, DNS, DDNS, NTP, SADP, SMTP, NFS, iSCSI, UPnP?, HTTPS<\/td>\n<\/tr>\n<\/tbody>\n<\/table>\n<\/div>\n<div class=\"parameter-table\">\n<table>\n<tbody>\n<tr>\n<th colspan=\"3\">\u1ed4 c\u1ee9ng<\/th>\n<\/tr>\n<tr>\n<td class=\"td1\"><strong>Lo\u1ea1i giao di\u1ec7n:<\/strong><\/td>\n<td class=\"td2\"><\/td>\n<td>1 SATA<\/td>\n<\/tr>\n<tr>\n<td class=\"td1\"><strong>Dung l\u01b0\u1ee3ng t\u1ed1i \u0111a:<\/strong><\/td>\n<td class=\"td2\"><\/td>\n<td>L\u00ean \u0111\u1ebfn 6TB<\/td>\n<\/tr>\n<\/tbody>\n<\/table>\n<\/div>\n<div class=\"parameter-table\">\n<table>\n<tbody>\n<tr>\n<th colspan=\"3\">C\u00e1c c\u1ed5ng ngo\u00e0i<\/th>\n<\/tr>\n<tr>\n<td class=\"td1\"><strong>Giao di\u1ec7n m\u1ea1ng:<\/strong><\/td>\n<td class=\"td2\"><\/td>\n<td>1 c\u1ed5ng 10M \/ 100M self-adaptive Ethernet<\/td>\n<\/tr>\n<tr>\n<td class=\"td1\"><strong>C\u1ed5ng USB:<\/strong><\/td>\n<td class=\"td2\"><\/td>\n<td>2 USB 2.0 Interfaces<\/td>\n<\/tr>\n<\/tbody>\n<\/table>\n<\/div>\n<div class=\"parameter-table\">\n<table>\n<tbody>\n<tr>\n<th colspan=\"3\">Th\u00f4ng tin chung<\/th>\n<\/tr>\n<tr>\n<td class=\"td1\"><strong>Ngu\u1ed3n \u0111i\u1ec7n:<\/strong><\/td>\n<td class=\"td2\"><\/td>\n<td>12V DC<\/td>\n<\/tr>\n<tr>\n<td class=\"td1\"><strong>C\u00f4ng su\u1ea5t:<\/strong><\/td>\n<td class=\"td2\"><\/td>\n<td>\u2264 8W<\/td>\n<\/tr>\n<tr>\n<td class=\"td1\"><strong>\u0110i\u1ec1u ki\u1ec7n ho\u1ea1t \u0111\u1ed9ng:<\/strong><\/td>\n<td class=\"td2\"><\/td>\n<td>\u2013 T\u1eeb 10\u00b0C \u2013 55\u00b0C<\/td>\n<\/tr>\n<tr>\n<td class=\"td1\"><b>\u0110\u1ed9 \u1ea9m:<\/b><\/td>\n<td class=\"td2\"><\/td>\n<td>10% ~ 90%<\/td>\n<\/tr>\n<tr>\n<td class=\"td1\"><strong>K\u00edch th\u01b0\u1edbc:<\/strong><\/td>\n<td class=\"td2\"><\/td>\n<td>200 \u00d7 200 \u00d7 45mm (7.9 \u00d7 7.9 \u00d7 1.8 inch)<\/td>\n<\/tr>\n<tr>\n<td class=\"td1\"><strong>Tr\u1ecdng l\u01b0\u1ee3ng:<\/strong><\/td>\n<td class=\"td2\"><\/td>\n<td>\u2264 0.8 kg\u00a0( Ch\u01b0a bao g\u1ed3m HDD)<\/td>\n<\/tr>\n<\/tbody>\n<\/table>\n<\/div>\n<\/div>\n<\/div>\n<\/div>\n<\/div>\n<div class=\"woodmart-tab-wrapper\"><\/div>\n<div class=\"woodmart-tab-wrapper\"><\/div>\n<\/div>\n<\/div>\n<\/div>\n<\/div>\n<\/div>\n<div class=\"container related-and-upsells\">\n<div class=\"upsells-carousel\"><\/div>\n<\/div>\n","protected":false},"excerpt":{"rendered":"<h4>H\u00c3NG S\u1ea2N XU\u1ea4T: HIKVISION<\/h4>\n<h4>M\u00c3 S\u1ea2N PH\u1ea8M:\u00a0DS-7104HGHI-F1<\/h4>\n<p><strong>Turbo HD DVR<\/strong><\/p>\n<p>\u2022 \u0110\u1ea7u ghi h\u00ecnh 4 k\u00eanh.<\/p>\n<p>\u2022 Chu\u1ea9n n\u00e9n h\u00ecnh \u1ea3nh H.264 \/H.264+.<\/p>\n<p>\u2022 H\u1ed7 tr\u1ee3 Camera HD-TVI\/ HD-CVI\/ AHD\/ Analog.<br \/>\n\u2022 Ghi h\u00ecnh t\u1ea5t c\u1ea3 c\u00e1c k\u00eanh \u0111\u1ed9 ph\u00e2n gi\u1ea3i 1080P Lite.<\/p>\n<p>\u2022 \u0110\u1ed9 ph\u00e2n gi\u1ea3i \u0111\u1ea7u ra HDMI v\u00e0 VGA l\u00ean \u0111\u1ebfn 1920x1080P.<br \/>\n\u2022 Kho\u1ea3ng c\u00e1ch truy\u1ec1n t\u00edn hi\u1ec7u \u0111i xa qua c\u00e1p \u0111\u1ed3ng tr\u1ee5c<br \/>\n\u2022 H\u1ed7 tr\u1ee3 xem l\u1ea1i 4 k\u00eanh \u1edf \u0111\u1ed9 ph\u00e2n gi\u1ea3i 720P.<\/p>\n<p>&nbsp;<\/p>\n","protected":false},"featured_media":98,"comment_status":"open","ping_status":"closed","template":"","meta":{"_monsterinsights_skip_tracking":false,"_monsterinsights_sitenote_active":false,"_monsterinsights_sitenote_note":"","_monsterinsights_sitenote_category":0},"product_brand":[],"product_cat":[22,21],"product_tag":[],"class_list":{"0":"post-101","1":"product","2":"type-product","3":"status-publish","4":"has-post-thumbnail","6":"product_cat-hikvision-dau-ghi","7":"product_cat-dau-ghi","9":"first","10":"instock","11":"shipping-taxable","12":"purchasable","13":"product-type-simple"},"aioseo_notices":[],"yoast_head":"<!-- This site is optimized with the Yoast SEO plugin v27.5 - https:\/\/yoast.com\/product\/yoast-seo-wordpress\/ -->\n<title>\u0110\u1ea7u ghi h\u00ecnh 4 k\u00eanh 2MP DS-7104HGHI-F1 - L\u1ee3i L\u1ed9c Camera<\/title>\n<meta name=\"robots\" content=\"index, follow, max-snippet:-1, max-image-preview:large, max-video-preview:-1\" \/>\n<link rel=\"canonical\" href=\"https:\/\/loiloccamera.com\/index.php\/product\/dau-ghi-hinh-hdtvi-hikvision-ds-7104hghi-f1\/\" \/>\n<meta property=\"og:locale\" content=\"vi_VN\" \/>\n<meta property=\"og:type\" content=\"article\" \/>\n<meta property=\"og:title\" content=\"\u0110\u1ea7u ghi h\u00ecnh 4 k\u00eanh 2MP DS-7104HGHI-F1 - L\u1ee3i L\u1ed9c Camera\" \/>\n<meta property=\"og:description\" content=\"H\u00c3NG S\u1ea2N XU\u1ea4T: HIKVISION M\u00c3 S\u1ea2N PH\u1ea8M:\u00a0DS-7104HGHI-F1 Turbo HD DVR  \u2022 \u0110\u1ea7u ghi h\u00ecnh 4 k\u00eanh.  \u2022 Chu\u1ea9n n\u00e9n h\u00ecnh \u1ea3nh H.264 \/H.264+.  \u2022 H\u1ed7 tr\u1ee3 Camera HD-TVI\/ HD-CVI\/ AHD\/ Analog. \u2022 Ghi h\u00ecnh t\u1ea5t c\u1ea3 c\u00e1c k\u00eanh \u0111\u1ed9 ph\u00e2n gi\u1ea3i 1080P Lite.  \u2022 \u0110\u1ed9 ph\u00e2n gi\u1ea3i \u0111\u1ea7u ra HDMI v\u00e0 VGA l\u00ean \u0111\u1ebfn 1920x1080P. \u2022 Kho\u1ea3ng c\u00e1ch truy\u1ec1n t\u00edn hi\u1ec7u \u0111i xa qua c\u00e1p \u0111\u1ed3ng tr\u1ee5c \u2022 H\u1ed7 tr\u1ee3 xem l\u1ea1i 4 k\u00eanh \u1edf \u0111\u1ed9 ph\u00e2n gi\u1ea3i 720P.  &nbsp;\" \/>\n<meta property=\"og:url\" content=\"https:\/\/loiloccamera.com\/index.php\/product\/dau-ghi-hinh-hdtvi-hikvision-ds-7104hghi-f1\/\" \/>\n<meta property=\"og:site_name\" content=\"L\u1ee3i L\u1ed9c Camera\" \/>\n<meta property=\"article:publisher\" content=\"https:\/\/www.facebook.com\/loiloccamera\/\" \/>\n<meta property=\"article:modified_time\" content=\"2023-03-13T02:58:42+00:00\" \/>\n<meta property=\"og:image\" content=\"https:\/\/loiloccamera.com\/wp-content\/uploads\/2019\/09\/Dau-ghi-hinh-camera-DS-7104NI-Q1-sieuthicamerahanoi.com_-300x300.jpg\" \/>\n\t<meta property=\"og:image:width\" content=\"300\" \/>\n\t<meta property=\"og:image:height\" content=\"300\" \/>\n\t<meta property=\"og:image:type\" content=\"image\/jpeg\" \/>\n<meta name=\"twitter:card\" content=\"summary_large_image\" \/>\n<meta name=\"twitter:label1\" content=\"\u01af\u1edbc t\u00ednh th\u1eddi gian \u0111\u1ecdc\" \/>\n\t<meta name=\"twitter:data1\" content=\"2 ph\u00fat\" \/>\n<script type=\"application\/ld+json\" class=\"yoast-schema-graph\">{\"@context\":\"https:\\\/\\\/schema.org\",\"@graph\":[{\"@type\":\"WebPage\",\"@id\":\"https:\\\/\\\/loiloccamera.com\\\/index.php\\\/product\\\/dau-ghi-hinh-hdtvi-hikvision-ds-7104hghi-f1\\\/\",\"url\":\"https:\\\/\\\/loiloccamera.com\\\/index.php\\\/product\\\/dau-ghi-hinh-hdtvi-hikvision-ds-7104hghi-f1\\\/\",\"name\":\"\u0110\u1ea7u ghi h\u00ecnh 4 k\u00eanh 2MP DS-7104HGHI-F1 - L\u1ee3i L\u1ed9c Camera\",\"isPartOf\":{\"@id\":\"https:\\\/\\\/loiloccamera.com\\\/#website\"},\"primaryImageOfPage\":{\"@id\":\"https:\\\/\\\/loiloccamera.com\\\/index.php\\\/product\\\/dau-ghi-hinh-hdtvi-hikvision-ds-7104hghi-f1\\\/#primaryimage\"},\"image\":{\"@id\":\"https:\\\/\\\/loiloccamera.com\\\/index.php\\\/product\\\/dau-ghi-hinh-hdtvi-hikvision-ds-7104hghi-f1\\\/#primaryimage\"},\"thumbnailUrl\":\"https:\\\/\\\/loiloccamera.com\\\/wp-content\\\/uploads\\\/2019\\\/09\\\/Dau-ghi-hinh-camera-DS-7104NI-Q1-sieuthicamerahanoi.com_-300x300.jpg\",\"datePublished\":\"2019-09-19T08:16:07+00:00\",\"dateModified\":\"2023-03-13T02:58:42+00:00\",\"breadcrumb\":{\"@id\":\"https:\\\/\\\/loiloccamera.com\\\/index.php\\\/product\\\/dau-ghi-hinh-hdtvi-hikvision-ds-7104hghi-f1\\\/#breadcrumb\"},\"inLanguage\":\"vi\",\"potentialAction\":[{\"@type\":\"ReadAction\",\"target\":[\"https:\\\/\\\/loiloccamera.com\\\/index.php\\\/product\\\/dau-ghi-hinh-hdtvi-hikvision-ds-7104hghi-f1\\\/\"]}]},{\"@type\":\"ImageObject\",\"inLanguage\":\"vi\",\"@id\":\"https:\\\/\\\/loiloccamera.com\\\/index.php\\\/product\\\/dau-ghi-hinh-hdtvi-hikvision-ds-7104hghi-f1\\\/#primaryimage\",\"url\":\"https:\\\/\\\/loiloccamera.com\\\/wp-content\\\/uploads\\\/2019\\\/09\\\/Dau-ghi-hinh-camera-DS-7104NI-Q1-sieuthicamerahanoi.com_-300x300.jpg\",\"contentUrl\":\"https:\\\/\\\/loiloccamera.com\\\/wp-content\\\/uploads\\\/2019\\\/09\\\/Dau-ghi-hinh-camera-DS-7104NI-Q1-sieuthicamerahanoi.com_-300x300.jpg\",\"width\":300,\"height\":300},{\"@type\":\"BreadcrumbList\",\"@id\":\"https:\\\/\\\/loiloccamera.com\\\/index.php\\\/product\\\/dau-ghi-hinh-hdtvi-hikvision-ds-7104hghi-f1\\\/#breadcrumb\",\"itemListElement\":[{\"@type\":\"ListItem\",\"position\":1,\"name\":\"Trang ch\u1ee7\",\"item\":\"https:\\\/\\\/loiloccamera.com\\\/\"},{\"@type\":\"ListItem\",\"position\":2,\"name\":\"C\u1eeda h\u00e0ng\",\"item\":\"https:\\\/\\\/loiloccamera.com\\\/index.php\\\/mua\\\/\"},{\"@type\":\"ListItem\",\"position\":3,\"name\":\"\u0110\u1ea7u ghi h\u00ecnh 4 k\u00eanh 2MP DS-7104HGHI-F1\"}]},{\"@type\":\"WebSite\",\"@id\":\"https:\\\/\\\/loiloccamera.com\\\/#website\",\"url\":\"https:\\\/\\\/loiloccamera.com\\\/\",\"name\":\"L\u1ee3i L\u1ed9c Camera\",\"description\":\"Uy t\u00ednh v\u00e0 ch\u1ea5t l\u01b0\u1ee3ng h\u00e0ng \u0111\u1ea7u .\",\"publisher\":{\"@id\":\"https:\\\/\\\/loiloccamera.com\\\/#organization\"},\"potentialAction\":[{\"@type\":\"SearchAction\",\"target\":{\"@type\":\"EntryPoint\",\"urlTemplate\":\"https:\\\/\\\/loiloccamera.com\\\/?s={search_term_string}\"},\"query-input\":{\"@type\":\"PropertyValueSpecification\",\"valueRequired\":true,\"valueName\":\"search_term_string\"}}],\"inLanguage\":\"vi\"},{\"@type\":\"Organization\",\"@id\":\"https:\\\/\\\/loiloccamera.com\\\/#organization\",\"name\":\"L\u1ee3i L\u1ed9c Camera\",\"url\":\"https:\\\/\\\/loiloccamera.com\\\/\",\"logo\":{\"@type\":\"ImageObject\",\"inLanguage\":\"vi\",\"@id\":\"https:\\\/\\\/loiloccamera.com\\\/#\\\/schema\\\/logo\\\/image\\\/\",\"url\":\"https:\\\/\\\/loiloccamera.com\\\/wp-content\\\/uploads\\\/2024\\\/06\\\/Loi-Loc-tron.png\",\"contentUrl\":\"https:\\\/\\\/loiloccamera.com\\\/wp-content\\\/uploads\\\/2024\\\/06\\\/Loi-Loc-tron.png\",\"width\":516,\"height\":513,\"caption\":\"L\u1ee3i L\u1ed9c Camera\"},\"image\":{\"@id\":\"https:\\\/\\\/loiloccamera.com\\\/#\\\/schema\\\/logo\\\/image\\\/\"},\"sameAs\":[\"https:\\\/\\\/www.facebook.com\\\/loiloccamera\\\/\"]}]}<\/script>\n<!-- \/ Yoast SEO plugin. -->","yoast_head_json":{"title":"\u0110\u1ea7u ghi h\u00ecnh 4 k\u00eanh 2MP DS-7104HGHI-F1 - L\u1ee3i L\u1ed9c Camera","robots":{"index":"index","follow":"follow","max-snippet":"max-snippet:-1","max-image-preview":"max-image-preview:large","max-video-preview":"max-video-preview:-1"},"canonical":"https:\/\/loiloccamera.com\/index.php\/product\/dau-ghi-hinh-hdtvi-hikvision-ds-7104hghi-f1\/","og_locale":"vi_VN","og_type":"article","og_title":"\u0110\u1ea7u ghi h\u00ecnh 4 k\u00eanh 2MP DS-7104HGHI-F1 - L\u1ee3i L\u1ed9c Camera","og_description":"H\u00c3NG S\u1ea2N XU\u1ea4T: HIKVISION M\u00c3 S\u1ea2N PH\u1ea8M:\u00a0DS-7104HGHI-F1 Turbo HD DVR  \u2022 \u0110\u1ea7u ghi h\u00ecnh 4 k\u00eanh.  \u2022 Chu\u1ea9n n\u00e9n h\u00ecnh \u1ea3nh H.264 \/H.264+.  \u2022 H\u1ed7 tr\u1ee3 Camera HD-TVI\/ HD-CVI\/ AHD\/ Analog. \u2022 Ghi h\u00ecnh t\u1ea5t c\u1ea3 c\u00e1c k\u00eanh \u0111\u1ed9 ph\u00e2n gi\u1ea3i 1080P Lite.  \u2022 \u0110\u1ed9 ph\u00e2n gi\u1ea3i \u0111\u1ea7u ra HDMI v\u00e0 VGA l\u00ean \u0111\u1ebfn 1920x1080P. \u2022 Kho\u1ea3ng c\u00e1ch truy\u1ec1n t\u00edn hi\u1ec7u \u0111i xa qua c\u00e1p \u0111\u1ed3ng tr\u1ee5c \u2022 H\u1ed7 tr\u1ee3 xem l\u1ea1i 4 k\u00eanh \u1edf \u0111\u1ed9 ph\u00e2n gi\u1ea3i 720P.  &nbsp;","og_url":"https:\/\/loiloccamera.com\/index.php\/product\/dau-ghi-hinh-hdtvi-hikvision-ds-7104hghi-f1\/","og_site_name":"L\u1ee3i L\u1ed9c Camera","article_publisher":"https:\/\/www.facebook.com\/loiloccamera\/","article_modified_time":"2023-03-13T02:58:42+00:00","og_image":[{"width":300,"height":300,"url":"https:\/\/loiloccamera.com\/wp-content\/uploads\/2019\/09\/Dau-ghi-hinh-camera-DS-7104NI-Q1-sieuthicamerahanoi.com_-300x300.jpg","type":"image\/jpeg"}],"twitter_card":"summary_large_image","twitter_misc":{"\u01af\u1edbc t\u00ednh th\u1eddi gian \u0111\u1ecdc":"2 ph\u00fat"},"schema":{"@context":"https:\/\/schema.org","@graph":[{"@type":"WebPage","@id":"https:\/\/loiloccamera.com\/index.php\/product\/dau-ghi-hinh-hdtvi-hikvision-ds-7104hghi-f1\/","url":"https:\/\/loiloccamera.com\/index.php\/product\/dau-ghi-hinh-hdtvi-hikvision-ds-7104hghi-f1\/","name":"\u0110\u1ea7u ghi h\u00ecnh 4 k\u00eanh 2MP DS-7104HGHI-F1 - L\u1ee3i L\u1ed9c Camera","isPartOf":{"@id":"https:\/\/loiloccamera.com\/#website"},"primaryImageOfPage":{"@id":"https:\/\/loiloccamera.com\/index.php\/product\/dau-ghi-hinh-hdtvi-hikvision-ds-7104hghi-f1\/#primaryimage"},"image":{"@id":"https:\/\/loiloccamera.com\/index.php\/product\/dau-ghi-hinh-hdtvi-hikvision-ds-7104hghi-f1\/#primaryimage"},"thumbnailUrl":"https:\/\/loiloccamera.com\/wp-content\/uploads\/2019\/09\/Dau-ghi-hinh-camera-DS-7104NI-Q1-sieuthicamerahanoi.com_-300x300.jpg","datePublished":"2019-09-19T08:16:07+00:00","dateModified":"2023-03-13T02:58:42+00:00","breadcrumb":{"@id":"https:\/\/loiloccamera.com\/index.php\/product\/dau-ghi-hinh-hdtvi-hikvision-ds-7104hghi-f1\/#breadcrumb"},"inLanguage":"vi","potentialAction":[{"@type":"ReadAction","target":["https:\/\/loiloccamera.com\/index.php\/product\/dau-ghi-hinh-hdtvi-hikvision-ds-7104hghi-f1\/"]}]},{"@type":"ImageObject","inLanguage":"vi","@id":"https:\/\/loiloccamera.com\/index.php\/product\/dau-ghi-hinh-hdtvi-hikvision-ds-7104hghi-f1\/#primaryimage","url":"https:\/\/loiloccamera.com\/wp-content\/uploads\/2019\/09\/Dau-ghi-hinh-camera-DS-7104NI-Q1-sieuthicamerahanoi.com_-300x300.jpg","contentUrl":"https:\/\/loiloccamera.com\/wp-content\/uploads\/2019\/09\/Dau-ghi-hinh-camera-DS-7104NI-Q1-sieuthicamerahanoi.com_-300x300.jpg","width":300,"height":300},{"@type":"BreadcrumbList","@id":"https:\/\/loiloccamera.com\/index.php\/product\/dau-ghi-hinh-hdtvi-hikvision-ds-7104hghi-f1\/#breadcrumb","itemListElement":[{"@type":"ListItem","position":1,"name":"Trang ch\u1ee7","item":"https:\/\/loiloccamera.com\/"},{"@type":"ListItem","position":2,"name":"C\u1eeda h\u00e0ng","item":"https:\/\/loiloccamera.com\/index.php\/mua\/"},{"@type":"ListItem","position":3,"name":"\u0110\u1ea7u ghi h\u00ecnh 4 k\u00eanh 2MP DS-7104HGHI-F1"}]},{"@type":"WebSite","@id":"https:\/\/loiloccamera.com\/#website","url":"https:\/\/loiloccamera.com\/","name":"L\u1ee3i L\u1ed9c Camera","description":"Uy t\u00ednh v\u00e0 ch\u1ea5t l\u01b0\u1ee3ng h\u00e0ng \u0111\u1ea7u .","publisher":{"@id":"https:\/\/loiloccamera.com\/#organization"},"potentialAction":[{"@type":"SearchAction","target":{"@type":"EntryPoint","urlTemplate":"https:\/\/loiloccamera.com\/?s={search_term_string}"},"query-input":{"@type":"PropertyValueSpecification","valueRequired":true,"valueName":"search_term_string"}}],"inLanguage":"vi"},{"@type":"Organization","@id":"https:\/\/loiloccamera.com\/#organization","name":"L\u1ee3i L\u1ed9c Camera","url":"https:\/\/loiloccamera.com\/","logo":{"@type":"ImageObject","inLanguage":"vi","@id":"https:\/\/loiloccamera.com\/#\/schema\/logo\/image\/","url":"https:\/\/loiloccamera.com\/wp-content\/uploads\/2024\/06\/Loi-Loc-tron.png","contentUrl":"https:\/\/loiloccamera.com\/wp-content\/uploads\/2024\/06\/Loi-Loc-tron.png","width":516,"height":513,"caption":"L\u1ee3i L\u1ed9c Camera"},"image":{"@id":"https:\/\/loiloccamera.com\/#\/schema\/logo\/image\/"},"sameAs":["https:\/\/www.facebook.com\/loiloccamera\/"]}]}},"_links":{"self":[{"href":"https:\/\/loiloccamera.com\/index.php\/wp-json\/wp\/v2\/product\/101","targetHints":{"allow":["GET"]}}],"collection":[{"href":"https:\/\/loiloccamera.com\/index.php\/wp-json\/wp\/v2\/product"}],"about":[{"href":"https:\/\/loiloccamera.com\/index.php\/wp-json\/wp\/v2\/types\/product"}],"replies":[{"embeddable":true,"href":"https:\/\/loiloccamera.com\/index.php\/wp-json\/wp\/v2\/comments?post=101"}],"wp:featuredmedia":[{"embeddable":true,"href":"https:\/\/loiloccamera.com\/index.php\/wp-json\/wp\/v2\/media\/98"}],"wp:attachment":[{"href":"https:\/\/loiloccamera.com\/index.php\/wp-json\/wp\/v2\/media?parent=101"}],"wp:term":[{"taxonomy":"product_brand","embeddable":true,"href":"https:\/\/loiloccamera.com\/index.php\/wp-json\/wp\/v2\/product_brand?post=101"},{"taxonomy":"product_cat","embeddable":true,"href":"https:\/\/loiloccamera.com\/index.php\/wp-json\/wp\/v2\/product_cat?post=101"},{"taxonomy":"product_tag","embeddable":true,"href":"https:\/\/loiloccamera.com\/index.php\/wp-json\/wp\/v2\/product_tag?post=101"}],"curies":[{"name":"wp","href":"https:\/\/api.w.org\/{rel}","templated":true}]}}