{"id":102,"date":"2019-09-19T15:17:26","date_gmt":"2019-09-19T08:17:26","guid":{"rendered":"http:\/\/loiloccamera.com\/?post_type=product&#038;p=102"},"modified":"2023-03-10T22:20:54","modified_gmt":"2023-03-10T15:20:54","slug":"dau-ghi-hinh-16-kenh-hikvision-2mp-3mp-ds-7116hqhi-k1","status":"publish","type":"product","link":"https:\/\/loiloccamera.com\/index.php\/product\/dau-ghi-hinh-16-kenh-hikvision-2mp-3mp-ds-7116hqhi-k1\/","title":{"rendered":"\u0110\u1ea7u ghi h\u00ecnh 16 k\u00eanh HIKVISION 2MP\/3MP DS-7116HQHI-K1"},"content":{"rendered":"<h2>TH\u00d4NG S\u1ed0 K\u1ef8 THU\u1eacT \u0110\u1ea6U GHI H\u00ccNH DS-7116HQHI-K1<\/h2>\n<ul>\n<li>\u0110\u1ea7u ghi h\u00ecnh Camera 16 k\u00eanh.<\/li>\n<li>H\u1ed7 tr\u1ee3 Camera: AHD\/CVI\/TVI\/Analog.<\/li>\n<li>H\u1ed7 tr\u1ee3 th\u00eam t\u1ed1i \u0111a 8 k\u00eanh IP.<\/li>\n<li>Chu\u1ea9n n\u00e9n h\u00ecnh \u1ea3nh H265+\/ H.265\/ H.264+\/ H264.<\/li>\n<li>H\u1ed7 tr\u1ee3 ghi h\u00ecnh t\u1ea5t c\u1ea3 c\u00e1c k\u00eanh \u1edf \u0111\u1ed9 ph\u00e2n gi\u1ea3i 3MP.<\/li>\n<li>1 k\u00eanh Audio in, 1 k\u00eanh Audio Out.<\/li>\n<li>Ph\u00e2n gi\u1ea3i \u0111\u1ea7u ra VGA, HDMI 1920x1080P.<\/li>\n<li>H\u1ed7 tr\u1ee3 1 \u1ed5 c\u1ee9ng dung l\u01b0\u1ee3ng l\u1edbn nh\u1ea5t 6TB.<\/li>\n<li>S\u1ed1 ng\u01b0\u1eddi truy c\u1eadp t\u1ed1i \u0111a 128.<\/li>\n<li>Ch\u1ea5t li\u1ec7u v\u1ecf nh\u1ef1a.<\/li>\n<li>H\u1ed7 tr\u1ee3 n\u1ec1n t\u1ea3ng Hik-connect, DDNS.<\/li>\n<li>C\u00f3 th\u1ec3 k\u1ebft h\u1ee3p camera TVI H0T \u2013 NEW v\u1edbi \u0111\u1ed9 ph\u00e2n gi\u1ea3i 4MP Lite.<\/li>\n<li>Khi k\u1ebft h\u1ee3p v\u1edbi camera TVI m\u1edbi c\u00f3 c\u1ea3m bi\u1ebfn PIR, \u0111\u1ea7u ghi h\u00ecnh c\u00f3 h\u1ed7 tr\u1ee3 th\u00eam t\u00ednh n\u0103ng l\u1ecdc b\u00e1o \u0111\u1ed9ng gi\u1ea3<\/li>\n<li>\u0110i\u1ec7n \u00e1p DC-12V<\/li>\n<li>B\u1ea3o h\u00e0nh 24 th\u00e1ng.<\/li>\n<\/ul>\n<h2>TH\u00d4NG S\u1ed0 CHI TI\u1ebeT \u0110\u1ea6U GHI\u00a0 CAMERA HIKVISION DS-7116HQHI-K1<\/h2>\n<div class=\"parameter-table\">\n<table>\n<tbody>\n<tr>\n<th colspan=\"3\">Video\/Audio Input<\/th>\n<\/tr>\n<tr>\n<td class=\"td1\">Audio Input:<\/td>\n<td class=\"td2\"><\/td>\n<td>1-ch<\/td>\n<\/tr>\n<tr>\n<td class=\"td1\">Video Compression:<\/td>\n<td class=\"td2\"><\/td>\n<td>H.265 Pro+\/H.265 Pro\/H.265\/H.264+\/H.264<\/td>\n<\/tr>\n<tr>\n<td class=\"td1\">Analog and HD-TVI video input:<\/td>\n<td class=\"td2\"><\/td>\n<td>16-ch,BNC interface (1.0Vp-p, 75 \u03a9)connection<\/td>\n<\/tr>\n<tr>\n<td class=\"td1\">Supported camera types:<\/td>\n<td class=\"td2\"><\/td>\n<td>4 MP, 3 MP, 1080p25, 1080p30, 720p25, 720p30, 720p50, 720p60<br \/>\nNote: The 3 MP signal input is only available for channel 1 of DS-7104HQHI-K1, channel 1\/2 of DS-7108HQHI-K1, and channel 1\/2\/3\/4 of DS-7116HQHI-K1.<br \/>\nSupport AHD input: 4 MP, 1080p25, 1080p30, 720p25, 720p30<br \/>\nSupport CVI input: 4 MP, 1080p25, 1080p30, 720p25, 720p30<br \/>\nsupport CVBS input<\/td>\n<\/tr>\n<tr>\n<td class=\"td1\">Video Input Interface:<\/td>\n<td class=\"td2\"><\/td>\n<td>BNC (1.0 Vp-p, 75\u03a9)<\/td>\n<\/tr>\n<tr>\n<td class=\"td1\">Audio Compression:<\/td>\n<td class=\"td2\"><\/td>\n<td>G.711u<\/td>\n<\/tr>\n<tr>\n<td class=\"td1\">Audio Input Interface:<\/td>\n<td class=\"td2\"><\/td>\n<td>RCA (2.0 Vp-p, 1 k\u03a9)<\/td>\n<\/tr>\n<tr>\n<td class=\"td1\">Two-way Audio:<\/td>\n<td class=\"td2\"><\/td>\n<td>1-ch, RCA (2.0 Vp-p, 1 K\u03a9) (using audio input)<\/td>\n<\/tr>\n<\/tbody>\n<\/table>\n<\/div>\n<div class=\"parameter-table\">\n<table>\n<tbody>\n<tr>\n<th colspan=\"3\">Video\/Audio Output<\/th>\n<\/tr>\n<tr>\n<td class=\"td1\">HDMI\/VGA Output:<\/td>\n<td class=\"td2\"><\/td>\n<td>1-ch,4K (3840 \u00d7 2160)\/30Hz,2K(2560 \u00d71440)\/60Hz, 1920 \u00d71080\/60Hz, 1280 \u00d71024\/60 Hz, 1280 \u00d7720\/60Hz, 1024 \u00d7768\/60 Hz<\/td>\n<\/tr>\n<tr>\n<td class=\"td1\">Recording resolution:<\/td>\n<td class=\"td2\"><\/td>\n<td>When 1080p Lite mode not enabled:<br \/>\n4 MP lite\/3 MP\/1080p\/1080p lite\/720p\/WD1\/4CIF\/VGA\/CIF<br \/>\nWhen 1080p Lite mode enabled:<br \/>\n4 MP lite\/3 MP\/1080p lite\/720p\/720p lite\/WD1\/4CIF\/VGA\/CIF<\/td>\n<\/tr>\n<tr>\n<td class=\"td1\">Frame Rate:<\/td>\n<td class=\"td2\"><\/td>\n<td>Main stream:<br \/>\nWhen 1080p Lite mode not enabled:<br \/>\nFor 4 MP stream access: 4 MP lite@15fps; 1080p lite\/720p\/WD1\/4CIF\/VGA\/CIF@25fps (P)\/30fps (N)<br \/>\nFor 3 MP stream access: 3 MP\/1080p\/720p\/VGA\/WD1\/4CIF\/CIF@15fps<br \/>\nFor 1080p stream access: 1080p\/720p@15fps; VGA\/WD1\/4CIF\/CIF@25fps (P)\/30fps (N)<br \/>\nFor 720p stream access: 720p\/VGA\/WD1\/4CIF\/CIF@25fps (P)\/30fps (N)<br \/>\nWhen 1080p Lite mode enabled:<br \/>\n4 MP lite\/3 MP@15fps;<br \/>\n1080p lite\/720p lite\/VGA\/WD1\/4CIF\/CIF@25fps (P)\/30fps (N)<\/td>\n<\/tr>\n<tr>\n<td class=\"td1\">Video Bit Rate:<\/td>\n<td class=\"td2\"><\/td>\n<td>32 Kbps-6 Mbps<\/td>\n<\/tr>\n<tr>\n<td class=\"td1\">Stream Type:<\/td>\n<td class=\"td2\"><\/td>\n<td>Video\/Video&amp;Audio<\/td>\n<\/tr>\n<tr>\n<td class=\"td1\">Audio Output:<\/td>\n<td class=\"td2\"><\/td>\n<td>1-ch RCA(Linear, 1k\u03a9)<\/td>\n<\/tr>\n<tr>\n<td class=\"td1\">Audio Bit Rate:<\/td>\n<td class=\"td2\"><\/td>\n<td>64kbps<\/td>\n<\/tr>\n<tr>\n<td class=\"td1\">Dual Stream:<\/td>\n<td class=\"td2\"><\/td>\n<td>Support<\/td>\n<\/tr>\n<tr>\n<td class=\"td1\">Synchronous Playback:<\/td>\n<td class=\"td2\"><\/td>\n<td>16-ch<\/td>\n<\/tr>\n<\/tbody>\n<\/table>\n<\/div>\n<div class=\"parameter-table\">\n<table>\n<tbody>\n<tr>\n<th colspan=\"3\">Network management<\/th>\n<\/tr>\n<tr>\n<td class=\"td1\">Remote connections:<\/td>\n<td class=\"td2\"><\/td>\n<td>128<\/td>\n<\/tr>\n<tr>\n<td class=\"td1\">Network protocols:<\/td>\n<td class=\"td2\"><\/td>\n<td>TCP\/IP, PPPoE, DHCP, Hik-Connect, DNS, DDNS, NTP, SADP, NFS, iSCSI, UPnP?, HTTPS, ONVIF<\/td>\n<\/tr>\n<\/tbody>\n<\/table>\n<\/div>\n<div class=\"parameter-table\">\n<table>\n<tbody>\n<tr>\n<th colspan=\"3\">Hard Disk Driver<\/th>\n<\/tr>\n<tr>\n<td class=\"td1\">Interface Type:<\/td>\n<td class=\"td2\"><\/td>\n<td>1 SATA Interface<\/td>\n<\/tr>\n<tr>\n<td class=\"td1\">Capacity:<\/td>\n<td class=\"td2\"><\/td>\n<td>Up to 6 TB capacity for each disk<\/td>\n<\/tr>\n<\/tbody>\n<\/table>\n<\/div>\n<div class=\"parameter-table\">\n<table>\n<tbody>\n<tr>\n<th colspan=\"3\">External Interface<\/th>\n<\/tr>\n<tr>\n<td class=\"td1\">Network Interface:<\/td>\n<td class=\"td2\"><\/td>\n<td>1; 10M \/ 100M self-adaptive Ethernet interface<\/td>\n<\/tr>\n<tr>\n<td class=\"td1\">USB Interface:<\/td>\n<td class=\"td2\"><\/td>\n<td>2 USB 2.0 Interfaces<\/td>\n<\/tr>\n<\/tbody>\n<\/table>\n<\/div>\n<div class=\"parameter-table\">\n<table>\n<tbody>\n<tr>\n<th colspan=\"3\">General<\/th>\n<\/tr>\n<tr>\n<td class=\"td1\">Power Supply:<\/td>\n<td class=\"td2\"><\/td>\n<td>12V DC<\/td>\n<\/tr>\n<tr>\n<td class=\"td1\">Consumption:<\/td>\n<td class=\"td2\"><\/td>\n<td>\u2264 15 W(without hard disks)<\/td>\n<\/tr>\n<tr>\n<td class=\"td1\">Working Temperature:<\/td>\n<td class=\"td2\"><\/td>\n<td>-10 oC ~+55 oC (14 oF ~ 131 oF)<\/td>\n<\/tr>\n<tr>\n<td class=\"td1\">Working Humidity:<\/td>\n<td class=\"td2\"><\/td>\n<td>10% ~ 90%<\/td>\n<\/tr>\n<tr>\n<td class=\"td1\">Chassis:<\/td>\n<td class=\"td2\"><\/td>\n<td>Mini 1U chassis<\/td>\n<\/tr>\n<tr>\n<td class=\"td1\">Dimensions:<\/td>\n<td class=\"td2\"><\/td>\n<td>285 \u00d7 210 \u00d7 45 mm<br \/>\n(11.2\u00d7 8.3 \u00d7 1.8 inch)<\/td>\n<\/tr>\n<tr>\n<td class=\"td1\">Weight:<\/td>\n<td class=\"td2\"><\/td>\n<td>\u2264 1 kg (2.2 lb)<\/td>\n<\/tr>\n<\/tbody>\n<\/table>\n<\/div>\n","protected":false},"excerpt":{"rendered":"<h4>H\u00c3NG S\u1ea2N XU\u1ea4T: HIKVISION<\/h4>\n<h4>M\u00c3 S\u1ea2N PH\u1ea8M: DS-7116HQHI-K1<\/h4>\n<p><strong>\u0110\u1ea7u ghi h\u00ecnh 16 k\u00eanh 2MP\/3MP 5in1. Turbo 3.0 v\u1ecf nh\u1ef1a<\/strong><\/p>\n<ul>\n<li>\u00a0\u0110\u1ea7u ghi h\u00ecnh 16 k\u00eanh.<\/li>\n<li>Chu\u1ea9n n\u00e9n h\u00ecnh \u1ea3nh H265+\/ H.265\/ H.264+\/ H.264.<\/li>\n<li>H\u1ed7 tr\u1ee3 Camera HD-TVI\/ HD-CVI\/ AHD\/ Analog.<\/li>\n<li>Ghi h\u00ecnh t\u1ea5t c\u1ea3 c\u00e1c k\u00eanh \u0111\u1ed9 ph\u00e2n gi\u1ea3i 3MP.<\/li>\n<li>\u0110\u1ed9 ph\u00e2n gi\u1ea3i \u0111\u1ea7u ra HDMI v\u00e0 VGA l\u00ean \u0111\u1ebfn 1920x1080P.<\/li>\n<li>H\u1ed7 tr\u1ee3 th\u00eam t\u1ed1i \u0111a 8 k\u00eanh IP.<\/li>\n<li>H\u1ed7 tr\u1ee3 xem l\u1ea1i 1\/4\/8\/9 k\u00eanh.<\/li>\n<li>Ch\u1ea5t li\u1ec7u v\u1ecf nh\u1ef1a.<\/li>\n<li>C\u00f3 th\u1ec3 k\u1ebft h\u1ee3p camera TVI H0T \u2013 NEW v\u1edbi \u0111\u1ed9 ph\u00e2n gi\u1ea3i 4MP Lite.<\/li>\n<li>Khi k\u1ebft h\u1ee3p v\u1edbi camera TVI m\u1edbi c\u00f3 c\u1ea3m bi\u1ebfn PIR, \u0111\u1ea7u ghi h\u00ecnh c\u00f3 h\u1ed7 tr\u1ee3 th\u00eam t\u00ednh n\u0103ng l\u1ecdc b\u00e1o \u0111\u1ed9ng gi\u1ea3<\/li>\n<\/ul>\n","protected":false},"featured_media":98,"comment_status":"open","ping_status":"closed","template":"","meta":{"_monsterinsights_skip_tracking":false,"_monsterinsights_sitenote_active":false,"_monsterinsights_sitenote_note":"","_monsterinsights_sitenote_category":0},"product_brand":[],"product_cat":[22,21],"product_tag":[],"class_list":{"0":"post-102","1":"product","2":"type-product","3":"status-publish","4":"has-post-thumbnail","6":"product_cat-hikvision-dau-ghi","7":"product_cat-dau-ghi","9":"first","10":"instock","11":"shipping-taxable","12":"purchasable","13":"product-type-simple"},"aioseo_notices":[],"yoast_head":"<!-- This site is optimized with the Yoast SEO plugin v27.5 - https:\/\/yoast.com\/product\/yoast-seo-wordpress\/ -->\n<title>\u0110\u1ea7u ghi h\u00ecnh 16 k\u00eanh HIKVISION 2MP\/3MP DS-7116HQHI-K1 - L\u1ee3i L\u1ed9c Camera<\/title>\n<meta name=\"robots\" content=\"index, follow, max-snippet:-1, max-image-preview:large, max-video-preview:-1\" \/>\n<link rel=\"canonical\" href=\"https:\/\/loiloccamera.com\/index.php\/product\/dau-ghi-hinh-16-kenh-hikvision-2mp-3mp-ds-7116hqhi-k1\/\" \/>\n<meta property=\"og:locale\" content=\"vi_VN\" \/>\n<meta property=\"og:type\" content=\"article\" \/>\n<meta property=\"og:title\" content=\"\u0110\u1ea7u ghi h\u00ecnh 16 k\u00eanh HIKVISION 2MP\/3MP DS-7116HQHI-K1 - L\u1ee3i L\u1ed9c Camera\" \/>\n<meta property=\"og:description\" content=\"H\u00c3NG S\u1ea2N XU\u1ea4T: HIKVISION M\u00c3 S\u1ea2N PH\u1ea8M: DS-7116HQHI-K1 \u0110\u1ea7u ghi h\u00ecnh 16 k\u00eanh 2MP\/3MP 5in1. Turbo 3.0 v\u1ecf nh\u1ef1a   \u00a0\u0110\u1ea7u ghi h\u00ecnh 16 k\u00eanh.  Chu\u1ea9n n\u00e9n h\u00ecnh \u1ea3nh H265+\/ H.265\/ H.264+\/ H.264.  H\u1ed7 tr\u1ee3 Camera HD-TVI\/ HD-CVI\/ AHD\/ Analog.  Ghi h\u00ecnh t\u1ea5t c\u1ea3 c\u00e1c k\u00eanh \u0111\u1ed9 ph\u00e2n gi\u1ea3i 3MP.  \u0110\u1ed9 ph\u00e2n gi\u1ea3i \u0111\u1ea7u ra HDMI v\u00e0 VGA l\u00ean \u0111\u1ebfn 1920x1080P.  H\u1ed7 tr\u1ee3 th\u00eam t\u1ed1i \u0111a 8 k\u00eanh IP.  H\u1ed7 tr\u1ee3 xem l\u1ea1i 1\/4\/8\/9 k\u00eanh.  Ch\u1ea5t li\u1ec7u v\u1ecf nh\u1ef1a.  C\u00f3 th\u1ec3 k\u1ebft h\u1ee3p camera TVI H0T \u2013 NEW v\u1edbi \u0111\u1ed9 ph\u00e2n gi\u1ea3i 4MP Lite.  Khi k\u1ebft h\u1ee3p v\u1edbi camera TVI m\u1edbi c\u00f3 c\u1ea3m bi\u1ebfn PIR, \u0111\u1ea7u ghi h\u00ecnh c\u00f3 h\u1ed7 tr\u1ee3 th\u00eam t\u00ednh n\u0103ng l\u1ecdc b\u00e1o \u0111\u1ed9ng gi\u1ea3\" \/>\n<meta property=\"og:url\" content=\"https:\/\/loiloccamera.com\/index.php\/product\/dau-ghi-hinh-16-kenh-hikvision-2mp-3mp-ds-7116hqhi-k1\/\" \/>\n<meta property=\"og:site_name\" content=\"L\u1ee3i L\u1ed9c Camera\" \/>\n<meta property=\"article:publisher\" content=\"https:\/\/www.facebook.com\/loiloccamera\/\" \/>\n<meta property=\"article:modified_time\" content=\"2023-03-10T15:20:54+00:00\" \/>\n<meta property=\"og:image\" content=\"https:\/\/loiloccamera.com\/wp-content\/uploads\/2019\/09\/Dau-ghi-hinh-camera-DS-7104NI-Q1-sieuthicamerahanoi.com_-300x300.jpg\" \/>\n\t<meta property=\"og:image:width\" content=\"300\" \/>\n\t<meta property=\"og:image:height\" content=\"300\" \/>\n\t<meta property=\"og:image:type\" content=\"image\/jpeg\" \/>\n<meta name=\"twitter:card\" content=\"summary_large_image\" \/>\n<meta name=\"twitter:label1\" content=\"\u01af\u1edbc t\u00ednh th\u1eddi gian \u0111\u1ecdc\" \/>\n\t<meta name=\"twitter:data1\" content=\"3 ph\u00fat\" \/>\n<script type=\"application\/ld+json\" class=\"yoast-schema-graph\">{\"@context\":\"https:\\\/\\\/schema.org\",\"@graph\":[{\"@type\":\"WebPage\",\"@id\":\"https:\\\/\\\/loiloccamera.com\\\/index.php\\\/product\\\/dau-ghi-hinh-16-kenh-hikvision-2mp-3mp-ds-7116hqhi-k1\\\/\",\"url\":\"https:\\\/\\\/loiloccamera.com\\\/index.php\\\/product\\\/dau-ghi-hinh-16-kenh-hikvision-2mp-3mp-ds-7116hqhi-k1\\\/\",\"name\":\"\u0110\u1ea7u ghi h\u00ecnh 16 k\u00eanh HIKVISION 2MP\\\/3MP DS-7116HQHI-K1 - L\u1ee3i L\u1ed9c Camera\",\"isPartOf\":{\"@id\":\"https:\\\/\\\/loiloccamera.com\\\/#website\"},\"primaryImageOfPage\":{\"@id\":\"https:\\\/\\\/loiloccamera.com\\\/index.php\\\/product\\\/dau-ghi-hinh-16-kenh-hikvision-2mp-3mp-ds-7116hqhi-k1\\\/#primaryimage\"},\"image\":{\"@id\":\"https:\\\/\\\/loiloccamera.com\\\/index.php\\\/product\\\/dau-ghi-hinh-16-kenh-hikvision-2mp-3mp-ds-7116hqhi-k1\\\/#primaryimage\"},\"thumbnailUrl\":\"https:\\\/\\\/loiloccamera.com\\\/wp-content\\\/uploads\\\/2019\\\/09\\\/Dau-ghi-hinh-camera-DS-7104NI-Q1-sieuthicamerahanoi.com_-300x300.jpg\",\"datePublished\":\"2019-09-19T08:17:26+00:00\",\"dateModified\":\"2023-03-10T15:20:54+00:00\",\"breadcrumb\":{\"@id\":\"https:\\\/\\\/loiloccamera.com\\\/index.php\\\/product\\\/dau-ghi-hinh-16-kenh-hikvision-2mp-3mp-ds-7116hqhi-k1\\\/#breadcrumb\"},\"inLanguage\":\"vi\",\"potentialAction\":[{\"@type\":\"ReadAction\",\"target\":[\"https:\\\/\\\/loiloccamera.com\\\/index.php\\\/product\\\/dau-ghi-hinh-16-kenh-hikvision-2mp-3mp-ds-7116hqhi-k1\\\/\"]}]},{\"@type\":\"ImageObject\",\"inLanguage\":\"vi\",\"@id\":\"https:\\\/\\\/loiloccamera.com\\\/index.php\\\/product\\\/dau-ghi-hinh-16-kenh-hikvision-2mp-3mp-ds-7116hqhi-k1\\\/#primaryimage\",\"url\":\"https:\\\/\\\/loiloccamera.com\\\/wp-content\\\/uploads\\\/2019\\\/09\\\/Dau-ghi-hinh-camera-DS-7104NI-Q1-sieuthicamerahanoi.com_-300x300.jpg\",\"contentUrl\":\"https:\\\/\\\/loiloccamera.com\\\/wp-content\\\/uploads\\\/2019\\\/09\\\/Dau-ghi-hinh-camera-DS-7104NI-Q1-sieuthicamerahanoi.com_-300x300.jpg\",\"width\":300,\"height\":300},{\"@type\":\"BreadcrumbList\",\"@id\":\"https:\\\/\\\/loiloccamera.com\\\/index.php\\\/product\\\/dau-ghi-hinh-16-kenh-hikvision-2mp-3mp-ds-7116hqhi-k1\\\/#breadcrumb\",\"itemListElement\":[{\"@type\":\"ListItem\",\"position\":1,\"name\":\"Trang ch\u1ee7\",\"item\":\"https:\\\/\\\/loiloccamera.com\\\/\"},{\"@type\":\"ListItem\",\"position\":2,\"name\":\"C\u1eeda h\u00e0ng\",\"item\":\"https:\\\/\\\/loiloccamera.com\\\/index.php\\\/mua\\\/\"},{\"@type\":\"ListItem\",\"position\":3,\"name\":\"\u0110\u1ea7u ghi h\u00ecnh 16 k\u00eanh HIKVISION 2MP\\\/3MP DS-7116HQHI-K1\"}]},{\"@type\":\"WebSite\",\"@id\":\"https:\\\/\\\/loiloccamera.com\\\/#website\",\"url\":\"https:\\\/\\\/loiloccamera.com\\\/\",\"name\":\"L\u1ee3i L\u1ed9c Camera\",\"description\":\"Uy t\u00ednh v\u00e0 ch\u1ea5t l\u01b0\u1ee3ng h\u00e0ng \u0111\u1ea7u .\",\"publisher\":{\"@id\":\"https:\\\/\\\/loiloccamera.com\\\/#organization\"},\"potentialAction\":[{\"@type\":\"SearchAction\",\"target\":{\"@type\":\"EntryPoint\",\"urlTemplate\":\"https:\\\/\\\/loiloccamera.com\\\/?s={search_term_string}\"},\"query-input\":{\"@type\":\"PropertyValueSpecification\",\"valueRequired\":true,\"valueName\":\"search_term_string\"}}],\"inLanguage\":\"vi\"},{\"@type\":\"Organization\",\"@id\":\"https:\\\/\\\/loiloccamera.com\\\/#organization\",\"name\":\"L\u1ee3i L\u1ed9c Camera\",\"url\":\"https:\\\/\\\/loiloccamera.com\\\/\",\"logo\":{\"@type\":\"ImageObject\",\"inLanguage\":\"vi\",\"@id\":\"https:\\\/\\\/loiloccamera.com\\\/#\\\/schema\\\/logo\\\/image\\\/\",\"url\":\"https:\\\/\\\/loiloccamera.com\\\/wp-content\\\/uploads\\\/2024\\\/06\\\/Loi-Loc-tron.png\",\"contentUrl\":\"https:\\\/\\\/loiloccamera.com\\\/wp-content\\\/uploads\\\/2024\\\/06\\\/Loi-Loc-tron.png\",\"width\":516,\"height\":513,\"caption\":\"L\u1ee3i L\u1ed9c Camera\"},\"image\":{\"@id\":\"https:\\\/\\\/loiloccamera.com\\\/#\\\/schema\\\/logo\\\/image\\\/\"},\"sameAs\":[\"https:\\\/\\\/www.facebook.com\\\/loiloccamera\\\/\"]}]}<\/script>\n<!-- \/ Yoast SEO plugin. -->","yoast_head_json":{"title":"\u0110\u1ea7u ghi h\u00ecnh 16 k\u00eanh HIKVISION 2MP\/3MP DS-7116HQHI-K1 - L\u1ee3i L\u1ed9c Camera","robots":{"index":"index","follow":"follow","max-snippet":"max-snippet:-1","max-image-preview":"max-image-preview:large","max-video-preview":"max-video-preview:-1"},"canonical":"https:\/\/loiloccamera.com\/index.php\/product\/dau-ghi-hinh-16-kenh-hikvision-2mp-3mp-ds-7116hqhi-k1\/","og_locale":"vi_VN","og_type":"article","og_title":"\u0110\u1ea7u ghi h\u00ecnh 16 k\u00eanh HIKVISION 2MP\/3MP DS-7116HQHI-K1 - L\u1ee3i L\u1ed9c Camera","og_description":"H\u00c3NG S\u1ea2N XU\u1ea4T: HIKVISION M\u00c3 S\u1ea2N PH\u1ea8M: DS-7116HQHI-K1 \u0110\u1ea7u ghi h\u00ecnh 16 k\u00eanh 2MP\/3MP 5in1. Turbo 3.0 v\u1ecf nh\u1ef1a   \u00a0\u0110\u1ea7u ghi h\u00ecnh 16 k\u00eanh.  Chu\u1ea9n n\u00e9n h\u00ecnh \u1ea3nh H265+\/ H.265\/ H.264+\/ H.264.  H\u1ed7 tr\u1ee3 Camera HD-TVI\/ HD-CVI\/ AHD\/ Analog.  Ghi h\u00ecnh t\u1ea5t c\u1ea3 c\u00e1c k\u00eanh \u0111\u1ed9 ph\u00e2n gi\u1ea3i 3MP.  \u0110\u1ed9 ph\u00e2n gi\u1ea3i \u0111\u1ea7u ra HDMI v\u00e0 VGA l\u00ean \u0111\u1ebfn 1920x1080P.  H\u1ed7 tr\u1ee3 th\u00eam t\u1ed1i \u0111a 8 k\u00eanh IP.  H\u1ed7 tr\u1ee3 xem l\u1ea1i 1\/4\/8\/9 k\u00eanh.  Ch\u1ea5t li\u1ec7u v\u1ecf nh\u1ef1a.  C\u00f3 th\u1ec3 k\u1ebft h\u1ee3p camera TVI H0T \u2013 NEW v\u1edbi \u0111\u1ed9 ph\u00e2n gi\u1ea3i 4MP Lite.  Khi k\u1ebft h\u1ee3p v\u1edbi camera TVI m\u1edbi c\u00f3 c\u1ea3m bi\u1ebfn PIR, \u0111\u1ea7u ghi h\u00ecnh c\u00f3 h\u1ed7 tr\u1ee3 th\u00eam t\u00ednh n\u0103ng l\u1ecdc b\u00e1o \u0111\u1ed9ng gi\u1ea3","og_url":"https:\/\/loiloccamera.com\/index.php\/product\/dau-ghi-hinh-16-kenh-hikvision-2mp-3mp-ds-7116hqhi-k1\/","og_site_name":"L\u1ee3i L\u1ed9c Camera","article_publisher":"https:\/\/www.facebook.com\/loiloccamera\/","article_modified_time":"2023-03-10T15:20:54+00:00","og_image":[{"width":300,"height":300,"url":"https:\/\/loiloccamera.com\/wp-content\/uploads\/2019\/09\/Dau-ghi-hinh-camera-DS-7104NI-Q1-sieuthicamerahanoi.com_-300x300.jpg","type":"image\/jpeg"}],"twitter_card":"summary_large_image","twitter_misc":{"\u01af\u1edbc t\u00ednh th\u1eddi gian \u0111\u1ecdc":"3 ph\u00fat"},"schema":{"@context":"https:\/\/schema.org","@graph":[{"@type":"WebPage","@id":"https:\/\/loiloccamera.com\/index.php\/product\/dau-ghi-hinh-16-kenh-hikvision-2mp-3mp-ds-7116hqhi-k1\/","url":"https:\/\/loiloccamera.com\/index.php\/product\/dau-ghi-hinh-16-kenh-hikvision-2mp-3mp-ds-7116hqhi-k1\/","name":"\u0110\u1ea7u ghi h\u00ecnh 16 k\u00eanh HIKVISION 2MP\/3MP DS-7116HQHI-K1 - L\u1ee3i L\u1ed9c Camera","isPartOf":{"@id":"https:\/\/loiloccamera.com\/#website"},"primaryImageOfPage":{"@id":"https:\/\/loiloccamera.com\/index.php\/product\/dau-ghi-hinh-16-kenh-hikvision-2mp-3mp-ds-7116hqhi-k1\/#primaryimage"},"image":{"@id":"https:\/\/loiloccamera.com\/index.php\/product\/dau-ghi-hinh-16-kenh-hikvision-2mp-3mp-ds-7116hqhi-k1\/#primaryimage"},"thumbnailUrl":"https:\/\/loiloccamera.com\/wp-content\/uploads\/2019\/09\/Dau-ghi-hinh-camera-DS-7104NI-Q1-sieuthicamerahanoi.com_-300x300.jpg","datePublished":"2019-09-19T08:17:26+00:00","dateModified":"2023-03-10T15:20:54+00:00","breadcrumb":{"@id":"https:\/\/loiloccamera.com\/index.php\/product\/dau-ghi-hinh-16-kenh-hikvision-2mp-3mp-ds-7116hqhi-k1\/#breadcrumb"},"inLanguage":"vi","potentialAction":[{"@type":"ReadAction","target":["https:\/\/loiloccamera.com\/index.php\/product\/dau-ghi-hinh-16-kenh-hikvision-2mp-3mp-ds-7116hqhi-k1\/"]}]},{"@type":"ImageObject","inLanguage":"vi","@id":"https:\/\/loiloccamera.com\/index.php\/product\/dau-ghi-hinh-16-kenh-hikvision-2mp-3mp-ds-7116hqhi-k1\/#primaryimage","url":"https:\/\/loiloccamera.com\/wp-content\/uploads\/2019\/09\/Dau-ghi-hinh-camera-DS-7104NI-Q1-sieuthicamerahanoi.com_-300x300.jpg","contentUrl":"https:\/\/loiloccamera.com\/wp-content\/uploads\/2019\/09\/Dau-ghi-hinh-camera-DS-7104NI-Q1-sieuthicamerahanoi.com_-300x300.jpg","width":300,"height":300},{"@type":"BreadcrumbList","@id":"https:\/\/loiloccamera.com\/index.php\/product\/dau-ghi-hinh-16-kenh-hikvision-2mp-3mp-ds-7116hqhi-k1\/#breadcrumb","itemListElement":[{"@type":"ListItem","position":1,"name":"Trang ch\u1ee7","item":"https:\/\/loiloccamera.com\/"},{"@type":"ListItem","position":2,"name":"C\u1eeda h\u00e0ng","item":"https:\/\/loiloccamera.com\/index.php\/mua\/"},{"@type":"ListItem","position":3,"name":"\u0110\u1ea7u ghi h\u00ecnh 16 k\u00eanh HIKVISION 2MP\/3MP DS-7116HQHI-K1"}]},{"@type":"WebSite","@id":"https:\/\/loiloccamera.com\/#website","url":"https:\/\/loiloccamera.com\/","name":"L\u1ee3i L\u1ed9c Camera","description":"Uy t\u00ednh v\u00e0 ch\u1ea5t l\u01b0\u1ee3ng h\u00e0ng \u0111\u1ea7u .","publisher":{"@id":"https:\/\/loiloccamera.com\/#organization"},"potentialAction":[{"@type":"SearchAction","target":{"@type":"EntryPoint","urlTemplate":"https:\/\/loiloccamera.com\/?s={search_term_string}"},"query-input":{"@type":"PropertyValueSpecification","valueRequired":true,"valueName":"search_term_string"}}],"inLanguage":"vi"},{"@type":"Organization","@id":"https:\/\/loiloccamera.com\/#organization","name":"L\u1ee3i L\u1ed9c Camera","url":"https:\/\/loiloccamera.com\/","logo":{"@type":"ImageObject","inLanguage":"vi","@id":"https:\/\/loiloccamera.com\/#\/schema\/logo\/image\/","url":"https:\/\/loiloccamera.com\/wp-content\/uploads\/2024\/06\/Loi-Loc-tron.png","contentUrl":"https:\/\/loiloccamera.com\/wp-content\/uploads\/2024\/06\/Loi-Loc-tron.png","width":516,"height":513,"caption":"L\u1ee3i L\u1ed9c Camera"},"image":{"@id":"https:\/\/loiloccamera.com\/#\/schema\/logo\/image\/"},"sameAs":["https:\/\/www.facebook.com\/loiloccamera\/"]}]}},"_links":{"self":[{"href":"https:\/\/loiloccamera.com\/index.php\/wp-json\/wp\/v2\/product\/102","targetHints":{"allow":["GET"]}}],"collection":[{"href":"https:\/\/loiloccamera.com\/index.php\/wp-json\/wp\/v2\/product"}],"about":[{"href":"https:\/\/loiloccamera.com\/index.php\/wp-json\/wp\/v2\/types\/product"}],"replies":[{"embeddable":true,"href":"https:\/\/loiloccamera.com\/index.php\/wp-json\/wp\/v2\/comments?post=102"}],"wp:featuredmedia":[{"embeddable":true,"href":"https:\/\/loiloccamera.com\/index.php\/wp-json\/wp\/v2\/media\/98"}],"wp:attachment":[{"href":"https:\/\/loiloccamera.com\/index.php\/wp-json\/wp\/v2\/media?parent=102"}],"wp:term":[{"taxonomy":"product_brand","embeddable":true,"href":"https:\/\/loiloccamera.com\/index.php\/wp-json\/wp\/v2\/product_brand?post=102"},{"taxonomy":"product_cat","embeddable":true,"href":"https:\/\/loiloccamera.com\/index.php\/wp-json\/wp\/v2\/product_cat?post=102"},{"taxonomy":"product_tag","embeddable":true,"href":"https:\/\/loiloccamera.com\/index.php\/wp-json\/wp\/v2\/product_tag?post=102"}],"curies":[{"name":"wp","href":"https:\/\/api.w.org\/{rel}","templated":true}]}}