{"id":106,"date":"2019-09-19T15:37:56","date_gmt":"2019-09-19T08:37:56","guid":{"rendered":"http:\/\/loiloccamera.com\/?post_type=product&#038;p=106"},"modified":"2023-03-19T12:47:51","modified_gmt":"2023-03-19T05:47:51","slug":"dau-ghi-hinh-camera-dahua-dh-xvr1a08","status":"publish","type":"product","link":"https:\/\/loiloccamera.com\/index.php\/product\/dau-ghi-hinh-camera-dahua-dh-xvr1a08\/","title":{"rendered":"\u0110\u1ea7u ghi h\u00ecnh Camera Dahua DH-XVR1A08"},"content":{"rendered":"<h2>TH\u00d4NG S\u1ed0 K\u1ef8 THU\u1eacT \u0110\u1ea6U GHI DAHUA DH-XVR1A08<\/h2>\n<ul>\n<li>\u0110\u1ea7u ghi h\u00ecnh 8 k\u00eanh, h\u1ed7 tr\u1ee3 camera HDCVI\/Analog\/IP\/TVI\/AHD.<\/li>\n<li>Chu\u1ea9n n\u00e9n h\u00ecnh \u1ea3nh H.264<\/li>\n<li>\u0110\u1ed9 ph\u00e2n gi\u1ea3i 1080N\/720P\/960H\/D1(1-25fps).<\/li>\n<li>H\u1ed7 tr\u1ee3 ghi h\u00ecnh t\u1ea5t c\u1ea3 c\u00e1c k\u00eanh 1080N.<\/li>\n<li>C\u1ed5ng ra t\u00edn hi\u1ec7u video \u0111\u1ed3ng th\u1eddi HDMI\/VGA.<\/li>\n<li>H\u1ed7 tr\u1ee3 xem l\u1ea1i 1\/4\/8 k\u00eanh \u0111\u1ed3ng th\u1eddi v\u1edbi ch\u1ebf \u0111\u1ed9 t\u00ecm ki\u1ebfm th\u00f4ng minh.<\/li>\n<li>H\u1ed7 tr\u1ee3 k\u1ebft n\u1ed1i nhi\u1ec1u nh\u00e3n hi\u1ec7u camera IP (8+2), h\u1ed7 tr\u1ee3 l\u00ean \u0111\u1ebfn camera 5MP v\u1edbi chu\u1ea9n t\u01b0\u01a1ng th\u00edch Onvif 16.12.<\/li>\n<li>H\u1ed7 tr\u1ee3 1 \u1ed5 c\u1ee9ng 6TB.<\/li>\n<li>C\u00f3 2 c\u1ed5ng usd 2.0, 1 c\u1ed5ng m\u1ea1ng RJ45 (100M).<\/li>\n<li>H\u1ed7 tr\u1ee3 \u0111i\u1ec1u ki\u1ec3n quay qu\u00e9t 3D th\u00f4ng minh v\u1edbi giao th\u1ee9c Dahua.<\/li>\n<li>H\u1ed7 tr\u1ee3 xem l\u1ea1i v\u00e0 tr\u1ef1c ti\u1ebfp qua m\u1ea1ng m\u00e1y t\u00ednh, thi\u1ebft b\u1ecb di \u0111\u1ed9ng.<\/li>\n<li>H\u1ed7 tr\u1ee3 c\u1ea5u h\u00ecnh th\u00f4ng minh qua P2P.<\/li>\n<li>H\u1ed7 tr\u1ee3 Camera t\u00edch h\u1ee3p Mic ghi \u00e2m t\u1ea5t c\u1ea3 c\u00e1c k\u00eanh, 1 c\u1ed5ng audio v\u00e0o ra h\u1ed7 tr\u1ee3 \u0111\u00e0m tho\u1ea1i hai chi\u1ec1u.<\/li>\n<li>Ch\u1ebf \u0111\u1ed9 chia m\u00e0n h\u00ecnh 1\/4\/8\/9<\/li>\n<li>Qu\u1ea3n l\u00fd \u0111\u1ed3ng th\u1eddi 128 t\u00e0i kho\u1ea3n k\u1ebft n\u1ed1i<\/li>\n<li>\u0110i\u1ec7n \u00e1p DC 12V \u2013 1.5A, c\u00f4ng su\u1ea5t kh\u00f4ng \u1ed5 c\u1ee9ng 10W.<\/li>\n<li>M\u00f4i tr\u01b0\u1eddng l\u00e0m vi\u1ec7c -10 ~ 55 \u0111\u1ed9 C<\/li>\n<li>K\u00edch th\u01b0\u1edbc 197mm\u00d7192mm\u00d741mm<\/li>\n<li>Tr\u1ecdng l\u01b0\u1ee3ng kh\u00f4ng \u1ed5 c\u1ee9ng 1KG.<\/li>\n<li>Ch\u1ea5t li\u1ec7u kim lo\u1ea1i<\/li>\n<\/ul>\n<h2>TH\u00d4NG S\u1ed0 CHI TI\u1ebeT C\u1ee6A \u0110\u1ea6U GHI H\u00ccNH DAHUA\u00a0DH-XVR1A08<\/h2>\n<div id=\"div_left\">\n<div class=\"div-drop\">\n<table id=\"table001\" class=\"NEW-TABLE TableOverride-1 tab-drag\">\n<tbody>\n<tr>\n<td colspan=\"60\"><strong>System<\/strong><\/td>\n<\/tr>\n<tr>\n<td colspan=\"18\">Main Processor<\/td>\n<td colspan=\"42\">Embedded Processor<\/td>\n<\/tr>\n<tr>\n<td colspan=\"18\">Operating System<\/td>\n<td colspan=\"42\">Embedded LINUX<\/td>\n<\/tr>\n<tr>\n<td colspan=\"60\"><strong>Video and Audio<\/strong><\/td>\n<\/tr>\n<tr>\n<td colspan=\"18\">Analog Camera Input<\/td>\n<td colspan=\"42\">8 Channel, BNC<\/td>\n<\/tr>\n<tr>\n<td colspan=\"18\">HDCVI Camera<\/td>\n<td colspan=\"42\">1080P@25\/30fps, 720P@25\/30fps<\/td>\n<\/tr>\n<tr>\n<td colspan=\"18\">AHD Camera<\/td>\n<td colspan=\"42\">1080P@25\/30, 720P@25\/30fps<\/td>\n<\/tr>\n<tr>\n<td colspan=\"18\">TVI Camera<\/td>\n<td colspan=\"42\">1080P@25\/30, 720P@25\/30fps<\/td>\n<\/tr>\n<tr>\n<td colspan=\"18\">CVBS Camera<\/td>\n<td colspan=\"42\">PAL\/NTSC<\/td>\n<\/tr>\n<tr>\n<td colspan=\"18\">IP Camera Input<\/td>\n<td colspan=\"42\">8CH: 8+2, each channel up to 5MP<\/td>\n<\/tr>\n<tr>\n<td colspan=\"18\">Audio In\/Out<\/td>\n<td colspan=\"42\">1\/1, RCA<\/td>\n<\/tr>\n<tr>\n<td colspan=\"18\">Two-way Talk<\/td>\n<td colspan=\"42\">Reuse audio in\/out, RCA<\/td>\n<\/tr>\n<tr>\n<td colspan=\"60\"><strong>Recording<\/strong><\/td>\n<\/tr>\n<tr>\n<td colspan=\"18\">Video Compression<\/td>\n<td colspan=\"42\">H.264<\/td>\n<\/tr>\n<tr>\n<td colspan=\"18\">Resolution<\/td>\n<td colspan=\"42\">1080N, 720P, 960H, D1, HD1, BCIF, CIF, QCIF<\/td>\n<\/tr>\n<tr>\n<td colspan=\"18\">Record Rate<\/td>\n<td colspan=\"42\">Main Stream:8CH: the 1st channel 1080N\/720P(1~25\/30fps), others\u00a01080N(1~12fps)\/720P(1~15fps); 960H\/D1\/HD1\/BCIF\/CIF\/QCIF(1~25\/30fps)<\/p>\n<p>Sub steram:<\/p>\n<p>8CH: CIF\/QCIF (1~7fps)<\/td>\n<\/tr>\n<tr>\n<td colspan=\"18\">Video Bit Rate<\/td>\n<td colspan=\"42\">32Kbps ~ 4096Kbps Per Channel<\/td>\n<\/tr>\n<tr>\n<td colspan=\"18\">Record Mode<\/td>\n<td colspan=\"42\">Manual, Schedule (General, Continuous), MD (Video detection: Motion Detection, Video Loss, Tampering), Alarm, Stop<\/td>\n<\/tr>\n<tr>\n<td colspan=\"18\">Record Interval<\/td>\n<td colspan=\"42\">1 ~ 60 min (default: 60 min), Pre-record: 1 ~ 30 sec, Post-record: 10 ~ 300 sec<\/td>\n<\/tr>\n<tr>\n<td colspan=\"18\">Audio Compression<\/td>\n<td colspan=\"42\">AAC (only for the 1st channel), G.711A, G.711U, PCM<\/td>\n<\/tr>\n<tr>\n<td colspan=\"18\">Audio Sample Rate<\/td>\n<td colspan=\"42\">8KHz, 16 bit Per Channel<\/td>\n<\/tr>\n<tr>\n<td colspan=\"18\">Audio Bit Rate<\/td>\n<td colspan=\"42\">64Kbps Per Channel<\/td>\n<\/tr>\n<tr>\n<td colspan=\"60\"><strong>Display<\/strong><\/td>\n<\/tr>\n<tr>\n<td colspan=\"18\">Interface<\/td>\n<td colspan=\"42\">1 HDMI ,1 VGA<\/td>\n<\/tr>\n<tr>\n<td colspan=\"18\">Resolution<\/td>\n<td colspan=\"42\">1920\u00d71080, 1280\u00d71024, 1280\u00d7720, 1024\u00d7768<\/td>\n<\/tr>\n<tr>\n<td colspan=\"18\">Multi-screen Display<\/td>\n<td colspan=\"42\">When IP extension mode not enabled<span lang=\"zh-CN\">:<\/span>8CH: 1\/4\/8\/9<\/p>\n<p>When IP extension mode enabled<span lang=\"zh-CN\">:<\/span><\/p>\n<p>8CH: 1\/4\/8\/9\/16<\/td>\n<\/tr>\n<tr>\n<td colspan=\"18\">OSD<\/td>\n<td colspan=\"42\">Camera title, Time, Video loss, Camera lock, Motion detection, Recording<\/td>\n<\/tr>\n<tr>\n<td colspan=\"60\"><strong>Network<\/strong><\/td>\n<\/tr>\n<tr>\n<td colspan=\"18\">Interface<\/td>\n<td colspan=\"42\">1 RJ-45 Port (100M)<\/td>\n<\/tr>\n<tr>\n<td colspan=\"18\">Network Function<\/td>\n<td colspan=\"42\">HTTP, HTTPS, TCP\/IP, IPv4\/IPv6, UPnP, RTSP, UDP, SMTP, NTP, DHCP, DNS, IP Filter ,DDNS, FTP, Alarm Server, P2P,IP Search (Supports Dahua IP camera, DVR, NVS, etc.)<\/td>\n<\/tr>\n<tr>\n<td colspan=\"18\">Max. User Access<\/td>\n<td colspan=\"42\">128 users<\/td>\n<\/tr>\n<tr>\n<td colspan=\"18\">Smart Phone<\/td>\n<td colspan=\"42\">iPhone, iPad, Android<\/td>\n<\/tr>\n<tr>\n<td colspan=\"18\">Interoperability<\/td>\n<td colspan=\"42\">ONVIF 16.12, CGI Conformant<\/td>\n<\/tr>\n<\/tbody>\n<\/table>\n<\/div>\n<\/div>\n<div id=\"div_left\">\n<div class=\"div-drop\">\n<table id=\"table002\" class=\"NEW-TABLE TableOverride-1 tab-drag\">\n<tbody>\n<tr>\n<td colspan=\"60\"><strong>Video Detection and Alarm<\/strong><\/td>\n<\/tr>\n<tr>\n<td colspan=\"18\">Trigger Events<\/td>\n<td colspan=\"42\">Recording, PTZ, Tour, Video Push, Email, FTP, Snapshot, Buzzer and Screen Tips<\/td>\n<\/tr>\n<tr>\n<td colspan=\"18\">Video Detection<\/td>\n<td colspan=\"42\">Motion Detection, MD Zones: 396 (22 \u00d7 18), Video Loss, Tampering and Diagnosis<\/td>\n<\/tr>\n<tr>\n<td colspan=\"18\">Alarm input<\/td>\n<td colspan=\"42\">N\/A<\/td>\n<\/tr>\n<tr>\n<td colspan=\"18\">Relay Output<\/td>\n<td colspan=\"42\">N\/A<\/td>\n<\/tr>\n<tr>\n<td colspan=\"60\"><strong>Playback and Backup<\/strong><\/td>\n<\/tr>\n<tr>\n<td colspan=\"18\">Playback<\/td>\n<td colspan=\"42\">8CH: 1\/4\/9<\/td>\n<\/tr>\n<tr>\n<td colspan=\"18\">Search Mode<\/td>\n<td colspan=\"42\">Time \/Date, Alarm, MD and Exact Search (accurate to second)<\/td>\n<\/tr>\n<tr>\n<td colspan=\"18\">Playback Function<\/td>\n<td colspan=\"42\">Play, Pause, Stop, Rewind, Fast play, Slow Play, Next File, Previous File, Next Camera, Previous Camera, Full Screen, Repeat, Shuffle, Backup Selection, Digital Zoom<\/td>\n<\/tr>\n<tr>\n<td colspan=\"18\">Backup Mode<\/td>\n<td colspan=\"42\">USB Device\/Network<\/td>\n<\/tr>\n<tr>\n<td colspan=\"60\"><strong>Storage<\/strong><\/td>\n<\/tr>\n<tr>\n<td colspan=\"18\">Internal HDD<\/td>\n<td colspan=\"42\">1 SATA Port, up to 6TB capacity<\/td>\n<\/tr>\n<tr>\n<td colspan=\"18\">eSATA<\/td>\n<td colspan=\"42\">N\/A<\/td>\n<\/tr>\n<tr>\n<td colspan=\"60\"><strong>Auxiliary Interface<\/strong><\/td>\n<\/tr>\n<tr>\n<td colspan=\"18\">USB<\/td>\n<td colspan=\"42\">2 USB 2.0<\/td>\n<\/tr>\n<tr>\n<td colspan=\"18\">RS232<\/td>\n<td colspan=\"42\">N\/A<\/td>\n<\/tr>\n<tr>\n<td colspan=\"18\">RS485<\/td>\n<td colspan=\"42\">N\/A<\/td>\n<\/tr>\n<tr>\n<td colspan=\"60\"><strong>Electrical<\/strong><\/td>\n<\/tr>\n<tr>\n<td colspan=\"18\">Power Supply<\/td>\n<td colspan=\"42\">DC: 12V-1.5A<\/td>\n<\/tr>\n<tr>\n<td colspan=\"18\">Power Consumption(Without HDD)<\/td>\n<td colspan=\"42\">&lt;10W<\/td>\n<\/tr>\n<tr>\n<td colspan=\"60\"><strong>Construction<\/strong><\/td>\n<\/tr>\n<tr>\n<td colspan=\"18\">Dimensions<\/td>\n<td colspan=\"42\">Cooper 1U, 197mm\u00d7192mm\u00d741mm (7.8\u201c\u00d77.6\u201d\u00d71.6\u201c)<\/td>\n<\/tr>\n<tr>\n<td colspan=\"18\">Net Weight(without HDD)<\/td>\n<td colspan=\"42\">0.55kg (1.2lb)<\/td>\n<\/tr>\n<tr>\n<td colspan=\"18\">Gross Weight<\/td>\n<td colspan=\"42\">1kg (2.2lb)<\/td>\n<\/tr>\n<tr>\n<td colspan=\"18\">Installation<\/td>\n<td colspan=\"42\">Desktop installation<\/td>\n<\/tr>\n<tr>\n<td colspan=\"60\"><strong>Environmental<\/strong><\/td>\n<\/tr>\n<tr>\n<td colspan=\"18\">Operating Conditions<\/td>\n<td colspan=\"42\">-10\u00b0C ~ +45\u00b0C (+14\u00b0F ~ +113\u00b0F), 10~ 90% RH<\/td>\n<\/tr>\n<tr>\n<td colspan=\"18\">Storage Conditions<\/td>\n<td colspan=\"42\">-20\u00b0C ~ +70\u00b0C (-4\u00b0F ~ +158\u00b0F) , 0~ 90% RH<\/td>\n<\/tr>\n<tr>\n<td colspan=\"60\"><strong>Third-party Support<\/strong><\/td>\n<\/tr>\n<tr>\n<td colspan=\"18\">Third-party Support<\/td>\n<td colspan=\"42\">Dahua, Arecont Vision, AXIS, Bosch, Brickcom, Canon, CP Plus, Dynacolor, Honeywell, Panasonic, Pelco, Samsung, Sanyo, Sony, Videotec, Vivotek, and more<\/td>\n<\/tr>\n<tr>\n<td colspan=\"60\"><strong>Certifications<\/strong><\/td>\n<\/tr>\n<tr>\n<td colspan=\"18\" rowspan=\"3\">Certifications<\/td>\n<td colspan=\"42\">FCC: Part 15 Subpart B<\/td>\n<\/tr>\n<tr>\n<td colspan=\"42\">CE: CE-LVD: EN 60950-1\/IEC 60950-1CE-EMC: EN 61000-3-2, EN 61000-3-3, EN 55032, EN 50130, EN 55024<\/td>\n<\/tr>\n<tr>\n<td colspan=\"42\">UL: UL 60950-1<\/td>\n<\/tr>\n<\/tbody>\n<\/table>\n<\/div>\n<\/div>\n","protected":false},"excerpt":{"rendered":"<h4>H\u00e3ng s\u1ea3n xu\u1ea5t: DAHUA<\/h4>\n<h4>M\u00e3 s\u1ea3n ph\u1ea9m: DH-XVR1A08<\/h4>\n<p><strong>\u0110\u1ea7u ghi h\u00ecnh Dahua\u00a0DH-XVR1A08 h\u1ed7 tr\u1ee3 8 k\u00eanh 5 in 1<\/strong><\/p>\n<ul>\n<li>\u0110\u1ea7u ghi h\u00ecnh 8 k\u00eanh h\u1ed7 tr\u1ee3 Camera:\u00a0 HDCVI\/Analog\/IP\/TVI\/AHD.<\/li>\n<li>H\u1ed7 tr\u1ee3 ghi h\u00ecnh t\u1ea5t c\u1ea3 c\u00e1c k\u00eanh 1080N (960z1080).<\/li>\n<li>Chu\u1ea9n n\u00e9n h\u00ecnh \u1ea3nh H.264.<\/li>\n<li>H\u1ed7 tr\u1ee3 th\u00eam 2 k\u00eanh IP t\u1ed1i \u0111a 5MP (8+2).<\/li>\n<li>\u0110\u1ed9 ph\u00e2n gi\u1ea3i \u0111\u1ea7u ra HDMI v\u00e0 VGA l\u00ean \u0111\u1ebfn 1920x1080P.<\/li>\n<li>H\u1ed7 tr\u1ee3 1 \u1ed5 c\u1ee9ng dung l\u01b0\u1ee3ng t\u1ed1i \u0111a 6TB.<\/li>\n<li>H\u1ed7 tr\u1ee3 Camera c\u00f3 Mic t\u1ea5t c\u1ea3 c\u00e1c k\u00eanh.<\/li>\n<li>Xem t\u1eeb xa qua \u0111i\u1ec7n to\u00e1n \u0111\u00e1m m\u00e2y P2P.<\/li>\n<li>B\u1ea3o h\u00e0nh ch\u00ednh h\u00e3ng 24 th\u00e1ng.<\/li>\n<\/ul>\n","protected":false},"featured_media":111,"comment_status":"open","ping_status":"closed","template":"","meta":{"_monsterinsights_skip_tracking":false,"_monsterinsights_sitenote_active":false,"_monsterinsights_sitenote_note":"","_monsterinsights_sitenote_category":0},"product_brand":[],"product_cat":[23,21],"product_tag":[],"class_list":{"0":"post-106","1":"product","2":"type-product","3":"status-publish","4":"has-post-thumbnail","6":"product_cat-dvr-dahua","7":"product_cat-dau-ghi","9":"first","10":"instock","11":"shipping-taxable","12":"purchasable","13":"product-type-simple"},"aioseo_notices":[],"yoast_head":"<!-- This site is optimized with the Yoast SEO plugin v27.5 - https:\/\/yoast.com\/product\/yoast-seo-wordpress\/ -->\n<title>\u0110\u1ea7u ghi h\u00ecnh Camera Dahua DH-XVR1A08 - L\u1ee3i L\u1ed9c Camera<\/title>\n<meta name=\"robots\" content=\"index, follow, max-snippet:-1, max-image-preview:large, max-video-preview:-1\" \/>\n<link rel=\"canonical\" href=\"https:\/\/loiloccamera.com\/index.php\/product\/dau-ghi-hinh-camera-dahua-dh-xvr1a08\/\" \/>\n<meta property=\"og:locale\" content=\"vi_VN\" \/>\n<meta property=\"og:type\" content=\"article\" \/>\n<meta property=\"og:title\" content=\"\u0110\u1ea7u ghi h\u00ecnh Camera Dahua DH-XVR1A08 - L\u1ee3i L\u1ed9c Camera\" \/>\n<meta property=\"og:description\" content=\"H\u00e3ng s\u1ea3n xu\u1ea5t: DAHUA M\u00e3 s\u1ea3n ph\u1ea9m: DH-XVR1A08 \u0110\u1ea7u ghi h\u00ecnh Dahua\u00a0DH-XVR1A08 h\u1ed7 tr\u1ee3 8 k\u00eanh 5 in 1   \u0110\u1ea7u ghi h\u00ecnh 8 k\u00eanh h\u1ed7 tr\u1ee3 Camera:\u00a0 HDCVI\/Analog\/IP\/TVI\/AHD.  H\u1ed7 tr\u1ee3 ghi h\u00ecnh t\u1ea5t c\u1ea3 c\u00e1c k\u00eanh 1080N (960z1080).  Chu\u1ea9n n\u00e9n h\u00ecnh \u1ea3nh H.264.  H\u1ed7 tr\u1ee3 th\u00eam 2 k\u00eanh IP t\u1ed1i \u0111a 5MP (8+2).  \u0110\u1ed9 ph\u00e2n gi\u1ea3i \u0111\u1ea7u ra HDMI v\u00e0 VGA l\u00ean \u0111\u1ebfn 1920x1080P.  H\u1ed7 tr\u1ee3 1 \u1ed5 c\u1ee9ng dung l\u01b0\u1ee3ng t\u1ed1i \u0111a 6TB.  H\u1ed7 tr\u1ee3 Camera c\u00f3 Mic t\u1ea5t c\u1ea3 c\u00e1c k\u00eanh.  Xem t\u1eeb xa qua \u0111i\u1ec7n to\u00e1n \u0111\u00e1m m\u00e2y P2P.  B\u1ea3o h\u00e0nh ch\u00ednh h\u00e3ng 24 th\u00e1ng.\" \/>\n<meta property=\"og:url\" content=\"https:\/\/loiloccamera.com\/index.php\/product\/dau-ghi-hinh-camera-dahua-dh-xvr1a08\/\" \/>\n<meta property=\"og:site_name\" content=\"L\u1ee3i L\u1ed9c Camera\" \/>\n<meta property=\"article:publisher\" content=\"https:\/\/www.facebook.com\/loiloccamera\/\" \/>\n<meta property=\"article:modified_time\" content=\"2023-03-19T05:47:51+00:00\" \/>\n<meta property=\"og:image\" content=\"https:\/\/loiloccamera.com\/wp-content\/uploads\/2019\/09\/Dau-ghi-hinh-dahua-DH-XVR1A08-sieuthicamerahanoi.com_-300x300-1.jpg\" \/>\n\t<meta property=\"og:image:width\" content=\"300\" \/>\n\t<meta property=\"og:image:height\" content=\"300\" \/>\n\t<meta property=\"og:image:type\" content=\"image\/jpeg\" \/>\n<meta name=\"twitter:card\" content=\"summary_large_image\" \/>\n<meta name=\"twitter:label1\" content=\"\u01af\u1edbc t\u00ednh th\u1eddi gian \u0111\u1ecdc\" \/>\n\t<meta name=\"twitter:data1\" content=\"4 ph\u00fat\" \/>\n<script type=\"application\/ld+json\" class=\"yoast-schema-graph\">{\"@context\":\"https:\\\/\\\/schema.org\",\"@graph\":[{\"@type\":\"WebPage\",\"@id\":\"https:\\\/\\\/loiloccamera.com\\\/index.php\\\/product\\\/dau-ghi-hinh-camera-dahua-dh-xvr1a08\\\/\",\"url\":\"https:\\\/\\\/loiloccamera.com\\\/index.php\\\/product\\\/dau-ghi-hinh-camera-dahua-dh-xvr1a08\\\/\",\"name\":\"\u0110\u1ea7u ghi h\u00ecnh Camera Dahua DH-XVR1A08 - L\u1ee3i L\u1ed9c Camera\",\"isPartOf\":{\"@id\":\"https:\\\/\\\/loiloccamera.com\\\/#website\"},\"primaryImageOfPage\":{\"@id\":\"https:\\\/\\\/loiloccamera.com\\\/index.php\\\/product\\\/dau-ghi-hinh-camera-dahua-dh-xvr1a08\\\/#primaryimage\"},\"image\":{\"@id\":\"https:\\\/\\\/loiloccamera.com\\\/index.php\\\/product\\\/dau-ghi-hinh-camera-dahua-dh-xvr1a08\\\/#primaryimage\"},\"thumbnailUrl\":\"https:\\\/\\\/loiloccamera.com\\\/wp-content\\\/uploads\\\/2019\\\/09\\\/Dau-ghi-hinh-dahua-DH-XVR1A08-sieuthicamerahanoi.com_-300x300-1.jpg\",\"datePublished\":\"2019-09-19T08:37:56+00:00\",\"dateModified\":\"2023-03-19T05:47:51+00:00\",\"breadcrumb\":{\"@id\":\"https:\\\/\\\/loiloccamera.com\\\/index.php\\\/product\\\/dau-ghi-hinh-camera-dahua-dh-xvr1a08\\\/#breadcrumb\"},\"inLanguage\":\"vi\",\"potentialAction\":[{\"@type\":\"ReadAction\",\"target\":[\"https:\\\/\\\/loiloccamera.com\\\/index.php\\\/product\\\/dau-ghi-hinh-camera-dahua-dh-xvr1a08\\\/\"]}]},{\"@type\":\"ImageObject\",\"inLanguage\":\"vi\",\"@id\":\"https:\\\/\\\/loiloccamera.com\\\/index.php\\\/product\\\/dau-ghi-hinh-camera-dahua-dh-xvr1a08\\\/#primaryimage\",\"url\":\"https:\\\/\\\/loiloccamera.com\\\/wp-content\\\/uploads\\\/2019\\\/09\\\/Dau-ghi-hinh-dahua-DH-XVR1A08-sieuthicamerahanoi.com_-300x300-1.jpg\",\"contentUrl\":\"https:\\\/\\\/loiloccamera.com\\\/wp-content\\\/uploads\\\/2019\\\/09\\\/Dau-ghi-hinh-dahua-DH-XVR1A08-sieuthicamerahanoi.com_-300x300-1.jpg\",\"width\":300,\"height\":300},{\"@type\":\"BreadcrumbList\",\"@id\":\"https:\\\/\\\/loiloccamera.com\\\/index.php\\\/product\\\/dau-ghi-hinh-camera-dahua-dh-xvr1a08\\\/#breadcrumb\",\"itemListElement\":[{\"@type\":\"ListItem\",\"position\":1,\"name\":\"Trang ch\u1ee7\",\"item\":\"https:\\\/\\\/loiloccamera.com\\\/\"},{\"@type\":\"ListItem\",\"position\":2,\"name\":\"C\u1eeda h\u00e0ng\",\"item\":\"https:\\\/\\\/loiloccamera.com\\\/index.php\\\/mua\\\/\"},{\"@type\":\"ListItem\",\"position\":3,\"name\":\"\u0110\u1ea7u ghi h\u00ecnh Camera Dahua DH-XVR1A08\"}]},{\"@type\":\"WebSite\",\"@id\":\"https:\\\/\\\/loiloccamera.com\\\/#website\",\"url\":\"https:\\\/\\\/loiloccamera.com\\\/\",\"name\":\"L\u1ee3i L\u1ed9c Camera\",\"description\":\"Uy t\u00ednh v\u00e0 ch\u1ea5t l\u01b0\u1ee3ng h\u00e0ng \u0111\u1ea7u .\",\"publisher\":{\"@id\":\"https:\\\/\\\/loiloccamera.com\\\/#organization\"},\"potentialAction\":[{\"@type\":\"SearchAction\",\"target\":{\"@type\":\"EntryPoint\",\"urlTemplate\":\"https:\\\/\\\/loiloccamera.com\\\/?s={search_term_string}\"},\"query-input\":{\"@type\":\"PropertyValueSpecification\",\"valueRequired\":true,\"valueName\":\"search_term_string\"}}],\"inLanguage\":\"vi\"},{\"@type\":\"Organization\",\"@id\":\"https:\\\/\\\/loiloccamera.com\\\/#organization\",\"name\":\"L\u1ee3i L\u1ed9c Camera\",\"url\":\"https:\\\/\\\/loiloccamera.com\\\/\",\"logo\":{\"@type\":\"ImageObject\",\"inLanguage\":\"vi\",\"@id\":\"https:\\\/\\\/loiloccamera.com\\\/#\\\/schema\\\/logo\\\/image\\\/\",\"url\":\"https:\\\/\\\/loiloccamera.com\\\/wp-content\\\/uploads\\\/2024\\\/06\\\/Loi-Loc-tron.png\",\"contentUrl\":\"https:\\\/\\\/loiloccamera.com\\\/wp-content\\\/uploads\\\/2024\\\/06\\\/Loi-Loc-tron.png\",\"width\":516,\"height\":513,\"caption\":\"L\u1ee3i L\u1ed9c Camera\"},\"image\":{\"@id\":\"https:\\\/\\\/loiloccamera.com\\\/#\\\/schema\\\/logo\\\/image\\\/\"},\"sameAs\":[\"https:\\\/\\\/www.facebook.com\\\/loiloccamera\\\/\"]}]}<\/script>\n<!-- \/ Yoast SEO plugin. -->","yoast_head_json":{"title":"\u0110\u1ea7u ghi h\u00ecnh Camera Dahua DH-XVR1A08 - L\u1ee3i L\u1ed9c Camera","robots":{"index":"index","follow":"follow","max-snippet":"max-snippet:-1","max-image-preview":"max-image-preview:large","max-video-preview":"max-video-preview:-1"},"canonical":"https:\/\/loiloccamera.com\/index.php\/product\/dau-ghi-hinh-camera-dahua-dh-xvr1a08\/","og_locale":"vi_VN","og_type":"article","og_title":"\u0110\u1ea7u ghi h\u00ecnh Camera Dahua DH-XVR1A08 - L\u1ee3i L\u1ed9c Camera","og_description":"H\u00e3ng s\u1ea3n xu\u1ea5t: DAHUA M\u00e3 s\u1ea3n ph\u1ea9m: DH-XVR1A08 \u0110\u1ea7u ghi h\u00ecnh Dahua\u00a0DH-XVR1A08 h\u1ed7 tr\u1ee3 8 k\u00eanh 5 in 1   \u0110\u1ea7u ghi h\u00ecnh 8 k\u00eanh h\u1ed7 tr\u1ee3 Camera:\u00a0 HDCVI\/Analog\/IP\/TVI\/AHD.  H\u1ed7 tr\u1ee3 ghi h\u00ecnh t\u1ea5t c\u1ea3 c\u00e1c k\u00eanh 1080N (960z1080).  Chu\u1ea9n n\u00e9n h\u00ecnh \u1ea3nh H.264.  H\u1ed7 tr\u1ee3 th\u00eam 2 k\u00eanh IP t\u1ed1i \u0111a 5MP (8+2).  \u0110\u1ed9 ph\u00e2n gi\u1ea3i \u0111\u1ea7u ra HDMI v\u00e0 VGA l\u00ean \u0111\u1ebfn 1920x1080P.  H\u1ed7 tr\u1ee3 1 \u1ed5 c\u1ee9ng dung l\u01b0\u1ee3ng t\u1ed1i \u0111a 6TB.  H\u1ed7 tr\u1ee3 Camera c\u00f3 Mic t\u1ea5t c\u1ea3 c\u00e1c k\u00eanh.  Xem t\u1eeb xa qua \u0111i\u1ec7n to\u00e1n \u0111\u00e1m m\u00e2y P2P.  B\u1ea3o h\u00e0nh ch\u00ednh h\u00e3ng 24 th\u00e1ng.","og_url":"https:\/\/loiloccamera.com\/index.php\/product\/dau-ghi-hinh-camera-dahua-dh-xvr1a08\/","og_site_name":"L\u1ee3i L\u1ed9c Camera","article_publisher":"https:\/\/www.facebook.com\/loiloccamera\/","article_modified_time":"2023-03-19T05:47:51+00:00","og_image":[{"width":300,"height":300,"url":"https:\/\/loiloccamera.com\/wp-content\/uploads\/2019\/09\/Dau-ghi-hinh-dahua-DH-XVR1A08-sieuthicamerahanoi.com_-300x300-1.jpg","type":"image\/jpeg"}],"twitter_card":"summary_large_image","twitter_misc":{"\u01af\u1edbc t\u00ednh th\u1eddi gian \u0111\u1ecdc":"4 ph\u00fat"},"schema":{"@context":"https:\/\/schema.org","@graph":[{"@type":"WebPage","@id":"https:\/\/loiloccamera.com\/index.php\/product\/dau-ghi-hinh-camera-dahua-dh-xvr1a08\/","url":"https:\/\/loiloccamera.com\/index.php\/product\/dau-ghi-hinh-camera-dahua-dh-xvr1a08\/","name":"\u0110\u1ea7u ghi h\u00ecnh Camera Dahua DH-XVR1A08 - L\u1ee3i L\u1ed9c Camera","isPartOf":{"@id":"https:\/\/loiloccamera.com\/#website"},"primaryImageOfPage":{"@id":"https:\/\/loiloccamera.com\/index.php\/product\/dau-ghi-hinh-camera-dahua-dh-xvr1a08\/#primaryimage"},"image":{"@id":"https:\/\/loiloccamera.com\/index.php\/product\/dau-ghi-hinh-camera-dahua-dh-xvr1a08\/#primaryimage"},"thumbnailUrl":"https:\/\/loiloccamera.com\/wp-content\/uploads\/2019\/09\/Dau-ghi-hinh-dahua-DH-XVR1A08-sieuthicamerahanoi.com_-300x300-1.jpg","datePublished":"2019-09-19T08:37:56+00:00","dateModified":"2023-03-19T05:47:51+00:00","breadcrumb":{"@id":"https:\/\/loiloccamera.com\/index.php\/product\/dau-ghi-hinh-camera-dahua-dh-xvr1a08\/#breadcrumb"},"inLanguage":"vi","potentialAction":[{"@type":"ReadAction","target":["https:\/\/loiloccamera.com\/index.php\/product\/dau-ghi-hinh-camera-dahua-dh-xvr1a08\/"]}]},{"@type":"ImageObject","inLanguage":"vi","@id":"https:\/\/loiloccamera.com\/index.php\/product\/dau-ghi-hinh-camera-dahua-dh-xvr1a08\/#primaryimage","url":"https:\/\/loiloccamera.com\/wp-content\/uploads\/2019\/09\/Dau-ghi-hinh-dahua-DH-XVR1A08-sieuthicamerahanoi.com_-300x300-1.jpg","contentUrl":"https:\/\/loiloccamera.com\/wp-content\/uploads\/2019\/09\/Dau-ghi-hinh-dahua-DH-XVR1A08-sieuthicamerahanoi.com_-300x300-1.jpg","width":300,"height":300},{"@type":"BreadcrumbList","@id":"https:\/\/loiloccamera.com\/index.php\/product\/dau-ghi-hinh-camera-dahua-dh-xvr1a08\/#breadcrumb","itemListElement":[{"@type":"ListItem","position":1,"name":"Trang ch\u1ee7","item":"https:\/\/loiloccamera.com\/"},{"@type":"ListItem","position":2,"name":"C\u1eeda h\u00e0ng","item":"https:\/\/loiloccamera.com\/index.php\/mua\/"},{"@type":"ListItem","position":3,"name":"\u0110\u1ea7u ghi h\u00ecnh Camera Dahua DH-XVR1A08"}]},{"@type":"WebSite","@id":"https:\/\/loiloccamera.com\/#website","url":"https:\/\/loiloccamera.com\/","name":"L\u1ee3i L\u1ed9c Camera","description":"Uy t\u00ednh v\u00e0 ch\u1ea5t l\u01b0\u1ee3ng h\u00e0ng \u0111\u1ea7u .","publisher":{"@id":"https:\/\/loiloccamera.com\/#organization"},"potentialAction":[{"@type":"SearchAction","target":{"@type":"EntryPoint","urlTemplate":"https:\/\/loiloccamera.com\/?s={search_term_string}"},"query-input":{"@type":"PropertyValueSpecification","valueRequired":true,"valueName":"search_term_string"}}],"inLanguage":"vi"},{"@type":"Organization","@id":"https:\/\/loiloccamera.com\/#organization","name":"L\u1ee3i L\u1ed9c Camera","url":"https:\/\/loiloccamera.com\/","logo":{"@type":"ImageObject","inLanguage":"vi","@id":"https:\/\/loiloccamera.com\/#\/schema\/logo\/image\/","url":"https:\/\/loiloccamera.com\/wp-content\/uploads\/2024\/06\/Loi-Loc-tron.png","contentUrl":"https:\/\/loiloccamera.com\/wp-content\/uploads\/2024\/06\/Loi-Loc-tron.png","width":516,"height":513,"caption":"L\u1ee3i L\u1ed9c Camera"},"image":{"@id":"https:\/\/loiloccamera.com\/#\/schema\/logo\/image\/"},"sameAs":["https:\/\/www.facebook.com\/loiloccamera\/"]}]}},"_links":{"self":[{"href":"https:\/\/loiloccamera.com\/index.php\/wp-json\/wp\/v2\/product\/106","targetHints":{"allow":["GET"]}}],"collection":[{"href":"https:\/\/loiloccamera.com\/index.php\/wp-json\/wp\/v2\/product"}],"about":[{"href":"https:\/\/loiloccamera.com\/index.php\/wp-json\/wp\/v2\/types\/product"}],"replies":[{"embeddable":true,"href":"https:\/\/loiloccamera.com\/index.php\/wp-json\/wp\/v2\/comments?post=106"}],"wp:featuredmedia":[{"embeddable":true,"href":"https:\/\/loiloccamera.com\/index.php\/wp-json\/wp\/v2\/media\/111"}],"wp:attachment":[{"href":"https:\/\/loiloccamera.com\/index.php\/wp-json\/wp\/v2\/media?parent=106"}],"wp:term":[{"taxonomy":"product_brand","embeddable":true,"href":"https:\/\/loiloccamera.com\/index.php\/wp-json\/wp\/v2\/product_brand?post=106"},{"taxonomy":"product_cat","embeddable":true,"href":"https:\/\/loiloccamera.com\/index.php\/wp-json\/wp\/v2\/product_cat?post=106"},{"taxonomy":"product_tag","embeddable":true,"href":"https:\/\/loiloccamera.com\/index.php\/wp-json\/wp\/v2\/product_tag?post=106"}],"curies":[{"name":"wp","href":"https:\/\/api.w.org\/{rel}","templated":true}]}}