{"id":129,"date":"2019-09-19T21:35:59","date_gmt":"2019-09-19T14:35:59","guid":{"rendered":"http:\/\/loiloccamera.com\/?post_type=product&#038;p=129"},"modified":"2024-06-22T18:51:20","modified_gmt":"2024-06-22T11:51:20","slug":"camera-ip-wifi-eziviz-1mp-ngoai-troi-cs-cv310","status":"publish","type":"product","link":"https:\/\/loiloccamera.com\/index.php\/product\/camera-ip-wifi-eziviz-1mp-ngoai-troi-cs-cv310\/","title":{"rendered":"Camera IP Wifi EZIVIZ 1MP ngo\u00e0i tr\u1eddi CS-CV310"},"content":{"rendered":"<p><span style=\"color: #ff0000;\"><strong>Camera\u00a0CS-CV310\u00a0IP Wifi ngo\u00e0i tr\u1eddi HD 720P, t\u00edch h\u1ee3p \u0111\u00e8n b\u00e1o \u0111\u1ed9ng, c\u00f2i h\u00fa<\/strong><\/span><\/p>\n<h2><span style=\"color: #0000ff;\">TH\u00d4NG S\u1ed0 K\u1ef8 THU\u1eacT CAMERA EZVIZ CS-CV310<\/span><\/h2>\n<ul>\n<li>Camera wifi ngo\u00e0i tr\u1eddi \u0111\u1ed9 ph\u00e2n gi\u1ea3i 1MP 1280x720P.<\/li>\n<li>Ca\u0309m bi\u00ea\u0301n 1\/4\u2033 Progressive CMOS.<\/li>\n<li>\u00d4\u0301ng ki\u0301nh 2.8mm@ F2.2.<\/li>\n<li>Go\u0301c nhi\u0300n ngang 92\u00b0, go\u0301c nhi\u0300n che\u0301o 108\u00b0.<\/li>\n<li>H\u00f4\u0303 tr\u01a1\u0323 ch\u1ed1ng ng\u01b0\u1ee3c s\u00e1ng s\u1ed1 DWDR, 3D DNR, BLC, ICR.<\/li>\n<li>Chu\u00e2\u0301n ne\u0301n H.264, h\u00f4\u0303 tr\u01a1\u0323 2 lu\u00f4\u0300ng d\u01b0\u0303 li\u00ea\u0323u.<\/li>\n<li>Pha\u0301t hi\u00ea\u0323n chuy\u00ea\u0309n \u0111\u00f4\u0323ng th\u00f4ng minh.<\/li>\n<li>Ti\u0301ch h\u01a1\u0323p \u0111e\u0300n ch\u01a1\u0301p va\u0300 co\u0300i ba\u0301o \u0111\u00f4\u0323ng tr\u00ean camera , l\u00e2\u0323p t\u01b0\u0301c ca\u0309nh ba\u0301o khi co\u0301 x\u00e2m nh\u00e2\u0323p ho\u0103\u0323c khi ng\u01b0\u01a1\u0300i s\u01b0\u0309 du\u0323ng b\u00e2\u0323t<\/li>\n<li>H\u00f4\u0303 tr\u01a1\u0323 khe c\u0103\u0301m the\u0309 nh\u01a1\u0301 \u0111\u00ea\u0301n 128GB.<\/li>\n<li>T\u00edch h\u1ee3p 2 anten thu wifi.<\/li>\n<li>Ti\u0301ch h\u01a1\u0323p Micro va\u0300 Loa \u2013 H\u00f4\u0303 tr\u01a1\u0323 \u0111a\u0300m thoa\u0323i 2 chi\u00ea\u0300u v\u01a1\u0301i ch\u00e2\u0301t l\u01b0\u01a1\u0323ng \u00e2m thanh r\u00f5 n\u00e9t.<\/li>\n<li>H\u00f4\u0300ng ngoa\u0323i 30m.<\/li>\n<li>Ch\u1ed1ng n\u01b0\u1edbc IP66.<\/li>\n<li>H\u00f4\u0303 tr\u01a1\u0323 wifi + ca\u0300i \u0111\u0103\u0323t wifi th\u00f4ng minh v\u01a1\u0301i ph\u00e2\u0300n m\u00ea\u0300m EZVIZ<\/li>\n<li>H\u1ed7 tr\u1ee3 c\u00e0i \u0111\u1eb7t nhanh.<\/li>\n<li>Ngu\u1ed3n 12VDC.<\/li>\n<li>B\u1ea3o h\u00e0nh ch\u00ednh h\u00e3ng 24 th\u00e1ng.<\/li>\n<\/ul>\n<h2>TH\u00d4NG S\u1ed0 K\u1ef8 THU\u1eacT CHI TI\u1ebeT CAMERA EZVIZ\u00a0CS-CV310<\/h2>\n<table class=\"pro_infobox\">\n<tbody>\n<tr class=\"line\">\n<th colspan=\"1\" rowspan=\"1\" width=\"140\">Model<\/th>\n<td class=\"tdline3\" colspan=\"1\" rowspan=\"1\">Name<\/td>\n<td class=\"tdline3\" colspan=\"1\" rowspan=\"1\"><strong>CS-CV310 (4mm) (720P)<\/strong><\/td>\n<\/tr>\n<tr class=\"line\">\n<th colspan=\"1\" rowspan=\"8\" width=\"140\">Camera<\/th>\n<td class=\"tdline3\" colspan=\"1\" rowspan=\"1\">Image sensor<\/td>\n<td class=\"tdline3\" colspan=\"1\" rowspan=\"1\">1\/4\u201dProgressive Scan CMOS<\/td>\n<\/tr>\n<tr class=\"line\">\n<td class=\"tdline3\" colspan=\"1\" rowspan=\"1\">Minimum illumination<\/td>\n<td class=\"tdline3\" colspan=\"1\" rowspan=\"1\">0.02 lux @(F2.0,AGC ON) ,0 Lux with IR<\/td>\n<\/tr>\n<tr class=\"line\">\n<td class=\"tdline3\" colspan=\"1\" rowspan=\"1\">Shutter Speed<\/td>\n<td class=\"tdline3\" colspan=\"1\" rowspan=\"1\">Self-adaptive shutter<\/td>\n<\/tr>\n<tr class=\"line\">\n<td class=\"tdline3\" colspan=\"1\" rowspan=\"1\">Lens<\/td>\n<td class=\"tdline3\" colspan=\"1\" rowspan=\"1\">2.8mm@ F2.2, Horizontal angle: 103\u00b0 Diagonal angle: 118\u00b0 4mm@ F2.0, Horizontal angle: 87\u00b0 Diagonal angle: 104\u00b0 6mm@ F2.0, Horizontal angle: 54\u00b0 Diagonal angle: 62\u00b0<\/td>\n<\/tr>\n<tr class=\"line\">\n<td class=\"tdline3\" colspan=\"1\" rowspan=\"1\">Lens Mount<\/td>\n<td class=\"tdline3\" colspan=\"1\" rowspan=\"1\">M12<\/td>\n<\/tr>\n<tr class=\"line\">\n<td class=\"tdline3\" colspan=\"1\" rowspan=\"1\">Day &amp; Night<\/td>\n<td class=\"tdline3\" colspan=\"1\" rowspan=\"1\">IR cut filter<\/td>\n<\/tr>\n<tr class=\"line\">\n<td class=\"tdline3\" colspan=\"1\" rowspan=\"1\">DNR<\/td>\n<td class=\"tdline3\" colspan=\"1\" rowspan=\"1\">3D DNR<\/td>\n<\/tr>\n<tr class=\"line\">\n<td class=\"tdline3\" colspan=\"1\" rowspan=\"1\">WDR<\/td>\n<td class=\"tdline3\" colspan=\"1\" rowspan=\"1\">Digital WDR<\/td>\n<\/tr>\n<tr class=\"line\">\n<th colspan=\"1\" rowspan=\"3\" width=\"140\">Compression<\/th>\n<td class=\"tdline3\" colspan=\"1\" rowspan=\"1\">Video Compression<\/td>\n<td class=\"tdline3\" colspan=\"1\" rowspan=\"1\">H.264<\/td>\n<\/tr>\n<tr class=\"line\">\n<td class=\"tdline3\" colspan=\"1\" rowspan=\"1\">H.264 Type<\/td>\n<td class=\"tdline3\" colspan=\"1\" rowspan=\"1\">Main Profile<\/td>\n<\/tr>\n<tr class=\"line\">\n<td class=\"tdline3\" colspan=\"1\" rowspan=\"1\">Video Bit Rate<\/td>\n<td class=\"tdline3\" colspan=\"1\" rowspan=\"1\">HD; balance; and fluency. Adaptive bit rate.<\/td>\n<\/tr>\n<tr class=\"line\">\n<th colspan=\"1\" rowspan=\"4\" width=\"140\">Image<\/th>\n<td class=\"tdline3\" colspan=\"1\" rowspan=\"1\">Max. Resolution<\/td>\n<td class=\"tdline3\" colspan=\"1\" rowspan=\"1\">1280\u00d7720, support dual-stream<\/td>\n<\/tr>\n<tr class=\"line\">\n<td class=\"tdline3\" colspan=\"1\" rowspan=\"1\">Frame Rate<\/td>\n<td class=\"tdline3\" colspan=\"1\" rowspan=\"1\">50Hz @ 25fps, 60Hz @ 30fps; adaptive frame rate of network transmission<\/td>\n<\/tr>\n<tr class=\"line\">\n<td class=\"tdline3\" colspan=\"1\" rowspan=\"1\">Image setting<\/td>\n<td class=\"tdline3\" colspan=\"1\" rowspan=\"1\">Brightness, contrast, saturation, etc. (Configure via EZVIZ Studio)<\/td>\n<\/tr>\n<tr class=\"line\">\n<td class=\"tdline3\" colspan=\"1\" rowspan=\"1\">BLC<\/td>\n<td class=\"tdline3\" colspan=\"1\" rowspan=\"1\">Support<\/td>\n<\/tr>\n<tr class=\"line\">\n<th colspan=\"1\" rowspan=\"7\" width=\"140\">Network<\/th>\n<td class=\"tdline3\" colspan=\"1\" rowspan=\"1\">Smart Alarm<\/td>\n<td class=\"tdline3\" colspan=\"1\" rowspan=\"1\">Intelligent motion detection<\/td>\n<\/tr>\n<tr class=\"line\">\n<td class=\"tdline3\" colspan=\"1\" rowspan=\"1\">One-key configuration<\/td>\n<td class=\"tdline3\" colspan=\"1\" rowspan=\"1\">Smart Config (Wi-Fi One Push Configuration)<\/td>\n<\/tr>\n<tr class=\"line\">\n<td class=\"tdline3\" colspan=\"1\" rowspan=\"1\">Protocol<\/td>\n<td class=\"tdline3\" colspan=\"1\" rowspan=\"1\">EZVIZ Cloud Proprietary Protocol<\/td>\n<\/tr>\n<tr class=\"line\">\n<td class=\"tdline3\" colspan=\"1\" rowspan=\"1\">Interface Protocol<\/td>\n<td class=\"tdline3\" colspan=\"1\" rowspan=\"1\">EZVIZ Cloud Proprietary Protocol<\/td>\n<\/tr>\n<tr class=\"line\">\n<td class=\"tdline3\" colspan=\"1\" rowspan=\"1\">General Function<\/td>\n<td class=\"tdline3\" colspan=\"1\" rowspan=\"1\">Flicker filter, dual-stream, heart beat, mirror image, password protection, watermark<\/td>\n<\/tr>\n<tr class=\"line\">\n<td class=\"tdline3\" colspan=\"1\" rowspan=\"1\">Interface<\/td>\n<td class=\"tdline3\" colspan=\"1\" rowspan=\"1\"><\/td>\n<\/tr>\n<tr class=\"line\">\n<td class=\"tdline3\" colspan=\"1\" rowspan=\"1\">Storage<\/td>\n<td class=\"tdline3\" colspan=\"1\" rowspan=\"1\">Support Micro SD cared (Max. 128GB)<\/td>\n<\/tr>\n<tr class=\"line\">\n<th colspan=\"1\" rowspan=\"1\" width=\"140\">Interface<\/th>\n<td class=\"tdline3\" colspan=\"1\" rowspan=\"1\">Wired network<\/td>\n<td class=\"tdline3\" colspan=\"1\" rowspan=\"1\">A RJ45 Ethernet Port, adaptive rate of 10\/100M<\/td>\n<\/tr>\n<tr class=\"line\">\n<th colspan=\"1\" rowspan=\"5\" width=\"140\">Wi-Fi<\/th>\n<td class=\"tdline3\" colspan=\"1\" rowspan=\"1\">Standard<\/td>\n<td class=\"tdline3\" colspan=\"1\" rowspan=\"1\">IEEE802.11 b\/g\/n<\/td>\n<\/tr>\n<tr class=\"line\">\n<td class=\"tdline3\" colspan=\"1\" rowspan=\"1\">Frequency Range<\/td>\n<td class=\"tdline3\" colspan=\"1\" rowspan=\"1\">2.4GHz ~ 2.4835 GHz<\/td>\n<\/tr>\n<tr class=\"line\">\n<td class=\"tdline3\" colspan=\"1\" rowspan=\"1\">Channel Bandwidth<\/td>\n<td class=\"tdline3\" colspan=\"1\" rowspan=\"1\">Support 20MHz<\/td>\n<\/tr>\n<tr class=\"line\">\n<td class=\"tdline3\" colspan=\"1\" rowspan=\"1\">Security<\/td>\n<td class=\"tdline3\" colspan=\"1\" rowspan=\"1\">64\/128-bit WEP, WPA\/WPA2, WPA-PSK\/WPA2-PSK, WPS<\/td>\n<\/tr>\n<tr class=\"line\">\n<td class=\"tdline3\" colspan=\"1\" rowspan=\"1\">Transmission Rate<\/td>\n<td class=\"tdline3\" colspan=\"1\" rowspan=\"1\">11b: 11Mbps,11g: 54Mbps,11n: 150Mbps<\/td>\n<\/tr>\n<tr class=\"line\">\n<th colspan=\"1\" rowspan=\"7\" width=\"140\">General<\/th>\n<td class=\"tdline3\" colspan=\"1\" rowspan=\"1\">Operating Conditions<\/td>\n<td class=\"tdline3\" colspan=\"1\" rowspan=\"1\">(-30\u00baC ~ 60\u00baC ), humidity 95% or less ( non-condensing)<\/td>\n<\/tr>\n<tr class=\"line\">\n<td class=\"tdline3\" colspan=\"1\" rowspan=\"1\">Power Supply<\/td>\n<td class=\"tdline3\" colspan=\"1\" rowspan=\"1\">DC 12V\u00b110%<\/td>\n<\/tr>\n<tr class=\"line\">\n<td class=\"tdline3\" colspan=\"1\" rowspan=\"1\">Power Consumption<\/td>\n<td class=\"tdline3\" colspan=\"1\" rowspan=\"1\">Max. 6W<\/td>\n<\/tr>\n<tr class=\"line\">\n<td class=\"tdline3\" colspan=\"1\" rowspan=\"1\">IP Grade<\/td>\n<td class=\"tdline3\" colspan=\"1\" rowspan=\"1\">IP66<\/td>\n<\/tr>\n<tr class=\"line\">\n<td class=\"tdline3\" colspan=\"1\" rowspan=\"1\">IR Range<\/td>\n<td class=\"tdline3\" colspan=\"1\" rowspan=\"1\">Max. 30 meters<\/td>\n<\/tr>\n<tr class=\"line\">\n<td class=\"tdline3\" colspan=\"1\" rowspan=\"1\">Dimensions (mm)<\/td>\n<td class=\"tdline3\" colspan=\"1\" rowspan=\"1\">150.44 x 85.80 x 71.64<\/td>\n<\/tr>\n<tr class=\"line\">\n<td class=\"tdline3\" colspan=\"1\" rowspan=\"1\">Weight (g)<\/td>\n<td class=\"tdline3\" colspan=\"1\" rowspan=\"1\">326g<\/td>\n<\/tr>\n<\/tbody>\n<\/table>\n","protected":false},"excerpt":{"rendered":"<h4>H\u00e3ng s\u1ea3n xu\u1ea5t: EZVIZ<\/h4>\n<h4>M\u00e3 s\u1ea3n ph\u1ea9m: CS-CV310<\/h4>\n<p><strong>Camera IP Wifi ngo\u00e0i tr\u1eddi HD 720P, t\u00edch h\u1ee3p c\u00f2i h\u00fa, \u0111\u00e8n b\u00e1o \u0111\u1ed9ng<\/strong><\/p>\n<ul>\n<li>Camera wifi ngo\u00e0i tr\u1eddi \u0111\u1ed9 ph\u00e2n gi\u1ea3i 1MP @ 1280x720P.<\/li>\n<li>Ca\u0309m bi\u00ea\u0301n 1\/4\u2033 Progressive CMOS.<\/li>\n<li>\u00d4\u0301ng ki\u0301nh 2.8mm\/ F2.2.<\/li>\n<li>H\u00f4\u0303 tr\u01a1\u0323 ch\u1ed1ng ng\u01b0\u1ee3c s\u00e1ng s\u1ed1 DWDR, 3D DNR, BLC, ICR.<\/li>\n<li>Chu\u00e2\u0301n ne\u0301n H.264, h\u00f4\u0303 tr\u01a1\u0323 2 lu\u00f4\u0300ng d\u01b0\u0303 li\u00ea\u0323u.<\/li>\n<li>Pha\u0301t hi\u00ea\u0323n chuy\u00ea\u0309n \u0111\u00f4\u0323ng th\u00f4ng minh.<\/li>\n<li>H\u00f4\u0303 tr\u01a1\u0323 khe c\u0103\u0301m the\u0309 nh\u01a1\u0301 \u0111\u00ea\u0301n 128GB.<\/li>\n<li>Ti\u0301ch h\u01a1\u0323p \u0111e\u0300n ch\u01a1\u0301p va\u0300 co\u0300i ba\u0301o \u0111\u00f4\u0323ng tr\u00ean camera , l\u00e2\u0323p t\u01b0\u0301c ca\u0309nh ba\u0301o khi co\u0301 x\u00e2m nh\u00e2\u0323p ho\u0103\u0323c khi ng\u01b0\u01a1\u0300i s\u01b0\u0309 du\u0323ng b\u00e2\u0323t.<\/li>\n<li>Ti\u0301ch h\u01a1\u0323p Micro va\u0300 Loa \u0111\u00e0m tho\u1ea1i 2 chi\u1ec1u.<\/li>\n<li>H\u00f4\u0300ng ngoa\u0323i 30m, ch\u1ed1ng n\u01b0\u1edbc IP66.<\/li>\n<li>H\u1ed7 tr\u1ee3 c\u00e0i \u0111\u1eb7t nhanh ch\u00f3ng.<\/li>\n<li>B\u1ea3o h\u00e0nh 24 th\u00e1ng.<\/li>\n<\/ul>\n","protected":false},"featured_media":130,"comment_status":"open","ping_status":"closed","template":"","meta":{"_monsterinsights_skip_tracking":false,"_monsterinsights_sitenote_active":false,"_monsterinsights_sitenote_note":"","_monsterinsights_sitenote_category":0},"product_brand":[],"product_cat":[18,52],"product_tag":[],"class_list":{"0":"post-129","1":"product","2":"type-product","3":"status-publish","4":"has-post-thumbnail","6":"product_cat-camera","7":"product_cat-camera-ezviz","9":"first","10":"instock","11":"sale","12":"shipping-taxable","13":"purchasable","14":"product-type-simple"},"aioseo_notices":[],"yoast_head":"<!-- This site is optimized with the Yoast SEO plugin v27.5 - https:\/\/yoast.com\/product\/yoast-seo-wordpress\/ -->\n<title>Camera IP Wifi EZIVIZ 1MP ngo\u00e0i tr\u1eddi CS-CV310 - L\u1ee3i L\u1ed9c Camera<\/title>\n<meta name=\"robots\" content=\"index, follow, max-snippet:-1, max-image-preview:large, max-video-preview:-1\" \/>\n<link rel=\"canonical\" href=\"https:\/\/loiloccamera.com\/index.php\/product\/camera-ip-wifi-eziviz-1mp-ngoai-troi-cs-cv310\/\" \/>\n<meta property=\"og:locale\" content=\"vi_VN\" \/>\n<meta property=\"og:type\" content=\"article\" \/>\n<meta property=\"og:title\" content=\"Camera IP Wifi EZIVIZ 1MP ngo\u00e0i tr\u1eddi CS-CV310 - L\u1ee3i L\u1ed9c Camera\" \/>\n<meta property=\"og:description\" content=\"H\u00e3ng s\u1ea3n xu\u1ea5t: EZVIZ M\u00e3 s\u1ea3n ph\u1ea9m: CS-CV310 Camera IP Wifi ngo\u00e0i tr\u1eddi HD 720P, t\u00edch h\u1ee3p c\u00f2i h\u00fa, \u0111\u00e8n b\u00e1o \u0111\u1ed9ng   Camera wifi ngo\u00e0i tr\u1eddi \u0111\u1ed9 ph\u00e2n gi\u1ea3i 1MP @ 1280x720P.  Ca\u0309m bi\u00ea\u0301n 1\/4\u2033 Progressive CMOS.  \u00d4\u0301ng ki\u0301nh 2.8mm\/ F2.2.  H\u00f4\u0303 tr\u01a1\u0323 ch\u1ed1ng ng\u01b0\u1ee3c s\u00e1ng s\u1ed1 DWDR, 3D DNR, BLC, ICR.  Chu\u00e2\u0301n ne\u0301n H.264, h\u00f4\u0303 tr\u01a1\u0323 2 lu\u00f4\u0300ng d\u01b0\u0303 li\u00ea\u0323u.  Pha\u0301t hi\u00ea\u0323n chuy\u00ea\u0309n \u0111\u00f4\u0323ng th\u00f4ng minh.  H\u00f4\u0303 tr\u01a1\u0323 khe c\u0103\u0301m the\u0309 nh\u01a1\u0301 \u0111\u00ea\u0301n 128GB.  Ti\u0301ch h\u01a1\u0323p \u0111e\u0300n ch\u01a1\u0301p va\u0300 co\u0300i ba\u0301o \u0111\u00f4\u0323ng tr\u00ean camera , l\u00e2\u0323p t\u01b0\u0301c ca\u0309nh ba\u0301o khi co\u0301 x\u00e2m nh\u00e2\u0323p ho\u0103\u0323c khi ng\u01b0\u01a1\u0300i s\u01b0\u0309 du\u0323ng b\u00e2\u0323t.  Ti\u0301ch h\u01a1\u0323p Micro va\u0300 Loa \u0111\u00e0m tho\u1ea1i 2 chi\u1ec1u.  H\u00f4\u0300ng ngoa\u0323i 30m, ch\u1ed1ng n\u01b0\u1edbc IP66.  H\u1ed7 tr\u1ee3 c\u00e0i \u0111\u1eb7t nhanh ch\u00f3ng.  B\u1ea3o h\u00e0nh 24 th\u00e1ng.\" \/>\n<meta property=\"og:url\" content=\"https:\/\/loiloccamera.com\/index.php\/product\/camera-ip-wifi-eziviz-1mp-ngoai-troi-cs-cv310\/\" \/>\n<meta property=\"og:site_name\" content=\"L\u1ee3i L\u1ed9c Camera\" \/>\n<meta property=\"article:publisher\" content=\"https:\/\/www.facebook.com\/loiloccamera\/\" \/>\n<meta property=\"article:modified_time\" content=\"2024-06-22T11:51:20+00:00\" \/>\n<meta property=\"og:image\" content=\"https:\/\/loiloccamera.com\/wp-content\/uploads\/2019\/09\/Camera-CS-CV310-EZVIZ-sieuthicamerahanoi.com_.jpg\" \/>\n\t<meta property=\"og:image:width\" content=\"800\" \/>\n\t<meta property=\"og:image:height\" content=\"800\" \/>\n\t<meta property=\"og:image:type\" content=\"image\/jpeg\" \/>\n<meta name=\"twitter:card\" content=\"summary_large_image\" \/>\n<meta name=\"twitter:label1\" content=\"\u01af\u1edbc t\u00ednh th\u1eddi gian \u0111\u1ecdc\" \/>\n\t<meta name=\"twitter:data1\" content=\"3 ph\u00fat\" \/>\n<script type=\"application\/ld+json\" class=\"yoast-schema-graph\">{\"@context\":\"https:\\\/\\\/schema.org\",\"@graph\":[{\"@type\":\"WebPage\",\"@id\":\"https:\\\/\\\/loiloccamera.com\\\/index.php\\\/product\\\/camera-ip-wifi-eziviz-1mp-ngoai-troi-cs-cv310\\\/\",\"url\":\"https:\\\/\\\/loiloccamera.com\\\/index.php\\\/product\\\/camera-ip-wifi-eziviz-1mp-ngoai-troi-cs-cv310\\\/\",\"name\":\"Camera IP Wifi EZIVIZ 1MP ngo\u00e0i tr\u1eddi CS-CV310 - L\u1ee3i L\u1ed9c Camera\",\"isPartOf\":{\"@id\":\"https:\\\/\\\/loiloccamera.com\\\/#website\"},\"primaryImageOfPage\":{\"@id\":\"https:\\\/\\\/loiloccamera.com\\\/index.php\\\/product\\\/camera-ip-wifi-eziviz-1mp-ngoai-troi-cs-cv310\\\/#primaryimage\"},\"image\":{\"@id\":\"https:\\\/\\\/loiloccamera.com\\\/index.php\\\/product\\\/camera-ip-wifi-eziviz-1mp-ngoai-troi-cs-cv310\\\/#primaryimage\"},\"thumbnailUrl\":\"https:\\\/\\\/loiloccamera.com\\\/wp-content\\\/uploads\\\/2019\\\/09\\\/Camera-CS-CV310-EZVIZ-sieuthicamerahanoi.com_.jpg\",\"datePublished\":\"2019-09-19T14:35:59+00:00\",\"dateModified\":\"2024-06-22T11:51:20+00:00\",\"breadcrumb\":{\"@id\":\"https:\\\/\\\/loiloccamera.com\\\/index.php\\\/product\\\/camera-ip-wifi-eziviz-1mp-ngoai-troi-cs-cv310\\\/#breadcrumb\"},\"inLanguage\":\"vi\",\"potentialAction\":[{\"@type\":\"ReadAction\",\"target\":[\"https:\\\/\\\/loiloccamera.com\\\/index.php\\\/product\\\/camera-ip-wifi-eziviz-1mp-ngoai-troi-cs-cv310\\\/\"]}]},{\"@type\":\"ImageObject\",\"inLanguage\":\"vi\",\"@id\":\"https:\\\/\\\/loiloccamera.com\\\/index.php\\\/product\\\/camera-ip-wifi-eziviz-1mp-ngoai-troi-cs-cv310\\\/#primaryimage\",\"url\":\"https:\\\/\\\/loiloccamera.com\\\/wp-content\\\/uploads\\\/2019\\\/09\\\/Camera-CS-CV310-EZVIZ-sieuthicamerahanoi.com_.jpg\",\"contentUrl\":\"https:\\\/\\\/loiloccamera.com\\\/wp-content\\\/uploads\\\/2019\\\/09\\\/Camera-CS-CV310-EZVIZ-sieuthicamerahanoi.com_.jpg\",\"width\":800,\"height\":800},{\"@type\":\"BreadcrumbList\",\"@id\":\"https:\\\/\\\/loiloccamera.com\\\/index.php\\\/product\\\/camera-ip-wifi-eziviz-1mp-ngoai-troi-cs-cv310\\\/#breadcrumb\",\"itemListElement\":[{\"@type\":\"ListItem\",\"position\":1,\"name\":\"Trang ch\u1ee7\",\"item\":\"https:\\\/\\\/loiloccamera.com\\\/\"},{\"@type\":\"ListItem\",\"position\":2,\"name\":\"C\u1eeda h\u00e0ng\",\"item\":\"https:\\\/\\\/loiloccamera.com\\\/index.php\\\/mua\\\/\"},{\"@type\":\"ListItem\",\"position\":3,\"name\":\"Camera IP Wifi EZIVIZ 1MP ngo\u00e0i tr\u1eddi CS-CV310\"}]},{\"@type\":\"WebSite\",\"@id\":\"https:\\\/\\\/loiloccamera.com\\\/#website\",\"url\":\"https:\\\/\\\/loiloccamera.com\\\/\",\"name\":\"L\u1ee3i L\u1ed9c Camera\",\"description\":\"Uy t\u00ednh v\u00e0 ch\u1ea5t l\u01b0\u1ee3ng h\u00e0ng \u0111\u1ea7u .\",\"publisher\":{\"@id\":\"https:\\\/\\\/loiloccamera.com\\\/#organization\"},\"potentialAction\":[{\"@type\":\"SearchAction\",\"target\":{\"@type\":\"EntryPoint\",\"urlTemplate\":\"https:\\\/\\\/loiloccamera.com\\\/?s={search_term_string}\"},\"query-input\":{\"@type\":\"PropertyValueSpecification\",\"valueRequired\":true,\"valueName\":\"search_term_string\"}}],\"inLanguage\":\"vi\"},{\"@type\":\"Organization\",\"@id\":\"https:\\\/\\\/loiloccamera.com\\\/#organization\",\"name\":\"L\u1ee3i L\u1ed9c Camera\",\"url\":\"https:\\\/\\\/loiloccamera.com\\\/\",\"logo\":{\"@type\":\"ImageObject\",\"inLanguage\":\"vi\",\"@id\":\"https:\\\/\\\/loiloccamera.com\\\/#\\\/schema\\\/logo\\\/image\\\/\",\"url\":\"https:\\\/\\\/loiloccamera.com\\\/wp-content\\\/uploads\\\/2024\\\/06\\\/Loi-Loc-tron.png\",\"contentUrl\":\"https:\\\/\\\/loiloccamera.com\\\/wp-content\\\/uploads\\\/2024\\\/06\\\/Loi-Loc-tron.png\",\"width\":516,\"height\":513,\"caption\":\"L\u1ee3i L\u1ed9c Camera\"},\"image\":{\"@id\":\"https:\\\/\\\/loiloccamera.com\\\/#\\\/schema\\\/logo\\\/image\\\/\"},\"sameAs\":[\"https:\\\/\\\/www.facebook.com\\\/loiloccamera\\\/\"]}]}<\/script>\n<!-- \/ Yoast SEO plugin. -->","yoast_head_json":{"title":"Camera IP Wifi EZIVIZ 1MP ngo\u00e0i tr\u1eddi CS-CV310 - L\u1ee3i L\u1ed9c Camera","robots":{"index":"index","follow":"follow","max-snippet":"max-snippet:-1","max-image-preview":"max-image-preview:large","max-video-preview":"max-video-preview:-1"},"canonical":"https:\/\/loiloccamera.com\/index.php\/product\/camera-ip-wifi-eziviz-1mp-ngoai-troi-cs-cv310\/","og_locale":"vi_VN","og_type":"article","og_title":"Camera IP Wifi EZIVIZ 1MP ngo\u00e0i tr\u1eddi CS-CV310 - L\u1ee3i L\u1ed9c Camera","og_description":"H\u00e3ng s\u1ea3n xu\u1ea5t: EZVIZ M\u00e3 s\u1ea3n ph\u1ea9m: CS-CV310 Camera IP Wifi ngo\u00e0i tr\u1eddi HD 720P, t\u00edch h\u1ee3p c\u00f2i h\u00fa, \u0111\u00e8n b\u00e1o \u0111\u1ed9ng   Camera wifi ngo\u00e0i tr\u1eddi \u0111\u1ed9 ph\u00e2n gi\u1ea3i 1MP @ 1280x720P.  Ca\u0309m bi\u00ea\u0301n 1\/4\u2033 Progressive CMOS.  \u00d4\u0301ng ki\u0301nh 2.8mm\/ F2.2.  H\u00f4\u0303 tr\u01a1\u0323 ch\u1ed1ng ng\u01b0\u1ee3c s\u00e1ng s\u1ed1 DWDR, 3D DNR, BLC, ICR.  Chu\u00e2\u0301n ne\u0301n H.264, h\u00f4\u0303 tr\u01a1\u0323 2 lu\u00f4\u0300ng d\u01b0\u0303 li\u00ea\u0323u.  Pha\u0301t hi\u00ea\u0323n chuy\u00ea\u0309n \u0111\u00f4\u0323ng th\u00f4ng minh.  H\u00f4\u0303 tr\u01a1\u0323 khe c\u0103\u0301m the\u0309 nh\u01a1\u0301 \u0111\u00ea\u0301n 128GB.  Ti\u0301ch h\u01a1\u0323p \u0111e\u0300n ch\u01a1\u0301p va\u0300 co\u0300i ba\u0301o \u0111\u00f4\u0323ng tr\u00ean camera , l\u00e2\u0323p t\u01b0\u0301c ca\u0309nh ba\u0301o khi co\u0301 x\u00e2m nh\u00e2\u0323p ho\u0103\u0323c khi ng\u01b0\u01a1\u0300i s\u01b0\u0309 du\u0323ng b\u00e2\u0323t.  Ti\u0301ch h\u01a1\u0323p Micro va\u0300 Loa \u0111\u00e0m tho\u1ea1i 2 chi\u1ec1u.  H\u00f4\u0300ng ngoa\u0323i 30m, ch\u1ed1ng n\u01b0\u1edbc IP66.  H\u1ed7 tr\u1ee3 c\u00e0i \u0111\u1eb7t nhanh ch\u00f3ng.  B\u1ea3o h\u00e0nh 24 th\u00e1ng.","og_url":"https:\/\/loiloccamera.com\/index.php\/product\/camera-ip-wifi-eziviz-1mp-ngoai-troi-cs-cv310\/","og_site_name":"L\u1ee3i L\u1ed9c Camera","article_publisher":"https:\/\/www.facebook.com\/loiloccamera\/","article_modified_time":"2024-06-22T11:51:20+00:00","og_image":[{"width":800,"height":800,"url":"https:\/\/loiloccamera.com\/wp-content\/uploads\/2019\/09\/Camera-CS-CV310-EZVIZ-sieuthicamerahanoi.com_.jpg","type":"image\/jpeg"}],"twitter_card":"summary_large_image","twitter_misc":{"\u01af\u1edbc t\u00ednh th\u1eddi gian \u0111\u1ecdc":"3 ph\u00fat"},"schema":{"@context":"https:\/\/schema.org","@graph":[{"@type":"WebPage","@id":"https:\/\/loiloccamera.com\/index.php\/product\/camera-ip-wifi-eziviz-1mp-ngoai-troi-cs-cv310\/","url":"https:\/\/loiloccamera.com\/index.php\/product\/camera-ip-wifi-eziviz-1mp-ngoai-troi-cs-cv310\/","name":"Camera IP Wifi EZIVIZ 1MP ngo\u00e0i tr\u1eddi CS-CV310 - L\u1ee3i L\u1ed9c Camera","isPartOf":{"@id":"https:\/\/loiloccamera.com\/#website"},"primaryImageOfPage":{"@id":"https:\/\/loiloccamera.com\/index.php\/product\/camera-ip-wifi-eziviz-1mp-ngoai-troi-cs-cv310\/#primaryimage"},"image":{"@id":"https:\/\/loiloccamera.com\/index.php\/product\/camera-ip-wifi-eziviz-1mp-ngoai-troi-cs-cv310\/#primaryimage"},"thumbnailUrl":"https:\/\/loiloccamera.com\/wp-content\/uploads\/2019\/09\/Camera-CS-CV310-EZVIZ-sieuthicamerahanoi.com_.jpg","datePublished":"2019-09-19T14:35:59+00:00","dateModified":"2024-06-22T11:51:20+00:00","breadcrumb":{"@id":"https:\/\/loiloccamera.com\/index.php\/product\/camera-ip-wifi-eziviz-1mp-ngoai-troi-cs-cv310\/#breadcrumb"},"inLanguage":"vi","potentialAction":[{"@type":"ReadAction","target":["https:\/\/loiloccamera.com\/index.php\/product\/camera-ip-wifi-eziviz-1mp-ngoai-troi-cs-cv310\/"]}]},{"@type":"ImageObject","inLanguage":"vi","@id":"https:\/\/loiloccamera.com\/index.php\/product\/camera-ip-wifi-eziviz-1mp-ngoai-troi-cs-cv310\/#primaryimage","url":"https:\/\/loiloccamera.com\/wp-content\/uploads\/2019\/09\/Camera-CS-CV310-EZVIZ-sieuthicamerahanoi.com_.jpg","contentUrl":"https:\/\/loiloccamera.com\/wp-content\/uploads\/2019\/09\/Camera-CS-CV310-EZVIZ-sieuthicamerahanoi.com_.jpg","width":800,"height":800},{"@type":"BreadcrumbList","@id":"https:\/\/loiloccamera.com\/index.php\/product\/camera-ip-wifi-eziviz-1mp-ngoai-troi-cs-cv310\/#breadcrumb","itemListElement":[{"@type":"ListItem","position":1,"name":"Trang ch\u1ee7","item":"https:\/\/loiloccamera.com\/"},{"@type":"ListItem","position":2,"name":"C\u1eeda h\u00e0ng","item":"https:\/\/loiloccamera.com\/index.php\/mua\/"},{"@type":"ListItem","position":3,"name":"Camera IP Wifi EZIVIZ 1MP ngo\u00e0i tr\u1eddi CS-CV310"}]},{"@type":"WebSite","@id":"https:\/\/loiloccamera.com\/#website","url":"https:\/\/loiloccamera.com\/","name":"L\u1ee3i L\u1ed9c Camera","description":"Uy t\u00ednh v\u00e0 ch\u1ea5t l\u01b0\u1ee3ng h\u00e0ng \u0111\u1ea7u .","publisher":{"@id":"https:\/\/loiloccamera.com\/#organization"},"potentialAction":[{"@type":"SearchAction","target":{"@type":"EntryPoint","urlTemplate":"https:\/\/loiloccamera.com\/?s={search_term_string}"},"query-input":{"@type":"PropertyValueSpecification","valueRequired":true,"valueName":"search_term_string"}}],"inLanguage":"vi"},{"@type":"Organization","@id":"https:\/\/loiloccamera.com\/#organization","name":"L\u1ee3i L\u1ed9c Camera","url":"https:\/\/loiloccamera.com\/","logo":{"@type":"ImageObject","inLanguage":"vi","@id":"https:\/\/loiloccamera.com\/#\/schema\/logo\/image\/","url":"https:\/\/loiloccamera.com\/wp-content\/uploads\/2024\/06\/Loi-Loc-tron.png","contentUrl":"https:\/\/loiloccamera.com\/wp-content\/uploads\/2024\/06\/Loi-Loc-tron.png","width":516,"height":513,"caption":"L\u1ee3i L\u1ed9c Camera"},"image":{"@id":"https:\/\/loiloccamera.com\/#\/schema\/logo\/image\/"},"sameAs":["https:\/\/www.facebook.com\/loiloccamera\/"]}]}},"_links":{"self":[{"href":"https:\/\/loiloccamera.com\/index.php\/wp-json\/wp\/v2\/product\/129","targetHints":{"allow":["GET"]}}],"collection":[{"href":"https:\/\/loiloccamera.com\/index.php\/wp-json\/wp\/v2\/product"}],"about":[{"href":"https:\/\/loiloccamera.com\/index.php\/wp-json\/wp\/v2\/types\/product"}],"replies":[{"embeddable":true,"href":"https:\/\/loiloccamera.com\/index.php\/wp-json\/wp\/v2\/comments?post=129"}],"wp:featuredmedia":[{"embeddable":true,"href":"https:\/\/loiloccamera.com\/index.php\/wp-json\/wp\/v2\/media\/130"}],"wp:attachment":[{"href":"https:\/\/loiloccamera.com\/index.php\/wp-json\/wp\/v2\/media?parent=129"}],"wp:term":[{"taxonomy":"product_brand","embeddable":true,"href":"https:\/\/loiloccamera.com\/index.php\/wp-json\/wp\/v2\/product_brand?post=129"},{"taxonomy":"product_cat","embeddable":true,"href":"https:\/\/loiloccamera.com\/index.php\/wp-json\/wp\/v2\/product_cat?post=129"},{"taxonomy":"product_tag","embeddable":true,"href":"https:\/\/loiloccamera.com\/index.php\/wp-json\/wp\/v2\/product_tag?post=129"}],"curies":[{"name":"wp","href":"https:\/\/api.w.org\/{rel}","templated":true}]}}