{"id":217,"date":"2019-09-25T11:47:46","date_gmt":"2019-09-25T04:47:46","guid":{"rendered":"http:\/\/loiloccamera.com\/?post_type=product&#038;p=217"},"modified":"2023-03-13T23:25:54","modified_gmt":"2023-03-13T16:25:54","slug":"bo-2-camera-hikvision-hd","status":"publish","type":"product","link":"https:\/\/loiloccamera.com\/index.php\/product\/bo-2-camera-hikvision-hd\/","title":{"rendered":"B\u1ed9 2 Camera HIKVISION HD"},"content":{"rendered":"","protected":false},"excerpt":{"rendered":"<h4>H\u00e3ng s\u1ea3n xu\u1ea5t: HIKVISION<\/h4>\n<h4>M\u00e3 s\u1ea3n ph\u1ea9m: H2-720<\/h4>\n<p><strong>Tr\u1ecdn b\u1ed9 2 Camera quan s\u00e1t HIKVISION HD 720P<\/strong><\/p>\n<p>\u2022\u00a0 \u00a0 \u00a0\u0110\u1ea7u ghi h\u00ecnh 4 k\u00eanh HD.<\/p>\n<p>\u2022\u00a0 \u00a0 \u00a01 m\u1eaft Camera quan s\u00e1t HIKVISION HD trong nh\u00e0.<\/p>\n<p>\u2022\u00a0 \u00a0 \u00a01 m\u1eaft Camera quan s\u00e1t HIKVISION HD ngo\u00e0i tr\u1eddi.<\/p>\n<p>\u2022\u00a0 \u00a0 \u00a0\u1ed4 c\u1ee9ng l\u01b0u d\u1eef li\u1ec7u kho\u1ea3ng 10 ng\u00e0y.<\/p>\n<p>\u2022\u00a0 \u00a0 \u00a0L\u1eafp \u0111\u1eb7t t\u1ea1i nh\u00e0 kh\u00e1ch h\u00e0ng H\u00e0 N\u1ed9i v\u00e0 TP H\u1ed3 Ch\u00ed Minh.<\/p>\n<p>\u2022\u00a0 \u00a0 \u00a0H\u1ed7 tr\u1ee3 t\u00ean mi\u1ec1n xem t\u1eeb xa mi\u1ec5n ph\u00ed tr\u1ecdn \u0111\u1eddi s\u1ea3n ph\u1ea9m<\/p>\n","protected":false},"featured_media":226,"comment_status":"open","ping_status":"closed","template":"","meta":{"_monsterinsights_skip_tracking":false,"_monsterinsights_sitenote_active":false,"_monsterinsights_sitenote_note":"","_monsterinsights_sitenote_category":0},"product_brand":[],"product_cat":[24,26],"product_tag":[],"class_list":{"0":"post-217","1":"product","2":"type-product","3":"status-publish","4":"has-post-thumbnail","6":"product_cat-tron-bo-camera","7":"product_cat-tron-bo-camera-hikvision","9":"first","10":"instock","11":"sale","12":"shipping-taxable","13":"purchasable","14":"product-type-simple"},"aioseo_notices":[],"yoast_head":"<!-- This site is optimized with the Yoast SEO plugin v27.5 - https:\/\/yoast.com\/product\/yoast-seo-wordpress\/ -->\n<title>B\u1ed9 2 Camera HIKVISION HD - L\u1ee3i L\u1ed9c Camera<\/title>\n<meta name=\"robots\" content=\"index, follow, max-snippet:-1, max-image-preview:large, max-video-preview:-1\" \/>\n<link rel=\"canonical\" href=\"https:\/\/loiloccamera.com\/index.php\/product\/bo-2-camera-hikvision-hd\/\" \/>\n<meta property=\"og:locale\" content=\"vi_VN\" \/>\n<meta property=\"og:type\" content=\"article\" \/>\n<meta property=\"og:title\" content=\"B\u1ed9 2 Camera HIKVISION HD - L\u1ee3i L\u1ed9c Camera\" \/>\n<meta property=\"og:description\" content=\"H\u00e3ng s\u1ea3n xu\u1ea5t: HIKVISION M\u00e3 s\u1ea3n ph\u1ea9m: H2-720 Tr\u1ecdn b\u1ed9 2 Camera quan s\u00e1t HIKVISION HD 720P  \u2022\u00a0 \u00a0 \u00a0\u0110\u1ea7u ghi h\u00ecnh 4 k\u00eanh HD.  \u2022\u00a0 \u00a0 \u00a01 m\u1eaft Camera quan s\u00e1t HIKVISION HD trong nh\u00e0.  \u2022\u00a0 \u00a0 \u00a01 m\u1eaft Camera quan s\u00e1t HIKVISION HD ngo\u00e0i tr\u1eddi.  \u2022\u00a0 \u00a0 \u00a0\u1ed4 c\u1ee9ng l\u01b0u d\u1eef li\u1ec7u kho\u1ea3ng 10 ng\u00e0y.  \u2022\u00a0 \u00a0 \u00a0L\u1eafp \u0111\u1eb7t t\u1ea1i nh\u00e0 kh\u00e1ch h\u00e0ng H\u00e0 N\u1ed9i v\u00e0 TP H\u1ed3 Ch\u00ed Minh.  \u2022\u00a0 \u00a0 \u00a0H\u1ed7 tr\u1ee3 t\u00ean mi\u1ec1n xem t\u1eeb xa mi\u1ec5n ph\u00ed tr\u1ecdn \u0111\u1eddi s\u1ea3n ph\u1ea9m\" \/>\n<meta property=\"og:url\" content=\"https:\/\/loiloccamera.com\/index.php\/product\/bo-2-camera-hikvision-hd\/\" \/>\n<meta property=\"og:site_name\" content=\"L\u1ee3i L\u1ed9c Camera\" \/>\n<meta property=\"article:publisher\" content=\"https:\/\/www.facebook.com\/loiloccamera\/\" \/>\n<meta property=\"article:modified_time\" content=\"2023-03-13T16:25:54+00:00\" \/>\n<meta property=\"og:image\" content=\"https:\/\/loiloccamera.com\/wp-content\/uploads\/2019\/09\/b\u1ed9-hd-2.jpg\" \/>\n\t<meta property=\"og:image:width\" content=\"300\" \/>\n\t<meta property=\"og:image:height\" content=\"300\" \/>\n\t<meta property=\"og:image:type\" content=\"image\/jpeg\" \/>\n<meta name=\"twitter:card\" content=\"summary_large_image\" \/>\n<script type=\"application\/ld+json\" class=\"yoast-schema-graph\">{\"@context\":\"https:\\\/\\\/schema.org\",\"@graph\":[{\"@type\":\"WebPage\",\"@id\":\"https:\\\/\\\/loiloccamera.com\\\/index.php\\\/product\\\/bo-2-camera-hikvision-hd\\\/\",\"url\":\"https:\\\/\\\/loiloccamera.com\\\/index.php\\\/product\\\/bo-2-camera-hikvision-hd\\\/\",\"name\":\"B\u1ed9 2 Camera HIKVISION HD - L\u1ee3i L\u1ed9c Camera\",\"isPartOf\":{\"@id\":\"https:\\\/\\\/loiloccamera.com\\\/#website\"},\"primaryImageOfPage\":{\"@id\":\"https:\\\/\\\/loiloccamera.com\\\/index.php\\\/product\\\/bo-2-camera-hikvision-hd\\\/#primaryimage\"},\"image\":{\"@id\":\"https:\\\/\\\/loiloccamera.com\\\/index.php\\\/product\\\/bo-2-camera-hikvision-hd\\\/#primaryimage\"},\"thumbnailUrl\":\"https:\\\/\\\/loiloccamera.com\\\/wp-content\\\/uploads\\\/2019\\\/09\\\/b\u1ed9-hd-2.jpg\",\"datePublished\":\"2019-09-25T04:47:46+00:00\",\"dateModified\":\"2023-03-13T16:25:54+00:00\",\"breadcrumb\":{\"@id\":\"https:\\\/\\\/loiloccamera.com\\\/index.php\\\/product\\\/bo-2-camera-hikvision-hd\\\/#breadcrumb\"},\"inLanguage\":\"vi\",\"potentialAction\":[{\"@type\":\"ReadAction\",\"target\":[\"https:\\\/\\\/loiloccamera.com\\\/index.php\\\/product\\\/bo-2-camera-hikvision-hd\\\/\"]}]},{\"@type\":\"ImageObject\",\"inLanguage\":\"vi\",\"@id\":\"https:\\\/\\\/loiloccamera.com\\\/index.php\\\/product\\\/bo-2-camera-hikvision-hd\\\/#primaryimage\",\"url\":\"https:\\\/\\\/loiloccamera.com\\\/wp-content\\\/uploads\\\/2019\\\/09\\\/b\u1ed9-hd-2.jpg\",\"contentUrl\":\"https:\\\/\\\/loiloccamera.com\\\/wp-content\\\/uploads\\\/2019\\\/09\\\/b\u1ed9-hd-2.jpg\",\"width\":300,\"height\":300},{\"@type\":\"BreadcrumbList\",\"@id\":\"https:\\\/\\\/loiloccamera.com\\\/index.php\\\/product\\\/bo-2-camera-hikvision-hd\\\/#breadcrumb\",\"itemListElement\":[{\"@type\":\"ListItem\",\"position\":1,\"name\":\"Trang ch\u1ee7\",\"item\":\"https:\\\/\\\/loiloccamera.com\\\/\"},{\"@type\":\"ListItem\",\"position\":2,\"name\":\"C\u1eeda h\u00e0ng\",\"item\":\"https:\\\/\\\/loiloccamera.com\\\/index.php\\\/mua\\\/\"},{\"@type\":\"ListItem\",\"position\":3,\"name\":\"B\u1ed9 2 Camera HIKVISION HD\"}]},{\"@type\":\"WebSite\",\"@id\":\"https:\\\/\\\/loiloccamera.com\\\/#website\",\"url\":\"https:\\\/\\\/loiloccamera.com\\\/\",\"name\":\"L\u1ee3i L\u1ed9c Camera\",\"description\":\"Uy t\u00ednh v\u00e0 ch\u1ea5t l\u01b0\u1ee3ng h\u00e0ng \u0111\u1ea7u .\",\"publisher\":{\"@id\":\"https:\\\/\\\/loiloccamera.com\\\/#organization\"},\"potentialAction\":[{\"@type\":\"SearchAction\",\"target\":{\"@type\":\"EntryPoint\",\"urlTemplate\":\"https:\\\/\\\/loiloccamera.com\\\/?s={search_term_string}\"},\"query-input\":{\"@type\":\"PropertyValueSpecification\",\"valueRequired\":true,\"valueName\":\"search_term_string\"}}],\"inLanguage\":\"vi\"},{\"@type\":\"Organization\",\"@id\":\"https:\\\/\\\/loiloccamera.com\\\/#organization\",\"name\":\"L\u1ee3i L\u1ed9c Camera\",\"url\":\"https:\\\/\\\/loiloccamera.com\\\/\",\"logo\":{\"@type\":\"ImageObject\",\"inLanguage\":\"vi\",\"@id\":\"https:\\\/\\\/loiloccamera.com\\\/#\\\/schema\\\/logo\\\/image\\\/\",\"url\":\"https:\\\/\\\/loiloccamera.com\\\/wp-content\\\/uploads\\\/2024\\\/06\\\/Loi-Loc-tron.png\",\"contentUrl\":\"https:\\\/\\\/loiloccamera.com\\\/wp-content\\\/uploads\\\/2024\\\/06\\\/Loi-Loc-tron.png\",\"width\":516,\"height\":513,\"caption\":\"L\u1ee3i L\u1ed9c Camera\"},\"image\":{\"@id\":\"https:\\\/\\\/loiloccamera.com\\\/#\\\/schema\\\/logo\\\/image\\\/\"},\"sameAs\":[\"https:\\\/\\\/www.facebook.com\\\/loiloccamera\\\/\"]}]}<\/script>\n<!-- \/ Yoast SEO plugin. -->","yoast_head_json":{"title":"B\u1ed9 2 Camera HIKVISION HD - L\u1ee3i L\u1ed9c Camera","robots":{"index":"index","follow":"follow","max-snippet":"max-snippet:-1","max-image-preview":"max-image-preview:large","max-video-preview":"max-video-preview:-1"},"canonical":"https:\/\/loiloccamera.com\/index.php\/product\/bo-2-camera-hikvision-hd\/","og_locale":"vi_VN","og_type":"article","og_title":"B\u1ed9 2 Camera HIKVISION HD - L\u1ee3i L\u1ed9c Camera","og_description":"H\u00e3ng s\u1ea3n xu\u1ea5t: HIKVISION M\u00e3 s\u1ea3n ph\u1ea9m: H2-720 Tr\u1ecdn b\u1ed9 2 Camera quan s\u00e1t HIKVISION HD 720P  \u2022\u00a0 \u00a0 \u00a0\u0110\u1ea7u ghi h\u00ecnh 4 k\u00eanh HD.  \u2022\u00a0 \u00a0 \u00a01 m\u1eaft Camera quan s\u00e1t HIKVISION HD trong nh\u00e0.  \u2022\u00a0 \u00a0 \u00a01 m\u1eaft Camera quan s\u00e1t HIKVISION HD ngo\u00e0i tr\u1eddi.  \u2022\u00a0 \u00a0 \u00a0\u1ed4 c\u1ee9ng l\u01b0u d\u1eef li\u1ec7u kho\u1ea3ng 10 ng\u00e0y.  \u2022\u00a0 \u00a0 \u00a0L\u1eafp \u0111\u1eb7t t\u1ea1i nh\u00e0 kh\u00e1ch h\u00e0ng H\u00e0 N\u1ed9i v\u00e0 TP H\u1ed3 Ch\u00ed Minh.  \u2022\u00a0 \u00a0 \u00a0H\u1ed7 tr\u1ee3 t\u00ean mi\u1ec1n xem t\u1eeb xa mi\u1ec5n ph\u00ed tr\u1ecdn \u0111\u1eddi s\u1ea3n ph\u1ea9m","og_url":"https:\/\/loiloccamera.com\/index.php\/product\/bo-2-camera-hikvision-hd\/","og_site_name":"L\u1ee3i L\u1ed9c Camera","article_publisher":"https:\/\/www.facebook.com\/loiloccamera\/","article_modified_time":"2023-03-13T16:25:54+00:00","og_image":[{"width":300,"height":300,"url":"https:\/\/loiloccamera.com\/wp-content\/uploads\/2019\/09\/b\u1ed9-hd-2.jpg","type":"image\/jpeg"}],"twitter_card":"summary_large_image","schema":{"@context":"https:\/\/schema.org","@graph":[{"@type":"WebPage","@id":"https:\/\/loiloccamera.com\/index.php\/product\/bo-2-camera-hikvision-hd\/","url":"https:\/\/loiloccamera.com\/index.php\/product\/bo-2-camera-hikvision-hd\/","name":"B\u1ed9 2 Camera HIKVISION HD - L\u1ee3i L\u1ed9c Camera","isPartOf":{"@id":"https:\/\/loiloccamera.com\/#website"},"primaryImageOfPage":{"@id":"https:\/\/loiloccamera.com\/index.php\/product\/bo-2-camera-hikvision-hd\/#primaryimage"},"image":{"@id":"https:\/\/loiloccamera.com\/index.php\/product\/bo-2-camera-hikvision-hd\/#primaryimage"},"thumbnailUrl":"https:\/\/loiloccamera.com\/wp-content\/uploads\/2019\/09\/b\u1ed9-hd-2.jpg","datePublished":"2019-09-25T04:47:46+00:00","dateModified":"2023-03-13T16:25:54+00:00","breadcrumb":{"@id":"https:\/\/loiloccamera.com\/index.php\/product\/bo-2-camera-hikvision-hd\/#breadcrumb"},"inLanguage":"vi","potentialAction":[{"@type":"ReadAction","target":["https:\/\/loiloccamera.com\/index.php\/product\/bo-2-camera-hikvision-hd\/"]}]},{"@type":"ImageObject","inLanguage":"vi","@id":"https:\/\/loiloccamera.com\/index.php\/product\/bo-2-camera-hikvision-hd\/#primaryimage","url":"https:\/\/loiloccamera.com\/wp-content\/uploads\/2019\/09\/b\u1ed9-hd-2.jpg","contentUrl":"https:\/\/loiloccamera.com\/wp-content\/uploads\/2019\/09\/b\u1ed9-hd-2.jpg","width":300,"height":300},{"@type":"BreadcrumbList","@id":"https:\/\/loiloccamera.com\/index.php\/product\/bo-2-camera-hikvision-hd\/#breadcrumb","itemListElement":[{"@type":"ListItem","position":1,"name":"Trang ch\u1ee7","item":"https:\/\/loiloccamera.com\/"},{"@type":"ListItem","position":2,"name":"C\u1eeda h\u00e0ng","item":"https:\/\/loiloccamera.com\/index.php\/mua\/"},{"@type":"ListItem","position":3,"name":"B\u1ed9 2 Camera HIKVISION HD"}]},{"@type":"WebSite","@id":"https:\/\/loiloccamera.com\/#website","url":"https:\/\/loiloccamera.com\/","name":"L\u1ee3i L\u1ed9c Camera","description":"Uy t\u00ednh v\u00e0 ch\u1ea5t l\u01b0\u1ee3ng h\u00e0ng \u0111\u1ea7u .","publisher":{"@id":"https:\/\/loiloccamera.com\/#organization"},"potentialAction":[{"@type":"SearchAction","target":{"@type":"EntryPoint","urlTemplate":"https:\/\/loiloccamera.com\/?s={search_term_string}"},"query-input":{"@type":"PropertyValueSpecification","valueRequired":true,"valueName":"search_term_string"}}],"inLanguage":"vi"},{"@type":"Organization","@id":"https:\/\/loiloccamera.com\/#organization","name":"L\u1ee3i L\u1ed9c Camera","url":"https:\/\/loiloccamera.com\/","logo":{"@type":"ImageObject","inLanguage":"vi","@id":"https:\/\/loiloccamera.com\/#\/schema\/logo\/image\/","url":"https:\/\/loiloccamera.com\/wp-content\/uploads\/2024\/06\/Loi-Loc-tron.png","contentUrl":"https:\/\/loiloccamera.com\/wp-content\/uploads\/2024\/06\/Loi-Loc-tron.png","width":516,"height":513,"caption":"L\u1ee3i L\u1ed9c Camera"},"image":{"@id":"https:\/\/loiloccamera.com\/#\/schema\/logo\/image\/"},"sameAs":["https:\/\/www.facebook.com\/loiloccamera\/"]}]}},"_links":{"self":[{"href":"https:\/\/loiloccamera.com\/index.php\/wp-json\/wp\/v2\/product\/217","targetHints":{"allow":["GET"]}}],"collection":[{"href":"https:\/\/loiloccamera.com\/index.php\/wp-json\/wp\/v2\/product"}],"about":[{"href":"https:\/\/loiloccamera.com\/index.php\/wp-json\/wp\/v2\/types\/product"}],"replies":[{"embeddable":true,"href":"https:\/\/loiloccamera.com\/index.php\/wp-json\/wp\/v2\/comments?post=217"}],"wp:featuredmedia":[{"embeddable":true,"href":"https:\/\/loiloccamera.com\/index.php\/wp-json\/wp\/v2\/media\/226"}],"wp:attachment":[{"href":"https:\/\/loiloccamera.com\/index.php\/wp-json\/wp\/v2\/media?parent=217"}],"wp:term":[{"taxonomy":"product_brand","embeddable":true,"href":"https:\/\/loiloccamera.com\/index.php\/wp-json\/wp\/v2\/product_brand?post=217"},{"taxonomy":"product_cat","embeddable":true,"href":"https:\/\/loiloccamera.com\/index.php\/wp-json\/wp\/v2\/product_cat?post=217"},{"taxonomy":"product_tag","embeddable":true,"href":"https:\/\/loiloccamera.com\/index.php\/wp-json\/wp\/v2\/product_tag?post=217"}],"curies":[{"name":"wp","href":"https:\/\/api.w.org\/{rel}","templated":true}]}}