{"id":5372,"date":"2020-06-18T11:02:31","date_gmt":"2020-06-18T04:02:31","guid":{"rendered":"http:\/\/loiloccamera.com\/?post_type=product&#038;p=5372"},"modified":"2024-06-22T18:50:07","modified_gmt":"2024-06-22T11:50:07","slug":"camera-ip-wifi-ezviz-cs-c1c-1080p","status":"publish","type":"product","link":"https:\/\/loiloccamera.com\/index.php\/product\/camera-ip-wifi-ezviz-cs-c1c-1080p\/","title":{"rendered":"Camera IP Wifi Ezviz CS-C1C 1080P"},"content":{"rendered":"<p><b><a href=\"https:\/\/loiloccamera.com\" target=\"_blank\" rel=\"noopener noreferrer\">Camera wifi kh\u00f4ng d\u00e2y<\/a><\/b>\u00a0EZVIZ C1C chu\u1ea9n HD1080 c\u00f3 thi\u1ebft k\u1ebf tinh t\u1ebf, \u0111\u1eb9p v\u00e0 nh\u1ecf g\u1ecdn, h\u00ecnh \u1ea3nh full HD1080 r\u00f5 r\u00e0ng v\u00e0 s\u1eafc n\u00e9t. R\u1ea5t th\u00edch h\u1ee3p \u0111\u1ec3 s\u1eed d\u1ee5ng l\u00e0m Camera quan s\u00e1t trong nh\u00e0 cho c\u00e1c h\u1ed9 gia \u0111\u00ecnh, c\u1eeda h\u00e0ng, v\u0103n ph\u00f2ng c\u00f4ng ty, ph\u00f2ng kh\u00e1m, Spa\u2026<\/p>\n<p><img decoding=\"async\" src=\"https:\/\/abaro.vn\/image\/catalog\/ung-dung\/ezviz\/camera-wifi-ip-ezviz-c1c-voi-thiet-ke-nho-gon-va-dep.jpg\" \/><\/p>\n<h2>EZVIZ C1C &#8211; CHI\u1ebeC CAMERA WIFI \u0110\u01af\u1ee2C NHI\u1ec0U KH\u00c1CH H\u00c0NG \u01afA TH\u00cdCH<\/h2>\n<p><b>Xu\u1ea5t s\u1eafc trong thi\u1ebft k\u1ebf<\/b><\/p>\n<p>EZVIZ C1C \u0111\u01b0\u1ee3c thi\u1ebft k\u1ebf r\u1ea5t tinh t\u1ebf v\u1edbi 2 m\u00e0u s\u1eafc Tr\u1eafng \u2013 \u0110en ch\u1ee7 \u0111\u1ea1o, k\u00edch th\u01b0\u1edbc nh\u1ecf g\u1ecdn, c\u00f3 th\u1ec3 \u0111\u1eb7t \u1edf b\u1ea5t c\u1ee9 v\u1ecb tr\u00ed n\u00e0o trong ng\u00f4i nh\u00e0, mang \u0111\u1ebfn s\u1ef1 sang tr\u1ecdng v\u00e0 hi\u1ec7n \u0111\u1ea1i cho ng\u00f4i nh\u00e0 c\u1ee7a b\u1ea1n.<\/p>\n<p><img decoding=\"async\" src=\"https:\/\/abaro.vn\/image\/catalog\/ung-dung\/ezviz\/camera-wifi-ezviz-c1c-voi-cac-mat-ben.jpg\" \/><\/p>\n<p><b>Gi\u1ea3i ph\u00e1p Camera Wifi trong nh\u00e0 chu\u1ea9n HD<\/b><\/p>\n<p>Chi\u1ebfc Camera n\u00e0y \u0111\u01b0\u1ee3c thi\u1ebft k\u1ebf cho m\u1ee5c \u0111\u00edch l\u1eafp \u0111\u1eb7t \u0111\u01a1n gi\u1ea3n v\u00e0 nhanh ch\u00f3ng, l\u00e0 thi\u1ebft b\u1ecb an ninh hi\u1ec7n \u0111\u1ea1i cho ng\u00f4i nh\u00e0 th\u00f4ng minh, gi\u00fap b\u1ea1n d\u1ec5 d\u00e0ng gi\u00e1m s\u00e1t v\u00e0 b\u1ea3o v\u1ec7 an to\u00e0n cho ng\u00f4i nh\u00e0 c\u1ee7a m\u00ecnh.<\/p>\n<p><img decoding=\"async\" src=\"https:\/\/abaro.vn\/image\/catalog\/ung-dung\/ezviz\/camera-wifi-ip-ezviz-c1c-chuan-hd1080.jpg\" \/><\/p>\n<p><b>T\u1ea7m quan s\u00e1t ban \u0111\u00eam c\u1ef1c k\u00ec t\u1ed1t<\/b><\/p>\n<p><b><a href=\"https:\/\/abaro.vn\/camera-khong-day\" target=\"_blank\" rel=\"noopener noreferrer\">Camera kh\u00f4ng d\u00e2y<\/a><\/b>\u00a0C1C c\u00f3 t\u1ea7m quan s\u00e1t ban \u0111\u00eam t\u1ed1t, ch\u00fang \u0111\u01b0\u1ee3c t\u00edch h\u1ee3p \u0111\u00e8n LED h\u1ed3ng ngo\u1ea1i ti\u00ean ti\u1ebfn c\u00f9ng v\u1edbi c\u1ea5u h\u00ecnh quang \u0111\u01b0\u1ee3c n\u00e2ng c\u1ea5p, nh\u1edd th\u1ebf m\u00e0 trong t\u00ecnh hu\u1ed1ng \u0111\u00e8n s\u00e1ng m\u1eadp m\u1edd hay trong m\u00f4i tr\u01b0\u1eddng \u0111\u00eam t\u1ed1i th\u00ec b\u1ea1n v\u1eabn c\u00f3 th\u1ec3 nh\u00ecn r\u00f5 m\u1ecdi v\u1eadt trong ph\u1ea1m vi t\u1ed1i \u0111a 12 m\u00e9t.<\/p>\n<p><img decoding=\"async\" src=\"https:\/\/abaro.vn\/image\/catalog\/ung-dung\/ezviz\/camera-wifi-ezviz-c1c-quan-sat-ngay-dem.jpg\" \/><\/p>\n<p><b>K\u1ecbp th\u1eddi n\u1eafm b\u1eaft m\u1ecdi vi\u1ec7c th\u00f4ng qua Camera<\/b><\/p>\n<p>Nh\u1edd \u0111\u01b0\u1ee3c t\u00edch h\u1ee3p t\u00ednh n\u0103ng ph\u00e1t hi\u1ec7n chuy\u1ec3n \u0111\u1ed9ng, Camera C1C s\u1ebd ngay l\u1eadp t\u1ee9c g\u1eedi th\u00f4ng b\u00e1o \u0111\u1ebfn thi\u1ebft b\u1ecb di \u0111\u1ed9ng c\u1ee7a b\u1ea1n k\u00e8m nh\u1eefng h\u00ecnh \u1ea3nh ch\u1ee5p khi x\u1ea3y ra nh\u1eefng \u0111i\u1ec1u b\u1ea5t th\u01b0\u1eddng. (C\u00e1c c\u1ea3nh b\u00e1o t\u1ee9c th\u1eddi ph\u1ea3i \u0111\u01b0\u1ee3c k\u00edch ho\u1ea1t th\u1ee7 c\u00f4ng.)<\/p>\n<p><img decoding=\"async\" src=\"https:\/\/abaro.vn\/image\/catalog\/ung-dung\/ezviz\/camera-wifi-ip-ezviz-c1c-thong-bao-chuyen-dong.jpg\" \/><\/p>\n<p><b>Th\u1ecfa s\u1ee9c \u0111\u00e0m tho\u1ea1i 2 chi\u1ec1u v\u1edbi ng\u01b0\u1eddi th\u00e2n, b\u1ea1n b\u00e8\u2026<\/b><\/p>\n<p>Ch\u1ec9 c\u1ea7n s\u1eed d\u1ee5ng \u1ee9ng d\u1ee5ng EZVIZ tr\u00ean \u0111i\u1ec7n tho\u1ea1i l\u00e0 b\u1ea1n c\u00f3 th\u1ec3 d\u1ec5 d\u00e0ng quan s\u00e1t hay \u0111\u00e0m tho\u1ea1i 2 chi\u1ec1u v\u1edbi con c\u00e1i, b\u1ea1n b\u00e8\u2026 m\u1ecdi l\u00fac m\u1ecdi n\u01a1i.<\/p>\n<p><img decoding=\"async\" src=\"https:\/\/abaro.vn\/image\/catalog\/ung-dung\/ezviz\/camera-wifi-ip-ezviz-c1c-dam-thoai-hai-chieu.jpg\" \/><\/p>\n<p><b>L\u1eafp \u0111\u1eb7t Camera r\u1ea5t \u0111\u01a1n gi\u1ea3n v\u00e0 nhanh ch\u00f3ng<\/b><\/p>\n<p>B\u1ea1n c\u00f3 th\u1ec3 \u0111\u1eb7t Camera Wifi EZVIZ C1C \u1edf b\u1ea5t k\u00ec v\u1ecb tr\u00ed n\u00e0o m\u00e0 b\u1ea1n mu\u1ed1n: \u0110\u1eb7t tr\u00ean b\u00e0n, tr\u00ean n\u00f3c t\u1ee7, gi\u00e1 s\u00e1ch\u2026 ho\u1eb7c g\u1eafn l\u00ean t\u01b0\u1eddng, tr\u1ea7n nh\u00e0. Sau khi \u0111\u00e3 l\u1eafp \u0111\u1eb7t xong, b\u1ea1n c\u00f3 th\u1ec3 d\u00f9ng tay \u0111\u1ec3 \u0111i\u1ec1u ch\u1ec9nh v\u1ecb tr\u00ed gi\u00e1m s\u00e1t m\u1ed9t c\u00e1ch d\u1ec5 d\u00e0ng.<\/p>\n<p><img decoding=\"async\" src=\"https:\/\/abaro.vn\/image\/catalog\/ung-dung\/ezviz\/camera-wifi-ip-ezviz-c1c-de-dang-lap-dat.jpg\" \/><\/p>\n<p><b>L\u01b0u tr\u1eef d\u1ec5 d\u00e0ng v\u00e0 ti\u1ec7n l\u1ee3i v\u1edbi nhi\u1ec1u gi\u1ea3i ph\u00e1p<\/b><\/p>\n<p>Camera s\u1ebd l\u01b0u l\u1ea1i c\u00e1c b\u1ea3n ghi b\u1eb1ng c\u00e1c gi\u1ea3i ph\u00e1p linh ho\u1ea1t v\u00e0 b\u1ea3o m\u1eadt. Thi\u1ebft b\u1ecb \u0111i k\u00e8m v\u1edbi khe c\u1eafm th\u1ebb MicroSD t\u00edch h\u1ee3p, c\u00f3 th\u1ec3 l\u01b0u tr\u1eef t\u1ed1i \u0111a 256 GB c\u1ea3nh quay \u0111\u00e3 ghi h\u00ecnh. B\u1ea1n c\u0169ng c\u00f3 th\u1ec3 l\u01b0u h\u00ecnh \u1ea3nh m\u00e0 Camera \u0111\u00e3 ghi l\u1ea1i \u0111\u01b0\u1ee3c v\u00e0o EZVIZ Cloud* \u0111\u1ec3 sao l\u01b0u b\u1ed5 sung.<\/p>\n<p><img decoding=\"async\" src=\"https:\/\/abaro.vn\/image\/catalog\/ung-dung\/ezviz\/camera-wifi-ip-ezviz-c1c-luu-tru.jpg\" \/><\/p>\n<p><b>B\u1ea3o v\u1ec7 an ninh ngay tr\u00ean \u0111\u1ea7u ng\u00f3n tay c\u1ee7a b\u1ea1n<\/b><\/p>\n<p>V\u1edbi \u1ee9ng d\u1ee5ng EZVIZ v\u00e0 ph\u1ea7n m\u1ec1m EZVIZ Studio, b\u1ea1n c\u00f3 th\u1ec3 d\u1ec5 d\u00e0ng ch\u1ee5p, l\u01b0u, b\u1ea3o v\u1ec7 v\u00e0 chia s\u1ebb nh\u1eefng h\u00ecnh \u1ea3nh v\u00e0 video m\u00e0 Camera ghi l\u1ea1i \u0111\u01b0\u1ee3c m\u1ed9t c\u00e1ch d\u1ec5 d\u00e0ng th\u00f4ng qua \u0111i\u1ec7n tho\u1ea1i c\u1ee7a m\u00ecnh.<\/p>\n<p><img decoding=\"async\" src=\"https:\/\/abaro.vn\/image\/catalog\/ung-dung\/ezviz\/camera-wifi-ip-ezviz-c1c-voi-nhieu-chuc-nang.jpg\" \/><\/p>\n<p>Camera Wifi EZVIZ C1C chu\u1ea9n HD1080 v\u1edbi nhi\u1ec1u \u01b0u \u0111i\u1ec3m v\u01b0\u1ee3t tr\u1ed9i, s\u1ebd l\u00e0 m\u1ed9t s\u1ef1 l\u1ef1a ch\u1ecdn m\u00e0 b\u1ea1n kh\u00f4ng th\u1ec3 b\u1ecf qua.<\/p>\n<p>N\u1ebfu b\u1ea1n quan t\u00e2m v\u00e0 mu\u1ed1n l\u1eafp \u0111\u1eb7t chi\u1ebfc Camera n\u00e0y cho ng\u00f4i nh\u00e0 m\u00ecnh th\u00ec h\u00e3y g\u1ecdi \u0111\u1ebfn Hotline 1900 636970 \u0111\u1ec3 chuy\u00ean vi\u00ean c\u1ee7a ABARO t\u01b0 v\u1ea5n c\u1ee5 th\u1ec3 cho b\u1ea1n nh\u00e9!<\/p>\n<h3>TH\u00d4NG S\u1ed0 K\u1ef8 THU\u1eacT<\/h3>\n<p>&#8211; \u0110\u1ed9 ph\u00e2n gi\u1ea3i:\u00a01080P (2\u00a0 Megapixels)<\/p>\n<p>&#8211; M\u00f4i tr\u01b0\u1eddng ho\u1ea1t \u0111\u1ed9ng: T\u1eeb &#8211; 10 &#8211; 45\u00b0C.<\/p>\n<p>&#8211; \u0110i\u1ec7n \u00e1p: DC 5V\u00b110%.<\/p>\n<p>&#8211; M\u1ee9c ti\u00eau th\u1ee5 \u0111i\u1ec7n n\u0103ng: 4.0W (Max).<\/p>\n<p>&#8211; Kho\u1ea3ng c\u00e1ch h\u1ed3ng ngo\u1ea1i: 12 m\u00e9t (Max).<\/p>\n<p>&#8211; C\u1ea3m bi\u1ebfn \u1ea3nh: 1\/2.9&#8243; Progressive Scan CMOS.<\/p>\n<p>&#8211; \u1ed0ng k\u00ednh: 2.8mm.<\/p>\n<p>&#8211; G\u00f3c quan s\u00e1t: 106\u00b0 (Horizontal), 130\u00b0 (Diagonal).<\/p>\n<p>&#8211; T\u1ec9 l\u1ec7 khung h\u00ecnh: 20fps (Max).<\/p>\n<p>&#8211; T\u1ea7n s\u1ed1: 2.4 GHz ~ 2.4835 GHz.<\/p>\n<p>&#8211; Tr\u1ecdng l\u01b0\u1ee3ng: 96g.<\/p>\n<h3>CH\u1ebe \u0110\u1ed8 B\u1ea2O H\u00c0NH<\/h3>\n<div class=\"csbaohanh\">\n<div class=\"csbhtrai\">\n<div class=\"iconbh\">Th\u01b0\u01a1ng hi\u1ec7u: EZVIZ<\/div>\n<div class=\"iconbh\">B\u1ea3o h\u00e0nh trong 24 th\u00e1ng<\/div>\n<div class=\"iconbh\">Giao h\u00e0ng v\u00e0 b\u1ea3o h\u00e0nh tr\u00ean to\u00e0n qu\u1ed1c<\/div>\n<\/div>\n<\/div>\n","protected":false},"excerpt":{"rendered":"<p>Camera wifi kh\u00f4ng d\u00e2y\u00a0EZVIZ C1C chu\u1ea9n HD1080 c\u00f3 thi\u1ebft k\u1ebf tinh t\u1ebf, \u0111\u1eb9p v\u00e0 nh\u1ecf g\u1ecdn, h\u00ecnh \u1ea3nh full HD1080 r\u00f5 r\u00e0ng v\u00e0 s\u1eafc n\u00e9t. R\u1ea5t th\u00edch h\u1ee3p \u0111\u1ec3 s\u1eed d\u1ee5ng l\u00e0m Camera quan s\u00e1t trong nh\u00e0 cho c\u00e1c h\u1ed9 gia \u0111\u00ecnh, c\u1eeda h\u00e0ng, v\u0103n ph\u00f2ng c\u00f4ng ty, ph\u00f2ng kh\u00e1m, Spa\u2026 EZVIZ C1C &#8211; CHI\u1ebeC [&#8230;]\n","protected":false},"featured_media":5374,"comment_status":"open","ping_status":"closed","template":"","meta":{"_monsterinsights_skip_tracking":false,"_monsterinsights_sitenote_active":false,"_monsterinsights_sitenote_note":"","_monsterinsights_sitenote_category":0},"product_brand":[],"product_cat":[18,52],"product_tag":[37,36],"class_list":{"0":"post-5372","1":"product","2":"type-product","3":"status-publish","4":"has-post-thumbnail","6":"product_cat-camera","7":"product_cat-camera-ezviz","8":"product_tag-camera-ezviz","9":"product_tag-ezviz-c1c-1080p","11":"first","12":"instock","13":"shipping-taxable","14":"purchasable","15":"product-type-simple"},"aioseo_notices":[],"yoast_head":"<!-- This site is optimized with the Yoast SEO plugin v27.5 - https:\/\/yoast.com\/product\/yoast-seo-wordpress\/ -->\n<title>Camera IP Wifi Ezviz CS-C1C 1080P - L\u1ee3i L\u1ed9c Camera<\/title>\n<meta name=\"description\" content=\"Camera wifi kh\u00f4ng d\u00e2y EZVIZ C1C chu\u1ea9n HD 1080 c\u00f3 thi\u1ebft k\u1ebf tinh t\u1ebf, \u0111\u1eb9p v\u00e0 nh\u1ecf g\u1ecdn, h\u00ecnh \u1ea3nh full HD1080 r\u00f5 r\u00e0ng v\u00e0 s\u1eafc n\u00e9t. R\u1ea5t th\u00edch h\u1ee3p \u0111\u1ec3 s\u1eed d\u1ee5ng ...\" \/>\n<meta name=\"robots\" content=\"index, follow, max-snippet:-1, max-image-preview:large, max-video-preview:-1\" \/>\n<link rel=\"canonical\" href=\"https:\/\/loiloccamera.com\/index.php\/product\/camera-ip-wifi-ezviz-cs-c1c-1080p\/\" \/>\n<meta property=\"og:locale\" content=\"vi_VN\" \/>\n<meta property=\"og:type\" content=\"article\" \/>\n<meta property=\"og:title\" content=\"Camera IP Wifi Ezviz CS-C1C 1080P - L\u1ee3i L\u1ed9c Camera\" \/>\n<meta property=\"og:description\" content=\"Camera wifi kh\u00f4ng d\u00e2y EZVIZ C1C chu\u1ea9n HD 1080 c\u00f3 thi\u1ebft k\u1ebf tinh t\u1ebf, \u0111\u1eb9p v\u00e0 nh\u1ecf g\u1ecdn, h\u00ecnh \u1ea3nh full HD1080 r\u00f5 r\u00e0ng v\u00e0 s\u1eafc n\u00e9t. R\u1ea5t th\u00edch h\u1ee3p \u0111\u1ec3 s\u1eed d\u1ee5ng ...\" \/>\n<meta property=\"og:url\" content=\"https:\/\/loiloccamera.com\/index.php\/product\/camera-ip-wifi-ezviz-cs-c1c-1080p\/\" \/>\n<meta property=\"og:site_name\" content=\"L\u1ee3i L\u1ed9c Camera\" \/>\n<meta property=\"article:publisher\" content=\"https:\/\/www.facebook.com\/loiloccamera\/\" \/>\n<meta property=\"article:modified_time\" content=\"2024-06-22T11:50:07+00:00\" \/>\n<meta property=\"og:image\" content=\"https:\/\/loiloccamera.com\/wp-content\/uploads\/2020\/06\/camera-wifi-ezviz-c1c-thumbnail2-500x500.jpg\" \/>\n\t<meta property=\"og:image:width\" content=\"500\" \/>\n\t<meta property=\"og:image:height\" content=\"500\" \/>\n\t<meta property=\"og:image:type\" content=\"image\/jpeg\" \/>\n<meta name=\"twitter:card\" content=\"summary_large_image\" \/>\n<meta name=\"twitter:label1\" content=\"\u01af\u1edbc t\u00ednh th\u1eddi gian \u0111\u1ecdc\" \/>\n\t<meta name=\"twitter:data1\" content=\"6 ph\u00fat\" \/>\n<script type=\"application\/ld+json\" class=\"yoast-schema-graph\">{\"@context\":\"https:\\\/\\\/schema.org\",\"@graph\":[{\"@type\":\"WebPage\",\"@id\":\"https:\\\/\\\/loiloccamera.com\\\/index.php\\\/product\\\/camera-ip-wifi-ezviz-cs-c1c-1080p\\\/\",\"url\":\"https:\\\/\\\/loiloccamera.com\\\/index.php\\\/product\\\/camera-ip-wifi-ezviz-cs-c1c-1080p\\\/\",\"name\":\"Camera IP Wifi Ezviz CS-C1C 1080P - L\u1ee3i L\u1ed9c Camera\",\"isPartOf\":{\"@id\":\"https:\\\/\\\/loiloccamera.com\\\/#website\"},\"primaryImageOfPage\":{\"@id\":\"https:\\\/\\\/loiloccamera.com\\\/index.php\\\/product\\\/camera-ip-wifi-ezviz-cs-c1c-1080p\\\/#primaryimage\"},\"image\":{\"@id\":\"https:\\\/\\\/loiloccamera.com\\\/index.php\\\/product\\\/camera-ip-wifi-ezviz-cs-c1c-1080p\\\/#primaryimage\"},\"thumbnailUrl\":\"https:\\\/\\\/loiloccamera.com\\\/wp-content\\\/uploads\\\/2020\\\/06\\\/camera-wifi-ezviz-c1c-thumbnail2-500x500.jpg\",\"datePublished\":\"2020-06-18T04:02:31+00:00\",\"dateModified\":\"2024-06-22T11:50:07+00:00\",\"description\":\"Camera wifi kh\u00f4ng d\u00e2y EZVIZ C1C chu\u1ea9n HD 1080 c\u00f3 thi\u1ebft k\u1ebf tinh t\u1ebf, \u0111\u1eb9p v\u00e0 nh\u1ecf g\u1ecdn, h\u00ecnh \u1ea3nh full HD1080 r\u00f5 r\u00e0ng v\u00e0 s\u1eafc n\u00e9t. R\u1ea5t th\u00edch h\u1ee3p \u0111\u1ec3 s\u1eed d\u1ee5ng ...\",\"breadcrumb\":{\"@id\":\"https:\\\/\\\/loiloccamera.com\\\/index.php\\\/product\\\/camera-ip-wifi-ezviz-cs-c1c-1080p\\\/#breadcrumb\"},\"inLanguage\":\"vi\",\"potentialAction\":[{\"@type\":\"ReadAction\",\"target\":[\"https:\\\/\\\/loiloccamera.com\\\/index.php\\\/product\\\/camera-ip-wifi-ezviz-cs-c1c-1080p\\\/\"]}]},{\"@type\":\"ImageObject\",\"inLanguage\":\"vi\",\"@id\":\"https:\\\/\\\/loiloccamera.com\\\/index.php\\\/product\\\/camera-ip-wifi-ezviz-cs-c1c-1080p\\\/#primaryimage\",\"url\":\"https:\\\/\\\/loiloccamera.com\\\/wp-content\\\/uploads\\\/2020\\\/06\\\/camera-wifi-ezviz-c1c-thumbnail2-500x500.jpg\",\"contentUrl\":\"https:\\\/\\\/loiloccamera.com\\\/wp-content\\\/uploads\\\/2020\\\/06\\\/camera-wifi-ezviz-c1c-thumbnail2-500x500.jpg\",\"width\":500,\"height\":500},{\"@type\":\"BreadcrumbList\",\"@id\":\"https:\\\/\\\/loiloccamera.com\\\/index.php\\\/product\\\/camera-ip-wifi-ezviz-cs-c1c-1080p\\\/#breadcrumb\",\"itemListElement\":[{\"@type\":\"ListItem\",\"position\":1,\"name\":\"Trang ch\u1ee7\",\"item\":\"https:\\\/\\\/loiloccamera.com\\\/\"},{\"@type\":\"ListItem\",\"position\":2,\"name\":\"C\u1eeda h\u00e0ng\",\"item\":\"https:\\\/\\\/loiloccamera.com\\\/index.php\\\/mua\\\/\"},{\"@type\":\"ListItem\",\"position\":3,\"name\":\"Camera IP Wifi Ezviz CS-C1C 1080P\"}]},{\"@type\":\"WebSite\",\"@id\":\"https:\\\/\\\/loiloccamera.com\\\/#website\",\"url\":\"https:\\\/\\\/loiloccamera.com\\\/\",\"name\":\"L\u1ee3i L\u1ed9c Camera\",\"description\":\"Uy t\u00ednh v\u00e0 ch\u1ea5t l\u01b0\u1ee3ng h\u00e0ng \u0111\u1ea7u .\",\"publisher\":{\"@id\":\"https:\\\/\\\/loiloccamera.com\\\/#organization\"},\"potentialAction\":[{\"@type\":\"SearchAction\",\"target\":{\"@type\":\"EntryPoint\",\"urlTemplate\":\"https:\\\/\\\/loiloccamera.com\\\/?s={search_term_string}\"},\"query-input\":{\"@type\":\"PropertyValueSpecification\",\"valueRequired\":true,\"valueName\":\"search_term_string\"}}],\"inLanguage\":\"vi\"},{\"@type\":\"Organization\",\"@id\":\"https:\\\/\\\/loiloccamera.com\\\/#organization\",\"name\":\"L\u1ee3i L\u1ed9c Camera\",\"url\":\"https:\\\/\\\/loiloccamera.com\\\/\",\"logo\":{\"@type\":\"ImageObject\",\"inLanguage\":\"vi\",\"@id\":\"https:\\\/\\\/loiloccamera.com\\\/#\\\/schema\\\/logo\\\/image\\\/\",\"url\":\"https:\\\/\\\/loiloccamera.com\\\/wp-content\\\/uploads\\\/2024\\\/06\\\/Loi-Loc-tron.png\",\"contentUrl\":\"https:\\\/\\\/loiloccamera.com\\\/wp-content\\\/uploads\\\/2024\\\/06\\\/Loi-Loc-tron.png\",\"width\":516,\"height\":513,\"caption\":\"L\u1ee3i L\u1ed9c Camera\"},\"image\":{\"@id\":\"https:\\\/\\\/loiloccamera.com\\\/#\\\/schema\\\/logo\\\/image\\\/\"},\"sameAs\":[\"https:\\\/\\\/www.facebook.com\\\/loiloccamera\\\/\"]}]}<\/script>\n<!-- \/ Yoast SEO plugin. -->","yoast_head_json":{"title":"Camera IP Wifi Ezviz CS-C1C 1080P - L\u1ee3i L\u1ed9c Camera","description":"Camera wifi kh\u00f4ng d\u00e2y EZVIZ C1C chu\u1ea9n HD 1080 c\u00f3 thi\u1ebft k\u1ebf tinh t\u1ebf, \u0111\u1eb9p v\u00e0 nh\u1ecf g\u1ecdn, h\u00ecnh \u1ea3nh full HD1080 r\u00f5 r\u00e0ng v\u00e0 s\u1eafc n\u00e9t. R\u1ea5t th\u00edch h\u1ee3p \u0111\u1ec3 s\u1eed d\u1ee5ng ...","robots":{"index":"index","follow":"follow","max-snippet":"max-snippet:-1","max-image-preview":"max-image-preview:large","max-video-preview":"max-video-preview:-1"},"canonical":"https:\/\/loiloccamera.com\/index.php\/product\/camera-ip-wifi-ezviz-cs-c1c-1080p\/","og_locale":"vi_VN","og_type":"article","og_title":"Camera IP Wifi Ezviz CS-C1C 1080P - L\u1ee3i L\u1ed9c Camera","og_description":"Camera wifi kh\u00f4ng d\u00e2y EZVIZ C1C chu\u1ea9n HD 1080 c\u00f3 thi\u1ebft k\u1ebf tinh t\u1ebf, \u0111\u1eb9p v\u00e0 nh\u1ecf g\u1ecdn, h\u00ecnh \u1ea3nh full HD1080 r\u00f5 r\u00e0ng v\u00e0 s\u1eafc n\u00e9t. R\u1ea5t th\u00edch h\u1ee3p \u0111\u1ec3 s\u1eed d\u1ee5ng ...","og_url":"https:\/\/loiloccamera.com\/index.php\/product\/camera-ip-wifi-ezviz-cs-c1c-1080p\/","og_site_name":"L\u1ee3i L\u1ed9c Camera","article_publisher":"https:\/\/www.facebook.com\/loiloccamera\/","article_modified_time":"2024-06-22T11:50:07+00:00","og_image":[{"width":500,"height":500,"url":"https:\/\/loiloccamera.com\/wp-content\/uploads\/2020\/06\/camera-wifi-ezviz-c1c-thumbnail2-500x500.jpg","type":"image\/jpeg"}],"twitter_card":"summary_large_image","twitter_misc":{"\u01af\u1edbc t\u00ednh th\u1eddi gian \u0111\u1ecdc":"6 ph\u00fat"},"schema":{"@context":"https:\/\/schema.org","@graph":[{"@type":"WebPage","@id":"https:\/\/loiloccamera.com\/index.php\/product\/camera-ip-wifi-ezviz-cs-c1c-1080p\/","url":"https:\/\/loiloccamera.com\/index.php\/product\/camera-ip-wifi-ezviz-cs-c1c-1080p\/","name":"Camera IP Wifi Ezviz CS-C1C 1080P - L\u1ee3i L\u1ed9c Camera","isPartOf":{"@id":"https:\/\/loiloccamera.com\/#website"},"primaryImageOfPage":{"@id":"https:\/\/loiloccamera.com\/index.php\/product\/camera-ip-wifi-ezviz-cs-c1c-1080p\/#primaryimage"},"image":{"@id":"https:\/\/loiloccamera.com\/index.php\/product\/camera-ip-wifi-ezviz-cs-c1c-1080p\/#primaryimage"},"thumbnailUrl":"https:\/\/loiloccamera.com\/wp-content\/uploads\/2020\/06\/camera-wifi-ezviz-c1c-thumbnail2-500x500.jpg","datePublished":"2020-06-18T04:02:31+00:00","dateModified":"2024-06-22T11:50:07+00:00","description":"Camera wifi kh\u00f4ng d\u00e2y EZVIZ C1C chu\u1ea9n HD 1080 c\u00f3 thi\u1ebft k\u1ebf tinh t\u1ebf, \u0111\u1eb9p v\u00e0 nh\u1ecf g\u1ecdn, h\u00ecnh \u1ea3nh full HD1080 r\u00f5 r\u00e0ng v\u00e0 s\u1eafc n\u00e9t. R\u1ea5t th\u00edch h\u1ee3p \u0111\u1ec3 s\u1eed d\u1ee5ng ...","breadcrumb":{"@id":"https:\/\/loiloccamera.com\/index.php\/product\/camera-ip-wifi-ezviz-cs-c1c-1080p\/#breadcrumb"},"inLanguage":"vi","potentialAction":[{"@type":"ReadAction","target":["https:\/\/loiloccamera.com\/index.php\/product\/camera-ip-wifi-ezviz-cs-c1c-1080p\/"]}]},{"@type":"ImageObject","inLanguage":"vi","@id":"https:\/\/loiloccamera.com\/index.php\/product\/camera-ip-wifi-ezviz-cs-c1c-1080p\/#primaryimage","url":"https:\/\/loiloccamera.com\/wp-content\/uploads\/2020\/06\/camera-wifi-ezviz-c1c-thumbnail2-500x500.jpg","contentUrl":"https:\/\/loiloccamera.com\/wp-content\/uploads\/2020\/06\/camera-wifi-ezviz-c1c-thumbnail2-500x500.jpg","width":500,"height":500},{"@type":"BreadcrumbList","@id":"https:\/\/loiloccamera.com\/index.php\/product\/camera-ip-wifi-ezviz-cs-c1c-1080p\/#breadcrumb","itemListElement":[{"@type":"ListItem","position":1,"name":"Trang ch\u1ee7","item":"https:\/\/loiloccamera.com\/"},{"@type":"ListItem","position":2,"name":"C\u1eeda h\u00e0ng","item":"https:\/\/loiloccamera.com\/index.php\/mua\/"},{"@type":"ListItem","position":3,"name":"Camera IP Wifi Ezviz CS-C1C 1080P"}]},{"@type":"WebSite","@id":"https:\/\/loiloccamera.com\/#website","url":"https:\/\/loiloccamera.com\/","name":"L\u1ee3i L\u1ed9c Camera","description":"Uy t\u00ednh v\u00e0 ch\u1ea5t l\u01b0\u1ee3ng h\u00e0ng \u0111\u1ea7u .","publisher":{"@id":"https:\/\/loiloccamera.com\/#organization"},"potentialAction":[{"@type":"SearchAction","target":{"@type":"EntryPoint","urlTemplate":"https:\/\/loiloccamera.com\/?s={search_term_string}"},"query-input":{"@type":"PropertyValueSpecification","valueRequired":true,"valueName":"search_term_string"}}],"inLanguage":"vi"},{"@type":"Organization","@id":"https:\/\/loiloccamera.com\/#organization","name":"L\u1ee3i L\u1ed9c Camera","url":"https:\/\/loiloccamera.com\/","logo":{"@type":"ImageObject","inLanguage":"vi","@id":"https:\/\/loiloccamera.com\/#\/schema\/logo\/image\/","url":"https:\/\/loiloccamera.com\/wp-content\/uploads\/2024\/06\/Loi-Loc-tron.png","contentUrl":"https:\/\/loiloccamera.com\/wp-content\/uploads\/2024\/06\/Loi-Loc-tron.png","width":516,"height":513,"caption":"L\u1ee3i L\u1ed9c Camera"},"image":{"@id":"https:\/\/loiloccamera.com\/#\/schema\/logo\/image\/"},"sameAs":["https:\/\/www.facebook.com\/loiloccamera\/"]}]}},"_links":{"self":[{"href":"https:\/\/loiloccamera.com\/index.php\/wp-json\/wp\/v2\/product\/5372","targetHints":{"allow":["GET"]}}],"collection":[{"href":"https:\/\/loiloccamera.com\/index.php\/wp-json\/wp\/v2\/product"}],"about":[{"href":"https:\/\/loiloccamera.com\/index.php\/wp-json\/wp\/v2\/types\/product"}],"replies":[{"embeddable":true,"href":"https:\/\/loiloccamera.com\/index.php\/wp-json\/wp\/v2\/comments?post=5372"}],"wp:featuredmedia":[{"embeddable":true,"href":"https:\/\/loiloccamera.com\/index.php\/wp-json\/wp\/v2\/media\/5374"}],"wp:attachment":[{"href":"https:\/\/loiloccamera.com\/index.php\/wp-json\/wp\/v2\/media?parent=5372"}],"wp:term":[{"taxonomy":"product_brand","embeddable":true,"href":"https:\/\/loiloccamera.com\/index.php\/wp-json\/wp\/v2\/product_brand?post=5372"},{"taxonomy":"product_cat","embeddable":true,"href":"https:\/\/loiloccamera.com\/index.php\/wp-json\/wp\/v2\/product_cat?post=5372"},{"taxonomy":"product_tag","embeddable":true,"href":"https:\/\/loiloccamera.com\/index.php\/wp-json\/wp\/v2\/product_tag?post=5372"}],"curies":[{"name":"wp","href":"https:\/\/api.w.org\/{rel}","templated":true}]}}