{"id":5495,"date":"2020-06-23T08:54:05","date_gmt":"2020-06-23T01:54:05","guid":{"rendered":"http:\/\/loiloccamera.com\/?post_type=product&#038;p=5495"},"modified":"2022-06-10T15:53:04","modified_gmt":"2022-06-10T08:53:04","slug":"box-tivi-vinabox-x9-plus","status":"publish","type":"product","link":"https:\/\/loiloccamera.com\/index.php\/product\/box-tivi-vinabox-x9-plus\/","title":{"rendered":"BOX TIVI VINABOX X9 PLUS"},"content":{"rendered":"<ul class=\"__MB_NEWS_TAB3 nav nav-tabs clearfix\">\n<li class=\"active\"><a id=\"1\" class=\"active\"><\/a>M\u00d4 T\u1ea2 S\u1ea2N PH\u1ea8M<\/li>\n<\/ul>\n<div class=\"box_info __MB_CONTAINER_READ3 __MB_CONTAINER_READ3_1 wrap-chitiet\">\n<p align=\"center\"><a href=\"https:\/\/itvplus.net\/vinabox-x6-pro\">VINABOX X<\/a><a href=\"https:\/\/itvplus.net\/vinabox-x6-pro\">6 Pro<\/a>\u00a0&#8211; RAM 2GB, M\u1eaaU VINABOX M\u1edaI NH\u1ea4T N\u0102M 2020 T\u00ccM KI\u1ebeM GI\u1eccNG N\u00d3I,\u00a0ANDROID 7.1.2<\/p>\n<p align=\"center\"><img decoding=\"async\" src=\"https:\/\/bizweb.dktcdn.net\/100\/171\/173\/files\/vinaboxx6-pro-9b6283d6-3aad-440b-a0db-563392a4ba70.jpg?v=1579425018164\" data-thumb=\"original\" \/><\/p>\n<p>TH\u00d4NG S\u1ed0 C\u01a0 B\u1ea2N<\/p>\n<p>CPU: ALLWINNER H3 QUAD CORE<br \/>\nGPU: MALI 400 MP2<br \/>\nRAM: 2GB DDR3<br \/>\nROM: 8GB EMMC<br \/>\nOS: HDPLAY OS, ANDROID 7.1.2<br \/>\nSUPPORT: 4K 60FPS, H.265 HEVC, DOLBY, DTS<\/p>\n<p>\u0110\u1eb6C \u0110I\u1ec2M N\u1ed4I B\u1eacT<\/p>\n<p>Thi\u1ebft k\u1ebf nh\u1ecf g\u1ecdn, thanh tho\u00e1t<\/p>\n<p>&nbsp;<\/p>\n<p>\u0110\u1ea7u n\u0103m 2020 Vinabox \u0111\u00e3 cho ra m\u1eaft m\u1eabu Android TV Box m\u1edbi nh\u1ea5t c\u1ee7a m\u00ecnh Vinabox X6 Pro.<\/p>\n<p>V\u1eabn l\u00e0 v\u1ecf h\u1ee3p kim s\u01a1n t\u0129nh \u0111i\u1ec7n \u0111\u01b0\u1ee3c s\u01a1n b\u1ea1c nh\u01b0\u00a0<a href=\"http:\/\/itvplus.net\/vinabox-x6-chip-loi-tu-ram-2gb-dieu-khien-bang-giong-noi-trai-nghiem-muot-ma-nhat-vo-doi-trong-tam-gia-10435750.html\">X6<\/a>\u00a0c\u0169,\u00a0<a href=\"https:\/\/itvplus.net\/vinabox-x6-pro\">X6 pro<\/a>\u00a0l\u1ea1i kho\u00e1c l\u00ean m\u00ecnh m\u1ed9t di\u1ec7n m\u1ea1o m\u1edbi v\u1ec1 thi\u1ebft k\u1ebf \u0111\u1ed9c \u0111\u00e1o m\u1edbi l\u1ea1 c\u1ee7a d\u00f2ng Vinabox. Thay v\u00ec c\u00e1c thi\u1ebft k\u1ebf g\u00f3c c\u1ea1nh vu\u00f4ng v\u1ee9c \u0111\u1eb7c tr\u01b0ng nh\u01b0 c\u00e1c \u0111\u00e0n anh X6, X2 v\u00e0 X2Plus, Vinabox X6 Pro \u0111\u01b0\u1ee3c thi\u1ebft k\u1ebf v\u1edbi ki\u1ec3u d\u00e1ng nh\u1ecf g\u1ecdn, \u0111\u01b0\u1eddng cong bo tr\u00f2n m\u1eb7t tr\u01b0\u1edbc k\u1ebft h\u1ee3p v\u1edbi m\u00e0u ghi b\u1ea1c l\u00e0m cho s\u1ea3n ph\u1ea9m nh\u00ecn thanh tho\u00e1t to\u00e1t l\u00ean v\u1ebb tinh t\u1ebf.<\/p>\n<p><img decoding=\"async\" src=\"https:\/\/bizweb.dktcdn.net\/100\/171\/173\/files\/img-9623.jpg?v=1579416180940\" data-thumb=\"original\" \/><\/p>\n<p><img decoding=\"async\" src=\"https:\/\/bizweb.dktcdn.net\/100\/171\/173\/files\/x6-pro.png?v=1579416874987\" data-thumb=\"original\" \/><\/p>\n<p><img decoding=\"async\" src=\"https:\/\/bizweb.dktcdn.net\/100\/171\/173\/files\/img-9571.jpg?v=1579416195520\" data-thumb=\"original\" \/><\/p>\n<p><a href=\"https:\/\/itvplus.net\/vinabox-x6-pro\">Vinabox X6<\/a><a href=\"https:\/\/itvplus.net\/vinabox-x6-pro\">\u00a0Pro<\/a>\u00a0\u0111\u01b0\u1ee3c\u00a0trang b\u1ecb \u0111\u1ea7y \u0111\u1ee7 c\u00e1c chu\u1ea9n k\u1ebft n\u1ed1i th\u00f4ng d\u1ee5ng c\u1ee7a m\u1ed9t thi\u1ebft b\u1ecb gi\u1ea3i tr\u00ed:<br \/>\n+ C\u00f4ng t\u1eafc ngu\u1ed3n b\u00ean h\u00f4ng &#8211; Gi\u00fap b\u1eadt t\u1eaft ngu\u1ed3n c\u1ee7a thi\u1ebft b\u1ecb thu\u1eadn ti\u1ec7n, an to\u00e0n h\u01a1n;<br \/>\n+ C\u1ed5ng HDMI &#8211; K\u1ebft k\u1ebft n\u1ed1i v\u1edbi tivi mang \u0111\u1ebfn ch\u1ea5t l\u01b0\u1ee3ng h\u00ecnh \u1ea3nh l\u00ean \u0111\u1ebfn 4K;<br \/>\n+ C\u1ed5ng Lan RJ45 &#8211; Cho nhu c\u1ea7u s\u1eed d\u1ee5ng d\u00e2y cab m\u1ea1ng Lan \u0111\u1ec3 k\u1ebft n\u1ed1i internet;<br \/>\n+ C\u1ed5ng USB &#8211; K\u1ebft n\u1ed1i v\u1edbi c\u00e1c thi\u1ebft b\u1ecb ngo\u1ea1i vi nh\u01b0 chu\u1ed9t, b\u00e0n ph\u00edm kh\u00f4ng d\u00e2y, \u1ed5 c\u1ee9ng di \u0111\u1ed9ng;<br \/>\n+ C\u1ed5ng AV video\/h\u00ecnh \u1ea3nh &#8211; Ph\u00f9 h\u1ee3p v\u1edbi c\u00e1c lo\u1ea1i tivi \u0111\u1eddi c\u0169 kh\u00f4ng c\u00f3 c\u1ed5ng HDMI, ngo\u00e0i ra thu\u1eadn ti\u1ec7n vi\u1ec7c k\u1ebft n\u1ed1i \u00e2m thanh ra h\u1ec7 th\u1ed1ng d\u00e0n \u00e2m thanh gia \u0111\u00ecnh.<\/p>\n<p>&nbsp;<\/p>\n<p><img decoding=\"async\" src=\"https:\/\/bizweb.dktcdn.net\/100\/171\/173\/files\/img-9624.jpg?v=1579416237338\" data-thumb=\"original\" \/><\/p>\n<p><img decoding=\"async\" src=\"https:\/\/bizweb.dktcdn.net\/100\/171\/173\/files\/img-9616.jpg?v=1579416251308\" data-thumb=\"original\" \/><\/p>\n<p>C\u1ea5u h\u00ecnh cao c\u1ea5p, t\u1ed1c \u0111\u1ed9 x\u1eed l\u00fd tuy\u1ec7t v\u1eddi<\/p>\n<p><a href=\"https:\/\/itvplus.net\/vinabox-x6-pro\">Vinabox X6<\/a><a href=\"https:\/\/itvplus.net\/vinabox-x6-pro\">\u00a0Pro<\/a>\u00a0\u0111\u01b0\u1ee3c trang bi c\u1ea5u h\u00ecnh m\u1ea1nh m\u1ebd: Chip l\u00f5i t\u1ee9, Ram 2GB \u0111\u01b0\u1ee3c t\u1ed1i \u01b0u h\u00f3a qua\u00a0h\u1ec7 sinh th\u00e1i HDPlay OS tr\u00ean n\u1ec1n Android 7 Nougat. \u0110i\u1ec1u n\u00e0y cho ph\u00e9p thi\u1ebft b\u1ecb ho\u1ea1t \u0111\u1ed9ng \u1ed5n \u0111\u1ecbnh, c\u00e1c thao t\u00e1c \u0111\u01b0\u1ee3c x\u1eed l\u00fd m\u1ed9t c\u00e1ch h\u1ebft s\u1ee9c m\u01b0\u1ee3t m\u00e0. Trong s\u1ed1 nh\u1eefng thi\u1ebft b\u1ecb Android TV Box Ram 2GB\u00a0\u1edf ph\u00e2n kh\u00fac t\u1ea7m trung\u00a0th\u00ec b\u1ea1n s\u1ebd r\u1ea5t ng\u1ea1c nhi\u00ean v\u1ec1 t\u1ed1c \u0111\u1ed9 x\u1eed l\u00fd c\u1ee7a\u00a0<a href=\"https:\/\/itvplus.net\/vinabox-x6-pro\">Vinabox X6<\/a><a href=\"https:\/\/itvplus.net\/vinabox-x6-pro\">\u00a0Pro<\/a>, kh\u00f4ng th\u1ea5y c\u00f3 g\u00ec thua k\u00e9m so v\u1edbi c\u00e1c model \u0111\u1ea7u b\u1ea3ng c\u1ee7a c\u00e1c th\u01b0\u01a1ng hi\u1ec7u cao c\u1ea5p.<\/p>\n<p><img decoding=\"async\" src=\"https:\/\/bizweb.dktcdn.net\/100\/171\/173\/files\/vinaboxx6-pro-9b6283d6-3aad-440b-a0db-563392a4ba70.jpg?v=1579425018163\" data-thumb=\"original\" \/><\/p>\n<p><a href=\"https:\/\/itvplus.net\/vinabox-x6-pro\">X6<\/a><a href=\"https:\/\/itvplus.net\/vinabox-x6-pro\">\u00a0Pro<\/a>\u00a0c\u0169ng cho ng\u01b0\u1eddi d\u0169ng \u0111\u01b0\u1ee3c tr\u1ea3i nghi\u1ec7m ch\u1ea5t l\u01b0\u1ee3ng h\u00ecnh \u1ea3nh 4K s\u1eafc n\u00e9t, s\u1ed1ng \u0111\u1ed9ng nh\u01b0ng c\u0169ng v\u00f4 c\u00f9ng m\u01b0\u1ee3t m\u00e0.<\/p>\n<p><img decoding=\"async\" src=\"https:\/\/bizweb.dktcdn.net\/100\/171\/173\/files\/x6k.jpg?v=1579416294634\" data-thumb=\"original\" \/><\/p>\n<p>H\u1ec7 sinh th\u00e1i HDPlay OS c\u00f9ng qu\u00e1 nhi\u1ec1u n\u1ed9i dung gi\u1ea3i tr\u00ed h\u1ea5p d\u1eabn<\/p>\n<p><a href=\"https:\/\/itvplus.net\/vinabox-x6-pro\">X6<\/a><a href=\"https:\/\/itvplus.net\/vinabox-x6-pro\">\u00a0Pro<\/a>\u00a0c\u0169ng l\u00e0 th\u1ebf h\u1ec7 h\u1ec7 m\u1edbi c\u1ee7a\u00a0<a href=\"http:\/\/itvplus.net\/vinabox-hang-cong-ty-vn-b2466390.html\">Vinabox<\/a>\u00a0\u0111\u01b0\u1ee3c t\u00edch h\u1ee3p\u00a0<a href=\"http:\/\/itvplus.net\/hdplay-launcher-v2-giao-dien-dep-muot-va-hoan-hao-nhat-cho-android-tv-box\/a1393208.html\">Giao di\u1ec7n HDPlay V2<\/a>, \u0111i\u1ec1u n\u00e0y c\u0169ng \u0111\u1ed3ng ngh\u0129a ng\u01b0\u1eddi s\u1eed d\u1ee5ng s\u1ebd c\u00f3 \u0111\u01b0\u1ee3c tr\u1ea3i nghi\u1ec7m ng\u01b0\u1eddi d\u00f9ng m\u1ed9t c\u00e1ch t\u1ed1t nh\u1ea5t t\u1eeb xem truy\u1ec1n h\u00ecnh, phim online, b\u00f3ng \u0111\u00e1&#8230;<br \/>\n&#8211; Xem tr\u00ean d\u01b0\u1edbi 200 k\u00eanh truy\u1ec1n h\u00ecnh \u0111\u1eb7c s\u1eafc trong v\u00e0 ngo\u00e0i n\u01b0\u1edbc<br \/>\n&#8211; Xem c\u00e1c tr\u1eadn b\u00f3ng \u0111\u00e1 tr\u1ef1c ti\u1ebfp t\u1eeb Ngo\u1ea1i H\u1ea1ng Anh \u0111\u1ebfn c\u00fap C1 Ch\u00e2u \u00c2u<br \/>\n&#8211; Xem 10.000 phim bom t\u1ea5n \u0111\u01b0\u1ee3c c\u1eadp nh\u1eadt li\u00ean t\u1ee5c<br \/>\n&#8211; H\u00e1t karaoke tr\u1ef1c tuy\u1ebfn, ch\u1ecdn b\u00e0i, t\u1ea1i playlist d\u1ec5 d\u00e0ng b\u1eb1ng \u0111i\u1ec7n tho\u1ea1i<br \/>\n&#8211; Xem Youtube kh\u00f4ng b\u1ecb qu\u1ea3ng c\u00e1o, \u0111\u1ecdc b\u00e1o, l\u01b0\u1edbt web<br \/>\n&#8211; H\u00e0ng ng\u00e0n n\u1ed9i dung h\u00e0i t\u1ebft, Th\u00fay Nga ch\u1ec9 c\u00f3 tr\u00ean\u00a0<a href=\"http:\/\/itvplus.net\/vinabox-hang-cong-ty-vn-b2466390.html\">Vinabox<\/a><\/p>\n<p>&nbsp;<\/p>\n<p align=\"center\"><img decoding=\"async\" src=\"https:\/\/bizweb.dktcdn.net\/100\/171\/173\/files\/x6m.jpg?v=1579416345881\" data-thumb=\"original\" \/><\/p>\n<p align=\"center\"><img decoding=\"async\" src=\"https:\/\/bizweb.dktcdn.net\/100\/171\/173\/files\/x6f.jpg?v=1579416356742\" data-thumb=\"original\" \/><\/p>\n<p>Android TV Box t\u00ecm ki\u1ebfm b\u1eb1ng gi\u1ecdng n\u00f3i t\u1ed1t nh\u1ea5t<\/p>\n<p>N\u1ebfu c\u1ea7n t\u00ecm ra m\u1ed9t chi\u1ebfc Box c\u00f3 h\u1ed7 tr\u1ee3 t\u00ecm ki\u1ebfm b\u1eb1ng gi\u1ecdng n\u00f3i t\u1ed1t nh\u1ea5t hi\u1ec7n t\u1ea1i th\u00ec\u00a0<a href=\"https:\/\/itvplus.net\/vinabox-x6-pro\">Vinabox X6<\/a><a href=\"https:\/\/itvplus.net\/vinabox-x6-pro\">\u00a0Pro<\/a>\u00a0ch\u00ednh l\u00e0 \u1ee9ng vi\u00ean s\u1ed1 1. \u0110i\u1ec1u n\u00e0y c\u00f3 \u0111\u01b0\u1ee3c v\u00ec\u00a0<a href=\"https:\/\/itvplus.net\/vinabox-x6-pro\">X6<\/a><a href=\"https:\/\/itvplus.net\/vinabox-x6-pro\">\u00a0Pro<\/a>\u00a0c\u00f3 kh\u1ea3 n\u0103ng t\u01b0\u01a1ng th\u00edch ho\u00e0n to\u00e0n v\u1edbi c\u00e1c lo\u1ea1i chu\u1ed9t bay voice hay \u0111i\u1ec1u khi\u1ec3n voice m\u00e0 tr\u00ean th\u1ecb tr\u01b0\u1eddng \u0111ang b\u00e1n ( Tuy nhi\u00ean \u0111\u1ec3 s\u1eed d\u1ee5ng hi\u1ec7u qu\u1ea3 nh\u1ea5t ch\u00fang t\u00f4i khuy\u00ean b\u1ea1n h\u00e3y l\u1ef1a ch\u1ecdn KM950V ho\u1eb7c KM650V \u0111\u1ec3 c\u00f3 m\u1ed9t tr\u1ea3i nghi\u1ec7m t\u1ed1t nh\u1ea5t). Ngo\u00e0i ra ch\u00ednh ch\u1ee9c n\u0103ng t\u00ecm ki\u1ebfm gi\u1ecdng n\u00f3i \u0111a d\u1ea1ng tr\u00ean\u00a0<a href=\"https:\/\/itvplus.net\/vinabox-x6-pro\">Vinabox X6<\/a><a href=\"https:\/\/itvplus.net\/vinabox-x6-pro\">\u00a0Pro<\/a>\u00a0c\u0169ng s\u1ebd l\u00e0m b\u1ea1n c\u1ea3m th\u1ea5y \u0111\u01a1n gi\u1ea3n h\u01a1n nhi\u1ec1u so v\u1edbi c\u00e1c thi\u1ebft b\u1ecb kh\u00e1c. B\u1ea1n ho\u00e0n to\u00e0n c\u00f3 th\u1ec3 t\u00ecm ki\u1ebfm gi\u1ecdng n\u00f3i ngay t\u1eeb giao di\u1ec7n ch\u00ednh v\u00e0 m\u1edf xem tr\u1ef1c ti\u1ebfp, \u0111\u1ed3ng th\u1eddi b\u1ea1n c\u0169ng c\u00f3 th\u1ec3 t\u00ecm ki\u1ebfm gi\u1ecdng n\u00f3i trong c\u00e1c \u1ee9ng d\u1ee5ng ri\u00eang bi\u1ec7t nh\u01b0 Youtube, CHPlay, HDTivi m\u00e0 kh\u00f4ng chung m\u1ed9t tr\u00ecnh t\u00ecm ki\u1ebfm\u00a0 v\u00e0 tr\u1ea3 1 k\u1ebft qu\u1ea3 nh\u01b0 tr\u00ean c\u00e1c box ch\u1ea1y Android TV ( Mibox, Meecool KM9&#8230;)<\/p>\n<p>&nbsp;<\/p>\n<p align=\"center\"><img decoding=\"async\" src=\"https:\/\/bizweb.dktcdn.net\/100\/171\/173\/files\/x6i.jpg?v=1579416371599\" data-thumb=\"original\" \/><\/p>\n<p align=\"center\"><img decoding=\"async\" src=\"https:\/\/bizweb.dktcdn.net\/100\/171\/173\/files\/x6n.jpg?v=1579416382893\" data-thumb=\"original\" \/><\/p>\n<p>TH\u00d4NG TIN PH\u00c2N PH\u1ed0I, B\u1ea2O H\u00c0NH<\/p>\n<p>&#8211;\u00a0<a href=\"https:\/\/itvplus.net\/vinabox-x6-pro\">VINABOX X6<\/a><a href=\"https:\/\/itvplus.net\/vinabox-x6-pro\">\u00a0Pro<\/a>\u00a0\u0111\u01b0\u1ee3c ph\u00e2n ph\u1ed1i ch\u00ednh h\u00e3ng b\u1edfi VINAGO Co.,Ltd<\/p>\n<p>&#8211; B\u1ea3o h\u00e0nh ch\u00ednh h\u00e3ng 12 th\u00e1ng<\/p>\n<p>TH\u00d4NG TIN G\u00d3I S\u1ea2N PH\u1ea8M<\/p>\n<p>&#8211; Thi\u1ebft b\u1ecb\u00a0<a href=\"https:\/\/itvplus.net\/vinabox-x6-pro\">Vinabox X6<\/a><a href=\"https:\/\/itvplus.net\/vinabox-x6-pro\">\u00a0Pro<\/a><\/p>\n<p>&#8211; Cab k\u1ebft n\u1ed1i HDMI<\/p>\n<p>&#8211; Cab k\u1ebft n\u1ed1i AV<\/p>\n<\/div>\n","protected":false},"excerpt":{"rendered":"<p>M\u00d4 T\u1ea2 S\u1ea2N PH\u1ea8M VINABOX X6 Pro\u00a0&#8211; RAM 2GB, M\u1eaaU VINABOX M\u1edaI NH\u1ea4T N\u0102M 2020 T\u00ccM KI\u1ebeM GI\u1eccNG N\u00d3I,\u00a0ANDROID 7.1.2 TH\u00d4NG S\u1ed0 C\u01a0 B\u1ea2N CPU: ALLWINNER H3 QUAD CORE GPU: MALI 400 MP2 RAM: 2GB DDR3 ROM: 8GB EMMC OS: HDPLAY OS, ANDROID 7.1.2 SUPPORT: 4K 60FPS, H.265 HEVC, DOLBY, DTS \u0110\u1eb6C \u0110I\u1ec2M N\u1ed4I B\u1eacT [&#8230;]\n","protected":false},"featured_media":5496,"comment_status":"open","ping_status":"closed","template":"","meta":{"_monsterinsights_skip_tracking":false,"_monsterinsights_sitenote_active":false,"_monsterinsights_sitenote_note":"","_monsterinsights_sitenote_category":0},"product_brand":[],"product_cat":[15],"product_tag":[],"class_list":{"0":"post-5495","1":"product","2":"type-product","3":"status-publish","4":"has-post-thumbnail","6":"product_cat-uncategorized","8":"first","9":"instock","10":"shipping-taxable","11":"purchasable","12":"product-type-simple"},"aioseo_notices":[],"yoast_head":"<!-- This site is optimized with the Yoast SEO plugin v27.5 - https:\/\/yoast.com\/product\/yoast-seo-wordpress\/ -->\n<title>BOX TIVI VINABOX X9 PLUS - L\u1ee3i L\u1ed9c Camera<\/title>\n<meta name=\"description\" content=\"CPU: ALLWINNER H3 QUAD COREGPU: MALI 400 MP2RAM: 2GB DDR3ROM: 8GB EMMCOS: HDPLAY OS, ANDROID 7.1.2SUPPORT: 4K 60FPS, H.265 HEVC, DOLBY, DTS\" \/>\n<meta name=\"robots\" content=\"index, follow, max-snippet:-1, max-image-preview:large, max-video-preview:-1\" \/>\n<link rel=\"canonical\" href=\"https:\/\/loiloccamera.com\/index.php\/product\/box-tivi-vinabox-x9-plus\/\" \/>\n<meta property=\"og:locale\" content=\"vi_VN\" \/>\n<meta property=\"og:type\" content=\"article\" \/>\n<meta property=\"og:title\" content=\"BOX TIVI VINABOX X9 PLUS - L\u1ee3i L\u1ed9c Camera\" \/>\n<meta property=\"og:description\" content=\"CPU: ALLWINNER H3 QUAD COREGPU: MALI 400 MP2RAM: 2GB DDR3ROM: 8GB EMMCOS: HDPLAY OS, ANDROID 7.1.2SUPPORT: 4K 60FPS, H.265 HEVC, DOLBY, DTS\" \/>\n<meta property=\"og:url\" content=\"https:\/\/loiloccamera.com\/index.php\/product\/box-tivi-vinabox-x9-plus\/\" \/>\n<meta property=\"og:site_name\" content=\"L\u1ee3i L\u1ed9c Camera\" \/>\n<meta property=\"article:publisher\" content=\"https:\/\/www.facebook.com\/loiloccamera\/\" \/>\n<meta property=\"article:modified_time\" content=\"2022-06-10T08:53:04+00:00\" \/>\n<meta property=\"og:image\" content=\"https:\/\/loiloccamera.com\/wp-content\/uploads\/2020\/06\/vinabox-x6-pro-ram-2gb-vinabox-moi-nhat-2020_450x450.jpg\" \/>\n\t<meta property=\"og:image:width\" content=\"450\" \/>\n\t<meta property=\"og:image:height\" content=\"450\" \/>\n\t<meta property=\"og:image:type\" content=\"image\/jpeg\" \/>\n<meta name=\"twitter:card\" content=\"summary_large_image\" \/>\n<meta name=\"twitter:label1\" content=\"\u01af\u1edbc t\u00ednh th\u1eddi gian \u0111\u1ecdc\" \/>\n\t<meta name=\"twitter:data1\" content=\"6 ph\u00fat\" \/>\n<script type=\"application\/ld+json\" class=\"yoast-schema-graph\">{\"@context\":\"https:\\\/\\\/schema.org\",\"@graph\":[{\"@type\":\"WebPage\",\"@id\":\"https:\\\/\\\/loiloccamera.com\\\/index.php\\\/product\\\/box-tivi-vinabox-x9-plus\\\/\",\"url\":\"https:\\\/\\\/loiloccamera.com\\\/index.php\\\/product\\\/box-tivi-vinabox-x9-plus\\\/\",\"name\":\"BOX TIVI VINABOX X9 PLUS - L\u1ee3i L\u1ed9c Camera\",\"isPartOf\":{\"@id\":\"https:\\\/\\\/loiloccamera.com\\\/#website\"},\"primaryImageOfPage\":{\"@id\":\"https:\\\/\\\/loiloccamera.com\\\/index.php\\\/product\\\/box-tivi-vinabox-x9-plus\\\/#primaryimage\"},\"image\":{\"@id\":\"https:\\\/\\\/loiloccamera.com\\\/index.php\\\/product\\\/box-tivi-vinabox-x9-plus\\\/#primaryimage\"},\"thumbnailUrl\":\"https:\\\/\\\/loiloccamera.com\\\/wp-content\\\/uploads\\\/2020\\\/06\\\/vinabox-x6-pro-ram-2gb-vinabox-moi-nhat-2020_450x450.jpg\",\"datePublished\":\"2020-06-23T01:54:05+00:00\",\"dateModified\":\"2022-06-10T08:53:04+00:00\",\"description\":\"CPU: ALLWINNER H3 QUAD COREGPU: MALI 400 MP2RAM: 2GB DDR3ROM: 8GB EMMCOS: HDPLAY OS, ANDROID 7.1.2SUPPORT: 4K 60FPS, H.265 HEVC, DOLBY, DTS\",\"breadcrumb\":{\"@id\":\"https:\\\/\\\/loiloccamera.com\\\/index.php\\\/product\\\/box-tivi-vinabox-x9-plus\\\/#breadcrumb\"},\"inLanguage\":\"vi\",\"potentialAction\":[{\"@type\":\"ReadAction\",\"target\":[\"https:\\\/\\\/loiloccamera.com\\\/index.php\\\/product\\\/box-tivi-vinabox-x9-plus\\\/\"]}]},{\"@type\":\"ImageObject\",\"inLanguage\":\"vi\",\"@id\":\"https:\\\/\\\/loiloccamera.com\\\/index.php\\\/product\\\/box-tivi-vinabox-x9-plus\\\/#primaryimage\",\"url\":\"https:\\\/\\\/loiloccamera.com\\\/wp-content\\\/uploads\\\/2020\\\/06\\\/vinabox-x6-pro-ram-2gb-vinabox-moi-nhat-2020_450x450.jpg\",\"contentUrl\":\"https:\\\/\\\/loiloccamera.com\\\/wp-content\\\/uploads\\\/2020\\\/06\\\/vinabox-x6-pro-ram-2gb-vinabox-moi-nhat-2020_450x450.jpg\",\"width\":450,\"height\":450},{\"@type\":\"BreadcrumbList\",\"@id\":\"https:\\\/\\\/loiloccamera.com\\\/index.php\\\/product\\\/box-tivi-vinabox-x9-plus\\\/#breadcrumb\",\"itemListElement\":[{\"@type\":\"ListItem\",\"position\":1,\"name\":\"Trang ch\u1ee7\",\"item\":\"https:\\\/\\\/loiloccamera.com\\\/\"},{\"@type\":\"ListItem\",\"position\":2,\"name\":\"C\u1eeda h\u00e0ng\",\"item\":\"https:\\\/\\\/loiloccamera.com\\\/index.php\\\/mua\\\/\"},{\"@type\":\"ListItem\",\"position\":3,\"name\":\"BOX TIVI VINABOX X9 PLUS\"}]},{\"@type\":\"WebSite\",\"@id\":\"https:\\\/\\\/loiloccamera.com\\\/#website\",\"url\":\"https:\\\/\\\/loiloccamera.com\\\/\",\"name\":\"L\u1ee3i L\u1ed9c Camera\",\"description\":\"Uy t\u00ednh v\u00e0 ch\u1ea5t l\u01b0\u1ee3ng h\u00e0ng \u0111\u1ea7u .\",\"publisher\":{\"@id\":\"https:\\\/\\\/loiloccamera.com\\\/#organization\"},\"potentialAction\":[{\"@type\":\"SearchAction\",\"target\":{\"@type\":\"EntryPoint\",\"urlTemplate\":\"https:\\\/\\\/loiloccamera.com\\\/?s={search_term_string}\"},\"query-input\":{\"@type\":\"PropertyValueSpecification\",\"valueRequired\":true,\"valueName\":\"search_term_string\"}}],\"inLanguage\":\"vi\"},{\"@type\":\"Organization\",\"@id\":\"https:\\\/\\\/loiloccamera.com\\\/#organization\",\"name\":\"L\u1ee3i L\u1ed9c Camera\",\"url\":\"https:\\\/\\\/loiloccamera.com\\\/\",\"logo\":{\"@type\":\"ImageObject\",\"inLanguage\":\"vi\",\"@id\":\"https:\\\/\\\/loiloccamera.com\\\/#\\\/schema\\\/logo\\\/image\\\/\",\"url\":\"https:\\\/\\\/loiloccamera.com\\\/wp-content\\\/uploads\\\/2024\\\/06\\\/Loi-Loc-tron.png\",\"contentUrl\":\"https:\\\/\\\/loiloccamera.com\\\/wp-content\\\/uploads\\\/2024\\\/06\\\/Loi-Loc-tron.png\",\"width\":516,\"height\":513,\"caption\":\"L\u1ee3i L\u1ed9c Camera\"},\"image\":{\"@id\":\"https:\\\/\\\/loiloccamera.com\\\/#\\\/schema\\\/logo\\\/image\\\/\"},\"sameAs\":[\"https:\\\/\\\/www.facebook.com\\\/loiloccamera\\\/\"]}]}<\/script>\n<!-- \/ Yoast SEO plugin. -->","yoast_head_json":{"title":"BOX TIVI VINABOX X9 PLUS - L\u1ee3i L\u1ed9c Camera","description":"CPU: ALLWINNER H3 QUAD COREGPU: MALI 400 MP2RAM: 2GB DDR3ROM: 8GB EMMCOS: HDPLAY OS, ANDROID 7.1.2SUPPORT: 4K 60FPS, H.265 HEVC, DOLBY, DTS","robots":{"index":"index","follow":"follow","max-snippet":"max-snippet:-1","max-image-preview":"max-image-preview:large","max-video-preview":"max-video-preview:-1"},"canonical":"https:\/\/loiloccamera.com\/index.php\/product\/box-tivi-vinabox-x9-plus\/","og_locale":"vi_VN","og_type":"article","og_title":"BOX TIVI VINABOX X9 PLUS - L\u1ee3i L\u1ed9c Camera","og_description":"CPU: ALLWINNER H3 QUAD COREGPU: MALI 400 MP2RAM: 2GB DDR3ROM: 8GB EMMCOS: HDPLAY OS, ANDROID 7.1.2SUPPORT: 4K 60FPS, H.265 HEVC, DOLBY, DTS","og_url":"https:\/\/loiloccamera.com\/index.php\/product\/box-tivi-vinabox-x9-plus\/","og_site_name":"L\u1ee3i L\u1ed9c Camera","article_publisher":"https:\/\/www.facebook.com\/loiloccamera\/","article_modified_time":"2022-06-10T08:53:04+00:00","og_image":[{"width":450,"height":450,"url":"https:\/\/loiloccamera.com\/wp-content\/uploads\/2020\/06\/vinabox-x6-pro-ram-2gb-vinabox-moi-nhat-2020_450x450.jpg","type":"image\/jpeg"}],"twitter_card":"summary_large_image","twitter_misc":{"\u01af\u1edbc t\u00ednh th\u1eddi gian \u0111\u1ecdc":"6 ph\u00fat"},"schema":{"@context":"https:\/\/schema.org","@graph":[{"@type":"WebPage","@id":"https:\/\/loiloccamera.com\/index.php\/product\/box-tivi-vinabox-x9-plus\/","url":"https:\/\/loiloccamera.com\/index.php\/product\/box-tivi-vinabox-x9-plus\/","name":"BOX TIVI VINABOX X9 PLUS - L\u1ee3i L\u1ed9c Camera","isPartOf":{"@id":"https:\/\/loiloccamera.com\/#website"},"primaryImageOfPage":{"@id":"https:\/\/loiloccamera.com\/index.php\/product\/box-tivi-vinabox-x9-plus\/#primaryimage"},"image":{"@id":"https:\/\/loiloccamera.com\/index.php\/product\/box-tivi-vinabox-x9-plus\/#primaryimage"},"thumbnailUrl":"https:\/\/loiloccamera.com\/wp-content\/uploads\/2020\/06\/vinabox-x6-pro-ram-2gb-vinabox-moi-nhat-2020_450x450.jpg","datePublished":"2020-06-23T01:54:05+00:00","dateModified":"2022-06-10T08:53:04+00:00","description":"CPU: ALLWINNER H3 QUAD COREGPU: MALI 400 MP2RAM: 2GB DDR3ROM: 8GB EMMCOS: HDPLAY OS, ANDROID 7.1.2SUPPORT: 4K 60FPS, H.265 HEVC, DOLBY, DTS","breadcrumb":{"@id":"https:\/\/loiloccamera.com\/index.php\/product\/box-tivi-vinabox-x9-plus\/#breadcrumb"},"inLanguage":"vi","potentialAction":[{"@type":"ReadAction","target":["https:\/\/loiloccamera.com\/index.php\/product\/box-tivi-vinabox-x9-plus\/"]}]},{"@type":"ImageObject","inLanguage":"vi","@id":"https:\/\/loiloccamera.com\/index.php\/product\/box-tivi-vinabox-x9-plus\/#primaryimage","url":"https:\/\/loiloccamera.com\/wp-content\/uploads\/2020\/06\/vinabox-x6-pro-ram-2gb-vinabox-moi-nhat-2020_450x450.jpg","contentUrl":"https:\/\/loiloccamera.com\/wp-content\/uploads\/2020\/06\/vinabox-x6-pro-ram-2gb-vinabox-moi-nhat-2020_450x450.jpg","width":450,"height":450},{"@type":"BreadcrumbList","@id":"https:\/\/loiloccamera.com\/index.php\/product\/box-tivi-vinabox-x9-plus\/#breadcrumb","itemListElement":[{"@type":"ListItem","position":1,"name":"Trang ch\u1ee7","item":"https:\/\/loiloccamera.com\/"},{"@type":"ListItem","position":2,"name":"C\u1eeda h\u00e0ng","item":"https:\/\/loiloccamera.com\/index.php\/mua\/"},{"@type":"ListItem","position":3,"name":"BOX TIVI VINABOX X9 PLUS"}]},{"@type":"WebSite","@id":"https:\/\/loiloccamera.com\/#website","url":"https:\/\/loiloccamera.com\/","name":"L\u1ee3i L\u1ed9c Camera","description":"Uy t\u00ednh v\u00e0 ch\u1ea5t l\u01b0\u1ee3ng h\u00e0ng \u0111\u1ea7u .","publisher":{"@id":"https:\/\/loiloccamera.com\/#organization"},"potentialAction":[{"@type":"SearchAction","target":{"@type":"EntryPoint","urlTemplate":"https:\/\/loiloccamera.com\/?s={search_term_string}"},"query-input":{"@type":"PropertyValueSpecification","valueRequired":true,"valueName":"search_term_string"}}],"inLanguage":"vi"},{"@type":"Organization","@id":"https:\/\/loiloccamera.com\/#organization","name":"L\u1ee3i L\u1ed9c Camera","url":"https:\/\/loiloccamera.com\/","logo":{"@type":"ImageObject","inLanguage":"vi","@id":"https:\/\/loiloccamera.com\/#\/schema\/logo\/image\/","url":"https:\/\/loiloccamera.com\/wp-content\/uploads\/2024\/06\/Loi-Loc-tron.png","contentUrl":"https:\/\/loiloccamera.com\/wp-content\/uploads\/2024\/06\/Loi-Loc-tron.png","width":516,"height":513,"caption":"L\u1ee3i L\u1ed9c Camera"},"image":{"@id":"https:\/\/loiloccamera.com\/#\/schema\/logo\/image\/"},"sameAs":["https:\/\/www.facebook.com\/loiloccamera\/"]}]}},"_links":{"self":[{"href":"https:\/\/loiloccamera.com\/index.php\/wp-json\/wp\/v2\/product\/5495","targetHints":{"allow":["GET"]}}],"collection":[{"href":"https:\/\/loiloccamera.com\/index.php\/wp-json\/wp\/v2\/product"}],"about":[{"href":"https:\/\/loiloccamera.com\/index.php\/wp-json\/wp\/v2\/types\/product"}],"replies":[{"embeddable":true,"href":"https:\/\/loiloccamera.com\/index.php\/wp-json\/wp\/v2\/comments?post=5495"}],"wp:featuredmedia":[{"embeddable":true,"href":"https:\/\/loiloccamera.com\/index.php\/wp-json\/wp\/v2\/media\/5496"}],"wp:attachment":[{"href":"https:\/\/loiloccamera.com\/index.php\/wp-json\/wp\/v2\/media?parent=5495"}],"wp:term":[{"taxonomy":"product_brand","embeddable":true,"href":"https:\/\/loiloccamera.com\/index.php\/wp-json\/wp\/v2\/product_brand?post=5495"},{"taxonomy":"product_cat","embeddable":true,"href":"https:\/\/loiloccamera.com\/index.php\/wp-json\/wp\/v2\/product_cat?post=5495"},{"taxonomy":"product_tag","embeddable":true,"href":"https:\/\/loiloccamera.com\/index.php\/wp-json\/wp\/v2\/product_tag?post=5495"}],"curies":[{"name":"wp","href":"https:\/\/api.w.org\/{rel}","templated":true}]}}