{"id":7751,"date":"2024-06-22T17:23:29","date_gmt":"2024-06-22T10:23:29","guid":{"rendered":"https:\/\/loiloccamera.com\/?post_type=product&#038;p=7751"},"modified":"2024-06-22T18:58:42","modified_gmt":"2024-06-22T11:58:42","slug":"camera-ezviz-h3-5mp-3k","status":"publish","type":"product","link":"https:\/\/loiloccamera.com\/index.php\/product\/camera-ezviz-h3-5mp-3k\/","title":{"rendered":"CAMERA EZVIZ H3 &#8211; 5MP 3K"},"content":{"rendered":"<p><img loading=\"lazy\" decoding=\"async\" class=\"alignnone wp-image-7756 size-full\" src=\"https:\/\/loiloccamera.com\/wp-content\/uploads\/2024\/06\/Camera-ezviz-h3-5mp.jpeg\" alt=\"\" width=\"1439\" height=\"644\" srcset=\"https:\/\/loiloccamera.com\/wp-content\/uploads\/2024\/06\/Camera-ezviz-h3-5mp.jpeg 1439w, https:\/\/loiloccamera.com\/wp-content\/uploads\/2024\/06\/Camera-ezviz-h3-5mp-300x134.jpeg 300w, https:\/\/loiloccamera.com\/wp-content\/uploads\/2024\/06\/Camera-ezviz-h3-5mp-1024x458.jpeg 1024w, https:\/\/loiloccamera.com\/wp-content\/uploads\/2024\/06\/Camera-ezviz-h3-5mp-768x344.jpeg 768w, https:\/\/loiloccamera.com\/wp-content\/uploads\/2024\/06\/Camera-ezviz-h3-5mp-600x269.jpeg 600w\" sizes=\"auto, (max-width: 1439px) 100vw, 1439px\" \/><\/p>\n<h2><strong>Thi\u1ebft b\u1ecb b\u1ea3o v\u1ec7 ngo\u00e0i tr\u1eddi \u0111\u00e1ng tin c\u1eady v\u1edbi c\u00e1c t\u00ednh n\u0103ng th\u00f4ng minh b\u1ed5 sung<\/strong><\/h2>\n<p>\u0110\u00e2y c\u00f3 l\u1ebd l\u00e0 m\u1ed9t trong nh\u1eefng camera gia \u0111\u00ecnh b\u1ec1n b\u1ec9 v\u00e0 gi\u00e0u t\u00ednh n\u0103ng nh\u1ea5t hi\u1ec7n nay, \u0111\u01b0\u1ee3c thi\u1ebft k\u1ebf \u0111\u1ec3 b\u1ea3o v\u1ec7 ng\u00f4i nh\u00e0 c\u1ee7a b\u1ea1n 24\/7. V\u1edbi tr\u00ed th\u00f4ng minh nh\u00e2n t\u1ea1o t\u00edch h\u1ee3p, camera H3 3K g\u1eedi th\u00f4ng b\u00e1o th\u00f4ng minh h\u01a1n khi ph\u00e1t hi\u1ec7n ng\u01b0\u1eddi, ph\u01b0\u01a1ng ti\u1ec7n v\u00e0 th\u1eadm ch\u00ed l\u00e0 m\u1ed9t c\u00e1i v\u1eaby tay. Hi\u1ec3n th\u1ecb m\u1ecdi th\u1ee9 v\u1edbi \u0111\u1ed9 r\u00f5 n\u00e9t 3K v\u1edbi t\u1ea7m nh\u00ecn ban \u0111\u00eam c\u00f3 m\u00e0u, camera l\u00e0 l\u1ef1a ch\u1ecdn l\u00fd t\u01b0\u1edfng n\u1ebfu b\u1ea1n c\u1ea7n nh\u00ecn r\u00f5 r\u00e0ng h\u01a1n \u1edf kh\u00f4ng gian ngo\u00e0i tr\u1eddi r\u1ed9ng l\u1edbn &#8211; d\u00f9 l\u00e0 s\u00e2n sau v\u00e0 l\u1ed1i v\u00e0o nh\u00e0, \u0111\u1ebfn trang tr\u1ea1i gia \u0111\u00ecnh hay b\u00e3i \u0111\u1eadu xe.<\/p>\n<p><img loading=\"lazy\" decoding=\"async\" class=\"alignnone wp-image-7757 size-full\" src=\"https:\/\/loiloccamera.com\/wp-content\/uploads\/2024\/06\/Tinh-nang-camera-ezviz-h3.jpeg\" alt=\"\" width=\"1440\" height=\"393\" srcset=\"https:\/\/loiloccamera.com\/wp-content\/uploads\/2024\/06\/Tinh-nang-camera-ezviz-h3.jpeg 1440w, https:\/\/loiloccamera.com\/wp-content\/uploads\/2024\/06\/Tinh-nang-camera-ezviz-h3-300x82.jpeg 300w, https:\/\/loiloccamera.com\/wp-content\/uploads\/2024\/06\/Tinh-nang-camera-ezviz-h3-1024x279.jpeg 1024w, https:\/\/loiloccamera.com\/wp-content\/uploads\/2024\/06\/Tinh-nang-camera-ezviz-h3-768x210.jpeg 768w, https:\/\/loiloccamera.com\/wp-content\/uploads\/2024\/06\/Tinh-nang-camera-ezviz-h3-600x164.jpeg 600w\" sizes=\"auto, (max-width: 1440px) 100vw, 1440px\" \/><\/p>\n<h2><strong>C\u00e1c t\u00ednh n\u0103ng AI h\u1eefu \u00edch \u0111\u1ec3 \u0111i\u1ec1u khi\u1ec3n th\u00f4ng minh h\u01a1n<\/strong><\/h2>\n<h2><strong>T\u00edch h\u1ee3p c\u00f4ng ngh\u1ec7 AI gi\u00fap ph\u00e1t hi\u1ec7n th\u00f4ng minh ch\u00ednh x\u00e1c h\u01a1n<\/strong><\/h2>\n<p>Thu\u1eadt to\u00e1n AI t\u00edch h\u1ee3p gi\u00fap camera ph\u00e1t hi\u1ec7n chuy\u1ec3n \u0111\u1ed9ng c\u1ee7a ng\u01b0\u1eddi v\u00e0 \u0111\u1eb7c bi\u1ec7t l\u00e0 c\u00e1c ph\u01b0\u01a1ng ti\u1ec7n \u0111ang di chuy\u1ec3n. \u0110i\u1ec1u n\u00e0y gi\u00fap gi\u1ea3m c\u1ea3nh b\u00e1o gi\u1ea3 do l\u00e1 r\u01a1i ho\u1eb7c c\u00f4n tr\u00f9ng bay qua, v\u00e0 th\u00f4ng b\u00e1o cho b\u1ea1n khi ai \u0111\u00f3 \u0111\u1ed7 xe trong khu v\u1ef1c thu\u1ed9c quy\u1ec1n s\u1edf h\u1eefu c\u1ee7a b\u1ea1n m\u00e0 kh\u00f4ng \u0111\u01b0\u1ee3c ph\u00e9p.<\/p>\n<h2><strong>Ch\u1ec9 c\u1ea7n v\u1eaby tay \u0111\u1ec3 kh\u1edfi t\u1ea1o cu\u1ed9c g\u1ecdi<\/strong><\/h2>\n<p>C\u00e1c th\u00e0nh vi\u00ean c\u00f3 th\u1ec3 v\u1eaby tay tr\u01b0\u1edbc camera \u0111\u1ec3 b\u1eaft \u0111\u1ea7u cu\u1ed9c g\u1ecdi \u0111i\u1ec7n video t\u1edbi \u0111i\u1ec7n tho\u1ea1i c\u1ee7a b\u1ea1n\u00b2. Nh\u1edd v\u1eady b\u00e9 nh\u00e0 b\u1ea1n c\u00f3 th\u1ec3 th\u00f4ng b\u00e1o cho b\u1ea1n bi\u1ebft m\u1ed7i khi ch\u00fang \u0111i h\u1ecdc v\u1ec1.<\/p>\n<p><img loading=\"lazy\" decoding=\"async\" class=\"alignnone wp-image-7758 size-full\" style=\"font-size: 14.4px;\" src=\"https:\/\/loiloccamera.com\/wp-content\/uploads\/2024\/06\/Camera-Ezviz-H3-3k-8-2.jpg\" alt=\"\" width=\"1400\" height=\"1150\" srcset=\"https:\/\/loiloccamera.com\/wp-content\/uploads\/2024\/06\/Camera-Ezviz-H3-3k-8-2.jpg 1400w, https:\/\/loiloccamera.com\/wp-content\/uploads\/2024\/06\/Camera-Ezviz-H3-3k-8-2-300x246.jpg 300w, https:\/\/loiloccamera.com\/wp-content\/uploads\/2024\/06\/Camera-Ezviz-H3-3k-8-2-1024x841.jpg 1024w, https:\/\/loiloccamera.com\/wp-content\/uploads\/2024\/06\/Camera-Ezviz-H3-3k-8-2-768x631.jpg 768w, https:\/\/loiloccamera.com\/wp-content\/uploads\/2024\/06\/Camera-Ezviz-H3-3k-8-2-600x493.jpg 600w\" sizes=\"auto, (max-width: 1400px) 100vw, 1400px\" \/><\/p>\n<h2 class=\"uppercase\"><strong>H\u00ecnh \u1ea3nh th\u1ef1c t\u1ebf c\u1ee7a camera\u00a0<\/strong><\/h2>\n<p><img loading=\"lazy\" decoding=\"async\" class=\"aligncenter wp-image-7752 size-full\" src=\"https:\/\/loiloccamera.com\/wp-content\/uploads\/2024\/06\/9c383fc8e70844561d19.jpg\" alt=\"\" width=\"1884\" height=\"871\" srcset=\"https:\/\/loiloccamera.com\/wp-content\/uploads\/2024\/06\/9c383fc8e70844561d19.jpg 1884w, https:\/\/loiloccamera.com\/wp-content\/uploads\/2024\/06\/9c383fc8e70844561d19-300x139.jpg 300w, https:\/\/loiloccamera.com\/wp-content\/uploads\/2024\/06\/9c383fc8e70844561d19-1024x473.jpg 1024w, https:\/\/loiloccamera.com\/wp-content\/uploads\/2024\/06\/9c383fc8e70844561d19-768x355.jpg 768w, https:\/\/loiloccamera.com\/wp-content\/uploads\/2024\/06\/9c383fc8e70844561d19-1536x710.jpg 1536w, https:\/\/loiloccamera.com\/wp-content\/uploads\/2024\/06\/9c383fc8e70844561d19-600x277.jpg 600w\" sizes=\"auto, (max-width: 1884px) 100vw, 1884px\" \/><\/p>\n","protected":false},"excerpt":{"rendered":"<p><u>\u0110\u1eb6C \u0110I\u1ec2M N\u1ed4I B\u1eacT:<\/u><\/p>\n<ul>\n<li>\u0110\u1ed9 ph\u00e2n gi\u1ea3i\u00a0<strong>3K &#8211;<\/strong>\u00a0<strong>5MP &#8211;\u00a0<\/strong>(2880 x 1620)<strong>\u00a0<\/strong>phi\u00ean b\u1ea3n cao c\u1ea5p<\/li>\n<li>Tu\u1ef3 ch\u1ec9nh\u00a0<strong>thi\u1ebft l\u1eadp v\u00f9ng c\u1ea3nh b\u00e1o<\/strong>\u00a0\u0111\u1ed9t nh\u1eadp<\/li>\n<li>Thu\u1eadt to\u00e1n AI\u00a0<strong>ph\u00e2n bi\u1ec7t ch\u00ednh x\u00e1c ng\u01b0\u1eddi, v\u1eadt, xe<\/strong><\/li>\n<li>Ph\u00f9 h\u1ee3p l\u1eafp \u0111\u1eb7t\u00a0<strong>ngo\u00e0i tr\u1eddi<\/strong><\/li>\n<li>Camera\u00a0<strong>ban \u0111\u00eam c\u00f3 m\u00e0u<\/strong><\/li>\n<li>H\u1ed7 tr\u1ee3\u00a0<strong>mic thu \u00e2m<\/strong><\/li>\n<li><strong>D\u00e0m tho\u1ea1i 2 chi\u1ec1u<\/strong><\/li>\n<li>Chu\u1ea9n ch\u1ed1ng n\u01b0\u1edbc<strong>\u00a0ip67<\/strong><\/li>\n<li><strong>C\u1ea3nh b\u00e1o<\/strong>\u00a0chuy\u1ec3n \u0111\u1ed9ng b\u1eb1ng gi\u1ecdng n\u00f3i<\/li>\n<li>H\u1ed7 tr\u1ee3\u00a0<strong>\u0111\u00e8n c\u00f2i b\u00e1o \u0111\u1ed9ng k\u00e9p<\/strong><\/li>\n<li>T\u1ea7m nh\u00ecn\u00a0<strong>c\u00f3 m\u00e0u<\/strong>\u00a0v\u00e0o ban \u0111\u00eam l\u00ean t\u1edbi\u00a0<strong>30M<\/strong><\/li>\n<li>H\u1ed7 tr\u1ee3 th\u1ebb nh\u1edb l\u00ean t\u1edbi<strong>\u00a0512Gb<\/strong><\/li>\n<li>V\u1ecf h\u1ed9p kim nh\u00f4m b\u1ec1n b\u1ec9 theo th\u1eddi gian<\/li>\n<li><strong>Ti\u1ebft ki\u1ec7m \u0111i\u1ec7n<\/strong>\u00a0h\u00e0ng th\u00e1ng (12V)<\/li>\n<li>B\u1ea3o h\u00e0nh\u00a0<strong>2 n\u0103m<\/strong>.<\/li>\n<\/ul>\n","protected":false},"featured_media":7753,"comment_status":"open","ping_status":"closed","template":"","meta":{"_monsterinsights_skip_tracking":false,"_monsterinsights_sitenote_active":false,"_monsterinsights_sitenote_note":"","_monsterinsights_sitenote_category":0},"product_brand":[],"product_cat":[52],"product_tag":[54,53],"class_list":{"0":"post-7751","1":"product","2":"type-product","3":"status-publish","4":"has-post-thumbnail","6":"product_cat-camera-ezviz","7":"product_tag-camera-ezviz-h3-5mp-3k","8":"product_tag-camera-ngoai-troi-wifi-5mp","10":"first","11":"instock","12":"sale","13":"featured","14":"shipping-taxable","15":"purchasable","16":"product-type-simple"},"aioseo_notices":[],"yoast_head":"<!-- This site is optimized with the Yoast SEO plugin v27.5 - https:\/\/yoast.com\/product\/yoast-seo-wordpress\/ -->\n<title>CAMERA EZVIZ H3 - 5MP 3K - L\u1ee3i L\u1ed9c Camera<\/title>\n<meta name=\"description\" content=\"\u0110\u1ed9 ph\u00e2n gi\u1ea3i 3K - 5MP - (2880 x 1620) phi\u00ean b\u1ea3n cao c\u1ea5pT\u1ed1c \u0111\u1ed9 khung h\u00ecnh 30fpsThu\u1eadt to\u00e1n AI ph\u00e2n bi\u1ec7t ch\u00ednh x\u00e1c ng\u01b0\u1eddi, v\u1eadt, xePh\u00f9 h\u1ee3p l\u1eafp \u0111\u1eb7t ngo\u00e0i tr\u1eddiCamera ban \u0111\u00eam c\u00f3 m\u00e0uH\u1ed7 tr\u1ee3 mic thu \u00e2mD\u00e0m tho\u1ea1i 2 chi\u1ec1uChu\u1ea9n ch\u1ed1ng n\u01b0\u1edbc ip67C\u1ea3nh b\u00e1o chuy\u1ec3n \u0111\u1ed9ng b\u1eb1ng gi\u1ecdng n\u00f3iH\u1ed7 tr\u1ee3 \u0111\u00e8n c\u00f2i b\u00e1o \u0111\u1ed9ng k\u00e9pT\u1ea7m nh\u00ecn c\u00f3 m\u00e0u v\u00e0o ban \u0111\u00eam l\u00ean t\u1edbi 30MH\u1ed7 tr\u1ee3 th\u1ebb nh\u1edb l\u00ean t\u1edbi 512GbV\u1ecf h\u1ed9p kim nh\u00f4m b\u1ec1n b\u1ec9 theo th\u1eddi gianTi\u1ebft ki\u1ec7m \u0111i\u1ec7n h\u00e0ng th\u00e1ng (12V)B\u1ea3o h\u00e0nh 2 n\u0103m.\" \/>\n<meta name=\"robots\" content=\"index, follow, max-snippet:-1, max-image-preview:large, max-video-preview:-1\" \/>\n<link rel=\"canonical\" href=\"https:\/\/loiloccamera.com\/index.php\/product\/camera-ezviz-h3-5mp-3k\/\" \/>\n<meta property=\"og:locale\" content=\"vi_VN\" \/>\n<meta property=\"og:type\" content=\"article\" \/>\n<meta property=\"og:title\" content=\"CAMERA EZVIZ H3 - 5MP 3K - L\u1ee3i L\u1ed9c Camera\" \/>\n<meta property=\"og:description\" content=\"\u0110\u1ed9 ph\u00e2n gi\u1ea3i 3K - 5MP - (2880 x 1620) phi\u00ean b\u1ea3n cao c\u1ea5pT\u1ed1c \u0111\u1ed9 khung h\u00ecnh 30fpsThu\u1eadt to\u00e1n AI ph\u00e2n bi\u1ec7t ch\u00ednh x\u00e1c ng\u01b0\u1eddi, v\u1eadt, xePh\u00f9 h\u1ee3p l\u1eafp \u0111\u1eb7t ngo\u00e0i tr\u1eddiCamera ban \u0111\u00eam c\u00f3 m\u00e0uH\u1ed7 tr\u1ee3 mic thu \u00e2mD\u00e0m tho\u1ea1i 2 chi\u1ec1uChu\u1ea9n ch\u1ed1ng n\u01b0\u1edbc ip67C\u1ea3nh b\u00e1o chuy\u1ec3n \u0111\u1ed9ng b\u1eb1ng gi\u1ecdng n\u00f3iH\u1ed7 tr\u1ee3 \u0111\u00e8n c\u00f2i b\u00e1o \u0111\u1ed9ng k\u00e9pT\u1ea7m nh\u00ecn c\u00f3 m\u00e0u v\u00e0o ban \u0111\u00eam l\u00ean t\u1edbi 30MH\u1ed7 tr\u1ee3 th\u1ebb nh\u1edb l\u00ean t\u1edbi 512GbV\u1ecf h\u1ed9p kim nh\u00f4m b\u1ec1n b\u1ec9 theo th\u1eddi gianTi\u1ebft ki\u1ec7m \u0111i\u1ec7n h\u00e0ng th\u00e1ng (12V)B\u1ea3o h\u00e0nh 2 n\u0103m.\" \/>\n<meta property=\"og:url\" content=\"https:\/\/loiloccamera.com\/index.php\/product\/camera-ezviz-h3-5mp-3k\/\" \/>\n<meta property=\"og:site_name\" content=\"L\u1ee3i L\u1ed9c Camera\" \/>\n<meta property=\"article:publisher\" content=\"https:\/\/www.facebook.com\/loiloccamera\/\" \/>\n<meta property=\"article:modified_time\" content=\"2024-06-22T11:58:42+00:00\" \/>\n<meta property=\"og:image\" content=\"https:\/\/loiloccamera.com\/wp-content\/uploads\/2024\/06\/723917996086.png\" \/>\n\t<meta property=\"og:image:width\" content=\"450\" \/>\n\t<meta property=\"og:image:height\" content=\"430\" \/>\n\t<meta property=\"og:image:type\" content=\"image\/png\" \/>\n<meta name=\"twitter:card\" content=\"summary_large_image\" \/>\n<meta name=\"twitter:label1\" content=\"\u01af\u1edbc t\u00ednh th\u1eddi gian \u0111\u1ecdc\" \/>\n\t<meta name=\"twitter:data1\" content=\"3 ph\u00fat\" \/>\n<script type=\"application\/ld+json\" class=\"yoast-schema-graph\">{\"@context\":\"https:\\\/\\\/schema.org\",\"@graph\":[{\"@type\":\"WebPage\",\"@id\":\"https:\\\/\\\/loiloccamera.com\\\/index.php\\\/product\\\/camera-ezviz-h3-5mp-3k\\\/\",\"url\":\"https:\\\/\\\/loiloccamera.com\\\/index.php\\\/product\\\/camera-ezviz-h3-5mp-3k\\\/\",\"name\":\"CAMERA EZVIZ H3 - 5MP 3K - L\u1ee3i L\u1ed9c Camera\",\"isPartOf\":{\"@id\":\"https:\\\/\\\/loiloccamera.com\\\/#website\"},\"primaryImageOfPage\":{\"@id\":\"https:\\\/\\\/loiloccamera.com\\\/index.php\\\/product\\\/camera-ezviz-h3-5mp-3k\\\/#primaryimage\"},\"image\":{\"@id\":\"https:\\\/\\\/loiloccamera.com\\\/index.php\\\/product\\\/camera-ezviz-h3-5mp-3k\\\/#primaryimage\"},\"thumbnailUrl\":\"https:\\\/\\\/loiloccamera.com\\\/wp-content\\\/uploads\\\/2024\\\/06\\\/723917996086.png\",\"datePublished\":\"2024-06-22T10:23:29+00:00\",\"dateModified\":\"2024-06-22T11:58:42+00:00\",\"description\":\"\u0110\u1ed9 ph\u00e2n gi\u1ea3i 3K - 5MP - (2880 x 1620) phi\u00ean b\u1ea3n cao c\u1ea5pT\u1ed1c \u0111\u1ed9 khung h\u00ecnh 30fpsThu\u1eadt to\u00e1n AI ph\u00e2n bi\u1ec7t ch\u00ednh x\u00e1c ng\u01b0\u1eddi, v\u1eadt, xePh\u00f9 h\u1ee3p l\u1eafp \u0111\u1eb7t ngo\u00e0i tr\u1eddiCamera ban \u0111\u00eam c\u00f3 m\u00e0uH\u1ed7 tr\u1ee3 mic thu \u00e2mD\u00e0m tho\u1ea1i 2 chi\u1ec1uChu\u1ea9n ch\u1ed1ng n\u01b0\u1edbc ip67C\u1ea3nh b\u00e1o chuy\u1ec3n \u0111\u1ed9ng b\u1eb1ng gi\u1ecdng n\u00f3iH\u1ed7 tr\u1ee3 \u0111\u00e8n c\u00f2i b\u00e1o \u0111\u1ed9ng k\u00e9pT\u1ea7m nh\u00ecn c\u00f3 m\u00e0u v\u00e0o ban \u0111\u00eam l\u00ean t\u1edbi 30MH\u1ed7 tr\u1ee3 th\u1ebb nh\u1edb l\u00ean t\u1edbi 512GbV\u1ecf h\u1ed9p kim nh\u00f4m b\u1ec1n b\u1ec9 theo th\u1eddi gianTi\u1ebft ki\u1ec7m \u0111i\u1ec7n h\u00e0ng th\u00e1ng (12V)B\u1ea3o h\u00e0nh 2 n\u0103m.\",\"breadcrumb\":{\"@id\":\"https:\\\/\\\/loiloccamera.com\\\/index.php\\\/product\\\/camera-ezviz-h3-5mp-3k\\\/#breadcrumb\"},\"inLanguage\":\"vi\",\"potentialAction\":[{\"@type\":\"ReadAction\",\"target\":[\"https:\\\/\\\/loiloccamera.com\\\/index.php\\\/product\\\/camera-ezviz-h3-5mp-3k\\\/\"]}]},{\"@type\":\"ImageObject\",\"inLanguage\":\"vi\",\"@id\":\"https:\\\/\\\/loiloccamera.com\\\/index.php\\\/product\\\/camera-ezviz-h3-5mp-3k\\\/#primaryimage\",\"url\":\"https:\\\/\\\/loiloccamera.com\\\/wp-content\\\/uploads\\\/2024\\\/06\\\/723917996086.png\",\"contentUrl\":\"https:\\\/\\\/loiloccamera.com\\\/wp-content\\\/uploads\\\/2024\\\/06\\\/723917996086.png\",\"width\":450,\"height\":430},{\"@type\":\"BreadcrumbList\",\"@id\":\"https:\\\/\\\/loiloccamera.com\\\/index.php\\\/product\\\/camera-ezviz-h3-5mp-3k\\\/#breadcrumb\",\"itemListElement\":[{\"@type\":\"ListItem\",\"position\":1,\"name\":\"Trang ch\u1ee7\",\"item\":\"https:\\\/\\\/loiloccamera.com\\\/\"},{\"@type\":\"ListItem\",\"position\":2,\"name\":\"C\u1eeda h\u00e0ng\",\"item\":\"https:\\\/\\\/loiloccamera.com\\\/index.php\\\/mua\\\/\"},{\"@type\":\"ListItem\",\"position\":3,\"name\":\"CAMERA EZVIZ H3 &#8211; 5MP 3K\"}]},{\"@type\":\"WebSite\",\"@id\":\"https:\\\/\\\/loiloccamera.com\\\/#website\",\"url\":\"https:\\\/\\\/loiloccamera.com\\\/\",\"name\":\"L\u1ee3i L\u1ed9c Camera\",\"description\":\"Uy t\u00ednh v\u00e0 ch\u1ea5t l\u01b0\u1ee3ng h\u00e0ng \u0111\u1ea7u .\",\"publisher\":{\"@id\":\"https:\\\/\\\/loiloccamera.com\\\/#organization\"},\"potentialAction\":[{\"@type\":\"SearchAction\",\"target\":{\"@type\":\"EntryPoint\",\"urlTemplate\":\"https:\\\/\\\/loiloccamera.com\\\/?s={search_term_string}\"},\"query-input\":{\"@type\":\"PropertyValueSpecification\",\"valueRequired\":true,\"valueName\":\"search_term_string\"}}],\"inLanguage\":\"vi\"},{\"@type\":\"Organization\",\"@id\":\"https:\\\/\\\/loiloccamera.com\\\/#organization\",\"name\":\"L\u1ee3i L\u1ed9c Camera\",\"url\":\"https:\\\/\\\/loiloccamera.com\\\/\",\"logo\":{\"@type\":\"ImageObject\",\"inLanguage\":\"vi\",\"@id\":\"https:\\\/\\\/loiloccamera.com\\\/#\\\/schema\\\/logo\\\/image\\\/\",\"url\":\"https:\\\/\\\/loiloccamera.com\\\/wp-content\\\/uploads\\\/2024\\\/06\\\/Loi-Loc-tron.png\",\"contentUrl\":\"https:\\\/\\\/loiloccamera.com\\\/wp-content\\\/uploads\\\/2024\\\/06\\\/Loi-Loc-tron.png\",\"width\":516,\"height\":513,\"caption\":\"L\u1ee3i L\u1ed9c Camera\"},\"image\":{\"@id\":\"https:\\\/\\\/loiloccamera.com\\\/#\\\/schema\\\/logo\\\/image\\\/\"},\"sameAs\":[\"https:\\\/\\\/www.facebook.com\\\/loiloccamera\\\/\"]}]}<\/script>\n<!-- \/ Yoast SEO plugin. -->","yoast_head_json":{"title":"CAMERA EZVIZ H3 - 5MP 3K - L\u1ee3i L\u1ed9c Camera","description":"\u0110\u1ed9 ph\u00e2n gi\u1ea3i 3K - 5MP - (2880 x 1620) phi\u00ean b\u1ea3n cao c\u1ea5pT\u1ed1c \u0111\u1ed9 khung h\u00ecnh 30fpsThu\u1eadt to\u00e1n AI ph\u00e2n bi\u1ec7t ch\u00ednh x\u00e1c ng\u01b0\u1eddi, v\u1eadt, xePh\u00f9 h\u1ee3p l\u1eafp \u0111\u1eb7t ngo\u00e0i tr\u1eddiCamera ban \u0111\u00eam c\u00f3 m\u00e0uH\u1ed7 tr\u1ee3 mic thu \u00e2mD\u00e0m tho\u1ea1i 2 chi\u1ec1uChu\u1ea9n ch\u1ed1ng n\u01b0\u1edbc ip67C\u1ea3nh b\u00e1o chuy\u1ec3n \u0111\u1ed9ng b\u1eb1ng gi\u1ecdng n\u00f3iH\u1ed7 tr\u1ee3 \u0111\u00e8n c\u00f2i b\u00e1o \u0111\u1ed9ng k\u00e9pT\u1ea7m nh\u00ecn c\u00f3 m\u00e0u v\u00e0o ban \u0111\u00eam l\u00ean t\u1edbi 30MH\u1ed7 tr\u1ee3 th\u1ebb nh\u1edb l\u00ean t\u1edbi 512GbV\u1ecf h\u1ed9p kim nh\u00f4m b\u1ec1n b\u1ec9 theo th\u1eddi gianTi\u1ebft ki\u1ec7m \u0111i\u1ec7n h\u00e0ng th\u00e1ng (12V)B\u1ea3o h\u00e0nh 2 n\u0103m.","robots":{"index":"index","follow":"follow","max-snippet":"max-snippet:-1","max-image-preview":"max-image-preview:large","max-video-preview":"max-video-preview:-1"},"canonical":"https:\/\/loiloccamera.com\/index.php\/product\/camera-ezviz-h3-5mp-3k\/","og_locale":"vi_VN","og_type":"article","og_title":"CAMERA EZVIZ H3 - 5MP 3K - L\u1ee3i L\u1ed9c Camera","og_description":"\u0110\u1ed9 ph\u00e2n gi\u1ea3i 3K - 5MP - (2880 x 1620) phi\u00ean b\u1ea3n cao c\u1ea5pT\u1ed1c \u0111\u1ed9 khung h\u00ecnh 30fpsThu\u1eadt to\u00e1n AI ph\u00e2n bi\u1ec7t ch\u00ednh x\u00e1c ng\u01b0\u1eddi, v\u1eadt, xePh\u00f9 h\u1ee3p l\u1eafp \u0111\u1eb7t ngo\u00e0i tr\u1eddiCamera ban \u0111\u00eam c\u00f3 m\u00e0uH\u1ed7 tr\u1ee3 mic thu \u00e2mD\u00e0m tho\u1ea1i 2 chi\u1ec1uChu\u1ea9n ch\u1ed1ng n\u01b0\u1edbc ip67C\u1ea3nh b\u00e1o chuy\u1ec3n \u0111\u1ed9ng b\u1eb1ng gi\u1ecdng n\u00f3iH\u1ed7 tr\u1ee3 \u0111\u00e8n c\u00f2i b\u00e1o \u0111\u1ed9ng k\u00e9pT\u1ea7m nh\u00ecn c\u00f3 m\u00e0u v\u00e0o ban \u0111\u00eam l\u00ean t\u1edbi 30MH\u1ed7 tr\u1ee3 th\u1ebb nh\u1edb l\u00ean t\u1edbi 512GbV\u1ecf h\u1ed9p kim nh\u00f4m b\u1ec1n b\u1ec9 theo th\u1eddi gianTi\u1ebft ki\u1ec7m \u0111i\u1ec7n h\u00e0ng th\u00e1ng (12V)B\u1ea3o h\u00e0nh 2 n\u0103m.","og_url":"https:\/\/loiloccamera.com\/index.php\/product\/camera-ezviz-h3-5mp-3k\/","og_site_name":"L\u1ee3i L\u1ed9c Camera","article_publisher":"https:\/\/www.facebook.com\/loiloccamera\/","article_modified_time":"2024-06-22T11:58:42+00:00","og_image":[{"width":450,"height":430,"url":"https:\/\/loiloccamera.com\/wp-content\/uploads\/2024\/06\/723917996086.png","type":"image\/png"}],"twitter_card":"summary_large_image","twitter_misc":{"\u01af\u1edbc t\u00ednh th\u1eddi gian \u0111\u1ecdc":"3 ph\u00fat"},"schema":{"@context":"https:\/\/schema.org","@graph":[{"@type":"WebPage","@id":"https:\/\/loiloccamera.com\/index.php\/product\/camera-ezviz-h3-5mp-3k\/","url":"https:\/\/loiloccamera.com\/index.php\/product\/camera-ezviz-h3-5mp-3k\/","name":"CAMERA EZVIZ H3 - 5MP 3K - L\u1ee3i L\u1ed9c Camera","isPartOf":{"@id":"https:\/\/loiloccamera.com\/#website"},"primaryImageOfPage":{"@id":"https:\/\/loiloccamera.com\/index.php\/product\/camera-ezviz-h3-5mp-3k\/#primaryimage"},"image":{"@id":"https:\/\/loiloccamera.com\/index.php\/product\/camera-ezviz-h3-5mp-3k\/#primaryimage"},"thumbnailUrl":"https:\/\/loiloccamera.com\/wp-content\/uploads\/2024\/06\/723917996086.png","datePublished":"2024-06-22T10:23:29+00:00","dateModified":"2024-06-22T11:58:42+00:00","description":"\u0110\u1ed9 ph\u00e2n gi\u1ea3i 3K - 5MP - (2880 x 1620) phi\u00ean b\u1ea3n cao c\u1ea5pT\u1ed1c \u0111\u1ed9 khung h\u00ecnh 30fpsThu\u1eadt to\u00e1n AI ph\u00e2n bi\u1ec7t ch\u00ednh x\u00e1c ng\u01b0\u1eddi, v\u1eadt, xePh\u00f9 h\u1ee3p l\u1eafp \u0111\u1eb7t ngo\u00e0i tr\u1eddiCamera ban \u0111\u00eam c\u00f3 m\u00e0uH\u1ed7 tr\u1ee3 mic thu \u00e2mD\u00e0m tho\u1ea1i 2 chi\u1ec1uChu\u1ea9n ch\u1ed1ng n\u01b0\u1edbc ip67C\u1ea3nh b\u00e1o chuy\u1ec3n \u0111\u1ed9ng b\u1eb1ng gi\u1ecdng n\u00f3iH\u1ed7 tr\u1ee3 \u0111\u00e8n c\u00f2i b\u00e1o \u0111\u1ed9ng k\u00e9pT\u1ea7m nh\u00ecn c\u00f3 m\u00e0u v\u00e0o ban \u0111\u00eam l\u00ean t\u1edbi 30MH\u1ed7 tr\u1ee3 th\u1ebb nh\u1edb l\u00ean t\u1edbi 512GbV\u1ecf h\u1ed9p kim nh\u00f4m b\u1ec1n b\u1ec9 theo th\u1eddi gianTi\u1ebft ki\u1ec7m \u0111i\u1ec7n h\u00e0ng th\u00e1ng (12V)B\u1ea3o h\u00e0nh 2 n\u0103m.","breadcrumb":{"@id":"https:\/\/loiloccamera.com\/index.php\/product\/camera-ezviz-h3-5mp-3k\/#breadcrumb"},"inLanguage":"vi","potentialAction":[{"@type":"ReadAction","target":["https:\/\/loiloccamera.com\/index.php\/product\/camera-ezviz-h3-5mp-3k\/"]}]},{"@type":"ImageObject","inLanguage":"vi","@id":"https:\/\/loiloccamera.com\/index.php\/product\/camera-ezviz-h3-5mp-3k\/#primaryimage","url":"https:\/\/loiloccamera.com\/wp-content\/uploads\/2024\/06\/723917996086.png","contentUrl":"https:\/\/loiloccamera.com\/wp-content\/uploads\/2024\/06\/723917996086.png","width":450,"height":430},{"@type":"BreadcrumbList","@id":"https:\/\/loiloccamera.com\/index.php\/product\/camera-ezviz-h3-5mp-3k\/#breadcrumb","itemListElement":[{"@type":"ListItem","position":1,"name":"Trang ch\u1ee7","item":"https:\/\/loiloccamera.com\/"},{"@type":"ListItem","position":2,"name":"C\u1eeda h\u00e0ng","item":"https:\/\/loiloccamera.com\/index.php\/mua\/"},{"@type":"ListItem","position":3,"name":"CAMERA EZVIZ H3 &#8211; 5MP 3K"}]},{"@type":"WebSite","@id":"https:\/\/loiloccamera.com\/#website","url":"https:\/\/loiloccamera.com\/","name":"L\u1ee3i L\u1ed9c Camera","description":"Uy t\u00ednh v\u00e0 ch\u1ea5t l\u01b0\u1ee3ng h\u00e0ng \u0111\u1ea7u .","publisher":{"@id":"https:\/\/loiloccamera.com\/#organization"},"potentialAction":[{"@type":"SearchAction","target":{"@type":"EntryPoint","urlTemplate":"https:\/\/loiloccamera.com\/?s={search_term_string}"},"query-input":{"@type":"PropertyValueSpecification","valueRequired":true,"valueName":"search_term_string"}}],"inLanguage":"vi"},{"@type":"Organization","@id":"https:\/\/loiloccamera.com\/#organization","name":"L\u1ee3i L\u1ed9c Camera","url":"https:\/\/loiloccamera.com\/","logo":{"@type":"ImageObject","inLanguage":"vi","@id":"https:\/\/loiloccamera.com\/#\/schema\/logo\/image\/","url":"https:\/\/loiloccamera.com\/wp-content\/uploads\/2024\/06\/Loi-Loc-tron.png","contentUrl":"https:\/\/loiloccamera.com\/wp-content\/uploads\/2024\/06\/Loi-Loc-tron.png","width":516,"height":513,"caption":"L\u1ee3i L\u1ed9c Camera"},"image":{"@id":"https:\/\/loiloccamera.com\/#\/schema\/logo\/image\/"},"sameAs":["https:\/\/www.facebook.com\/loiloccamera\/"]}]}},"_links":{"self":[{"href":"https:\/\/loiloccamera.com\/index.php\/wp-json\/wp\/v2\/product\/7751","targetHints":{"allow":["GET"]}}],"collection":[{"href":"https:\/\/loiloccamera.com\/index.php\/wp-json\/wp\/v2\/product"}],"about":[{"href":"https:\/\/loiloccamera.com\/index.php\/wp-json\/wp\/v2\/types\/product"}],"replies":[{"embeddable":true,"href":"https:\/\/loiloccamera.com\/index.php\/wp-json\/wp\/v2\/comments?post=7751"}],"wp:featuredmedia":[{"embeddable":true,"href":"https:\/\/loiloccamera.com\/index.php\/wp-json\/wp\/v2\/media\/7753"}],"wp:attachment":[{"href":"https:\/\/loiloccamera.com\/index.php\/wp-json\/wp\/v2\/media?parent=7751"}],"wp:term":[{"taxonomy":"product_brand","embeddable":true,"href":"https:\/\/loiloccamera.com\/index.php\/wp-json\/wp\/v2\/product_brand?post=7751"},{"taxonomy":"product_cat","embeddable":true,"href":"https:\/\/loiloccamera.com\/index.php\/wp-json\/wp\/v2\/product_cat?post=7751"},{"taxonomy":"product_tag","embeddable":true,"href":"https:\/\/loiloccamera.com\/index.php\/wp-json\/wp\/v2\/product_tag?post=7751"}],"curies":[{"name":"wp","href":"https:\/\/api.w.org\/{rel}","templated":true}]}}