{"id":7766,"date":"2024-06-25T11:32:08","date_gmt":"2024-06-25T04:32:08","guid":{"rendered":"https:\/\/loiloccamera.com\/?post_type=product&#038;p=7766"},"modified":"2024-06-25T11:45:46","modified_gmt":"2024-06-25T04:45:46","slug":"camera-wifi-khong-day-trong-nha-xoay360-imou-ipc-a32ep-l-3mp","status":"publish","type":"product","link":"https:\/\/loiloccamera.com\/index.php\/product\/camera-wifi-khong-day-trong-nha-xoay360-imou-ipc-a32ep-l-3mp\/","title":{"rendered":"Camera Wifi kh\u00f4ng d\u00e2y trong nh\u00e0 xoay 360 IMOU IPC A32EP-L 3MP"},"content":{"rendered":"<p><strong>Camera wifi kh\u00f4ng d\u00e2y trong nh\u00e0 IMOU IPC-A32EP-L<\/strong>\u00a0l\u00e0 d\u00f2ng camera wifi trong nh\u00e0\u00a0c\u00f3 \u0111\u1ed9 ph\u00e2n gi\u1ea3i 2K 3MP h\u00ecnh \u1ea3nh ch\u1ea5t l\u01b0\u1ee3ng, chi ti\u1ebft c\u00f9ng v\u1edbi h\u1ed7 tr\u1ee3 chu\u1ea9n n\u00e9n H.265 ti\u1ebft ki\u1ec7m 50% dung l\u01b0\u1ee3ng l\u01b0u tr\u1eef.\u00a0<strong>Camera wifi Imou IPC-A32EP-L<\/strong>\u00a0\u0111\u01b0\u1ee3c trang b\u1ecb t\u00edch h\u1ee3p mic v\u00e0 loa, \u0111\u00e0m tho\u1ea1i 2 chi\u1ec1u c\u00f9ng v\u1edbi h\u1ed3ng ngo\u1ea1i l\u00ean \u0111\u1ebfn 10m, quan s\u00e1t c\u00e1c \u0111\u1ed1i t\u01b0\u1ee3ng l\u1ea1 x\u00e2m nh\u1eadp tr\u00e1i ph\u00e9p t\u1eeb xa nhanh ch\u00f3ng.\u00a0Th\u00eam v\u00e0o\u00a0\u0111\u00f3,\u00a0<strong>Camera\u00a0IPC-A32EP-L\u00a0<\/strong>\u0111\u01b0\u1ee3c t\u00edch h\u1ee3p\u00a0c\u00f4ng ngh\u1ec7 hi\u1ec7n \u0111\u1ea1i gi\u00fap\u00a0ph\u00e1t hi\u1ec7n chuy\u1ec3n \u0111\u1ed9ng v\u00e0 con ng\u01b0\u1eddi v\u00e0 ph\u00e1t hi\u1ec7n \u00e2m thanh b\u1ea5t th\u01b0\u1eddng. C\u00f9ng v\u1edbi\u00a0IPC-A32EP-L \u0111\u01b0\u1ee3c trang b\u1ecb ch\u1ebf \u0111\u1ed9 ri\u00eang t\u01b0 v\u00e0 t\u00edch h\u1ee3p c\u00f2i b\u00e1o \u0111\u1ed9ng c\u1ea3nh b\u00e1o nh\u1eefng \u0111\u1ed1i t\u01b0\u1ee3ng l\u1ea1 x\u00e2m nh\u1eadp.<\/p>\n<p>&nbsp;<\/p>\n<p>Ngo\u00e0i ra, Camera wifi trong nh\u00e0 IMOU IPC-A32EP-L l\u00e0 m\u1ed9t trong c\u00e1c s\u1ea3n ph\u1ea9m thu\u1ed9c d\u00f2ng <strong>camera IMOU<\/strong> v\u1edbi r\u1ea5t nhi\u1ec1u ng\u01b0\u1eddi tin t\u01b0\u1edfng s\u1eed d\u1ee5ng ng\u00e0y nay. V\u1edbi th\u01b0\u01a1ng hi\u1ec7u IMOU &#8211; \u0111\u00e2y ch\u00ednh l\u00e0 th\u01b0\u01a1ng hi\u1ec7u thu\u1ed9c c\u00f4ng ty <strong>camera Dahua<\/strong> v\u1ec1 <strong>camera quan s\u00e1t <\/strong>\u00e1p d\u1ee5ng c\u00e1c c\u00f4ng ngh\u1ec7 h\u00ecnh \u1ea3nh m\u1ea1nh m\u1ebd, kh\u00f4ng b\u1ecb m\u1edd v\u00e0 nh\u00f2e h\u00ecnh \u1ea3nh. Th\u01b0\u01a1ng hi\u1ec7u IMOU c\u00f3 kh\u1ea3 n\u0103ng zoom xa v\u00e0 h\u1ed3ng ngo\u1ea1i th\u00f4ng minh cho h\u00ecnh \u1ea3nh gi\u00e1m s\u00e1t m\u1ed9t c\u00e1ch r\u00f5 n\u00e9t c\u1ea3 ng\u00e0y l\u1eabn \u0111\u00eam.<\/p>\n<p><img loading=\"lazy\" decoding=\"async\" class=\"alignnone wp-image-7767 size-full\" src=\"https:\/\/loiloccamera.com\/wp-content\/uploads\/2024\/06\/8457_camera_wifi_khong_day_trong_nha_imou_ipc_a32ep_l_3mp_chinh_hang_gia_tot.jpg\" alt=\"\" width=\"1200\" height=\"1200\" srcset=\"https:\/\/loiloccamera.com\/wp-content\/uploads\/2024\/06\/8457_camera_wifi_khong_day_trong_nha_imou_ipc_a32ep_l_3mp_chinh_hang_gia_tot.jpg 1200w, https:\/\/loiloccamera.com\/wp-content\/uploads\/2024\/06\/8457_camera_wifi_khong_day_trong_nha_imou_ipc_a32ep_l_3mp_chinh_hang_gia_tot-300x300.jpg 300w, https:\/\/loiloccamera.com\/wp-content\/uploads\/2024\/06\/8457_camera_wifi_khong_day_trong_nha_imou_ipc_a32ep_l_3mp_chinh_hang_gia_tot-1024x1024.jpg 1024w, https:\/\/loiloccamera.com\/wp-content\/uploads\/2024\/06\/8457_camera_wifi_khong_day_trong_nha_imou_ipc_a32ep_l_3mp_chinh_hang_gia_tot-150x150.jpg 150w, https:\/\/loiloccamera.com\/wp-content\/uploads\/2024\/06\/8457_camera_wifi_khong_day_trong_nha_imou_ipc_a32ep_l_3mp_chinh_hang_gia_tot-768x768.jpg 768w, https:\/\/loiloccamera.com\/wp-content\/uploads\/2024\/06\/8457_camera_wifi_khong_day_trong_nha_imou_ipc_a32ep_l_3mp_chinh_hang_gia_tot-600x600.jpg 600w, https:\/\/loiloccamera.com\/wp-content\/uploads\/2024\/06\/8457_camera_wifi_khong_day_trong_nha_imou_ipc_a32ep_l_3mp_chinh_hang_gia_tot-100x100.jpg 100w\" sizes=\"auto, (max-width: 1200px) 100vw, 1200px\" \/><\/p>\n<p><strong>C\u00e1c th\u00f4ng s\u1ed1 c\u1ee7a Camera wifi kh\u00f4ng d\u00e2y trong nh\u00e0 IMOU IPC-A32EP-L<\/strong><\/p>\n<ul>\n<li>\u0110\u1ed9 ph\u00e2n gi\u1ea3i 3Megapixel CMOS 1\/2.8&#8243;&#8221; (2304 x 1296).<\/li>\n<li>T\u00ednh n\u0103ng ph\u00e1t hi\u1ec7n ng\u01b0\u1eddi, ph\u00e1t hi\u1ec7n ti\u1ebfng \u1ed3n, ph\u00e1t hi\u1ec7n chuy\u1ec3n \u0111\u1ed9ng, theo d\u00f5i th\u00f4ng minh<\/li>\n<li>T\u00ednh n\u0103ng Wifi Hotspot (AP)<\/li>\n<li>Ch\u1ed1ng ng\u01b0\u1ee3c s\u00e1ng DWDR, t\u1ef1 \u0111\u1ed9ng c\u00e2n b\u1eb1ng tr\u1eafng (AWB), t\u1ef1 \u0111\u1ed9ng b\u00f9 t\u00edn hi\u1ec7u \u1ea3nh (AGC), b\u00f9 s\u00e1ng (BLC), Ch\u1ed1ng nhi\u1ec5u (3D-DNR) ,<\/li>\n<li>T\u1ea7m xa h\u1ed3ng ngo\u1ea1i 10m v\u1edbi c\u00f4ng ngh\u1ec7 h\u1ed3ng ngo\u1ea1i th\u00f4ng minh<\/li>\n<li>\u1ed0ng k\u00ednh c\u1ed1 \u0111\u1ecbnh 3.6mm, g\u00f3c nh\u00ecn 83\u00b0(H), 46\u00b0(V), 100\u00b0(D), t\u00edch h\u1ee3p m\u00edc v\u00e0 loa, quay qu\u00e9t ngang (PAN) 355\u00b0, quay d\u1ecdc l\u00ean xu\u1ed1ng -5\u00b0 ~ 80\u00b0.<\/li>\n<li>\u0110\u00e0m tho\u1ea1i hai chi\u1ec1u, h\u1ed7 tr\u1ee3 khe c\u1eafm th\u1ebb nh\u1edb Micro SD, Max 256GB, t\u00edch h\u1ee3p WiFi(IEEE802.11b\/g\/n), h\u1ed7 tr\u1ee3 P2P,chu\u1ea9n t\u01b0\u01a1ng th\u00edch ONVIF, \u0111i\u1ec7n \u00e1p DC5V 1A , c\u00f4ng su\u1ea5t &lt;3.7W<\/li>\n<li>Ch\u1ea5t li\u1ec7u v\u1ecf plastic, m\u00f4i tr\u01b0\u1eddng l\u00e0m vi\u1ec7c t\u1eeb -10\u00b0C~+45\u00b0C (&lt; 95%RH)\n<p>&nbsp;<\/li>\n<\/ul>\n<p>Ngo\u00e0i ra,\u00a0<strong>Camera wifi trong nh\u00e0 IMOU IPC-A32EP-L<\/strong>\u00a0l\u00e0\u00a0s\u1ef1 l\u1ef1a ch\u1ecdn\u00a0ho\u00e0n\u00a0h\u1ea3o \u0111\u1ea3m b\u1ea3o an ninh v\u00e0 an to\u00e0n 24\/7 cho gia \u0111\u00ecnh c\u1ee7a b\u1ea1n v\u1edbi r\u1ea5t nhi\u1ec1u nh\u1eefng t\u00ednh n\u0103ng th\u00f4ng minh v\u00e0 hi\u1ec7n \u0111\u1ea1i. B\u00ean c\u1ea1nh \u0111\u00f3, Camere Imou\u00a0IPC-A32EP-L ph\u00f9 h\u1ee3p d\u00e0nh cho ng\u00f4i nh\u00e0 c\u1ee7a b\u1ea1n ho\u1eb7c l\u1eafp \u0111\u1eb7t t\u1ea1i c\u00f4ng ty&#8230; N\u1ebfu c\u00f2n th\u1eafc m\u1eafc ho\u1eb7c c\u00f3 c\u00e2u h\u1ecfi li\u00ean quan \u0111\u1ebfn\u00a0Camera wifi kh\u00f4ng d\u00e2y trong nh\u00e0 IMOU IPC-A32EP-L g\u1ecdi ngay \u0111\u1ebfn Hotline\u00a0d\u01b0\u1edbi \u0111\u00e2y \u0111\u1ec3 \u0111\u01b0\u1ee3c nh\u00e2n vi\u00ean h\u01b0\u1edbng d\u1eabn nh\u00e9!<\/p>\n","protected":false},"excerpt":{"rendered":"<p>\u2013\u00a0Camera IP kh\u00f4ng d\u00e2y 3.0MP\u00a0d\u00f9ng cho gia \u0111\u00ecnh.<br \/>\n\u2013 Chu\u1ea9n n\u00e9n H.265<br \/>\n\u2013 \u1ed0ng k\u00ednh c\u1ed1 \u0111inh 3.6mm, g\u00f3c nh\u00ecn 83\u00b0, quay qu\u00e9t ngang 355\u00b0.<br \/>\n\u2013 T\u1ea7m xa h\u1ed3ng ngo\u1ea1i 10m v\u1edbi c\u00f4ng ngh\u1ec7 h\u1ed3ng ngo\u1ea1i th\u00f4ng minh.<br \/>\n\u2013 Ch\u1ed1ng ng\u01b0\u1ee3c s\u00e1ng HDR, h\u1ed7 tr\u1ee3 \u0111\u00e0m tho\u1ea1i 2 chi\u1ec1u<br \/>\n\u2013 H\u1ed7 tr\u1ee3 c\u00e1c t\u00ednh n\u0103ng th\u00f4ng minh<br \/>\n\u2013 T\u00edch h\u1ee3p c\u00f2i b\u00e1o \u0111\u1ed9ng.<br \/>\n\u2013 H\u1ed7 tr\u1ee3 ch\u1ee9c n\u0103ng Soft-AP, k\u1ebft n\u1ed1i tr\u1ef1c ti\u1ebfp wifi camera kh\u00f4ng c\u1ea7n th\u00f4ng qua modem nh\u00e0 m\u1ea1ng.<br \/>\n\u2013 H\u1ed7 tr\u1ee3 khe c\u1eafm th\u1ebb nh\u1edb Micro SD max 256GB<br \/>\n\u2013 Ch\u1ea5t li\u1ec7u v\u1ecf nh\u1ef1a<\/p>\n","protected":false},"featured_media":7767,"comment_status":"open","ping_status":"closed","template":"","meta":{"_monsterinsights_skip_tracking":false,"_monsterinsights_sitenote_active":false,"_monsterinsights_sitenote_note":"","_monsterinsights_sitenote_category":0},"product_brand":[],"product_cat":[55],"product_tag":[56,57,58],"class_list":{"0":"post-7766","1":"product","2":"type-product","3":"status-publish","4":"has-post-thumbnail","6":"product_cat-camera-imou","7":"product_tag-camera-wifi-trong-nha","8":"product_tag-camera-xoay-360-ro-net","9":"product_tag-camera-xoay-wifi-do-phan-giai-2k","11":"first","12":"instock","13":"shipping-taxable","14":"purchasable","15":"product-type-simple"},"aioseo_notices":[],"yoast_head":"<!-- This site is optimized with the Yoast SEO plugin v27.5 - https:\/\/yoast.com\/product\/yoast-seo-wordpress\/ -->\n<title>Camera Wifi kh\u00f4ng d\u00e2y trong nh\u00e0 xoay 360 IMOU IPC A32EP-L 3MP - L\u1ee3i L\u1ed9c Camera<\/title>\n<meta name=\"description\" content=\"\u2013 Camera IP kh\u00f4ng d\u00e2y 3.0MP d\u00f9ng cho gia \u0111\u00ecnh.\u2013 Chu\u1ea9n n\u00e9n H.265\u2013 \u1ed0ng k\u00ednh c\u1ed1 \u0111inh 3.6mm, g\u00f3c nh\u00ecn 83\u00b0, quay qu\u00e9t ngang 355\u00b0.\u2013 T\u1ea7m xa h\u1ed3ng ngo\u1ea1i 10m v\u1edbi c\u00f4ng ngh\u1ec7 h\u1ed3ng ngo\u1ea1i th\u00f4ng minh.\u2013 Ch\u1ed1ng ng\u01b0\u1ee3c s\u00e1ng HDR, h\u1ed7 tr\u1ee3 \u0111\u00e0m tho\u1ea1i 2 chi\u1ec1u\u2013 H\u1ed7 tr\u1ee3 c\u00e1c t\u00ednh n\u0103ng th\u00f4ng minh\u2013 T\u00edch h\u1ee3p c\u00f2i b\u00e1o \u0111\u1ed9ng.\u2013 H\u1ed7 tr\u1ee3 ch\u1ee9c n\u0103ng Soft-AP, k\u1ebft n\u1ed1i tr\u1ef1c ti\u1ebfp wifi camera kh\u00f4ng c\u1ea7n th\u00f4ng qua modem nh\u00e0 m\u1ea1ng.\u2013 H\u1ed7 tr\u1ee3 khe c\u1eafm th\u1ebb nh\u1edb Micro SD max 256GB\u2013 Ch\u1ea5t li\u1ec7u v\u1ecf nh\u1ef1a\" \/>\n<meta name=\"robots\" content=\"index, follow, max-snippet:-1, max-image-preview:large, max-video-preview:-1\" \/>\n<link rel=\"canonical\" href=\"https:\/\/loiloccamera.com\/index.php\/product\/camera-wifi-khong-day-trong-nha-xoay360-imou-ipc-a32ep-l-3mp\/\" \/>\n<meta property=\"og:locale\" content=\"vi_VN\" \/>\n<meta property=\"og:type\" content=\"article\" \/>\n<meta property=\"og:title\" content=\"Camera Wifi kh\u00f4ng d\u00e2y trong nh\u00e0 xoay 360 IMOU IPC A32EP-L 3MP - L\u1ee3i L\u1ed9c Camera\" \/>\n<meta property=\"og:description\" content=\"\u2013 Camera IP kh\u00f4ng d\u00e2y 3.0MP d\u00f9ng cho gia \u0111\u00ecnh.\u2013 Chu\u1ea9n n\u00e9n H.265\u2013 \u1ed0ng k\u00ednh c\u1ed1 \u0111inh 3.6mm, g\u00f3c nh\u00ecn 83\u00b0, quay qu\u00e9t ngang 355\u00b0.\u2013 T\u1ea7m xa h\u1ed3ng ngo\u1ea1i 10m v\u1edbi c\u00f4ng ngh\u1ec7 h\u1ed3ng ngo\u1ea1i th\u00f4ng minh.\u2013 Ch\u1ed1ng ng\u01b0\u1ee3c s\u00e1ng HDR, h\u1ed7 tr\u1ee3 \u0111\u00e0m tho\u1ea1i 2 chi\u1ec1u\u2013 H\u1ed7 tr\u1ee3 c\u00e1c t\u00ednh n\u0103ng th\u00f4ng minh\u2013 T\u00edch h\u1ee3p c\u00f2i b\u00e1o \u0111\u1ed9ng.\u2013 H\u1ed7 tr\u1ee3 ch\u1ee9c n\u0103ng Soft-AP, k\u1ebft n\u1ed1i tr\u1ef1c ti\u1ebfp wifi camera kh\u00f4ng c\u1ea7n th\u00f4ng qua modem nh\u00e0 m\u1ea1ng.\u2013 H\u1ed7 tr\u1ee3 khe c\u1eafm th\u1ebb nh\u1edb Micro SD max 256GB\u2013 Ch\u1ea5t li\u1ec7u v\u1ecf nh\u1ef1a\" \/>\n<meta property=\"og:url\" content=\"https:\/\/loiloccamera.com\/index.php\/product\/camera-wifi-khong-day-trong-nha-xoay360-imou-ipc-a32ep-l-3mp\/\" \/>\n<meta property=\"og:site_name\" content=\"L\u1ee3i L\u1ed9c Camera\" \/>\n<meta property=\"article:publisher\" content=\"https:\/\/www.facebook.com\/loiloccamera\/\" \/>\n<meta property=\"article:modified_time\" content=\"2024-06-25T04:45:46+00:00\" \/>\n<meta property=\"og:image\" content=\"https:\/\/loiloccamera.com\/wp-content\/uploads\/2024\/06\/8457_camera_wifi_khong_day_trong_nha_imou_ipc_a32ep_l_3mp_chinh_hang_gia_tot.jpg\" \/>\n\t<meta property=\"og:image:width\" content=\"1200\" \/>\n\t<meta property=\"og:image:height\" content=\"1200\" \/>\n\t<meta property=\"og:image:type\" content=\"image\/jpeg\" \/>\n<meta name=\"twitter:card\" content=\"summary_large_image\" \/>\n<meta name=\"twitter:label1\" content=\"\u01af\u1edbc t\u00ednh th\u1eddi gian \u0111\u1ecdc\" \/>\n\t<meta name=\"twitter:data1\" content=\"3 ph\u00fat\" \/>\n<script type=\"application\/ld+json\" class=\"yoast-schema-graph\">{\"@context\":\"https:\\\/\\\/schema.org\",\"@graph\":[{\"@type\":\"WebPage\",\"@id\":\"https:\\\/\\\/loiloccamera.com\\\/index.php\\\/product\\\/camera-wifi-khong-day-trong-nha-xoay360-imou-ipc-a32ep-l-3mp\\\/\",\"url\":\"https:\\\/\\\/loiloccamera.com\\\/index.php\\\/product\\\/camera-wifi-khong-day-trong-nha-xoay360-imou-ipc-a32ep-l-3mp\\\/\",\"name\":\"Camera Wifi kh\u00f4ng d\u00e2y trong nh\u00e0 xoay 360 IMOU IPC A32EP-L 3MP - L\u1ee3i L\u1ed9c Camera\",\"isPartOf\":{\"@id\":\"https:\\\/\\\/loiloccamera.com\\\/#website\"},\"primaryImageOfPage\":{\"@id\":\"https:\\\/\\\/loiloccamera.com\\\/index.php\\\/product\\\/camera-wifi-khong-day-trong-nha-xoay360-imou-ipc-a32ep-l-3mp\\\/#primaryimage\"},\"image\":{\"@id\":\"https:\\\/\\\/loiloccamera.com\\\/index.php\\\/product\\\/camera-wifi-khong-day-trong-nha-xoay360-imou-ipc-a32ep-l-3mp\\\/#primaryimage\"},\"thumbnailUrl\":\"https:\\\/\\\/loiloccamera.com\\\/wp-content\\\/uploads\\\/2024\\\/06\\\/8457_camera_wifi_khong_day_trong_nha_imou_ipc_a32ep_l_3mp_chinh_hang_gia_tot.jpg\",\"datePublished\":\"2024-06-25T04:32:08+00:00\",\"dateModified\":\"2024-06-25T04:45:46+00:00\",\"description\":\"\u2013 Camera IP kh\u00f4ng d\u00e2y 3.0MP d\u00f9ng cho gia \u0111\u00ecnh.\u2013 Chu\u1ea9n n\u00e9n H.265\u2013 \u1ed0ng k\u00ednh c\u1ed1 \u0111inh 3.6mm, g\u00f3c nh\u00ecn 83\u00b0, quay qu\u00e9t ngang 355\u00b0.\u2013 T\u1ea7m xa h\u1ed3ng ngo\u1ea1i 10m v\u1edbi c\u00f4ng ngh\u1ec7 h\u1ed3ng ngo\u1ea1i th\u00f4ng minh.\u2013 Ch\u1ed1ng ng\u01b0\u1ee3c s\u00e1ng HDR, h\u1ed7 tr\u1ee3 \u0111\u00e0m tho\u1ea1i 2 chi\u1ec1u\u2013 H\u1ed7 tr\u1ee3 c\u00e1c t\u00ednh n\u0103ng th\u00f4ng minh\u2013 T\u00edch h\u1ee3p c\u00f2i b\u00e1o \u0111\u1ed9ng.\u2013 H\u1ed7 tr\u1ee3 ch\u1ee9c n\u0103ng Soft-AP, k\u1ebft n\u1ed1i tr\u1ef1c ti\u1ebfp wifi camera kh\u00f4ng c\u1ea7n th\u00f4ng qua modem nh\u00e0 m\u1ea1ng.\u2013 H\u1ed7 tr\u1ee3 khe c\u1eafm th\u1ebb nh\u1edb Micro SD max 256GB\u2013 Ch\u1ea5t li\u1ec7u v\u1ecf nh\u1ef1a\",\"breadcrumb\":{\"@id\":\"https:\\\/\\\/loiloccamera.com\\\/index.php\\\/product\\\/camera-wifi-khong-day-trong-nha-xoay360-imou-ipc-a32ep-l-3mp\\\/#breadcrumb\"},\"inLanguage\":\"vi\",\"potentialAction\":[{\"@type\":\"ReadAction\",\"target\":[\"https:\\\/\\\/loiloccamera.com\\\/index.php\\\/product\\\/camera-wifi-khong-day-trong-nha-xoay360-imou-ipc-a32ep-l-3mp\\\/\"]}]},{\"@type\":\"ImageObject\",\"inLanguage\":\"vi\",\"@id\":\"https:\\\/\\\/loiloccamera.com\\\/index.php\\\/product\\\/camera-wifi-khong-day-trong-nha-xoay360-imou-ipc-a32ep-l-3mp\\\/#primaryimage\",\"url\":\"https:\\\/\\\/loiloccamera.com\\\/wp-content\\\/uploads\\\/2024\\\/06\\\/8457_camera_wifi_khong_day_trong_nha_imou_ipc_a32ep_l_3mp_chinh_hang_gia_tot.jpg\",\"contentUrl\":\"https:\\\/\\\/loiloccamera.com\\\/wp-content\\\/uploads\\\/2024\\\/06\\\/8457_camera_wifi_khong_day_trong_nha_imou_ipc_a32ep_l_3mp_chinh_hang_gia_tot.jpg\",\"width\":1200,\"height\":1200},{\"@type\":\"BreadcrumbList\",\"@id\":\"https:\\\/\\\/loiloccamera.com\\\/index.php\\\/product\\\/camera-wifi-khong-day-trong-nha-xoay360-imou-ipc-a32ep-l-3mp\\\/#breadcrumb\",\"itemListElement\":[{\"@type\":\"ListItem\",\"position\":1,\"name\":\"Trang ch\u1ee7\",\"item\":\"https:\\\/\\\/loiloccamera.com\\\/\"},{\"@type\":\"ListItem\",\"position\":2,\"name\":\"C\u1eeda h\u00e0ng\",\"item\":\"https:\\\/\\\/loiloccamera.com\\\/index.php\\\/mua\\\/\"},{\"@type\":\"ListItem\",\"position\":3,\"name\":\"Camera Wifi kh\u00f4ng d\u00e2y trong nh\u00e0 xoay 360 IMOU IPC A32EP-L 3MP\"}]},{\"@type\":\"WebSite\",\"@id\":\"https:\\\/\\\/loiloccamera.com\\\/#website\",\"url\":\"https:\\\/\\\/loiloccamera.com\\\/\",\"name\":\"L\u1ee3i L\u1ed9c Camera\",\"description\":\"Uy t\u00ednh v\u00e0 ch\u1ea5t l\u01b0\u1ee3ng h\u00e0ng \u0111\u1ea7u .\",\"publisher\":{\"@id\":\"https:\\\/\\\/loiloccamera.com\\\/#organization\"},\"potentialAction\":[{\"@type\":\"SearchAction\",\"target\":{\"@type\":\"EntryPoint\",\"urlTemplate\":\"https:\\\/\\\/loiloccamera.com\\\/?s={search_term_string}\"},\"query-input\":{\"@type\":\"PropertyValueSpecification\",\"valueRequired\":true,\"valueName\":\"search_term_string\"}}],\"inLanguage\":\"vi\"},{\"@type\":\"Organization\",\"@id\":\"https:\\\/\\\/loiloccamera.com\\\/#organization\",\"name\":\"L\u1ee3i L\u1ed9c Camera\",\"url\":\"https:\\\/\\\/loiloccamera.com\\\/\",\"logo\":{\"@type\":\"ImageObject\",\"inLanguage\":\"vi\",\"@id\":\"https:\\\/\\\/loiloccamera.com\\\/#\\\/schema\\\/logo\\\/image\\\/\",\"url\":\"https:\\\/\\\/loiloccamera.com\\\/wp-content\\\/uploads\\\/2024\\\/06\\\/Loi-Loc-tron.png\",\"contentUrl\":\"https:\\\/\\\/loiloccamera.com\\\/wp-content\\\/uploads\\\/2024\\\/06\\\/Loi-Loc-tron.png\",\"width\":516,\"height\":513,\"caption\":\"L\u1ee3i L\u1ed9c Camera\"},\"image\":{\"@id\":\"https:\\\/\\\/loiloccamera.com\\\/#\\\/schema\\\/logo\\\/image\\\/\"},\"sameAs\":[\"https:\\\/\\\/www.facebook.com\\\/loiloccamera\\\/\"]}]}<\/script>\n<!-- \/ Yoast SEO plugin. -->","yoast_head_json":{"title":"Camera Wifi kh\u00f4ng d\u00e2y trong nh\u00e0 xoay 360 IMOU IPC A32EP-L 3MP - L\u1ee3i L\u1ed9c Camera","description":"\u2013 Camera IP kh\u00f4ng d\u00e2y 3.0MP d\u00f9ng cho gia \u0111\u00ecnh.\u2013 Chu\u1ea9n n\u00e9n H.265\u2013 \u1ed0ng k\u00ednh c\u1ed1 \u0111inh 3.6mm, g\u00f3c nh\u00ecn 83\u00b0, quay qu\u00e9t ngang 355\u00b0.\u2013 T\u1ea7m xa h\u1ed3ng ngo\u1ea1i 10m v\u1edbi c\u00f4ng ngh\u1ec7 h\u1ed3ng ngo\u1ea1i th\u00f4ng minh.\u2013 Ch\u1ed1ng ng\u01b0\u1ee3c s\u00e1ng HDR, h\u1ed7 tr\u1ee3 \u0111\u00e0m tho\u1ea1i 2 chi\u1ec1u\u2013 H\u1ed7 tr\u1ee3 c\u00e1c t\u00ednh n\u0103ng th\u00f4ng minh\u2013 T\u00edch h\u1ee3p c\u00f2i b\u00e1o \u0111\u1ed9ng.\u2013 H\u1ed7 tr\u1ee3 ch\u1ee9c n\u0103ng Soft-AP, k\u1ebft n\u1ed1i tr\u1ef1c ti\u1ebfp wifi camera kh\u00f4ng c\u1ea7n th\u00f4ng qua modem nh\u00e0 m\u1ea1ng.\u2013 H\u1ed7 tr\u1ee3 khe c\u1eafm th\u1ebb nh\u1edb Micro SD max 256GB\u2013 Ch\u1ea5t li\u1ec7u v\u1ecf nh\u1ef1a","robots":{"index":"index","follow":"follow","max-snippet":"max-snippet:-1","max-image-preview":"max-image-preview:large","max-video-preview":"max-video-preview:-1"},"canonical":"https:\/\/loiloccamera.com\/index.php\/product\/camera-wifi-khong-day-trong-nha-xoay360-imou-ipc-a32ep-l-3mp\/","og_locale":"vi_VN","og_type":"article","og_title":"Camera Wifi kh\u00f4ng d\u00e2y trong nh\u00e0 xoay 360 IMOU IPC A32EP-L 3MP - L\u1ee3i L\u1ed9c Camera","og_description":"\u2013 Camera IP kh\u00f4ng d\u00e2y 3.0MP d\u00f9ng cho gia \u0111\u00ecnh.\u2013 Chu\u1ea9n n\u00e9n H.265\u2013 \u1ed0ng k\u00ednh c\u1ed1 \u0111inh 3.6mm, g\u00f3c nh\u00ecn 83\u00b0, quay qu\u00e9t ngang 355\u00b0.\u2013 T\u1ea7m xa h\u1ed3ng ngo\u1ea1i 10m v\u1edbi c\u00f4ng ngh\u1ec7 h\u1ed3ng ngo\u1ea1i th\u00f4ng minh.\u2013 Ch\u1ed1ng ng\u01b0\u1ee3c s\u00e1ng HDR, h\u1ed7 tr\u1ee3 \u0111\u00e0m tho\u1ea1i 2 chi\u1ec1u\u2013 H\u1ed7 tr\u1ee3 c\u00e1c t\u00ednh n\u0103ng th\u00f4ng minh\u2013 T\u00edch h\u1ee3p c\u00f2i b\u00e1o \u0111\u1ed9ng.\u2013 H\u1ed7 tr\u1ee3 ch\u1ee9c n\u0103ng Soft-AP, k\u1ebft n\u1ed1i tr\u1ef1c ti\u1ebfp wifi camera kh\u00f4ng c\u1ea7n th\u00f4ng qua modem nh\u00e0 m\u1ea1ng.\u2013 H\u1ed7 tr\u1ee3 khe c\u1eafm th\u1ebb nh\u1edb Micro SD max 256GB\u2013 Ch\u1ea5t li\u1ec7u v\u1ecf nh\u1ef1a","og_url":"https:\/\/loiloccamera.com\/index.php\/product\/camera-wifi-khong-day-trong-nha-xoay360-imou-ipc-a32ep-l-3mp\/","og_site_name":"L\u1ee3i L\u1ed9c Camera","article_publisher":"https:\/\/www.facebook.com\/loiloccamera\/","article_modified_time":"2024-06-25T04:45:46+00:00","og_image":[{"width":1200,"height":1200,"url":"https:\/\/loiloccamera.com\/wp-content\/uploads\/2024\/06\/8457_camera_wifi_khong_day_trong_nha_imou_ipc_a32ep_l_3mp_chinh_hang_gia_tot.jpg","type":"image\/jpeg"}],"twitter_card":"summary_large_image","twitter_misc":{"\u01af\u1edbc t\u00ednh th\u1eddi gian \u0111\u1ecdc":"3 ph\u00fat"},"schema":{"@context":"https:\/\/schema.org","@graph":[{"@type":"WebPage","@id":"https:\/\/loiloccamera.com\/index.php\/product\/camera-wifi-khong-day-trong-nha-xoay360-imou-ipc-a32ep-l-3mp\/","url":"https:\/\/loiloccamera.com\/index.php\/product\/camera-wifi-khong-day-trong-nha-xoay360-imou-ipc-a32ep-l-3mp\/","name":"Camera Wifi kh\u00f4ng d\u00e2y trong nh\u00e0 xoay 360 IMOU IPC A32EP-L 3MP - L\u1ee3i L\u1ed9c Camera","isPartOf":{"@id":"https:\/\/loiloccamera.com\/#website"},"primaryImageOfPage":{"@id":"https:\/\/loiloccamera.com\/index.php\/product\/camera-wifi-khong-day-trong-nha-xoay360-imou-ipc-a32ep-l-3mp\/#primaryimage"},"image":{"@id":"https:\/\/loiloccamera.com\/index.php\/product\/camera-wifi-khong-day-trong-nha-xoay360-imou-ipc-a32ep-l-3mp\/#primaryimage"},"thumbnailUrl":"https:\/\/loiloccamera.com\/wp-content\/uploads\/2024\/06\/8457_camera_wifi_khong_day_trong_nha_imou_ipc_a32ep_l_3mp_chinh_hang_gia_tot.jpg","datePublished":"2024-06-25T04:32:08+00:00","dateModified":"2024-06-25T04:45:46+00:00","description":"\u2013 Camera IP kh\u00f4ng d\u00e2y 3.0MP d\u00f9ng cho gia \u0111\u00ecnh.\u2013 Chu\u1ea9n n\u00e9n H.265\u2013 \u1ed0ng k\u00ednh c\u1ed1 \u0111inh 3.6mm, g\u00f3c nh\u00ecn 83\u00b0, quay qu\u00e9t ngang 355\u00b0.\u2013 T\u1ea7m xa h\u1ed3ng ngo\u1ea1i 10m v\u1edbi c\u00f4ng ngh\u1ec7 h\u1ed3ng ngo\u1ea1i th\u00f4ng minh.\u2013 Ch\u1ed1ng ng\u01b0\u1ee3c s\u00e1ng HDR, h\u1ed7 tr\u1ee3 \u0111\u00e0m tho\u1ea1i 2 chi\u1ec1u\u2013 H\u1ed7 tr\u1ee3 c\u00e1c t\u00ednh n\u0103ng th\u00f4ng minh\u2013 T\u00edch h\u1ee3p c\u00f2i b\u00e1o \u0111\u1ed9ng.\u2013 H\u1ed7 tr\u1ee3 ch\u1ee9c n\u0103ng Soft-AP, k\u1ebft n\u1ed1i tr\u1ef1c ti\u1ebfp wifi camera kh\u00f4ng c\u1ea7n th\u00f4ng qua modem nh\u00e0 m\u1ea1ng.\u2013 H\u1ed7 tr\u1ee3 khe c\u1eafm th\u1ebb nh\u1edb Micro SD max 256GB\u2013 Ch\u1ea5t li\u1ec7u v\u1ecf nh\u1ef1a","breadcrumb":{"@id":"https:\/\/loiloccamera.com\/index.php\/product\/camera-wifi-khong-day-trong-nha-xoay360-imou-ipc-a32ep-l-3mp\/#breadcrumb"},"inLanguage":"vi","potentialAction":[{"@type":"ReadAction","target":["https:\/\/loiloccamera.com\/index.php\/product\/camera-wifi-khong-day-trong-nha-xoay360-imou-ipc-a32ep-l-3mp\/"]}]},{"@type":"ImageObject","inLanguage":"vi","@id":"https:\/\/loiloccamera.com\/index.php\/product\/camera-wifi-khong-day-trong-nha-xoay360-imou-ipc-a32ep-l-3mp\/#primaryimage","url":"https:\/\/loiloccamera.com\/wp-content\/uploads\/2024\/06\/8457_camera_wifi_khong_day_trong_nha_imou_ipc_a32ep_l_3mp_chinh_hang_gia_tot.jpg","contentUrl":"https:\/\/loiloccamera.com\/wp-content\/uploads\/2024\/06\/8457_camera_wifi_khong_day_trong_nha_imou_ipc_a32ep_l_3mp_chinh_hang_gia_tot.jpg","width":1200,"height":1200},{"@type":"BreadcrumbList","@id":"https:\/\/loiloccamera.com\/index.php\/product\/camera-wifi-khong-day-trong-nha-xoay360-imou-ipc-a32ep-l-3mp\/#breadcrumb","itemListElement":[{"@type":"ListItem","position":1,"name":"Trang ch\u1ee7","item":"https:\/\/loiloccamera.com\/"},{"@type":"ListItem","position":2,"name":"C\u1eeda h\u00e0ng","item":"https:\/\/loiloccamera.com\/index.php\/mua\/"},{"@type":"ListItem","position":3,"name":"Camera Wifi kh\u00f4ng d\u00e2y trong nh\u00e0 xoay 360 IMOU IPC A32EP-L 3MP"}]},{"@type":"WebSite","@id":"https:\/\/loiloccamera.com\/#website","url":"https:\/\/loiloccamera.com\/","name":"L\u1ee3i L\u1ed9c Camera","description":"Uy t\u00ednh v\u00e0 ch\u1ea5t l\u01b0\u1ee3ng h\u00e0ng \u0111\u1ea7u .","publisher":{"@id":"https:\/\/loiloccamera.com\/#organization"},"potentialAction":[{"@type":"SearchAction","target":{"@type":"EntryPoint","urlTemplate":"https:\/\/loiloccamera.com\/?s={search_term_string}"},"query-input":{"@type":"PropertyValueSpecification","valueRequired":true,"valueName":"search_term_string"}}],"inLanguage":"vi"},{"@type":"Organization","@id":"https:\/\/loiloccamera.com\/#organization","name":"L\u1ee3i L\u1ed9c Camera","url":"https:\/\/loiloccamera.com\/","logo":{"@type":"ImageObject","inLanguage":"vi","@id":"https:\/\/loiloccamera.com\/#\/schema\/logo\/image\/","url":"https:\/\/loiloccamera.com\/wp-content\/uploads\/2024\/06\/Loi-Loc-tron.png","contentUrl":"https:\/\/loiloccamera.com\/wp-content\/uploads\/2024\/06\/Loi-Loc-tron.png","width":516,"height":513,"caption":"L\u1ee3i L\u1ed9c Camera"},"image":{"@id":"https:\/\/loiloccamera.com\/#\/schema\/logo\/image\/"},"sameAs":["https:\/\/www.facebook.com\/loiloccamera\/"]}]}},"_links":{"self":[{"href":"https:\/\/loiloccamera.com\/index.php\/wp-json\/wp\/v2\/product\/7766","targetHints":{"allow":["GET"]}}],"collection":[{"href":"https:\/\/loiloccamera.com\/index.php\/wp-json\/wp\/v2\/product"}],"about":[{"href":"https:\/\/loiloccamera.com\/index.php\/wp-json\/wp\/v2\/types\/product"}],"replies":[{"embeddable":true,"href":"https:\/\/loiloccamera.com\/index.php\/wp-json\/wp\/v2\/comments?post=7766"}],"wp:featuredmedia":[{"embeddable":true,"href":"https:\/\/loiloccamera.com\/index.php\/wp-json\/wp\/v2\/media\/7767"}],"wp:attachment":[{"href":"https:\/\/loiloccamera.com\/index.php\/wp-json\/wp\/v2\/media?parent=7766"}],"wp:term":[{"taxonomy":"product_brand","embeddable":true,"href":"https:\/\/loiloccamera.com\/index.php\/wp-json\/wp\/v2\/product_brand?post=7766"},{"taxonomy":"product_cat","embeddable":true,"href":"https:\/\/loiloccamera.com\/index.php\/wp-json\/wp\/v2\/product_cat?post=7766"},{"taxonomy":"product_tag","embeddable":true,"href":"https:\/\/loiloccamera.com\/index.php\/wp-json\/wp\/v2\/product_tag?post=7766"}],"curies":[{"name":"wp","href":"https:\/\/api.w.org\/{rel}","templated":true}]}}