{"id":7770,"date":"2024-06-25T11:39:32","date_gmt":"2024-06-25T04:39:32","guid":{"rendered":"https:\/\/loiloccamera.com\/?post_type=product&#038;p=7770"},"modified":"2024-06-25T11:44:48","modified_gmt":"2024-06-25T04:44:48","slug":"camera-ngoai-troi-wifi-imou-s21fp-2mp","status":"publish","type":"product","link":"https:\/\/loiloccamera.com\/index.php\/product\/camera-ngoai-troi-wifi-imou-s21fp-2mp\/","title":{"rendered":"CAMERA NGO\u00c0I TR\u1edcI XOAY 360 WIFI IMOU S21FP &#8211; 2MP"},"content":{"rendered":"<h2>Camera PT Imou S21FP 2M<\/h2>\n<p>Camera PT Imou S21FP 2M \u00a0l\u00e0 d\u00f2ng camera Wifi l\u1eafp \u0111\u1eb7t ngo\u00e0i tr\u1eddi \u0111\u1ed9 ph\u00e2n gi\u1ea3i 2.0 megapixel, model m\u1edbi nh\u1ea5t trong c\u00e1c m\u1eabu s\u1ea3n ph\u1ea9m c\u1ee7a Imou n\u0103m 2022. \u0110\u01b0\u1ee3c thi\u1ebft k\u1ebf nh\u1ecf g\u1ecdn nh\u1eb9, cho t\u1ea7m quan s\u00e1t xa 30m v\u1edbi c\u00f4ng ngh\u1ec7 h\u1ed3ng ngo\u1ea1i th\u00f4ng minh. c\u1ee7a h\u00e3ng <strong>camera Imou<\/strong><\/p>\n<p><strong style=\"font-size: 14.4px;\"><img loading=\"lazy\" decoding=\"async\" class=\"wp-image-7776 size-full aligncenter\" src=\"https:\/\/loiloccamera.com\/wp-content\/uploads\/2024\/06\/camera-Imou-S21FP-5-1.jpg\" alt=\"\" width=\"960\" height=\"960\" srcset=\"https:\/\/loiloccamera.com\/wp-content\/uploads\/2024\/06\/camera-Imou-S21FP-5-1.jpg 960w, https:\/\/loiloccamera.com\/wp-content\/uploads\/2024\/06\/camera-Imou-S21FP-5-1-300x300.jpg 300w, https:\/\/loiloccamera.com\/wp-content\/uploads\/2024\/06\/camera-Imou-S21FP-5-1-150x150.jpg 150w, https:\/\/loiloccamera.com\/wp-content\/uploads\/2024\/06\/camera-Imou-S21FP-5-1-768x768.jpg 768w, https:\/\/loiloccamera.com\/wp-content\/uploads\/2024\/06\/camera-Imou-S21FP-5-1-600x600.jpg 600w, https:\/\/loiloccamera.com\/wp-content\/uploads\/2024\/06\/camera-Imou-S21FP-5-1-100x100.jpg 100w\" sizes=\"auto, (max-width: 960px) 100vw, 960px\" \/><\/strong><\/p>\n<p>2MP Fullcolor Bullet Wifi Camera Imou<br \/>\nT\u00edch h\u1ee3p \u0111\u00e8n tr\u1ee3 s\u00e1ng cho h\u00ecnh \u1ea3nh ban \u0111\u00eam c\u00f3 m\u00e0u<br \/>\n\u25a0 \u0110\u1ed9 ph\u00e2n gi\u1ea3i 2Megapixel CMOS 1\/2.9\u201d<br \/>\n\u25a0 Chu\u1ea9n h\u00ecnh \u1ea3nh H264, 20fps@2MP<br \/>\n\u25a0 Ch\u1ed1ng ng\u01b0\u1ee3c s\u00e1ng DWDR, AWB, AGC, BLC, 3D-DNR<br \/>\n\u25a0 T\u1ea7m xa h\u1ed3ng ngo\u1ea1i 30m<br \/>\n\u25a0 H\u1ed7 tr\u1ee3 quay qu\u00e9t 355\u00b0Pan &amp; 0~90\u00b0Tilt<br \/>\n\u25a0 H\u1ed7 tr\u1ee3 ch\u1ebf \u0111\u1ed9 AP mode<br \/>\n\u25a0 T\u00edch h\u1ee3p \u0111\u00e8n Spotlight c\u1ea3nh b\u00e1o<br \/>\n\u25a0 T\u00ednh n\u0103ng ph\u00e1t hi\u1ec7n chuy\u1ec3n \u0111\u1ed9ng, ph\u00e1t hi\u1ec7n con ng\u01b0\u1eddi<br \/>\n\u25a0 T\u00ednh n\u0103ng theo d\u00f5i th\u00f4ng minh Smart Tracking<br \/>\n\u25a0 4 ch\u1ebf \u0111\u1ed9 ban \u0111\u00eam: T\u1ea7m nh\u00ecn ban \u0111\u00eam th\u00f4ng minh, t\u1ea7m nh\u00ecn ban \u0111\u00eam h\u1ed3ng ngo\u1ea1i, t\u1ea7m nh\u00ecn ban \u0111\u00eam c\u00f3 m\u00e0u, t\u1eaft t\u1ea7m nh\u00ecn ban \u0111\u00eam.<br \/>\n\u25a0 \u1ed0ng k\u00ednh c\u1ed1 \u0111\u1ecbnh 3.6mm<br \/>\n\u25a0 T\u00edch h\u1ee3p Mic<br \/>\n\u25a0 H\u1ed7 tr\u1ee3 khe c\u1eafm th\u1ebb nh\u1edb Micro SD, Max 256GB<br \/>\n\u25a0 Ngu\u1ed3n DC12V 1A<br \/>\n\u25a0 Ch\u1ea5t li\u1ec7u v\u1ecf plastic. Chu\u1ea9n ch\u1ed1ng n\u01b0\u1edbc IP66<\/p>\n","protected":false},"excerpt":{"rendered":"<p>\u2013 Camera IP WIFI s\u1eed d\u1ee5ng ngo\u00e0i tr\u1eddi.<br \/>\n\u2013 Chu\u1ea9n n\u00e9n video: H.265\/ H.26<br \/>\n\u2013 \u0110\u1ed9 ph\u00e2n gi\u1ea3i: 2MP (1920 x 1080)<br \/>\n\u2013 T\u1ed1c \u0111\u1ed9 khung h\u00ecnh l\u00ean \u0111\u1ebfn 25\/30 khung h\u00ecnh\/ gi\u00e2y\/ gi\u00e2y.<br \/>\n\u2013 \u1ed0ng k\u00ednh: 3.6mm\/ 6mm, quan s\u00e1t xa 30m<br \/>\n\u2013 Mic t\u00edch h\u1ee3p.<br \/>\n\u2013 H\u1ed7 tr\u1ee3 Ph\u00e1t hi\u1ec7n con ng\u01b0\u1eddi\/ Ph\u00e1t hi\u1ec7n chuy\u1ec3n \u0111\u1ed9ng\/ V\u00f9ng c\u00f3 th\u1ec3 \u0111\u1ecbnh c\u1ea5u h\u00ecnh.<br \/>\n\u2013 H\u1ed7 tr\u1ee3 Khe c\u1eafm th\u1ebb nh\u1edb Micro SD (l\u00ean \u0111\u1ebfn 256GB).<br \/>\n\u2013 H\u1ed7 tr\u1ee3 chu\u1ea9n IP66.<\/p>\n","protected":false},"featured_media":7775,"comment_status":"open","ping_status":"closed","template":"","meta":{"_monsterinsights_skip_tracking":false,"_monsterinsights_sitenote_active":false,"_monsterinsights_sitenote_note":"","_monsterinsights_sitenote_category":0},"product_brand":[],"product_cat":[55],"product_tag":[62,59,60,61],"class_list":{"0":"post-7770","1":"product","2":"type-product","3":"status-publish","4":"has-post-thumbnail","6":"product_cat-camera-imou","7":"product_tag-camera-imou","8":"product_tag-camera-wifi-ngoai-troi-imou","9":"product_tag-camera-xoay-wifi-ngoai-troi-gia-re","10":"product_tag-s21fo-2mp","12":"first","13":"instock","14":"shipping-taxable","15":"purchasable","16":"product-type-simple"},"aioseo_notices":[],"yoast_head":"<!-- This site is optimized with the Yoast SEO plugin v27.5 - https:\/\/yoast.com\/product\/yoast-seo-wordpress\/ -->\n<title>CAMERA NGO\u00c0I TR\u1edcI XOAY 360 WIFI IMOU S21FP - 2MP - L\u1ee3i L\u1ed9c Camera<\/title>\n<meta name=\"robots\" content=\"index, follow, max-snippet:-1, max-image-preview:large, max-video-preview:-1\" \/>\n<link rel=\"canonical\" href=\"https:\/\/loiloccamera.com\/index.php\/product\/camera-ngoai-troi-wifi-imou-s21fp-2mp\/\" \/>\n<meta property=\"og:locale\" content=\"vi_VN\" \/>\n<meta property=\"og:type\" content=\"article\" \/>\n<meta property=\"og:title\" content=\"CAMERA NGO\u00c0I TR\u1edcI XOAY 360 WIFI IMOU S21FP - 2MP - L\u1ee3i L\u1ed9c Camera\" \/>\n<meta property=\"og:description\" content=\"\u2013 Camera IP WIFI s\u1eed d\u1ee5ng ngo\u00e0i tr\u1eddi. \u2013 Chu\u1ea9n n\u00e9n video: H.265\/ H.26 \u2013 \u0110\u1ed9 ph\u00e2n gi\u1ea3i: 2MP (1920 x 1080) \u2013 T\u1ed1c \u0111\u1ed9 khung h\u00ecnh l\u00ean \u0111\u1ebfn 25\/30 khung h\u00ecnh\/ gi\u00e2y\/ gi\u00e2y. \u2013 \u1ed0ng k\u00ednh: 3.6mm\/ 6mm, quan s\u00e1t xa 30m \u2013 Mic t\u00edch h\u1ee3p. \u2013 H\u1ed7 tr\u1ee3 Ph\u00e1t hi\u1ec7n con ng\u01b0\u1eddi\/ Ph\u00e1t hi\u1ec7n chuy\u1ec3n \u0111\u1ed9ng\/ V\u00f9ng c\u00f3 th\u1ec3 \u0111\u1ecbnh c\u1ea5u h\u00ecnh. \u2013 H\u1ed7 tr\u1ee3 Khe c\u1eafm th\u1ebb nh\u1edb Micro SD (l\u00ean \u0111\u1ebfn 256GB). \u2013 H\u1ed7 tr\u1ee3 chu\u1ea9n IP66.\" \/>\n<meta property=\"og:url\" content=\"https:\/\/loiloccamera.com\/index.php\/product\/camera-ngoai-troi-wifi-imou-s21fp-2mp\/\" \/>\n<meta property=\"og:site_name\" content=\"L\u1ee3i L\u1ed9c Camera\" \/>\n<meta property=\"article:publisher\" content=\"https:\/\/www.facebook.com\/loiloccamera\/\" \/>\n<meta property=\"article:modified_time\" content=\"2024-06-25T04:44:48+00:00\" \/>\n<meta property=\"og:image\" content=\"https:\/\/loiloccamera.com\/wp-content\/uploads\/2024\/06\/camera-wifi-ptz-imou-cruiser-s21fp-2mp-fullhd-1080p-s-12217.jpg\" \/>\n\t<meta property=\"og:image:width\" content=\"550\" \/>\n\t<meta property=\"og:image:height\" content=\"550\" \/>\n\t<meta property=\"og:image:type\" content=\"image\/jpeg\" \/>\n<meta name=\"twitter:card\" content=\"summary_large_image\" \/>\n<meta name=\"twitter:label1\" content=\"\u01af\u1edbc t\u00ednh th\u1eddi gian \u0111\u1ecdc\" \/>\n\t<meta name=\"twitter:data1\" content=\"2 ph\u00fat\" \/>\n<script type=\"application\/ld+json\" class=\"yoast-schema-graph\">{\"@context\":\"https:\\\/\\\/schema.org\",\"@graph\":[{\"@type\":\"WebPage\",\"@id\":\"https:\\\/\\\/loiloccamera.com\\\/index.php\\\/product\\\/camera-ngoai-troi-wifi-imou-s21fp-2mp\\\/\",\"url\":\"https:\\\/\\\/loiloccamera.com\\\/index.php\\\/product\\\/camera-ngoai-troi-wifi-imou-s21fp-2mp\\\/\",\"name\":\"CAMERA NGO\u00c0I TR\u1edcI XOAY 360 WIFI IMOU S21FP - 2MP - L\u1ee3i L\u1ed9c Camera\",\"isPartOf\":{\"@id\":\"https:\\\/\\\/loiloccamera.com\\\/#website\"},\"primaryImageOfPage\":{\"@id\":\"https:\\\/\\\/loiloccamera.com\\\/index.php\\\/product\\\/camera-ngoai-troi-wifi-imou-s21fp-2mp\\\/#primaryimage\"},\"image\":{\"@id\":\"https:\\\/\\\/loiloccamera.com\\\/index.php\\\/product\\\/camera-ngoai-troi-wifi-imou-s21fp-2mp\\\/#primaryimage\"},\"thumbnailUrl\":\"https:\\\/\\\/loiloccamera.com\\\/wp-content\\\/uploads\\\/2024\\\/06\\\/camera-wifi-ptz-imou-cruiser-s21fp-2mp-fullhd-1080p-s-12217.jpg\",\"datePublished\":\"2024-06-25T04:39:32+00:00\",\"dateModified\":\"2024-06-25T04:44:48+00:00\",\"breadcrumb\":{\"@id\":\"https:\\\/\\\/loiloccamera.com\\\/index.php\\\/product\\\/camera-ngoai-troi-wifi-imou-s21fp-2mp\\\/#breadcrumb\"},\"inLanguage\":\"vi\",\"potentialAction\":[{\"@type\":\"ReadAction\",\"target\":[\"https:\\\/\\\/loiloccamera.com\\\/index.php\\\/product\\\/camera-ngoai-troi-wifi-imou-s21fp-2mp\\\/\"]}]},{\"@type\":\"ImageObject\",\"inLanguage\":\"vi\",\"@id\":\"https:\\\/\\\/loiloccamera.com\\\/index.php\\\/product\\\/camera-ngoai-troi-wifi-imou-s21fp-2mp\\\/#primaryimage\",\"url\":\"https:\\\/\\\/loiloccamera.com\\\/wp-content\\\/uploads\\\/2024\\\/06\\\/camera-wifi-ptz-imou-cruiser-s21fp-2mp-fullhd-1080p-s-12217.jpg\",\"contentUrl\":\"https:\\\/\\\/loiloccamera.com\\\/wp-content\\\/uploads\\\/2024\\\/06\\\/camera-wifi-ptz-imou-cruiser-s21fp-2mp-fullhd-1080p-s-12217.jpg\",\"width\":550,\"height\":550},{\"@type\":\"BreadcrumbList\",\"@id\":\"https:\\\/\\\/loiloccamera.com\\\/index.php\\\/product\\\/camera-ngoai-troi-wifi-imou-s21fp-2mp\\\/#breadcrumb\",\"itemListElement\":[{\"@type\":\"ListItem\",\"position\":1,\"name\":\"Trang ch\u1ee7\",\"item\":\"https:\\\/\\\/loiloccamera.com\\\/\"},{\"@type\":\"ListItem\",\"position\":2,\"name\":\"C\u1eeda h\u00e0ng\",\"item\":\"https:\\\/\\\/loiloccamera.com\\\/index.php\\\/mua\\\/\"},{\"@type\":\"ListItem\",\"position\":3,\"name\":\"CAMERA NGO\u00c0I TR\u1edcI XOAY 360 WIFI IMOU S21FP &#8211; 2MP\"}]},{\"@type\":\"WebSite\",\"@id\":\"https:\\\/\\\/loiloccamera.com\\\/#website\",\"url\":\"https:\\\/\\\/loiloccamera.com\\\/\",\"name\":\"L\u1ee3i L\u1ed9c Camera\",\"description\":\"Uy t\u00ednh v\u00e0 ch\u1ea5t l\u01b0\u1ee3ng h\u00e0ng \u0111\u1ea7u .\",\"publisher\":{\"@id\":\"https:\\\/\\\/loiloccamera.com\\\/#organization\"},\"potentialAction\":[{\"@type\":\"SearchAction\",\"target\":{\"@type\":\"EntryPoint\",\"urlTemplate\":\"https:\\\/\\\/loiloccamera.com\\\/?s={search_term_string}\"},\"query-input\":{\"@type\":\"PropertyValueSpecification\",\"valueRequired\":true,\"valueName\":\"search_term_string\"}}],\"inLanguage\":\"vi\"},{\"@type\":\"Organization\",\"@id\":\"https:\\\/\\\/loiloccamera.com\\\/#organization\",\"name\":\"L\u1ee3i L\u1ed9c Camera\",\"url\":\"https:\\\/\\\/loiloccamera.com\\\/\",\"logo\":{\"@type\":\"ImageObject\",\"inLanguage\":\"vi\",\"@id\":\"https:\\\/\\\/loiloccamera.com\\\/#\\\/schema\\\/logo\\\/image\\\/\",\"url\":\"https:\\\/\\\/loiloccamera.com\\\/wp-content\\\/uploads\\\/2024\\\/06\\\/Loi-Loc-tron.png\",\"contentUrl\":\"https:\\\/\\\/loiloccamera.com\\\/wp-content\\\/uploads\\\/2024\\\/06\\\/Loi-Loc-tron.png\",\"width\":516,\"height\":513,\"caption\":\"L\u1ee3i L\u1ed9c Camera\"},\"image\":{\"@id\":\"https:\\\/\\\/loiloccamera.com\\\/#\\\/schema\\\/logo\\\/image\\\/\"},\"sameAs\":[\"https:\\\/\\\/www.facebook.com\\\/loiloccamera\\\/\"]}]}<\/script>\n<!-- \/ Yoast SEO plugin. -->","yoast_head_json":{"title":"CAMERA NGO\u00c0I TR\u1edcI XOAY 360 WIFI IMOU S21FP - 2MP - L\u1ee3i L\u1ed9c Camera","robots":{"index":"index","follow":"follow","max-snippet":"max-snippet:-1","max-image-preview":"max-image-preview:large","max-video-preview":"max-video-preview:-1"},"canonical":"https:\/\/loiloccamera.com\/index.php\/product\/camera-ngoai-troi-wifi-imou-s21fp-2mp\/","og_locale":"vi_VN","og_type":"article","og_title":"CAMERA NGO\u00c0I TR\u1edcI XOAY 360 WIFI IMOU S21FP - 2MP - L\u1ee3i L\u1ed9c Camera","og_description":"\u2013 Camera IP WIFI s\u1eed d\u1ee5ng ngo\u00e0i tr\u1eddi. \u2013 Chu\u1ea9n n\u00e9n video: H.265\/ H.26 \u2013 \u0110\u1ed9 ph\u00e2n gi\u1ea3i: 2MP (1920 x 1080) \u2013 T\u1ed1c \u0111\u1ed9 khung h\u00ecnh l\u00ean \u0111\u1ebfn 25\/30 khung h\u00ecnh\/ gi\u00e2y\/ gi\u00e2y. \u2013 \u1ed0ng k\u00ednh: 3.6mm\/ 6mm, quan s\u00e1t xa 30m \u2013 Mic t\u00edch h\u1ee3p. \u2013 H\u1ed7 tr\u1ee3 Ph\u00e1t hi\u1ec7n con ng\u01b0\u1eddi\/ Ph\u00e1t hi\u1ec7n chuy\u1ec3n \u0111\u1ed9ng\/ V\u00f9ng c\u00f3 th\u1ec3 \u0111\u1ecbnh c\u1ea5u h\u00ecnh. \u2013 H\u1ed7 tr\u1ee3 Khe c\u1eafm th\u1ebb nh\u1edb Micro SD (l\u00ean \u0111\u1ebfn 256GB). \u2013 H\u1ed7 tr\u1ee3 chu\u1ea9n IP66.","og_url":"https:\/\/loiloccamera.com\/index.php\/product\/camera-ngoai-troi-wifi-imou-s21fp-2mp\/","og_site_name":"L\u1ee3i L\u1ed9c Camera","article_publisher":"https:\/\/www.facebook.com\/loiloccamera\/","article_modified_time":"2024-06-25T04:44:48+00:00","og_image":[{"width":550,"height":550,"url":"https:\/\/loiloccamera.com\/wp-content\/uploads\/2024\/06\/camera-wifi-ptz-imou-cruiser-s21fp-2mp-fullhd-1080p-s-12217.jpg","type":"image\/jpeg"}],"twitter_card":"summary_large_image","twitter_misc":{"\u01af\u1edbc t\u00ednh th\u1eddi gian \u0111\u1ecdc":"2 ph\u00fat"},"schema":{"@context":"https:\/\/schema.org","@graph":[{"@type":"WebPage","@id":"https:\/\/loiloccamera.com\/index.php\/product\/camera-ngoai-troi-wifi-imou-s21fp-2mp\/","url":"https:\/\/loiloccamera.com\/index.php\/product\/camera-ngoai-troi-wifi-imou-s21fp-2mp\/","name":"CAMERA NGO\u00c0I TR\u1edcI XOAY 360 WIFI IMOU S21FP - 2MP - L\u1ee3i L\u1ed9c Camera","isPartOf":{"@id":"https:\/\/loiloccamera.com\/#website"},"primaryImageOfPage":{"@id":"https:\/\/loiloccamera.com\/index.php\/product\/camera-ngoai-troi-wifi-imou-s21fp-2mp\/#primaryimage"},"image":{"@id":"https:\/\/loiloccamera.com\/index.php\/product\/camera-ngoai-troi-wifi-imou-s21fp-2mp\/#primaryimage"},"thumbnailUrl":"https:\/\/loiloccamera.com\/wp-content\/uploads\/2024\/06\/camera-wifi-ptz-imou-cruiser-s21fp-2mp-fullhd-1080p-s-12217.jpg","datePublished":"2024-06-25T04:39:32+00:00","dateModified":"2024-06-25T04:44:48+00:00","breadcrumb":{"@id":"https:\/\/loiloccamera.com\/index.php\/product\/camera-ngoai-troi-wifi-imou-s21fp-2mp\/#breadcrumb"},"inLanguage":"vi","potentialAction":[{"@type":"ReadAction","target":["https:\/\/loiloccamera.com\/index.php\/product\/camera-ngoai-troi-wifi-imou-s21fp-2mp\/"]}]},{"@type":"ImageObject","inLanguage":"vi","@id":"https:\/\/loiloccamera.com\/index.php\/product\/camera-ngoai-troi-wifi-imou-s21fp-2mp\/#primaryimage","url":"https:\/\/loiloccamera.com\/wp-content\/uploads\/2024\/06\/camera-wifi-ptz-imou-cruiser-s21fp-2mp-fullhd-1080p-s-12217.jpg","contentUrl":"https:\/\/loiloccamera.com\/wp-content\/uploads\/2024\/06\/camera-wifi-ptz-imou-cruiser-s21fp-2mp-fullhd-1080p-s-12217.jpg","width":550,"height":550},{"@type":"BreadcrumbList","@id":"https:\/\/loiloccamera.com\/index.php\/product\/camera-ngoai-troi-wifi-imou-s21fp-2mp\/#breadcrumb","itemListElement":[{"@type":"ListItem","position":1,"name":"Trang ch\u1ee7","item":"https:\/\/loiloccamera.com\/"},{"@type":"ListItem","position":2,"name":"C\u1eeda h\u00e0ng","item":"https:\/\/loiloccamera.com\/index.php\/mua\/"},{"@type":"ListItem","position":3,"name":"CAMERA NGO\u00c0I TR\u1edcI XOAY 360 WIFI IMOU S21FP &#8211; 2MP"}]},{"@type":"WebSite","@id":"https:\/\/loiloccamera.com\/#website","url":"https:\/\/loiloccamera.com\/","name":"L\u1ee3i L\u1ed9c Camera","description":"Uy t\u00ednh v\u00e0 ch\u1ea5t l\u01b0\u1ee3ng h\u00e0ng \u0111\u1ea7u .","publisher":{"@id":"https:\/\/loiloccamera.com\/#organization"},"potentialAction":[{"@type":"SearchAction","target":{"@type":"EntryPoint","urlTemplate":"https:\/\/loiloccamera.com\/?s={search_term_string}"},"query-input":{"@type":"PropertyValueSpecification","valueRequired":true,"valueName":"search_term_string"}}],"inLanguage":"vi"},{"@type":"Organization","@id":"https:\/\/loiloccamera.com\/#organization","name":"L\u1ee3i L\u1ed9c Camera","url":"https:\/\/loiloccamera.com\/","logo":{"@type":"ImageObject","inLanguage":"vi","@id":"https:\/\/loiloccamera.com\/#\/schema\/logo\/image\/","url":"https:\/\/loiloccamera.com\/wp-content\/uploads\/2024\/06\/Loi-Loc-tron.png","contentUrl":"https:\/\/loiloccamera.com\/wp-content\/uploads\/2024\/06\/Loi-Loc-tron.png","width":516,"height":513,"caption":"L\u1ee3i L\u1ed9c Camera"},"image":{"@id":"https:\/\/loiloccamera.com\/#\/schema\/logo\/image\/"},"sameAs":["https:\/\/www.facebook.com\/loiloccamera\/"]}]}},"_links":{"self":[{"href":"https:\/\/loiloccamera.com\/index.php\/wp-json\/wp\/v2\/product\/7770","targetHints":{"allow":["GET"]}}],"collection":[{"href":"https:\/\/loiloccamera.com\/index.php\/wp-json\/wp\/v2\/product"}],"about":[{"href":"https:\/\/loiloccamera.com\/index.php\/wp-json\/wp\/v2\/types\/product"}],"replies":[{"embeddable":true,"href":"https:\/\/loiloccamera.com\/index.php\/wp-json\/wp\/v2\/comments?post=7770"}],"wp:featuredmedia":[{"embeddable":true,"href":"https:\/\/loiloccamera.com\/index.php\/wp-json\/wp\/v2\/media\/7775"}],"wp:attachment":[{"href":"https:\/\/loiloccamera.com\/index.php\/wp-json\/wp\/v2\/media?parent=7770"}],"wp:term":[{"taxonomy":"product_brand","embeddable":true,"href":"https:\/\/loiloccamera.com\/index.php\/wp-json\/wp\/v2\/product_brand?post=7770"},{"taxonomy":"product_cat","embeddable":true,"href":"https:\/\/loiloccamera.com\/index.php\/wp-json\/wp\/v2\/product_cat?post=7770"},{"taxonomy":"product_tag","embeddable":true,"href":"https:\/\/loiloccamera.com\/index.php\/wp-json\/wp\/v2\/product_tag?post=7770"}],"curies":[{"name":"wp","href":"https:\/\/api.w.org\/{rel}","templated":true}]}}