{"id":7782,"date":"2024-06-25T12:01:19","date_gmt":"2024-06-25T05:01:19","guid":{"rendered":"https:\/\/loiloccamera.com\/?post_type=product&#038;p=7782"},"modified":"2024-06-25T12:14:25","modified_gmt":"2024-06-25T05:14:25","slug":"camera-ezviz-h6-3k-5mp-phat-hien-con-nguoi-tu-dong-theo-doi-chinh-hang-h6-5mp","status":"publish","type":"product","link":"https:\/\/loiloccamera.com\/index.php\/product\/camera-ezviz-h6-3k-5mp-phat-hien-con-nguoi-tu-dong-theo-doi-chinh-hang-h6-5mp\/","title":{"rendered":"CAMERA EZVIZ H6 3K (5MP) , PH\u00c1T HI\u1ec6N CON NG\u01af\u1edcI , T\u1ef0 \u0110\u1ed8NG THEO D\u00d5I ,  CH\u00cdNH H\u00c3NG H6 5MP"},"content":{"rendered":"<p>Camera trong nh\u00e0 th\u00f4ng minh Ezviz H6 3K l\u00e0 minh ch\u1ee9ng cho s\u1ef1 ti\u1ebfn b\u1ed9 \u0111\u00e1ng kinh ng\u1ea1c trong c\u00f4ng ngh\u1ec7 an ninh gia \u0111\u00ecnh. Thi\u1ebft k\u1ebf \u0111\u1ec3 ho\u00e0 quy\u1ec7n tuy\u1ec7t \u0111\u1ed1i v\u1edbi m\u00f4i tr\u01b0\u1eddng gia \u0111\u00ecnh, thi\u1ebft b\u1ecb n\u00e0y mang l\u1ea1i hi\u1ec7u su\u1ea5t v\u00e0 \u0111\u00e1ng tin c\u1eady v\u01b0\u1ee3t tr\u1ed9i. Camera Wifi EZVIZ H6 3K v\u01b0\u1ee3t tr\u1ed9i trong v<span style=\"font-size: 14.4px;\">i\u1ec7c nh\u00ecn th\u1ea5y m\u1ecdi th\u1ee9 r\u00f5 r\u00e0ng v\u00e0 s\u1ed1ng \u0111\u1ed9ng. N\u00f3 hi\u1ec3n th\u1ecb m\u1ecdi chi ti\u1ebft \u1edf \u0111\u1ed9 ph\u00e2n gi\u1ea3i 3K (5.0 megapixel) s\u1eafc n\u00e9t, l\u00e0m gi\u1ea3m hi\u1ec7u qu\u1ea3 t\u00ecnh tr\u1ea1ng ph\u01a1i s\u00e1ng qu\u00e1 m\u1ee9c c\u1ee7a h\u00ecnh \u1ea3nh v\u00e0 cung c\u1ea5p h\u00ecnh \u1ea3nh m\u00e0u trong \u0111i\u1ec1u ki\u1ec7n \u00e1nh s\u00e1ng c\u1ef1c k\u1ef3 y\u1ebfu.<\/span><img loading=\"lazy\" decoding=\"async\" class=\"aligncenter wp-image-7783 \" style=\"font-size: 14.4px;\" src=\"https:\/\/loiloccamera.com\/wp-content\/uploads\/2024\/06\/camera-ezviz-h6-do-phan-giai-3k-5mp-phat-hien-con-nguoi-tu-dong-theo-doi-new-2023-902_450x320.625.png\" alt=\"\" width=\"616\" height=\"438\" srcset=\"https:\/\/loiloccamera.com\/wp-content\/uploads\/2024\/06\/camera-ezviz-h6-do-phan-giai-3k-5mp-phat-hien-con-nguoi-tu-dong-theo-doi-new-2023-902_450x320.625.png 450w, https:\/\/loiloccamera.com\/wp-content\/uploads\/2024\/06\/camera-ezviz-h6-do-phan-giai-3k-5mp-phat-hien-con-nguoi-tu-dong-theo-doi-new-2023-902_450x320.625-300x213.png 300w\" sizes=\"auto, (max-width: 616px) 100vw, 616px\" \/><\/p>\n<p>Camera EZVIZ\u00a0H6 3K kh\u00f4ng d\u00e2y WiFi s\u1ebd l\u00e0 ng\u01b0\u1eddi b\u1ea3o v\u1ec7 ho\u00e0n h\u1ea3o m\u1edbi \u0111\u01b0\u1ee3c ra m\u1eaft v\u1edbi phong c\u00e1ch chuy\u00ean nghi\u1ec7p. EZVIZ H6 3K \u0111\u01b0\u1ee3c thi\u1ebft k\u1ebf \u0111\u1ec3 b\u1ea3o v\u1ec7 c\u1ea3 gia \u0111\u00ecnh v\u1edbi s\u1ef1 ti\u1ec7n l\u1ee3i h\u01a1n n\u1eefa. Ch\u1ea5t l\u01b0\u1ee3ng video tuy\u1ec7t v\u1eddi, nhi\u1ec1u t\u00ednh n\u0103ng ph\u00e1t hi\u1ec7n AI \u0111\u1ed9c \u0111\u00e1o v\u00e0 kh\u1ea3 n\u0103ng t\u01b0\u01a1ng th\u00edch r\u1ed9ng v\u1edbi c\u00e1c h\u1ec7 th\u1ed1ng nh\u00e0 th\u00f4ng minh hi\u1ec7n c\u00f3, t\u1ea5t c\u1ea3 \u0111\u1ec1u khi\u1ebfn camera tr\u1edf th\u00e0nh m\u1ed9t l\u1ef1a ch\u1ecdn an ninh kh\u00f4ng th\u1ec3 b\u1ecf qua.<\/p>\n<h3>\u0110\u1ed9 n\u00e9t 3K Plus si\u00eau r\u00f5 n\u00e9t 5.0MP \u2013 Ph\u1ee5c h\u1ed3i h\u00ecnh \u1ea3nh tinh t\u1ebf<\/h3>\n<p>N\u00e2ng c\u1ea5p \u0111i\u1ec3m \u1ea3nh si\u00eau r\u00f5 n\u00e9t v\u1edbi \u0111\u1ed9 ph\u00e2n gi\u1ea3i c\u00f3 th\u1ec3 l\u00ean \u0111\u1ebfn 2560x1440px, ch\u1ea5t l\u01b0\u1ee3ng h\u00ecnh \u1ea3nh, tinh t\u1ebf h\u01a1n. H\u00ecnh \u1ea3nh r\u00f5 r\u00e0ng h\u01a1n<br \/>\nv\u1edbi thu\u1eadt to\u00e1n kh\u1eed nhi\u1ec5u th\u00f4ng minh, h\u00ecnh \u1ea3nh kh\u00f4ng b\u1ecb nhi\u1ec5u, t\u1ef1 nhi\u00ean v\u00e0 ch\u00e2n th\u1ef1c h\u01a1n.<\/p>\n<h3>Kh\u1ea3 n\u0103ng xoay 360 \u0111\u1ed9 linh ho\u1ea1t<\/h3>\n<p>Camera H6 3K\u00a0c\u00f3 kh\u1ea3 n\u0103ng xoay 360 \u0111\u1ed9 ngang v\u00e0 90 \u0111\u1ed9 d\u1ecdc, gi\u00fap gi\u00e1m s\u00e1t to\u00e0n b\u1ed9 kh\u00f4ng gian m\u1ed9t c\u00e1ch to\u00e0n di\u1ec7n. B\u1ea1n c\u00f3 th\u1ec3 \u0111i\u1ec1u ch\u1ec9nh h\u01b0\u1edbng quan s\u00e1t t\u1eeb xa th\u00f4ng qua \u1ee9ng d\u1ee5ng \u0111i\u1ec7n tho\u1ea1i c\u1ee7a EZVIZ, \u0111\u1ea3m b\u1ea3o kh\u00f4ng b\u1ecf l\u1ee1 b\u1ea5t k\u1ef3 g\u00f3c quan tr\u1ecdng n\u00e0o. Kh\u1ea3 n\u0103ng xoay linh ho\u1ea1t n\u00e0y l\u00e0 m\u1ed9t \u0111i\u1ec3m m\u1ea1nh \u0111\u00e1ng k\u1ec3 c\u1ee7a Camera H6 3K, gi\u00fap b\u1ea1n ch\u1ee7 \u0111\u1ed9ng gi\u00e1m s\u00e1t v\u00e0 theo d\u00f5i t\u1ea5t c\u1ea3 c\u00e1c ho\u1ea1t \u0111\u1ed9ng trong v\u00f9ng gi\u00e1m s\u00e1t.<\/p>\n<h3><\/h3>\n<p style=\"font-size: 14.4px;\"><img loading=\"lazy\" decoding=\"async\" class=\"aligncenter wp-image-7785 size-full\" style=\"font-size: 14.4px;\" src=\"https:\/\/loiloccamera.com\/wp-content\/uploads\/2024\/06\/camera-wifi-thong-minh-5mp-ezviz-h6-3k-3.jpg\" alt=\"\" width=\"800\" height=\"391\" srcset=\"https:\/\/loiloccamera.com\/wp-content\/uploads\/2024\/06\/camera-wifi-thong-minh-5mp-ezviz-h6-3k-3.jpg 800w, https:\/\/loiloccamera.com\/wp-content\/uploads\/2024\/06\/camera-wifi-thong-minh-5mp-ezviz-h6-3k-3-300x147.jpg 300w, https:\/\/loiloccamera.com\/wp-content\/uploads\/2024\/06\/camera-wifi-thong-minh-5mp-ezviz-h6-3k-3-768x375.jpg 768w, https:\/\/loiloccamera.com\/wp-content\/uploads\/2024\/06\/camera-wifi-thong-minh-5mp-ezviz-h6-3k-3-600x293.jpg 600w\" sizes=\"auto, (max-width: 800px) 100vw, 800px\" \/><\/p>\n<p>&nbsp;<\/p>\n<p>&nbsp;<\/p>\n<h3>K\u1ebft n\u1ed1i kh\u00f4ng d\u00e2y WiFi ti\u1ec7n l\u1ee3i<\/h3>\n<p>Camera H6 h\u1ed7 tr\u1ee3 k\u1ebft n\u1ed1i kh\u00f4ng d\u00e2y WiFi, lo\u1ea1i b\u1ecf s\u1ef1 r\u01b0\u1eddm r\u00e0 c\u1ee7a d\u00e2y c\u00e1p v\u00e0 gi\u00fap b\u1ea1n d\u1ec5 d\u00e0ng c\u00e0i \u0111\u1eb7t v\u00e0 c\u1ea5u h\u00ecnh camera m\u1ed9t c\u00e1ch nhanh ch\u00f3ng. Ch\u1ec9 c\u1ea7n k\u1ebft n\u1ed1i v\u1edbi m\u1ea1ng WiFi trong nh\u00e0, b\u1ea1n c\u00f3 th\u1ec3 d\u1ec5 d\u00e0ng gi\u00e1m s\u00e1t t\u1eeb xa th\u00f4ng qua \u1ee9ng d\u1ee5ng tr\u00ean \u0111i\u1ec7n tho\u1ea1i di \u0111\u1ed9ng ho\u1eb7c m\u00e1y t\u00ednh. \u0110i\u1ec1u n\u00e0y \u0111em \u0111\u1ebfn s\u1ef1 linh ho\u1ea1t v\u00e0 ti\u1ec7n \u00edch cho vi\u1ec7c l\u1eafp \u0111\u1eb7t camera m\u00e0 kh\u00f4ng c\u1ea7n \u0111\u1ebfn d\u00e2y c\u00e1p ph\u1ee9c t\u1ea1p.<\/p>\n<h3>Thi\u1ebft k\u1ebf sang tr\u1ecdng v\u00e0 d\u1ec5 l\u1eafp \u0111\u1eb7t<\/h3>\n<p>Camera EZVIZ H6 3K c\u00f3 thi\u1ebft k\u1ebf hi\u1ec7n \u0111\u1ea1i, sang tr\u1ecdng v\u00e0 nh\u1ecf g\u1ecdn, d\u1ec5 d\u00e0ng h\u00f2a h\u1ee3p v\u1edbi n\u1ed9i th\u1ea5t v\u00e0 kh\u00f4ng gian xung quanh. V\u1edbi kh\u1ea3 n\u0103ng g\u1eafn l\u00ean tr\u1ea7n nh\u00e0 ho\u1eb7c \u0111\u1eb7t \u0111\u1ee9ng tr\u00ean b\u00e0n l\u00e0m vi\u1ec7c, vi\u1ec7c l\u1eafp \u0111\u1eb7t Camera H6 tr\u1edf n\u00ean \u0111\u01a1n gi\u1ea3n v\u00e0 ti\u1ec7n l\u1ee3i.<\/p>\n<p><img loading=\"lazy\" decoding=\"async\" class=\"aligncenter wp-image-7786 size-full\" style=\"font-size: 14.4px;\" src=\"https:\/\/loiloccamera.com\/wp-content\/uploads\/2024\/06\/camera-wifi-thong-minh-5mp-ezviz-h6-3k-4.jpg\" alt=\"\" width=\"800\" height=\"335\" srcset=\"https:\/\/loiloccamera.com\/wp-content\/uploads\/2024\/06\/camera-wifi-thong-minh-5mp-ezviz-h6-3k-4.jpg 800w, https:\/\/loiloccamera.com\/wp-content\/uploads\/2024\/06\/camera-wifi-thong-minh-5mp-ezviz-h6-3k-4-300x126.jpg 300w, https:\/\/loiloccamera.com\/wp-content\/uploads\/2024\/06\/camera-wifi-thong-minh-5mp-ezviz-h6-3k-4-768x322.jpg 768w, https:\/\/loiloccamera.com\/wp-content\/uploads\/2024\/06\/camera-wifi-thong-minh-5mp-ezviz-h6-3k-4-600x251.jpg 600w\" sizes=\"auto, (max-width: 800px) 100vw, 800px\" \/><\/p>\n","protected":false},"excerpt":{"rendered":"<h2>Th\u00f4ng s\u1ed1 k\u1ef9 thu\u1eadt camera\u00a0WiFi th\u00f4ng minh 5MP EZVIZ H6 3K<\/h2>\n<h2>\u2013 Camera quay qu\u00e9t s\u1eed d\u1ee5ng trong nh\u00e0<br \/>\n\u2013 Chu\u1ea9n n\u00e9n H.265 ti\u1ebft ki\u1ec7m b\u0103ng th\u00f4ng l\u01b0u tr\u1eef<br \/>\n\u2013 3K Smart Home PT AI Camera<br \/>\n\u2013 C\u1ea3m bi\u1ebfn h\u00ecnh \u1ea3nh 1\/2.7\u2033 Progressive Scan CMOS<br \/>\n\u2013 \u0110\u1ed9 ph\u00e2n gi\u1ea3i 2880 \u00d7 1620<br \/>\n\u2013 \u1ed0ng k\u00ednh 4mm@ F1.6, view angle:104\u00b0 (Horizontal), 87\u00b0 (Vertical), 53\u00b0(Diagonal)<br \/>\n\u2013 Xoay ngang: 353\u00b0, d\u1ecdc: 133\u00b0<br \/>\n\u2013 Ch\u1ed1ng ng\u01b0\u1ee3c s\u00e1ng Digital WDR<br \/>\n\u2013 C\u00f4ng ngh\u1ec7 AI-Powered ph\u00e1t hi\u1ec7n ng\u01b0\u1eddi \/ v\u1eadt nu\u00f4i \/ v\u1eaby tay \/ \u00e2m thanh<br \/>\n\u2013 H\u1ed7 tr\u1ee3 \u0111\u00e0m tho\u1ea1i 2 chi\u1ec1u<br \/>\n\u2013 H\u1ed7 tr\u1ee3 khe c\u1eafm MicroSD card (Max. 512 GB)<br \/>\n\u2013 Wi-Fi Standard IEEE802.11a, 802.11b, 802.11g, 802.11n, 802.11ac<br \/>\n\u2013 1 c\u1ed5ng RJ45 \u00d7 1(10M\/100M Adaptive Ethernet Port)<br \/>\n\u2013 Ngu\u1ed3n c\u1ea5p: DC 5V\/2A\uff08Type-C)<br \/>\n\u2013 C\u00f4ng su\u1ea5t: MAX. 8W<\/h2>\n","protected":false},"featured_media":7789,"comment_status":"open","ping_status":"closed","template":"","meta":{"_monsterinsights_skip_tracking":false,"_monsterinsights_sitenote_active":false,"_monsterinsights_sitenote_note":"","_monsterinsights_sitenote_category":0},"product_brand":[],"product_cat":[52],"product_tag":[66,67],"class_list":{"0":"post-7782","1":"product","2":"type-product","3":"status-publish","4":"has-post-thumbnail","6":"product_cat-camera-ezviz","7":"product_tag-camera-ezviz-h6-3k-5mp","8":"product_tag-camera-wifi-thong-minh-5mp-ezviz-h6-3k","10":"first","11":"instock","12":"sale","13":"shipping-taxable","14":"purchasable","15":"product-type-simple"},"aioseo_notices":[],"yoast_head":"<!-- This site is optimized with the Yoast SEO plugin v27.5 - https:\/\/yoast.com\/product\/yoast-seo-wordpress\/ -->\n<title>CAMERA EZVIZ H6 3K (5MP) , PH\u00c1T HI\u1ec6N CON NG\u01af\u1edcI , T\u1ef0 \u0110\u1ed8NG THEO D\u00d5I , CH\u00cdNH H\u00c3NG H6 5MP - L\u1ee3i L\u1ed9c Camera<\/title>\n<meta name=\"description\" content=\"Camera EZVIZ H6 3K c\u00f3 thi\u1ebft k\u1ebf hi\u1ec7n \u0111\u1ea1i, sang tr\u1ecdng v\u00e0 nh\u1ecf g\u1ecdn, d\u1ec5 d\u00e0ng h\u00f2a h\u1ee3p v\u1edbi n\u1ed9i th\u1ea5t v\u00e0 kh\u00f4ng gian xung quanh. V\u1edbi kh\u1ea3 n\u0103ng g\u1eafn l\u00ean tr\u1ea7n ..\" \/>\n<meta name=\"robots\" content=\"index, follow, max-snippet:-1, max-image-preview:large, max-video-preview:-1\" \/>\n<link rel=\"canonical\" href=\"https:\/\/loiloccamera.com\/index.php\/product\/camera-ezviz-h6-3k-5mp-phat-hien-con-nguoi-tu-dong-theo-doi-chinh-hang-h6-5mp\/\" \/>\n<meta property=\"og:locale\" content=\"vi_VN\" \/>\n<meta property=\"og:type\" content=\"article\" \/>\n<meta property=\"og:title\" content=\"CAMERA EZVIZ H6 3K (5MP) , PH\u00c1T HI\u1ec6N CON NG\u01af\u1edcI , T\u1ef0 \u0110\u1ed8NG THEO D\u00d5I , CH\u00cdNH H\u00c3NG H6 5MP - L\u1ee3i L\u1ed9c Camera\" \/>\n<meta property=\"og:description\" content=\"Camera EZVIZ H6 3K c\u00f3 thi\u1ebft k\u1ebf hi\u1ec7n \u0111\u1ea1i, sang tr\u1ecdng v\u00e0 nh\u1ecf g\u1ecdn, d\u1ec5 d\u00e0ng h\u00f2a h\u1ee3p v\u1edbi n\u1ed9i th\u1ea5t v\u00e0 kh\u00f4ng gian xung quanh. V\u1edbi kh\u1ea3 n\u0103ng g\u1eafn l\u00ean tr\u1ea7n ..\" \/>\n<meta property=\"og:url\" content=\"https:\/\/loiloccamera.com\/index.php\/product\/camera-ezviz-h6-3k-5mp-phat-hien-con-nguoi-tu-dong-theo-doi-chinh-hang-h6-5mp\/\" \/>\n<meta property=\"og:site_name\" content=\"L\u1ee3i L\u1ed9c Camera\" \/>\n<meta property=\"article:publisher\" content=\"https:\/\/www.facebook.com\/loiloccamera\/\" \/>\n<meta property=\"article:modified_time\" content=\"2024-06-25T05:14:25+00:00\" \/>\n<meta property=\"og:image\" content=\"https:\/\/loiloccamera.com\/wp-content\/uploads\/2024\/06\/camera-wifi-thong-minh-5mp-ezviz-h6-3k-1a.jpg\" \/>\n\t<meta property=\"og:image:width\" content=\"1000\" \/>\n\t<meta property=\"og:image:height\" content=\"1000\" \/>\n\t<meta property=\"og:image:type\" content=\"image\/jpeg\" \/>\n<meta name=\"twitter:card\" content=\"summary_large_image\" \/>\n<meta name=\"twitter:label1\" content=\"\u01af\u1edbc t\u00ednh th\u1eddi gian \u0111\u1ecdc\" \/>\n\t<meta name=\"twitter:data1\" content=\"4 ph\u00fat\" \/>\n<script type=\"application\/ld+json\" class=\"yoast-schema-graph\">{\"@context\":\"https:\\\/\\\/schema.org\",\"@graph\":[{\"@type\":\"WebPage\",\"@id\":\"https:\\\/\\\/loiloccamera.com\\\/index.php\\\/product\\\/camera-ezviz-h6-3k-5mp-phat-hien-con-nguoi-tu-dong-theo-doi-chinh-hang-h6-5mp\\\/\",\"url\":\"https:\\\/\\\/loiloccamera.com\\\/index.php\\\/product\\\/camera-ezviz-h6-3k-5mp-phat-hien-con-nguoi-tu-dong-theo-doi-chinh-hang-h6-5mp\\\/\",\"name\":\"CAMERA EZVIZ H6 3K (5MP) , PH\u00c1T HI\u1ec6N CON NG\u01af\u1edcI , T\u1ef0 \u0110\u1ed8NG THEO D\u00d5I , CH\u00cdNH H\u00c3NG H6 5MP - L\u1ee3i L\u1ed9c Camera\",\"isPartOf\":{\"@id\":\"https:\\\/\\\/loiloccamera.com\\\/#website\"},\"primaryImageOfPage\":{\"@id\":\"https:\\\/\\\/loiloccamera.com\\\/index.php\\\/product\\\/camera-ezviz-h6-3k-5mp-phat-hien-con-nguoi-tu-dong-theo-doi-chinh-hang-h6-5mp\\\/#primaryimage\"},\"image\":{\"@id\":\"https:\\\/\\\/loiloccamera.com\\\/index.php\\\/product\\\/camera-ezviz-h6-3k-5mp-phat-hien-con-nguoi-tu-dong-theo-doi-chinh-hang-h6-5mp\\\/#primaryimage\"},\"thumbnailUrl\":\"https:\\\/\\\/loiloccamera.com\\\/wp-content\\\/uploads\\\/2024\\\/06\\\/camera-wifi-thong-minh-5mp-ezviz-h6-3k-1a.jpg\",\"datePublished\":\"2024-06-25T05:01:19+00:00\",\"dateModified\":\"2024-06-25T05:14:25+00:00\",\"description\":\"Camera EZVIZ H6 3K c\u00f3 thi\u1ebft k\u1ebf hi\u1ec7n \u0111\u1ea1i, sang tr\u1ecdng v\u00e0 nh\u1ecf g\u1ecdn, d\u1ec5 d\u00e0ng h\u00f2a h\u1ee3p v\u1edbi n\u1ed9i th\u1ea5t v\u00e0 kh\u00f4ng gian xung quanh. V\u1edbi kh\u1ea3 n\u0103ng g\u1eafn l\u00ean tr\u1ea7n ..\",\"breadcrumb\":{\"@id\":\"https:\\\/\\\/loiloccamera.com\\\/index.php\\\/product\\\/camera-ezviz-h6-3k-5mp-phat-hien-con-nguoi-tu-dong-theo-doi-chinh-hang-h6-5mp\\\/#breadcrumb\"},\"inLanguage\":\"vi\",\"potentialAction\":[{\"@type\":\"ReadAction\",\"target\":[\"https:\\\/\\\/loiloccamera.com\\\/index.php\\\/product\\\/camera-ezviz-h6-3k-5mp-phat-hien-con-nguoi-tu-dong-theo-doi-chinh-hang-h6-5mp\\\/\"]}]},{\"@type\":\"ImageObject\",\"inLanguage\":\"vi\",\"@id\":\"https:\\\/\\\/loiloccamera.com\\\/index.php\\\/product\\\/camera-ezviz-h6-3k-5mp-phat-hien-con-nguoi-tu-dong-theo-doi-chinh-hang-h6-5mp\\\/#primaryimage\",\"url\":\"https:\\\/\\\/loiloccamera.com\\\/wp-content\\\/uploads\\\/2024\\\/06\\\/camera-wifi-thong-minh-5mp-ezviz-h6-3k-1a.jpg\",\"contentUrl\":\"https:\\\/\\\/loiloccamera.com\\\/wp-content\\\/uploads\\\/2024\\\/06\\\/camera-wifi-thong-minh-5mp-ezviz-h6-3k-1a.jpg\",\"width\":1000,\"height\":1000},{\"@type\":\"BreadcrumbList\",\"@id\":\"https:\\\/\\\/loiloccamera.com\\\/index.php\\\/product\\\/camera-ezviz-h6-3k-5mp-phat-hien-con-nguoi-tu-dong-theo-doi-chinh-hang-h6-5mp\\\/#breadcrumb\",\"itemListElement\":[{\"@type\":\"ListItem\",\"position\":1,\"name\":\"Trang ch\u1ee7\",\"item\":\"https:\\\/\\\/loiloccamera.com\\\/\"},{\"@type\":\"ListItem\",\"position\":2,\"name\":\"C\u1eeda h\u00e0ng\",\"item\":\"https:\\\/\\\/loiloccamera.com\\\/index.php\\\/mua\\\/\"},{\"@type\":\"ListItem\",\"position\":3,\"name\":\"CAMERA EZVIZ H6 3K (5MP) , PH\u00c1T HI\u1ec6N CON NG\u01af\u1edcI , T\u1ef0 \u0110\u1ed8NG THEO D\u00d5I , CH\u00cdNH H\u00c3NG H6 5MP\"}]},{\"@type\":\"WebSite\",\"@id\":\"https:\\\/\\\/loiloccamera.com\\\/#website\",\"url\":\"https:\\\/\\\/loiloccamera.com\\\/\",\"name\":\"L\u1ee3i L\u1ed9c Camera\",\"description\":\"Uy t\u00ednh v\u00e0 ch\u1ea5t l\u01b0\u1ee3ng h\u00e0ng \u0111\u1ea7u .\",\"publisher\":{\"@id\":\"https:\\\/\\\/loiloccamera.com\\\/#organization\"},\"potentialAction\":[{\"@type\":\"SearchAction\",\"target\":{\"@type\":\"EntryPoint\",\"urlTemplate\":\"https:\\\/\\\/loiloccamera.com\\\/?s={search_term_string}\"},\"query-input\":{\"@type\":\"PropertyValueSpecification\",\"valueRequired\":true,\"valueName\":\"search_term_string\"}}],\"inLanguage\":\"vi\"},{\"@type\":\"Organization\",\"@id\":\"https:\\\/\\\/loiloccamera.com\\\/#organization\",\"name\":\"L\u1ee3i L\u1ed9c Camera\",\"url\":\"https:\\\/\\\/loiloccamera.com\\\/\",\"logo\":{\"@type\":\"ImageObject\",\"inLanguage\":\"vi\",\"@id\":\"https:\\\/\\\/loiloccamera.com\\\/#\\\/schema\\\/logo\\\/image\\\/\",\"url\":\"https:\\\/\\\/loiloccamera.com\\\/wp-content\\\/uploads\\\/2024\\\/06\\\/Loi-Loc-tron.png\",\"contentUrl\":\"https:\\\/\\\/loiloccamera.com\\\/wp-content\\\/uploads\\\/2024\\\/06\\\/Loi-Loc-tron.png\",\"width\":516,\"height\":513,\"caption\":\"L\u1ee3i L\u1ed9c Camera\"},\"image\":{\"@id\":\"https:\\\/\\\/loiloccamera.com\\\/#\\\/schema\\\/logo\\\/image\\\/\"},\"sameAs\":[\"https:\\\/\\\/www.facebook.com\\\/loiloccamera\\\/\"]}]}<\/script>\n<!-- \/ Yoast SEO plugin. -->","yoast_head_json":{"title":"CAMERA EZVIZ H6 3K (5MP) , PH\u00c1T HI\u1ec6N CON NG\u01af\u1edcI , T\u1ef0 \u0110\u1ed8NG THEO D\u00d5I , CH\u00cdNH H\u00c3NG H6 5MP - L\u1ee3i L\u1ed9c Camera","description":"Camera EZVIZ H6 3K c\u00f3 thi\u1ebft k\u1ebf hi\u1ec7n \u0111\u1ea1i, sang tr\u1ecdng v\u00e0 nh\u1ecf g\u1ecdn, d\u1ec5 d\u00e0ng h\u00f2a h\u1ee3p v\u1edbi n\u1ed9i th\u1ea5t v\u00e0 kh\u00f4ng gian xung quanh. V\u1edbi kh\u1ea3 n\u0103ng g\u1eafn l\u00ean tr\u1ea7n ..","robots":{"index":"index","follow":"follow","max-snippet":"max-snippet:-1","max-image-preview":"max-image-preview:large","max-video-preview":"max-video-preview:-1"},"canonical":"https:\/\/loiloccamera.com\/index.php\/product\/camera-ezviz-h6-3k-5mp-phat-hien-con-nguoi-tu-dong-theo-doi-chinh-hang-h6-5mp\/","og_locale":"vi_VN","og_type":"article","og_title":"CAMERA EZVIZ H6 3K (5MP) , PH\u00c1T HI\u1ec6N CON NG\u01af\u1edcI , T\u1ef0 \u0110\u1ed8NG THEO D\u00d5I , CH\u00cdNH H\u00c3NG H6 5MP - L\u1ee3i L\u1ed9c Camera","og_description":"Camera EZVIZ H6 3K c\u00f3 thi\u1ebft k\u1ebf hi\u1ec7n \u0111\u1ea1i, sang tr\u1ecdng v\u00e0 nh\u1ecf g\u1ecdn, d\u1ec5 d\u00e0ng h\u00f2a h\u1ee3p v\u1edbi n\u1ed9i th\u1ea5t v\u00e0 kh\u00f4ng gian xung quanh. V\u1edbi kh\u1ea3 n\u0103ng g\u1eafn l\u00ean tr\u1ea7n ..","og_url":"https:\/\/loiloccamera.com\/index.php\/product\/camera-ezviz-h6-3k-5mp-phat-hien-con-nguoi-tu-dong-theo-doi-chinh-hang-h6-5mp\/","og_site_name":"L\u1ee3i L\u1ed9c Camera","article_publisher":"https:\/\/www.facebook.com\/loiloccamera\/","article_modified_time":"2024-06-25T05:14:25+00:00","og_image":[{"width":1000,"height":1000,"url":"https:\/\/loiloccamera.com\/wp-content\/uploads\/2024\/06\/camera-wifi-thong-minh-5mp-ezviz-h6-3k-1a.jpg","type":"image\/jpeg"}],"twitter_card":"summary_large_image","twitter_misc":{"\u01af\u1edbc t\u00ednh th\u1eddi gian \u0111\u1ecdc":"4 ph\u00fat"},"schema":{"@context":"https:\/\/schema.org","@graph":[{"@type":"WebPage","@id":"https:\/\/loiloccamera.com\/index.php\/product\/camera-ezviz-h6-3k-5mp-phat-hien-con-nguoi-tu-dong-theo-doi-chinh-hang-h6-5mp\/","url":"https:\/\/loiloccamera.com\/index.php\/product\/camera-ezviz-h6-3k-5mp-phat-hien-con-nguoi-tu-dong-theo-doi-chinh-hang-h6-5mp\/","name":"CAMERA EZVIZ H6 3K (5MP) , PH\u00c1T HI\u1ec6N CON NG\u01af\u1edcI , T\u1ef0 \u0110\u1ed8NG THEO D\u00d5I , CH\u00cdNH H\u00c3NG H6 5MP - L\u1ee3i L\u1ed9c Camera","isPartOf":{"@id":"https:\/\/loiloccamera.com\/#website"},"primaryImageOfPage":{"@id":"https:\/\/loiloccamera.com\/index.php\/product\/camera-ezviz-h6-3k-5mp-phat-hien-con-nguoi-tu-dong-theo-doi-chinh-hang-h6-5mp\/#primaryimage"},"image":{"@id":"https:\/\/loiloccamera.com\/index.php\/product\/camera-ezviz-h6-3k-5mp-phat-hien-con-nguoi-tu-dong-theo-doi-chinh-hang-h6-5mp\/#primaryimage"},"thumbnailUrl":"https:\/\/loiloccamera.com\/wp-content\/uploads\/2024\/06\/camera-wifi-thong-minh-5mp-ezviz-h6-3k-1a.jpg","datePublished":"2024-06-25T05:01:19+00:00","dateModified":"2024-06-25T05:14:25+00:00","description":"Camera EZVIZ H6 3K c\u00f3 thi\u1ebft k\u1ebf hi\u1ec7n \u0111\u1ea1i, sang tr\u1ecdng v\u00e0 nh\u1ecf g\u1ecdn, d\u1ec5 d\u00e0ng h\u00f2a h\u1ee3p v\u1edbi n\u1ed9i th\u1ea5t v\u00e0 kh\u00f4ng gian xung quanh. V\u1edbi kh\u1ea3 n\u0103ng g\u1eafn l\u00ean tr\u1ea7n ..","breadcrumb":{"@id":"https:\/\/loiloccamera.com\/index.php\/product\/camera-ezviz-h6-3k-5mp-phat-hien-con-nguoi-tu-dong-theo-doi-chinh-hang-h6-5mp\/#breadcrumb"},"inLanguage":"vi","potentialAction":[{"@type":"ReadAction","target":["https:\/\/loiloccamera.com\/index.php\/product\/camera-ezviz-h6-3k-5mp-phat-hien-con-nguoi-tu-dong-theo-doi-chinh-hang-h6-5mp\/"]}]},{"@type":"ImageObject","inLanguage":"vi","@id":"https:\/\/loiloccamera.com\/index.php\/product\/camera-ezviz-h6-3k-5mp-phat-hien-con-nguoi-tu-dong-theo-doi-chinh-hang-h6-5mp\/#primaryimage","url":"https:\/\/loiloccamera.com\/wp-content\/uploads\/2024\/06\/camera-wifi-thong-minh-5mp-ezviz-h6-3k-1a.jpg","contentUrl":"https:\/\/loiloccamera.com\/wp-content\/uploads\/2024\/06\/camera-wifi-thong-minh-5mp-ezviz-h6-3k-1a.jpg","width":1000,"height":1000},{"@type":"BreadcrumbList","@id":"https:\/\/loiloccamera.com\/index.php\/product\/camera-ezviz-h6-3k-5mp-phat-hien-con-nguoi-tu-dong-theo-doi-chinh-hang-h6-5mp\/#breadcrumb","itemListElement":[{"@type":"ListItem","position":1,"name":"Trang ch\u1ee7","item":"https:\/\/loiloccamera.com\/"},{"@type":"ListItem","position":2,"name":"C\u1eeda h\u00e0ng","item":"https:\/\/loiloccamera.com\/index.php\/mua\/"},{"@type":"ListItem","position":3,"name":"CAMERA EZVIZ H6 3K (5MP) , PH\u00c1T HI\u1ec6N CON NG\u01af\u1edcI , T\u1ef0 \u0110\u1ed8NG THEO D\u00d5I , CH\u00cdNH H\u00c3NG H6 5MP"}]},{"@type":"WebSite","@id":"https:\/\/loiloccamera.com\/#website","url":"https:\/\/loiloccamera.com\/","name":"L\u1ee3i L\u1ed9c Camera","description":"Uy t\u00ednh v\u00e0 ch\u1ea5t l\u01b0\u1ee3ng h\u00e0ng \u0111\u1ea7u .","publisher":{"@id":"https:\/\/loiloccamera.com\/#organization"},"potentialAction":[{"@type":"SearchAction","target":{"@type":"EntryPoint","urlTemplate":"https:\/\/loiloccamera.com\/?s={search_term_string}"},"query-input":{"@type":"PropertyValueSpecification","valueRequired":true,"valueName":"search_term_string"}}],"inLanguage":"vi"},{"@type":"Organization","@id":"https:\/\/loiloccamera.com\/#organization","name":"L\u1ee3i L\u1ed9c Camera","url":"https:\/\/loiloccamera.com\/","logo":{"@type":"ImageObject","inLanguage":"vi","@id":"https:\/\/loiloccamera.com\/#\/schema\/logo\/image\/","url":"https:\/\/loiloccamera.com\/wp-content\/uploads\/2024\/06\/Loi-Loc-tron.png","contentUrl":"https:\/\/loiloccamera.com\/wp-content\/uploads\/2024\/06\/Loi-Loc-tron.png","width":516,"height":513,"caption":"L\u1ee3i L\u1ed9c Camera"},"image":{"@id":"https:\/\/loiloccamera.com\/#\/schema\/logo\/image\/"},"sameAs":["https:\/\/www.facebook.com\/loiloccamera\/"]}]}},"_links":{"self":[{"href":"https:\/\/loiloccamera.com\/index.php\/wp-json\/wp\/v2\/product\/7782","targetHints":{"allow":["GET"]}}],"collection":[{"href":"https:\/\/loiloccamera.com\/index.php\/wp-json\/wp\/v2\/product"}],"about":[{"href":"https:\/\/loiloccamera.com\/index.php\/wp-json\/wp\/v2\/types\/product"}],"replies":[{"embeddable":true,"href":"https:\/\/loiloccamera.com\/index.php\/wp-json\/wp\/v2\/comments?post=7782"}],"wp:featuredmedia":[{"embeddable":true,"href":"https:\/\/loiloccamera.com\/index.php\/wp-json\/wp\/v2\/media\/7789"}],"wp:attachment":[{"href":"https:\/\/loiloccamera.com\/index.php\/wp-json\/wp\/v2\/media?parent=7782"}],"wp:term":[{"taxonomy":"product_brand","embeddable":true,"href":"https:\/\/loiloccamera.com\/index.php\/wp-json\/wp\/v2\/product_brand?post=7782"},{"taxonomy":"product_cat","embeddable":true,"href":"https:\/\/loiloccamera.com\/index.php\/wp-json\/wp\/v2\/product_cat?post=7782"},{"taxonomy":"product_tag","embeddable":true,"href":"https:\/\/loiloccamera.com\/index.php\/wp-json\/wp\/v2\/product_tag?post=7782"}],"curies":[{"name":"wp","href":"https:\/\/api.w.org\/{rel}","templated":true}]}}