{"id":7906,"date":"2024-09-24T19:11:40","date_gmt":"2024-09-24T12:11:40","guid":{"rendered":"https:\/\/loiloccamera.com\/?post_type=product&#038;p=7906"},"modified":"2024-09-24T19:12:09","modified_gmt":"2024-09-24T12:12:09","slug":"chan-de-op-tran-chuyen-dung-camera-xoay-360-trong-nha","status":"publish","type":"product","link":"https:\/\/loiloccamera.com\/index.php\/product\/chan-de-op-tran-chuyen-dung-camera-xoay-360-trong-nha\/","title":{"rendered":"CH\u00c2N \u0110\u1ebe \u1ed0P TR\u1ea6N CHUY\u00caN D\u1ee4NG CAMERA XOAY 360 TRONG NH\u00c0"},"content":{"rendered":"<p><img loading=\"lazy\" decoding=\"async\" class=\"alignnone size-medium wp-image-7907\" src=\"https:\/\/loiloccamera.com\/wp-content\/uploads\/2024\/09\/chan-de-op-tran-chuyen-dung-camera_450x433.73493975904-300x289.jpg\" alt=\"\" width=\"300\" height=\"289\" srcset=\"https:\/\/loiloccamera.com\/wp-content\/uploads\/2024\/09\/chan-de-op-tran-chuyen-dung-camera_450x433.73493975904-300x289.jpg 300w, https:\/\/loiloccamera.com\/wp-content\/uploads\/2024\/09\/chan-de-op-tran-chuyen-dung-camera_450x433.73493975904.jpg 450w\" sizes=\"auto, (max-width: 300px) 100vw, 300px\" \/><img loading=\"lazy\" decoding=\"async\" class=\"alignnone size-medium wp-image-7908\" src=\"https:\/\/loiloccamera.com\/wp-content\/uploads\/2024\/09\/gia-treo-ezviz-4-300x300.jpg\" alt=\"\" width=\"300\" height=\"300\" srcset=\"https:\/\/loiloccamera.com\/wp-content\/uploads\/2024\/09\/gia-treo-ezviz-4-300x300.jpg 300w, https:\/\/loiloccamera.com\/wp-content\/uploads\/2024\/09\/gia-treo-ezviz-4-150x150.jpg 150w, https:\/\/loiloccamera.com\/wp-content\/uploads\/2024\/09\/gia-treo-ezviz-4-600x600.jpg 600w, https:\/\/loiloccamera.com\/wp-content\/uploads\/2024\/09\/gia-treo-ezviz-4-100x100.jpg 100w, https:\/\/loiloccamera.com\/wp-content\/uploads\/2024\/09\/gia-treo-ezviz-4.jpg 640w\" sizes=\"auto, (max-width: 300px) 100vw, 300px\" \/> <img loading=\"lazy\" decoding=\"async\" class=\"alignnone size-medium wp-image-7909\" src=\"https:\/\/loiloccamera.com\/wp-content\/uploads\/2024\/09\/Chan-de-ezviz2-300x225.jpg\" alt=\"\" width=\"300\" height=\"225\" srcset=\"https:\/\/loiloccamera.com\/wp-content\/uploads\/2024\/09\/Chan-de-ezviz2-300x225.jpg 300w, https:\/\/loiloccamera.com\/wp-content\/uploads\/2024\/09\/Chan-de-ezviz2-768x576.jpg 768w, https:\/\/loiloccamera.com\/wp-content\/uploads\/2024\/09\/Chan-de-ezviz2-600x450.jpg 600w, https:\/\/loiloccamera.com\/wp-content\/uploads\/2024\/09\/Chan-de-ezviz2.jpg 960w\" sizes=\"auto, (max-width: 300px) 100vw, 300px\" \/> <img loading=\"lazy\" decoding=\"async\" class=\"alignnone size-medium wp-image-7910\" src=\"https:\/\/loiloccamera.com\/wp-content\/uploads\/2024\/09\/4cb93529d91aab209ef74cdd1cb812b6-300x225.jpg\" alt=\"\" width=\"300\" height=\"225\" srcset=\"https:\/\/loiloccamera.com\/wp-content\/uploads\/2024\/09\/4cb93529d91aab209ef74cdd1cb812b6-300x225.jpg 300w, https:\/\/loiloccamera.com\/wp-content\/uploads\/2024\/09\/4cb93529d91aab209ef74cdd1cb812b6-768x576.jpg 768w, https:\/\/loiloccamera.com\/wp-content\/uploads\/2024\/09\/4cb93529d91aab209ef74cdd1cb812b6-600x450.jpg 600w, https:\/\/loiloccamera.com\/wp-content\/uploads\/2024\/09\/4cb93529d91aab209ef74cdd1cb812b6.jpg 960w\" sizes=\"auto, (max-width: 300px) 100vw, 300px\" \/><\/p>\n<ul>\n<li>Ch\u1ea5t Li\u1ec7u: Nh\u1ef1a C\u1ee9ng<\/li>\n<li>M\u00e0u s\u1eafc: Tr\u1eafng,<\/li>\n<li>Ch\u00e2n \u0111\u1ebf ch\u1eef L \u0111a n\u0103ng<\/li>\n<li>S\u1ea3n ph\u1ea9m \u0111a n\u0103ng l\u1eafp cho camera ezviz, imou, hik, camera Dome, b\u00e1n C\u1ea7u<\/li>\n<li>Gi\u00fap g\u00f3c Nh\u00ecn v\u00e0 quan s\u00e1t c\u1ee7a camera r\u1ed9ng h\u01a1n h\u1eb3n so v\u1edbi vi\u1ec7c kh\u00f4ng c\u00f3 gi\u00e1 treo<\/li>\n<li>Ch\u1ecbu l\u1ef1c t\u1ed1t, Ph\u00f9 h\u1ee3p v\u1edbi t\u1ea5t c\u1ea3 c\u00e1c lo\u1ea1i camera ip tr\u00ean th\u1ecb tr\u01b0\u1eddng<\/li>\n<li>H\u1ed9p b\u1ea3o v\u1ec7 ngu\u1ed3n camera t\u1eeb nay kh\u1ecfi lo m\u01b0a gi\u00f3 v\u00e0 \u0111i d\u00e2y m\u1ea5t th\u1ea9m m\u1ef9.<\/li>\n<li>B\u1ea3o v\u1ec7 camera kh\u1ecfi t\u00e1c \u0111\u1ed9ng m\u01b0a n\u1eafng.<\/li>\n<li>B\u1ea3o v\u1ec7 ph\u1ea7n jack BNC v\u00e0 DC kh\u1ecfi t\u00e1c \u0111\u1ed9ng m\u01b0a n\u1eafng.<\/li>\n<li>Ch\u1ea5t li\u1ec7u nh\u1ef1a ABS th\u1eddi gian l\u00e3o h\u00f3a ch\u1eadm.<\/li>\n<li>\n<h3>CH\u00c2N \u0110\u1ebe G\u1eaeN T\u01af\u1edcNG CHO CAMERA DOME-CAMERA B\u00c1N C\u1ea6U \u2013 CH\u00c2N \u0110\u1ebe NH\u1ef0A CAMERA DOME<\/h3>\n<p>C\u00f3 s\u1eb5n \u1ed1c v\u00edt \u0111i k\u00e8m theo ch\u00e2n<\/p>\n<p>K\u00edch th\u01b0\u1edbc ch\u00e2n \u0111\u1ebf kh\u00e1 to, ph\u00f9 h\u1ee3p v\u1edbi m\u1ecdi lo\u1ea1i Camera Dome, camera h\u00ecnh c\u1ea7u ho\u1eb7c b\u00e1n c\u1ea7u.<\/li>\n<\/ul>\n","protected":false},"excerpt":{"rendered":"<p>Ch\u1ea5t Li\u1ec7u: Nh\u1ef1a C\u1ee9ng<\/p>\n<p>M\u00e0u s\u1eafc: Tr\u1eafng,<\/p>\n<p>Ch\u00e2n \u0111\u1ebf ch\u1eef L \u0111a n\u0103ng<\/p>\n<p>S\u1ea3n ph\u1ea9m \u0111a n\u0103ng l\u1eafp cho camera ezviz, imou, hik, camera Dome, b\u00e1n C\u1ea7u<\/p>\n","protected":false},"featured_media":7911,"comment_status":"open","ping_status":"closed","template":"","meta":{"_monsterinsights_skip_tracking":false,"_monsterinsights_sitenote_active":false,"_monsterinsights_sitenote_note":"","_monsterinsights_sitenote_category":0},"product_brand":[],"product_cat":[71],"product_tag":[72,73],"class_list":{"0":"post-7906","1":"product","2":"type-product","3":"status-publish","4":"has-post-thumbnail","6":"product_cat-phu-kien-camera","7":"product_tag-chan-de-chuyen-dung-camera-xoay-360","8":"product_tag-hop-de-nguon-camera-xoay-360","10":"first","11":"instock","12":"sale","13":"shipping-taxable","14":"purchasable","15":"product-type-simple"},"aioseo_notices":[],"yoast_head":"<!-- This site is optimized with the Yoast SEO plugin v27.5 - https:\/\/yoast.com\/product\/yoast-seo-wordpress\/ -->\n<title>CH\u00c2N \u0110\u1ebe \u1ed0P TR\u1ea6N CHUY\u00caN D\u1ee4NG CAMERA XOAY 360 TRONG NH\u00c0 - L\u1ee3i L\u1ed9c Camera<\/title>\n<meta name=\"description\" content=\"CH\u00c2N \u0110\u1ebe G\u1eaeN T\u01af\u1edcNG CHO CAMERA DOME-CAMERA B\u00c1N C\u1ea6U \u2013 CH\u00c2N \u0110\u1ebe NH\u1ef0A CAMERA DOMEC\u00f3 s\u1eb5n \u1ed1c v\u00edt \u0111i k\u00e8m theo ch\u00e2nK\u00edch th\u01b0\u1edbc ch\u00e2n \u0111\u1ebf kh\u00e1 to, ph\u00f9 h\u1ee3p v\u1edbi m\u1ecdi lo\u1ea1i Camera Dome, camera h\u00ecnh c\u1ea7u ho\u1eb7c b\u00e1n c\u1ea7u.\" \/>\n<meta name=\"robots\" content=\"index, follow, max-snippet:-1, max-image-preview:large, max-video-preview:-1\" \/>\n<link rel=\"canonical\" href=\"https:\/\/loiloccamera.com\/index.php\/product\/chan-de-op-tran-chuyen-dung-camera-xoay-360-trong-nha\/\" \/>\n<meta property=\"og:locale\" content=\"vi_VN\" \/>\n<meta property=\"og:type\" content=\"article\" \/>\n<meta property=\"og:title\" content=\"CH\u00c2N \u0110\u1ebe \u1ed0P TR\u1ea6N CHUY\u00caN D\u1ee4NG CAMERA XOAY 360 TRONG NH\u00c0 - L\u1ee3i L\u1ed9c Camera\" \/>\n<meta property=\"og:description\" content=\"CH\u00c2N \u0110\u1ebe G\u1eaeN T\u01af\u1edcNG CHO CAMERA DOME-CAMERA B\u00c1N C\u1ea6U \u2013 CH\u00c2N \u0110\u1ebe NH\u1ef0A CAMERA DOMEC\u00f3 s\u1eb5n \u1ed1c v\u00edt \u0111i k\u00e8m theo ch\u00e2nK\u00edch th\u01b0\u1edbc ch\u00e2n \u0111\u1ebf kh\u00e1 to, ph\u00f9 h\u1ee3p v\u1edbi m\u1ecdi lo\u1ea1i Camera Dome, camera h\u00ecnh c\u1ea7u ho\u1eb7c b\u00e1n c\u1ea7u.\" \/>\n<meta property=\"og:url\" content=\"https:\/\/loiloccamera.com\/index.php\/product\/chan-de-op-tran-chuyen-dung-camera-xoay-360-trong-nha\/\" \/>\n<meta property=\"og:site_name\" content=\"L\u1ee3i L\u1ed9c Camera\" \/>\n<meta property=\"article:publisher\" content=\"https:\/\/www.facebook.com\/loiloccamera\/\" \/>\n<meta property=\"article:modified_time\" content=\"2024-09-24T12:12:09+00:00\" \/>\n<meta property=\"og:image\" content=\"https:\/\/loiloccamera.com\/wp-content\/uploads\/2024\/09\/4.webp\" \/>\n\t<meta property=\"og:image:width\" content=\"953\" \/>\n\t<meta property=\"og:image:height\" content=\"644\" \/>\n\t<meta property=\"og:image:type\" content=\"image\/webp\" \/>\n<meta name=\"twitter:card\" content=\"summary_large_image\" \/>\n<meta name=\"twitter:label1\" content=\"\u01af\u1edbc t\u00ednh th\u1eddi gian \u0111\u1ecdc\" \/>\n\t<meta name=\"twitter:data1\" content=\"2 ph\u00fat\" \/>\n<script type=\"application\/ld+json\" class=\"yoast-schema-graph\">{\"@context\":\"https:\\\/\\\/schema.org\",\"@graph\":[{\"@type\":\"WebPage\",\"@id\":\"https:\\\/\\\/loiloccamera.com\\\/index.php\\\/product\\\/chan-de-op-tran-chuyen-dung-camera-xoay-360-trong-nha\\\/\",\"url\":\"https:\\\/\\\/loiloccamera.com\\\/index.php\\\/product\\\/chan-de-op-tran-chuyen-dung-camera-xoay-360-trong-nha\\\/\",\"name\":\"CH\u00c2N \u0110\u1ebe \u1ed0P TR\u1ea6N CHUY\u00caN D\u1ee4NG CAMERA XOAY 360 TRONG NH\u00c0 - L\u1ee3i L\u1ed9c Camera\",\"isPartOf\":{\"@id\":\"https:\\\/\\\/loiloccamera.com\\\/#website\"},\"primaryImageOfPage\":{\"@id\":\"https:\\\/\\\/loiloccamera.com\\\/index.php\\\/product\\\/chan-de-op-tran-chuyen-dung-camera-xoay-360-trong-nha\\\/#primaryimage\"},\"image\":{\"@id\":\"https:\\\/\\\/loiloccamera.com\\\/index.php\\\/product\\\/chan-de-op-tran-chuyen-dung-camera-xoay-360-trong-nha\\\/#primaryimage\"},\"thumbnailUrl\":\"https:\\\/\\\/loiloccamera.com\\\/wp-content\\\/uploads\\\/2024\\\/09\\\/4.webp\",\"datePublished\":\"2024-09-24T12:11:40+00:00\",\"dateModified\":\"2024-09-24T12:12:09+00:00\",\"description\":\"CH\u00c2N \u0110\u1ebe G\u1eaeN T\u01af\u1edcNG CHO CAMERA DOME-CAMERA B\u00c1N C\u1ea6U \u2013 CH\u00c2N \u0110\u1ebe NH\u1ef0A CAMERA DOMEC\u00f3 s\u1eb5n \u1ed1c v\u00edt \u0111i k\u00e8m theo ch\u00e2nK\u00edch th\u01b0\u1edbc ch\u00e2n \u0111\u1ebf kh\u00e1 to, ph\u00f9 h\u1ee3p v\u1edbi m\u1ecdi lo\u1ea1i Camera Dome, camera h\u00ecnh c\u1ea7u ho\u1eb7c b\u00e1n c\u1ea7u.\",\"breadcrumb\":{\"@id\":\"https:\\\/\\\/loiloccamera.com\\\/index.php\\\/product\\\/chan-de-op-tran-chuyen-dung-camera-xoay-360-trong-nha\\\/#breadcrumb\"},\"inLanguage\":\"vi\",\"potentialAction\":[{\"@type\":\"ReadAction\",\"target\":[\"https:\\\/\\\/loiloccamera.com\\\/index.php\\\/product\\\/chan-de-op-tran-chuyen-dung-camera-xoay-360-trong-nha\\\/\"]}]},{\"@type\":\"ImageObject\",\"inLanguage\":\"vi\",\"@id\":\"https:\\\/\\\/loiloccamera.com\\\/index.php\\\/product\\\/chan-de-op-tran-chuyen-dung-camera-xoay-360-trong-nha\\\/#primaryimage\",\"url\":\"https:\\\/\\\/loiloccamera.com\\\/wp-content\\\/uploads\\\/2024\\\/09\\\/4.webp\",\"contentUrl\":\"https:\\\/\\\/loiloccamera.com\\\/wp-content\\\/uploads\\\/2024\\\/09\\\/4.webp\",\"width\":953,\"height\":644},{\"@type\":\"BreadcrumbList\",\"@id\":\"https:\\\/\\\/loiloccamera.com\\\/index.php\\\/product\\\/chan-de-op-tran-chuyen-dung-camera-xoay-360-trong-nha\\\/#breadcrumb\",\"itemListElement\":[{\"@type\":\"ListItem\",\"position\":1,\"name\":\"Trang ch\u1ee7\",\"item\":\"https:\\\/\\\/loiloccamera.com\\\/\"},{\"@type\":\"ListItem\",\"position\":2,\"name\":\"C\u1eeda h\u00e0ng\",\"item\":\"https:\\\/\\\/loiloccamera.com\\\/index.php\\\/mua\\\/\"},{\"@type\":\"ListItem\",\"position\":3,\"name\":\"CH\u00c2N \u0110\u1ebe \u1ed0P TR\u1ea6N CHUY\u00caN D\u1ee4NG CAMERA XOAY 360 TRONG NH\u00c0\"}]},{\"@type\":\"WebSite\",\"@id\":\"https:\\\/\\\/loiloccamera.com\\\/#website\",\"url\":\"https:\\\/\\\/loiloccamera.com\\\/\",\"name\":\"L\u1ee3i L\u1ed9c Camera\",\"description\":\"Uy t\u00ednh v\u00e0 ch\u1ea5t l\u01b0\u1ee3ng h\u00e0ng \u0111\u1ea7u .\",\"publisher\":{\"@id\":\"https:\\\/\\\/loiloccamera.com\\\/#organization\"},\"potentialAction\":[{\"@type\":\"SearchAction\",\"target\":{\"@type\":\"EntryPoint\",\"urlTemplate\":\"https:\\\/\\\/loiloccamera.com\\\/?s={search_term_string}\"},\"query-input\":{\"@type\":\"PropertyValueSpecification\",\"valueRequired\":true,\"valueName\":\"search_term_string\"}}],\"inLanguage\":\"vi\"},{\"@type\":\"Organization\",\"@id\":\"https:\\\/\\\/loiloccamera.com\\\/#organization\",\"name\":\"L\u1ee3i L\u1ed9c Camera\",\"url\":\"https:\\\/\\\/loiloccamera.com\\\/\",\"logo\":{\"@type\":\"ImageObject\",\"inLanguage\":\"vi\",\"@id\":\"https:\\\/\\\/loiloccamera.com\\\/#\\\/schema\\\/logo\\\/image\\\/\",\"url\":\"https:\\\/\\\/loiloccamera.com\\\/wp-content\\\/uploads\\\/2024\\\/06\\\/Loi-Loc-tron.png\",\"contentUrl\":\"https:\\\/\\\/loiloccamera.com\\\/wp-content\\\/uploads\\\/2024\\\/06\\\/Loi-Loc-tron.png\",\"width\":516,\"height\":513,\"caption\":\"L\u1ee3i L\u1ed9c Camera\"},\"image\":{\"@id\":\"https:\\\/\\\/loiloccamera.com\\\/#\\\/schema\\\/logo\\\/image\\\/\"},\"sameAs\":[\"https:\\\/\\\/www.facebook.com\\\/loiloccamera\\\/\"]}]}<\/script>\n<!-- \/ Yoast SEO plugin. -->","yoast_head_json":{"title":"CH\u00c2N \u0110\u1ebe \u1ed0P TR\u1ea6N CHUY\u00caN D\u1ee4NG CAMERA XOAY 360 TRONG NH\u00c0 - L\u1ee3i L\u1ed9c Camera","description":"CH\u00c2N \u0110\u1ebe G\u1eaeN T\u01af\u1edcNG CHO CAMERA DOME-CAMERA B\u00c1N C\u1ea6U \u2013 CH\u00c2N \u0110\u1ebe NH\u1ef0A CAMERA DOMEC\u00f3 s\u1eb5n \u1ed1c v\u00edt \u0111i k\u00e8m theo ch\u00e2nK\u00edch th\u01b0\u1edbc ch\u00e2n \u0111\u1ebf kh\u00e1 to, ph\u00f9 h\u1ee3p v\u1edbi m\u1ecdi lo\u1ea1i Camera Dome, camera h\u00ecnh c\u1ea7u ho\u1eb7c b\u00e1n c\u1ea7u.","robots":{"index":"index","follow":"follow","max-snippet":"max-snippet:-1","max-image-preview":"max-image-preview:large","max-video-preview":"max-video-preview:-1"},"canonical":"https:\/\/loiloccamera.com\/index.php\/product\/chan-de-op-tran-chuyen-dung-camera-xoay-360-trong-nha\/","og_locale":"vi_VN","og_type":"article","og_title":"CH\u00c2N \u0110\u1ebe \u1ed0P TR\u1ea6N CHUY\u00caN D\u1ee4NG CAMERA XOAY 360 TRONG NH\u00c0 - L\u1ee3i L\u1ed9c Camera","og_description":"CH\u00c2N \u0110\u1ebe G\u1eaeN T\u01af\u1edcNG CHO CAMERA DOME-CAMERA B\u00c1N C\u1ea6U \u2013 CH\u00c2N \u0110\u1ebe NH\u1ef0A CAMERA DOMEC\u00f3 s\u1eb5n \u1ed1c v\u00edt \u0111i k\u00e8m theo ch\u00e2nK\u00edch th\u01b0\u1edbc ch\u00e2n \u0111\u1ebf kh\u00e1 to, ph\u00f9 h\u1ee3p v\u1edbi m\u1ecdi lo\u1ea1i Camera Dome, camera h\u00ecnh c\u1ea7u ho\u1eb7c b\u00e1n c\u1ea7u.","og_url":"https:\/\/loiloccamera.com\/index.php\/product\/chan-de-op-tran-chuyen-dung-camera-xoay-360-trong-nha\/","og_site_name":"L\u1ee3i L\u1ed9c Camera","article_publisher":"https:\/\/www.facebook.com\/loiloccamera\/","article_modified_time":"2024-09-24T12:12:09+00:00","og_image":[{"width":953,"height":644,"url":"https:\/\/loiloccamera.com\/wp-content\/uploads\/2024\/09\/4.webp","type":"image\/webp"}],"twitter_card":"summary_large_image","twitter_misc":{"\u01af\u1edbc t\u00ednh th\u1eddi gian \u0111\u1ecdc":"2 ph\u00fat"},"schema":{"@context":"https:\/\/schema.org","@graph":[{"@type":"WebPage","@id":"https:\/\/loiloccamera.com\/index.php\/product\/chan-de-op-tran-chuyen-dung-camera-xoay-360-trong-nha\/","url":"https:\/\/loiloccamera.com\/index.php\/product\/chan-de-op-tran-chuyen-dung-camera-xoay-360-trong-nha\/","name":"CH\u00c2N \u0110\u1ebe \u1ed0P TR\u1ea6N CHUY\u00caN D\u1ee4NG CAMERA XOAY 360 TRONG NH\u00c0 - L\u1ee3i L\u1ed9c Camera","isPartOf":{"@id":"https:\/\/loiloccamera.com\/#website"},"primaryImageOfPage":{"@id":"https:\/\/loiloccamera.com\/index.php\/product\/chan-de-op-tran-chuyen-dung-camera-xoay-360-trong-nha\/#primaryimage"},"image":{"@id":"https:\/\/loiloccamera.com\/index.php\/product\/chan-de-op-tran-chuyen-dung-camera-xoay-360-trong-nha\/#primaryimage"},"thumbnailUrl":"https:\/\/loiloccamera.com\/wp-content\/uploads\/2024\/09\/4.webp","datePublished":"2024-09-24T12:11:40+00:00","dateModified":"2024-09-24T12:12:09+00:00","description":"CH\u00c2N \u0110\u1ebe G\u1eaeN T\u01af\u1edcNG CHO CAMERA DOME-CAMERA B\u00c1N C\u1ea6U \u2013 CH\u00c2N \u0110\u1ebe NH\u1ef0A CAMERA DOMEC\u00f3 s\u1eb5n \u1ed1c v\u00edt \u0111i k\u00e8m theo ch\u00e2nK\u00edch th\u01b0\u1edbc ch\u00e2n \u0111\u1ebf kh\u00e1 to, ph\u00f9 h\u1ee3p v\u1edbi m\u1ecdi lo\u1ea1i Camera Dome, camera h\u00ecnh c\u1ea7u ho\u1eb7c b\u00e1n c\u1ea7u.","breadcrumb":{"@id":"https:\/\/loiloccamera.com\/index.php\/product\/chan-de-op-tran-chuyen-dung-camera-xoay-360-trong-nha\/#breadcrumb"},"inLanguage":"vi","potentialAction":[{"@type":"ReadAction","target":["https:\/\/loiloccamera.com\/index.php\/product\/chan-de-op-tran-chuyen-dung-camera-xoay-360-trong-nha\/"]}]},{"@type":"ImageObject","inLanguage":"vi","@id":"https:\/\/loiloccamera.com\/index.php\/product\/chan-de-op-tran-chuyen-dung-camera-xoay-360-trong-nha\/#primaryimage","url":"https:\/\/loiloccamera.com\/wp-content\/uploads\/2024\/09\/4.webp","contentUrl":"https:\/\/loiloccamera.com\/wp-content\/uploads\/2024\/09\/4.webp","width":953,"height":644},{"@type":"BreadcrumbList","@id":"https:\/\/loiloccamera.com\/index.php\/product\/chan-de-op-tran-chuyen-dung-camera-xoay-360-trong-nha\/#breadcrumb","itemListElement":[{"@type":"ListItem","position":1,"name":"Trang ch\u1ee7","item":"https:\/\/loiloccamera.com\/"},{"@type":"ListItem","position":2,"name":"C\u1eeda h\u00e0ng","item":"https:\/\/loiloccamera.com\/index.php\/mua\/"},{"@type":"ListItem","position":3,"name":"CH\u00c2N \u0110\u1ebe \u1ed0P TR\u1ea6N CHUY\u00caN D\u1ee4NG CAMERA XOAY 360 TRONG NH\u00c0"}]},{"@type":"WebSite","@id":"https:\/\/loiloccamera.com\/#website","url":"https:\/\/loiloccamera.com\/","name":"L\u1ee3i L\u1ed9c Camera","description":"Uy t\u00ednh v\u00e0 ch\u1ea5t l\u01b0\u1ee3ng h\u00e0ng \u0111\u1ea7u .","publisher":{"@id":"https:\/\/loiloccamera.com\/#organization"},"potentialAction":[{"@type":"SearchAction","target":{"@type":"EntryPoint","urlTemplate":"https:\/\/loiloccamera.com\/?s={search_term_string}"},"query-input":{"@type":"PropertyValueSpecification","valueRequired":true,"valueName":"search_term_string"}}],"inLanguage":"vi"},{"@type":"Organization","@id":"https:\/\/loiloccamera.com\/#organization","name":"L\u1ee3i L\u1ed9c Camera","url":"https:\/\/loiloccamera.com\/","logo":{"@type":"ImageObject","inLanguage":"vi","@id":"https:\/\/loiloccamera.com\/#\/schema\/logo\/image\/","url":"https:\/\/loiloccamera.com\/wp-content\/uploads\/2024\/06\/Loi-Loc-tron.png","contentUrl":"https:\/\/loiloccamera.com\/wp-content\/uploads\/2024\/06\/Loi-Loc-tron.png","width":516,"height":513,"caption":"L\u1ee3i L\u1ed9c Camera"},"image":{"@id":"https:\/\/loiloccamera.com\/#\/schema\/logo\/image\/"},"sameAs":["https:\/\/www.facebook.com\/loiloccamera\/"]}]}},"_links":{"self":[{"href":"https:\/\/loiloccamera.com\/index.php\/wp-json\/wp\/v2\/product\/7906","targetHints":{"allow":["GET"]}}],"collection":[{"href":"https:\/\/loiloccamera.com\/index.php\/wp-json\/wp\/v2\/product"}],"about":[{"href":"https:\/\/loiloccamera.com\/index.php\/wp-json\/wp\/v2\/types\/product"}],"replies":[{"embeddable":true,"href":"https:\/\/loiloccamera.com\/index.php\/wp-json\/wp\/v2\/comments?post=7906"}],"wp:featuredmedia":[{"embeddable":true,"href":"https:\/\/loiloccamera.com\/index.php\/wp-json\/wp\/v2\/media\/7911"}],"wp:attachment":[{"href":"https:\/\/loiloccamera.com\/index.php\/wp-json\/wp\/v2\/media?parent=7906"}],"wp:term":[{"taxonomy":"product_brand","embeddable":true,"href":"https:\/\/loiloccamera.com\/index.php\/wp-json\/wp\/v2\/product_brand?post=7906"},{"taxonomy":"product_cat","embeddable":true,"href":"https:\/\/loiloccamera.com\/index.php\/wp-json\/wp\/v2\/product_cat?post=7906"},{"taxonomy":"product_tag","embeddable":true,"href":"https:\/\/loiloccamera.com\/index.php\/wp-json\/wp\/v2\/product_tag?post=7906"}],"curies":[{"name":"wp","href":"https:\/\/api.w.org\/{rel}","templated":true}]}}