{"id":7912,"date":"2024-09-24T19:16:06","date_gmt":"2024-09-24T12:16:06","guid":{"rendered":"https:\/\/loiloccamera.com\/?post_type=product&#038;p=7912"},"modified":"2024-09-24T19:17:51","modified_gmt":"2024-09-24T12:17:51","slug":"de-camera-dahua-nhua-sieu-cung","status":"publish","type":"product","link":"https:\/\/loiloccamera.com\/index.php\/product\/de-camera-dahua-nhua-sieu-cung\/","title":{"rendered":"CH\u00c2N \u0110\u1ebe CAMERA DAHUA NH\u1ef0A SI\u00caU C\u1ee8NG"},"content":{"rendered":"<p><img loading=\"lazy\" decoding=\"async\" class=\"alignnone size-full wp-image-7913\" src=\"https:\/\/loiloccamera.com\/wp-content\/uploads\/2024\/09\/02218a1e-5bb1-432c-aba7-67cda7b2a4d4.webp\" alt=\"\" width=\"240\" height=\"240\" srcset=\"https:\/\/loiloccamera.com\/wp-content\/uploads\/2024\/09\/02218a1e-5bb1-432c-aba7-67cda7b2a4d4.webp 240w, https:\/\/loiloccamera.com\/wp-content\/uploads\/2024\/09\/02218a1e-5bb1-432c-aba7-67cda7b2a4d4-150x150.webp 150w, https:\/\/loiloccamera.com\/wp-content\/uploads\/2024\/09\/02218a1e-5bb1-432c-aba7-67cda7b2a4d4-100x100.webp 100w\" sizes=\"auto, (max-width: 240px) 100vw, 240px\" \/> <img loading=\"lazy\" decoding=\"async\" class=\"alignnone size-medium wp-image-7914\" src=\"https:\/\/loiloccamera.com\/wp-content\/uploads\/2024\/09\/ee535d65-a3cf-4f05-9903-da2298fc3c34-300x300.webp\" alt=\"\" width=\"300\" height=\"300\" srcset=\"https:\/\/loiloccamera.com\/wp-content\/uploads\/2024\/09\/ee535d65-a3cf-4f05-9903-da2298fc3c34-300x300.webp 300w, https:\/\/loiloccamera.com\/wp-content\/uploads\/2024\/09\/ee535d65-a3cf-4f05-9903-da2298fc3c34-150x150.webp 150w, https:\/\/loiloccamera.com\/wp-content\/uploads\/2024\/09\/ee535d65-a3cf-4f05-9903-da2298fc3c34-600x600.webp 600w, https:\/\/loiloccamera.com\/wp-content\/uploads\/2024\/09\/ee535d65-a3cf-4f05-9903-da2298fc3c34-100x100.webp 100w, https:\/\/loiloccamera.com\/wp-content\/uploads\/2024\/09\/ee535d65-a3cf-4f05-9903-da2298fc3c34.webp 720w\" sizes=\"auto, (max-width: 300px) 100vw, 300px\" \/> <img loading=\"lazy\" decoding=\"async\" class=\"alignnone size-medium wp-image-7915\" src=\"https:\/\/loiloccamera.com\/wp-content\/uploads\/2024\/09\/de-camera-dahua-nhua-sieu-cung_450x446.30136986301-300x297.png\" alt=\"\" width=\"300\" height=\"297\" srcset=\"https:\/\/loiloccamera.com\/wp-content\/uploads\/2024\/09\/de-camera-dahua-nhua-sieu-cung_450x446.30136986301-300x297.png 300w, https:\/\/loiloccamera.com\/wp-content\/uploads\/2024\/09\/de-camera-dahua-nhua-sieu-cung_450x446.30136986301-150x150.png 150w, https:\/\/loiloccamera.com\/wp-content\/uploads\/2024\/09\/de-camera-dahua-nhua-sieu-cung_450x446.30136986301-100x100.png 100w, https:\/\/loiloccamera.com\/wp-content\/uploads\/2024\/09\/de-camera-dahua-nhua-sieu-cung_450x446.30136986301.png 450w\" sizes=\"auto, (max-width: 300px) 100vw, 300px\" \/><\/p>\n<p>L\u1eafp \u0111\u01b0\u1ee3c c\u00e1c d\u00f2ng camera wifi tplink nh\u01b0 ezviz-imou-kbwin-ebitcom-yoosee<br \/>\n\u2013 Ch\u1ea5t li\u1ec7u : Nh\u1ef1a cao c\u1ea5p.<br \/>\n\u2013 C\u00f3 \u0111\u1ea7y \u0111\u1ee7 \u1ed1c v\u00edt, b\u0103t ch\u00e2n \u0111\u1ebf v\u00e0 vit b\u0103t v\u00e0o camera<br \/>\n\u2013 Ch\u00e2n \u0111\u1ebf k\u00e8m theo cam h\u01a1i b\u00e9 v\u00e0 l\u1eafp k ch\u1eafc ch\u1eafn:<br \/>\n\u2013 N\u00ean Ch\u00e2n \u0111\u1ebf l\u00e0 s\u1ef1 l\u1ef1a ch\u1ecdn tuy\u1ec7t v\u1eddi m\u1ecdi ng\u01b0\u1eddi nh\u00e9, l\u1eafp ch\u00e2n \u0111\u1ebf gi\u00fap ch\u1ec9nh \u0111\u01b0\u1ee3c nhi\u1ec1u g\u00f3c nhin \u0111\u01a1n gi\u1ea3n h\u01a1n.<\/p>\n","protected":false},"excerpt":{"rendered":"<h1 class=\"title-product\">Ch\u00e2n \u0111\u1ebf camera \u0111a n\u0103ng b\u1eb1ng nh\u1ef1a, 18 cm<\/h1>\n","protected":false},"featured_media":7915,"comment_status":"open","ping_status":"closed","template":"","meta":{"_monsterinsights_skip_tracking":false,"_monsterinsights_sitenote_active":false,"_monsterinsights_sitenote_note":"","_monsterinsights_sitenote_category":0},"product_brand":[],"product_cat":[71],"product_tag":[74],"class_list":{"0":"post-7912","1":"product","2":"type-product","3":"status-publish","4":"has-post-thumbnail","6":"product_cat-phu-kien-camera","7":"product_tag-chan-de-camera","9":"first","10":"instock","11":"sale","12":"shipping-taxable","13":"purchasable","14":"product-type-simple"},"aioseo_notices":[],"yoast_head":"<!-- This site is optimized with the Yoast SEO plugin v27.5 - https:\/\/yoast.com\/product\/yoast-seo-wordpress\/ -->\n<title>CH\u00c2N \u0110\u1ebe CAMERA DAHUA NH\u1ef0A SI\u00caU C\u1ee8NG - L\u1ee3i L\u1ed9c Camera<\/title>\n<meta name=\"description\" content=\"ch\u00e2n \u0111\u1ebf camera L\u1eafp \u0111\u01b0\u1ee3c c\u00e1c d\u00f2ng camera wifi tplink nh\u01b0 ezviz-imou-kbwin-ebitcom-yoosee\u2013 Ch\u1ea5t li\u1ec7u : Nh\u1ef1a cao c\u1ea5p.\u2013 C\u00f3 \u0111\u1ea7y \u0111\u1ee7 \u1ed1c v\u00edt, b\u0103t ch\u00e2n \u0111\u1ebf v\u00e0 vit b\u0103t\" \/>\n<meta name=\"robots\" content=\"index, follow, max-snippet:-1, max-image-preview:large, max-video-preview:-1\" \/>\n<link rel=\"canonical\" href=\"https:\/\/loiloccamera.com\/index.php\/product\/de-camera-dahua-nhua-sieu-cung\/\" \/>\n<meta property=\"og:locale\" content=\"vi_VN\" \/>\n<meta property=\"og:type\" content=\"article\" \/>\n<meta property=\"og:title\" content=\"CH\u00c2N \u0110\u1ebe CAMERA DAHUA NH\u1ef0A SI\u00caU C\u1ee8NG - L\u1ee3i L\u1ed9c Camera\" \/>\n<meta property=\"og:description\" content=\"ch\u00e2n \u0111\u1ebf camera L\u1eafp \u0111\u01b0\u1ee3c c\u00e1c d\u00f2ng camera wifi tplink nh\u01b0 ezviz-imou-kbwin-ebitcom-yoosee\u2013 Ch\u1ea5t li\u1ec7u : Nh\u1ef1a cao c\u1ea5p.\u2013 C\u00f3 \u0111\u1ea7y \u0111\u1ee7 \u1ed1c v\u00edt, b\u0103t ch\u00e2n \u0111\u1ebf v\u00e0 vit b\u0103t\" \/>\n<meta property=\"og:url\" content=\"https:\/\/loiloccamera.com\/index.php\/product\/de-camera-dahua-nhua-sieu-cung\/\" \/>\n<meta property=\"og:site_name\" content=\"L\u1ee3i L\u1ed9c Camera\" \/>\n<meta property=\"article:publisher\" content=\"https:\/\/www.facebook.com\/loiloccamera\/\" \/>\n<meta property=\"article:modified_time\" content=\"2024-09-24T12:17:51+00:00\" \/>\n<meta property=\"og:image\" content=\"https:\/\/loiloccamera.com\/wp-content\/uploads\/2024\/09\/de-camera-dahua-nhua-sieu-cung_450x446.30136986301.png\" \/>\n\t<meta property=\"og:image:width\" content=\"450\" \/>\n\t<meta property=\"og:image:height\" content=\"446\" \/>\n\t<meta property=\"og:image:type\" content=\"image\/png\" \/>\n<meta name=\"twitter:card\" content=\"summary_large_image\" \/>\n<meta name=\"twitter:label1\" content=\"\u01af\u1edbc t\u00ednh th\u1eddi gian \u0111\u1ecdc\" \/>\n\t<meta name=\"twitter:data1\" content=\"2 ph\u00fat\" \/>\n<script type=\"application\/ld+json\" class=\"yoast-schema-graph\">{\"@context\":\"https:\\\/\\\/schema.org\",\"@graph\":[{\"@type\":\"WebPage\",\"@id\":\"https:\\\/\\\/loiloccamera.com\\\/index.php\\\/product\\\/de-camera-dahua-nhua-sieu-cung\\\/\",\"url\":\"https:\\\/\\\/loiloccamera.com\\\/index.php\\\/product\\\/de-camera-dahua-nhua-sieu-cung\\\/\",\"name\":\"CH\u00c2N \u0110\u1ebe CAMERA DAHUA NH\u1ef0A SI\u00caU C\u1ee8NG - L\u1ee3i L\u1ed9c Camera\",\"isPartOf\":{\"@id\":\"https:\\\/\\\/loiloccamera.com\\\/#website\"},\"primaryImageOfPage\":{\"@id\":\"https:\\\/\\\/loiloccamera.com\\\/index.php\\\/product\\\/de-camera-dahua-nhua-sieu-cung\\\/#primaryimage\"},\"image\":{\"@id\":\"https:\\\/\\\/loiloccamera.com\\\/index.php\\\/product\\\/de-camera-dahua-nhua-sieu-cung\\\/#primaryimage\"},\"thumbnailUrl\":\"https:\\\/\\\/loiloccamera.com\\\/wp-content\\\/uploads\\\/2024\\\/09\\\/de-camera-dahua-nhua-sieu-cung_450x446.30136986301.png\",\"datePublished\":\"2024-09-24T12:16:06+00:00\",\"dateModified\":\"2024-09-24T12:17:51+00:00\",\"description\":\"ch\u00e2n \u0111\u1ebf camera L\u1eafp \u0111\u01b0\u1ee3c c\u00e1c d\u00f2ng camera wifi tplink nh\u01b0 ezviz-imou-kbwin-ebitcom-yoosee\u2013 Ch\u1ea5t li\u1ec7u : Nh\u1ef1a cao c\u1ea5p.\u2013 C\u00f3 \u0111\u1ea7y \u0111\u1ee7 \u1ed1c v\u00edt, b\u0103t ch\u00e2n \u0111\u1ebf v\u00e0 vit b\u0103t\",\"breadcrumb\":{\"@id\":\"https:\\\/\\\/loiloccamera.com\\\/index.php\\\/product\\\/de-camera-dahua-nhua-sieu-cung\\\/#breadcrumb\"},\"inLanguage\":\"vi\",\"potentialAction\":[{\"@type\":\"ReadAction\",\"target\":[\"https:\\\/\\\/loiloccamera.com\\\/index.php\\\/product\\\/de-camera-dahua-nhua-sieu-cung\\\/\"]}]},{\"@type\":\"ImageObject\",\"inLanguage\":\"vi\",\"@id\":\"https:\\\/\\\/loiloccamera.com\\\/index.php\\\/product\\\/de-camera-dahua-nhua-sieu-cung\\\/#primaryimage\",\"url\":\"https:\\\/\\\/loiloccamera.com\\\/wp-content\\\/uploads\\\/2024\\\/09\\\/de-camera-dahua-nhua-sieu-cung_450x446.30136986301.png\",\"contentUrl\":\"https:\\\/\\\/loiloccamera.com\\\/wp-content\\\/uploads\\\/2024\\\/09\\\/de-camera-dahua-nhua-sieu-cung_450x446.30136986301.png\",\"width\":450,\"height\":446},{\"@type\":\"BreadcrumbList\",\"@id\":\"https:\\\/\\\/loiloccamera.com\\\/index.php\\\/product\\\/de-camera-dahua-nhua-sieu-cung\\\/#breadcrumb\",\"itemListElement\":[{\"@type\":\"ListItem\",\"position\":1,\"name\":\"Trang ch\u1ee7\",\"item\":\"https:\\\/\\\/loiloccamera.com\\\/\"},{\"@type\":\"ListItem\",\"position\":2,\"name\":\"C\u1eeda h\u00e0ng\",\"item\":\"https:\\\/\\\/loiloccamera.com\\\/index.php\\\/mua\\\/\"},{\"@type\":\"ListItem\",\"position\":3,\"name\":\"CH\u00c2N \u0110\u1ebe CAMERA DAHUA NH\u1ef0A SI\u00caU C\u1ee8NG\"}]},{\"@type\":\"WebSite\",\"@id\":\"https:\\\/\\\/loiloccamera.com\\\/#website\",\"url\":\"https:\\\/\\\/loiloccamera.com\\\/\",\"name\":\"L\u1ee3i L\u1ed9c Camera\",\"description\":\"Uy t\u00ednh v\u00e0 ch\u1ea5t l\u01b0\u1ee3ng h\u00e0ng \u0111\u1ea7u .\",\"publisher\":{\"@id\":\"https:\\\/\\\/loiloccamera.com\\\/#organization\"},\"potentialAction\":[{\"@type\":\"SearchAction\",\"target\":{\"@type\":\"EntryPoint\",\"urlTemplate\":\"https:\\\/\\\/loiloccamera.com\\\/?s={search_term_string}\"},\"query-input\":{\"@type\":\"PropertyValueSpecification\",\"valueRequired\":true,\"valueName\":\"search_term_string\"}}],\"inLanguage\":\"vi\"},{\"@type\":\"Organization\",\"@id\":\"https:\\\/\\\/loiloccamera.com\\\/#organization\",\"name\":\"L\u1ee3i L\u1ed9c Camera\",\"url\":\"https:\\\/\\\/loiloccamera.com\\\/\",\"logo\":{\"@type\":\"ImageObject\",\"inLanguage\":\"vi\",\"@id\":\"https:\\\/\\\/loiloccamera.com\\\/#\\\/schema\\\/logo\\\/image\\\/\",\"url\":\"https:\\\/\\\/loiloccamera.com\\\/wp-content\\\/uploads\\\/2024\\\/06\\\/Loi-Loc-tron.png\",\"contentUrl\":\"https:\\\/\\\/loiloccamera.com\\\/wp-content\\\/uploads\\\/2024\\\/06\\\/Loi-Loc-tron.png\",\"width\":516,\"height\":513,\"caption\":\"L\u1ee3i L\u1ed9c Camera\"},\"image\":{\"@id\":\"https:\\\/\\\/loiloccamera.com\\\/#\\\/schema\\\/logo\\\/image\\\/\"},\"sameAs\":[\"https:\\\/\\\/www.facebook.com\\\/loiloccamera\\\/\"]}]}<\/script>\n<!-- \/ Yoast SEO plugin. -->","yoast_head_json":{"title":"CH\u00c2N \u0110\u1ebe CAMERA DAHUA NH\u1ef0A SI\u00caU C\u1ee8NG - L\u1ee3i L\u1ed9c Camera","description":"ch\u00e2n \u0111\u1ebf camera L\u1eafp \u0111\u01b0\u1ee3c c\u00e1c d\u00f2ng camera wifi tplink nh\u01b0 ezviz-imou-kbwin-ebitcom-yoosee\u2013 Ch\u1ea5t li\u1ec7u : Nh\u1ef1a cao c\u1ea5p.\u2013 C\u00f3 \u0111\u1ea7y \u0111\u1ee7 \u1ed1c v\u00edt, b\u0103t ch\u00e2n \u0111\u1ebf v\u00e0 vit b\u0103t","robots":{"index":"index","follow":"follow","max-snippet":"max-snippet:-1","max-image-preview":"max-image-preview:large","max-video-preview":"max-video-preview:-1"},"canonical":"https:\/\/loiloccamera.com\/index.php\/product\/de-camera-dahua-nhua-sieu-cung\/","og_locale":"vi_VN","og_type":"article","og_title":"CH\u00c2N \u0110\u1ebe CAMERA DAHUA NH\u1ef0A SI\u00caU C\u1ee8NG - L\u1ee3i L\u1ed9c Camera","og_description":"ch\u00e2n \u0111\u1ebf camera L\u1eafp \u0111\u01b0\u1ee3c c\u00e1c d\u00f2ng camera wifi tplink nh\u01b0 ezviz-imou-kbwin-ebitcom-yoosee\u2013 Ch\u1ea5t li\u1ec7u : Nh\u1ef1a cao c\u1ea5p.\u2013 C\u00f3 \u0111\u1ea7y \u0111\u1ee7 \u1ed1c v\u00edt, b\u0103t ch\u00e2n \u0111\u1ebf v\u00e0 vit b\u0103t","og_url":"https:\/\/loiloccamera.com\/index.php\/product\/de-camera-dahua-nhua-sieu-cung\/","og_site_name":"L\u1ee3i L\u1ed9c Camera","article_publisher":"https:\/\/www.facebook.com\/loiloccamera\/","article_modified_time":"2024-09-24T12:17:51+00:00","og_image":[{"width":450,"height":446,"url":"https:\/\/loiloccamera.com\/wp-content\/uploads\/2024\/09\/de-camera-dahua-nhua-sieu-cung_450x446.30136986301.png","type":"image\/png"}],"twitter_card":"summary_large_image","twitter_misc":{"\u01af\u1edbc t\u00ednh th\u1eddi gian \u0111\u1ecdc":"2 ph\u00fat"},"schema":{"@context":"https:\/\/schema.org","@graph":[{"@type":"WebPage","@id":"https:\/\/loiloccamera.com\/index.php\/product\/de-camera-dahua-nhua-sieu-cung\/","url":"https:\/\/loiloccamera.com\/index.php\/product\/de-camera-dahua-nhua-sieu-cung\/","name":"CH\u00c2N \u0110\u1ebe CAMERA DAHUA NH\u1ef0A SI\u00caU C\u1ee8NG - L\u1ee3i L\u1ed9c Camera","isPartOf":{"@id":"https:\/\/loiloccamera.com\/#website"},"primaryImageOfPage":{"@id":"https:\/\/loiloccamera.com\/index.php\/product\/de-camera-dahua-nhua-sieu-cung\/#primaryimage"},"image":{"@id":"https:\/\/loiloccamera.com\/index.php\/product\/de-camera-dahua-nhua-sieu-cung\/#primaryimage"},"thumbnailUrl":"https:\/\/loiloccamera.com\/wp-content\/uploads\/2024\/09\/de-camera-dahua-nhua-sieu-cung_450x446.30136986301.png","datePublished":"2024-09-24T12:16:06+00:00","dateModified":"2024-09-24T12:17:51+00:00","description":"ch\u00e2n \u0111\u1ebf camera L\u1eafp \u0111\u01b0\u1ee3c c\u00e1c d\u00f2ng camera wifi tplink nh\u01b0 ezviz-imou-kbwin-ebitcom-yoosee\u2013 Ch\u1ea5t li\u1ec7u : Nh\u1ef1a cao c\u1ea5p.\u2013 C\u00f3 \u0111\u1ea7y \u0111\u1ee7 \u1ed1c v\u00edt, b\u0103t ch\u00e2n \u0111\u1ebf v\u00e0 vit b\u0103t","breadcrumb":{"@id":"https:\/\/loiloccamera.com\/index.php\/product\/de-camera-dahua-nhua-sieu-cung\/#breadcrumb"},"inLanguage":"vi","potentialAction":[{"@type":"ReadAction","target":["https:\/\/loiloccamera.com\/index.php\/product\/de-camera-dahua-nhua-sieu-cung\/"]}]},{"@type":"ImageObject","inLanguage":"vi","@id":"https:\/\/loiloccamera.com\/index.php\/product\/de-camera-dahua-nhua-sieu-cung\/#primaryimage","url":"https:\/\/loiloccamera.com\/wp-content\/uploads\/2024\/09\/de-camera-dahua-nhua-sieu-cung_450x446.30136986301.png","contentUrl":"https:\/\/loiloccamera.com\/wp-content\/uploads\/2024\/09\/de-camera-dahua-nhua-sieu-cung_450x446.30136986301.png","width":450,"height":446},{"@type":"BreadcrumbList","@id":"https:\/\/loiloccamera.com\/index.php\/product\/de-camera-dahua-nhua-sieu-cung\/#breadcrumb","itemListElement":[{"@type":"ListItem","position":1,"name":"Trang ch\u1ee7","item":"https:\/\/loiloccamera.com\/"},{"@type":"ListItem","position":2,"name":"C\u1eeda h\u00e0ng","item":"https:\/\/loiloccamera.com\/index.php\/mua\/"},{"@type":"ListItem","position":3,"name":"CH\u00c2N \u0110\u1ebe CAMERA DAHUA NH\u1ef0A SI\u00caU C\u1ee8NG"}]},{"@type":"WebSite","@id":"https:\/\/loiloccamera.com\/#website","url":"https:\/\/loiloccamera.com\/","name":"L\u1ee3i L\u1ed9c Camera","description":"Uy t\u00ednh v\u00e0 ch\u1ea5t l\u01b0\u1ee3ng h\u00e0ng \u0111\u1ea7u .","publisher":{"@id":"https:\/\/loiloccamera.com\/#organization"},"potentialAction":[{"@type":"SearchAction","target":{"@type":"EntryPoint","urlTemplate":"https:\/\/loiloccamera.com\/?s={search_term_string}"},"query-input":{"@type":"PropertyValueSpecification","valueRequired":true,"valueName":"search_term_string"}}],"inLanguage":"vi"},{"@type":"Organization","@id":"https:\/\/loiloccamera.com\/#organization","name":"L\u1ee3i L\u1ed9c Camera","url":"https:\/\/loiloccamera.com\/","logo":{"@type":"ImageObject","inLanguage":"vi","@id":"https:\/\/loiloccamera.com\/#\/schema\/logo\/image\/","url":"https:\/\/loiloccamera.com\/wp-content\/uploads\/2024\/06\/Loi-Loc-tron.png","contentUrl":"https:\/\/loiloccamera.com\/wp-content\/uploads\/2024\/06\/Loi-Loc-tron.png","width":516,"height":513,"caption":"L\u1ee3i L\u1ed9c Camera"},"image":{"@id":"https:\/\/loiloccamera.com\/#\/schema\/logo\/image\/"},"sameAs":["https:\/\/www.facebook.com\/loiloccamera\/"]}]}},"_links":{"self":[{"href":"https:\/\/loiloccamera.com\/index.php\/wp-json\/wp\/v2\/product\/7912","targetHints":{"allow":["GET"]}}],"collection":[{"href":"https:\/\/loiloccamera.com\/index.php\/wp-json\/wp\/v2\/product"}],"about":[{"href":"https:\/\/loiloccamera.com\/index.php\/wp-json\/wp\/v2\/types\/product"}],"replies":[{"embeddable":true,"href":"https:\/\/loiloccamera.com\/index.php\/wp-json\/wp\/v2\/comments?post=7912"}],"wp:featuredmedia":[{"embeddable":true,"href":"https:\/\/loiloccamera.com\/index.php\/wp-json\/wp\/v2\/media\/7915"}],"wp:attachment":[{"href":"https:\/\/loiloccamera.com\/index.php\/wp-json\/wp\/v2\/media?parent=7912"}],"wp:term":[{"taxonomy":"product_brand","embeddable":true,"href":"https:\/\/loiloccamera.com\/index.php\/wp-json\/wp\/v2\/product_brand?post=7912"},{"taxonomy":"product_cat","embeddable":true,"href":"https:\/\/loiloccamera.com\/index.php\/wp-json\/wp\/v2\/product_cat?post=7912"},{"taxonomy":"product_tag","embeddable":true,"href":"https:\/\/loiloccamera.com\/index.php\/wp-json\/wp\/v2\/product_tag?post=7912"}],"curies":[{"name":"wp","href":"https:\/\/api.w.org\/{rel}","templated":true}]}}