{"id":7933,"date":"2024-09-24T19:47:53","date_gmt":"2024-09-24T12:47:53","guid":{"rendered":"https:\/\/loiloccamera.com\/?post_type=product&#038;p=7933"},"modified":"2024-09-24T19:47:53","modified_gmt":"2024-09-24T12:47:53","slug":"balun-camera-8mp-vang-tin-hieu-600m","status":"publish","type":"product","link":"https:\/\/loiloccamera.com\/index.php\/product\/balun-camera-8mp-vang-tin-hieu-600m\/","title":{"rendered":"BALUN CAMERA 8MP V\u00c0NG &#8211; T\u00cdN HI\u1ec6U 600M"},"content":{"rendered":"<h1>BALUN CAMERA 8MP V\u00c0NG &#8211; T\u00cdN HI\u1ec6U 600M<img loading=\"lazy\" decoding=\"async\" class=\"aligncenter wp-image-7935 size-full\" src=\"https:\/\/loiloccamera.com\/wp-content\/uploads\/2024\/09\/balun-camera-8mp-vang-tin-hieu-600m-14_450x450.jpg\" alt=\"\" width=\"450\" height=\"450\" srcset=\"https:\/\/loiloccamera.com\/wp-content\/uploads\/2024\/09\/balun-camera-8mp-vang-tin-hieu-600m-14_450x450.jpg 450w, https:\/\/loiloccamera.com\/wp-content\/uploads\/2024\/09\/balun-camera-8mp-vang-tin-hieu-600m-14_450x450-300x300.jpg 300w, https:\/\/loiloccamera.com\/wp-content\/uploads\/2024\/09\/balun-camera-8mp-vang-tin-hieu-600m-14_450x450-150x150.jpg 150w, https:\/\/loiloccamera.com\/wp-content\/uploads\/2024\/09\/balun-camera-8mp-vang-tin-hieu-600m-14_450x450-100x100.jpg 100w\" sizes=\"auto, (max-width: 450px) 100vw, 450px\" \/><\/h1>\n<p>\u0110\u1ea6U N\u1ed0I CAMERA S\u1eec D\u1ee4NG \u0110\u1ec2 N\u1ed0I CAMERA TRUY\u1ec0N T\u00cdN HI\u1ec6U B\u1eb0NG C\u00c1P M\u1ea0NG HO\u1eb6C C\u00c1P \u0110I\u1ec6N THO\u1ea0I .<\/p>\n<p>KHO\u1ea2N C\u00c1CH T\u1ed0I \u0110A TRUY\u1ec0N L\u00c0 600M .NH\u01afNG THEO KHUY\u1ebeN C\u00c1O L\u00c0 N\u00caN TRUY\u1ec0N T\u1eea 150M \u0110\u1ed4 L\u1ea0I<\/p>\n","protected":false},"excerpt":{"rendered":"<p>BALUN CAMERA 8MP V\u00c0NG &#8211; T\u00cdN HI\u1ec6U 600M \u0110\u1ea6U N\u1ed0I CAMERA S\u1eec D\u1ee4NG \u0110\u1ec2 N\u1ed0I CAMERA TRUY\u1ec0N T\u00cdN HI\u1ec6U B\u1eb0NG C\u00c1P M\u1ea0NG HO\u1eb6C C\u00c1P \u0110I\u1ec6N THO\u1ea0I . KHO\u1ea2N C\u00c1CH T\u1ed0I \u0110A TRUY\u1ec0N L\u00c0 600M .NH\u01afNG THEO KHUY\u1ebeN C\u00c1O L\u00c0 N\u00caN TRUY\u1ec0N T\u1eea 150M \u0110\u1ed4 L\u1ea0I<\/p>\n","protected":false},"featured_media":7935,"comment_status":"open","ping_status":"closed","template":"","meta":{"_monsterinsights_skip_tracking":false,"_monsterinsights_sitenote_active":false,"_monsterinsights_sitenote_note":"","_monsterinsights_sitenote_category":0},"product_brand":[],"product_cat":[71],"product_tag":[84],"class_list":{"0":"post-7933","1":"product","2":"type-product","3":"status-publish","4":"has-post-thumbnail","6":"product_cat-phu-kien-camera","7":"product_tag-dau-noi-camera-balun","9":"first","10":"instock","11":"sale","12":"shipping-taxable","13":"purchasable","14":"product-type-simple"},"aioseo_notices":[],"yoast_head":"<!-- This site is optimized with the Yoast SEO plugin v27.5 - https:\/\/yoast.com\/product\/yoast-seo-wordpress\/ -->\n<title>BALUN CAMERA 8MP V\u00c0NG - T\u00cdN HI\u1ec6U 600M - L\u1ee3i L\u1ed9c Camera<\/title>\n<meta name=\"description\" content=\"\u0110\u1ea6U N\u1ed0I CAMERA BALUN S\u1eec D\u1ee4NG CHO CAMERA TRUY\u1ec0N T\u00cdN HI\u1ec6U B\u1eb0NG C\u00c1P M\u1ea0NG HO\u1eb6C C\u00c1P \u0110I\u1ec6N THO\u1ea0I. S\u1eec D\u1ee4NG CHO CAMERA C\u00d3 \u0110\u1ed8 PH\u00c2N GI\u1ea2I T\u1ed0I \u0110A 8MP.\" \/>\n<meta name=\"robots\" content=\"index, follow, max-snippet:-1, max-image-preview:large, max-video-preview:-1\" \/>\n<link rel=\"canonical\" href=\"https:\/\/loiloccamera.com\/index.php\/product\/balun-camera-8mp-vang-tin-hieu-600m\/\" \/>\n<meta property=\"og:locale\" content=\"vi_VN\" \/>\n<meta property=\"og:type\" content=\"article\" \/>\n<meta property=\"og:title\" content=\"BALUN CAMERA 8MP V\u00c0NG - T\u00cdN HI\u1ec6U 600M - L\u1ee3i L\u1ed9c Camera\" \/>\n<meta property=\"og:description\" content=\"\u0110\u1ea6U N\u1ed0I CAMERA BALUN S\u1eec D\u1ee4NG CHO CAMERA TRUY\u1ec0N T\u00cdN HI\u1ec6U B\u1eb0NG C\u00c1P M\u1ea0NG HO\u1eb6C C\u00c1P \u0110I\u1ec6N THO\u1ea0I. S\u1eec D\u1ee4NG CHO CAMERA C\u00d3 \u0110\u1ed8 PH\u00c2N GI\u1ea2I T\u1ed0I \u0110A 8MP.\" \/>\n<meta property=\"og:url\" content=\"https:\/\/loiloccamera.com\/index.php\/product\/balun-camera-8mp-vang-tin-hieu-600m\/\" \/>\n<meta property=\"og:site_name\" content=\"L\u1ee3i L\u1ed9c Camera\" \/>\n<meta property=\"article:publisher\" content=\"https:\/\/www.facebook.com\/loiloccamera\/\" \/>\n<meta property=\"og:image\" content=\"https:\/\/loiloccamera.com\/wp-content\/uploads\/2024\/09\/balun-camera-8mp-vang-tin-hieu-600m-14_450x450.jpg\" \/>\n\t<meta property=\"og:image:width\" content=\"450\" \/>\n\t<meta property=\"og:image:height\" content=\"450\" \/>\n\t<meta property=\"og:image:type\" content=\"image\/jpeg\" \/>\n<meta name=\"twitter:card\" content=\"summary_large_image\" \/>\n<meta name=\"twitter:label1\" content=\"\u01af\u1edbc t\u00ednh th\u1eddi gian \u0111\u1ecdc\" \/>\n\t<meta name=\"twitter:data1\" content=\"1 ph\u00fat\" \/>\n<script type=\"application\/ld+json\" class=\"yoast-schema-graph\">{\"@context\":\"https:\\\/\\\/schema.org\",\"@graph\":[{\"@type\":\"WebPage\",\"@id\":\"https:\\\/\\\/loiloccamera.com\\\/index.php\\\/product\\\/balun-camera-8mp-vang-tin-hieu-600m\\\/\",\"url\":\"https:\\\/\\\/loiloccamera.com\\\/index.php\\\/product\\\/balun-camera-8mp-vang-tin-hieu-600m\\\/\",\"name\":\"BALUN CAMERA 8MP V\u00c0NG - T\u00cdN HI\u1ec6U 600M - L\u1ee3i L\u1ed9c Camera\",\"isPartOf\":{\"@id\":\"https:\\\/\\\/loiloccamera.com\\\/#website\"},\"primaryImageOfPage\":{\"@id\":\"https:\\\/\\\/loiloccamera.com\\\/index.php\\\/product\\\/balun-camera-8mp-vang-tin-hieu-600m\\\/#primaryimage\"},\"image\":{\"@id\":\"https:\\\/\\\/loiloccamera.com\\\/index.php\\\/product\\\/balun-camera-8mp-vang-tin-hieu-600m\\\/#primaryimage\"},\"thumbnailUrl\":\"https:\\\/\\\/loiloccamera.com\\\/wp-content\\\/uploads\\\/2024\\\/09\\\/balun-camera-8mp-vang-tin-hieu-600m-14_450x450.jpg\",\"datePublished\":\"2024-09-24T12:47:53+00:00\",\"description\":\"\u0110\u1ea6U N\u1ed0I CAMERA BALUN S\u1eec D\u1ee4NG CHO CAMERA TRUY\u1ec0N T\u00cdN HI\u1ec6U B\u1eb0NG C\u00c1P M\u1ea0NG HO\u1eb6C C\u00c1P \u0110I\u1ec6N THO\u1ea0I. S\u1eec D\u1ee4NG CHO CAMERA C\u00d3 \u0110\u1ed8 PH\u00c2N GI\u1ea2I T\u1ed0I \u0110A 8MP.\",\"breadcrumb\":{\"@id\":\"https:\\\/\\\/loiloccamera.com\\\/index.php\\\/product\\\/balun-camera-8mp-vang-tin-hieu-600m\\\/#breadcrumb\"},\"inLanguage\":\"vi\",\"potentialAction\":[{\"@type\":\"ReadAction\",\"target\":[\"https:\\\/\\\/loiloccamera.com\\\/index.php\\\/product\\\/balun-camera-8mp-vang-tin-hieu-600m\\\/\"]}]},{\"@type\":\"ImageObject\",\"inLanguage\":\"vi\",\"@id\":\"https:\\\/\\\/loiloccamera.com\\\/index.php\\\/product\\\/balun-camera-8mp-vang-tin-hieu-600m\\\/#primaryimage\",\"url\":\"https:\\\/\\\/loiloccamera.com\\\/wp-content\\\/uploads\\\/2024\\\/09\\\/balun-camera-8mp-vang-tin-hieu-600m-14_450x450.jpg\",\"contentUrl\":\"https:\\\/\\\/loiloccamera.com\\\/wp-content\\\/uploads\\\/2024\\\/09\\\/balun-camera-8mp-vang-tin-hieu-600m-14_450x450.jpg\",\"width\":450,\"height\":450},{\"@type\":\"BreadcrumbList\",\"@id\":\"https:\\\/\\\/loiloccamera.com\\\/index.php\\\/product\\\/balun-camera-8mp-vang-tin-hieu-600m\\\/#breadcrumb\",\"itemListElement\":[{\"@type\":\"ListItem\",\"position\":1,\"name\":\"Trang ch\u1ee7\",\"item\":\"https:\\\/\\\/loiloccamera.com\\\/\"},{\"@type\":\"ListItem\",\"position\":2,\"name\":\"C\u1eeda h\u00e0ng\",\"item\":\"https:\\\/\\\/loiloccamera.com\\\/index.php\\\/mua\\\/\"},{\"@type\":\"ListItem\",\"position\":3,\"name\":\"BALUN CAMERA 8MP V\u00c0NG &#8211; T\u00cdN HI\u1ec6U 600M\"}]},{\"@type\":\"WebSite\",\"@id\":\"https:\\\/\\\/loiloccamera.com\\\/#website\",\"url\":\"https:\\\/\\\/loiloccamera.com\\\/\",\"name\":\"L\u1ee3i L\u1ed9c Camera\",\"description\":\"Uy t\u00ednh v\u00e0 ch\u1ea5t l\u01b0\u1ee3ng h\u00e0ng \u0111\u1ea7u .\",\"publisher\":{\"@id\":\"https:\\\/\\\/loiloccamera.com\\\/#organization\"},\"potentialAction\":[{\"@type\":\"SearchAction\",\"target\":{\"@type\":\"EntryPoint\",\"urlTemplate\":\"https:\\\/\\\/loiloccamera.com\\\/?s={search_term_string}\"},\"query-input\":{\"@type\":\"PropertyValueSpecification\",\"valueRequired\":true,\"valueName\":\"search_term_string\"}}],\"inLanguage\":\"vi\"},{\"@type\":\"Organization\",\"@id\":\"https:\\\/\\\/loiloccamera.com\\\/#organization\",\"name\":\"L\u1ee3i L\u1ed9c Camera\",\"url\":\"https:\\\/\\\/loiloccamera.com\\\/\",\"logo\":{\"@type\":\"ImageObject\",\"inLanguage\":\"vi\",\"@id\":\"https:\\\/\\\/loiloccamera.com\\\/#\\\/schema\\\/logo\\\/image\\\/\",\"url\":\"https:\\\/\\\/loiloccamera.com\\\/wp-content\\\/uploads\\\/2024\\\/06\\\/Loi-Loc-tron.png\",\"contentUrl\":\"https:\\\/\\\/loiloccamera.com\\\/wp-content\\\/uploads\\\/2024\\\/06\\\/Loi-Loc-tron.png\",\"width\":516,\"height\":513,\"caption\":\"L\u1ee3i L\u1ed9c Camera\"},\"image\":{\"@id\":\"https:\\\/\\\/loiloccamera.com\\\/#\\\/schema\\\/logo\\\/image\\\/\"},\"sameAs\":[\"https:\\\/\\\/www.facebook.com\\\/loiloccamera\\\/\"]}]}<\/script>\n<!-- \/ Yoast SEO plugin. -->","yoast_head_json":{"title":"BALUN CAMERA 8MP V\u00c0NG - T\u00cdN HI\u1ec6U 600M - L\u1ee3i L\u1ed9c Camera","description":"\u0110\u1ea6U N\u1ed0I CAMERA BALUN S\u1eec D\u1ee4NG CHO CAMERA TRUY\u1ec0N T\u00cdN HI\u1ec6U B\u1eb0NG C\u00c1P M\u1ea0NG HO\u1eb6C C\u00c1P \u0110I\u1ec6N THO\u1ea0I. S\u1eec D\u1ee4NG CHO CAMERA C\u00d3 \u0110\u1ed8 PH\u00c2N GI\u1ea2I T\u1ed0I \u0110A 8MP.","robots":{"index":"index","follow":"follow","max-snippet":"max-snippet:-1","max-image-preview":"max-image-preview:large","max-video-preview":"max-video-preview:-1"},"canonical":"https:\/\/loiloccamera.com\/index.php\/product\/balun-camera-8mp-vang-tin-hieu-600m\/","og_locale":"vi_VN","og_type":"article","og_title":"BALUN CAMERA 8MP V\u00c0NG - T\u00cdN HI\u1ec6U 600M - L\u1ee3i L\u1ed9c Camera","og_description":"\u0110\u1ea6U N\u1ed0I CAMERA BALUN S\u1eec D\u1ee4NG CHO CAMERA TRUY\u1ec0N T\u00cdN HI\u1ec6U B\u1eb0NG C\u00c1P M\u1ea0NG HO\u1eb6C C\u00c1P \u0110I\u1ec6N THO\u1ea0I. S\u1eec D\u1ee4NG CHO CAMERA C\u00d3 \u0110\u1ed8 PH\u00c2N GI\u1ea2I T\u1ed0I \u0110A 8MP.","og_url":"https:\/\/loiloccamera.com\/index.php\/product\/balun-camera-8mp-vang-tin-hieu-600m\/","og_site_name":"L\u1ee3i L\u1ed9c Camera","article_publisher":"https:\/\/www.facebook.com\/loiloccamera\/","og_image":[{"width":450,"height":450,"url":"https:\/\/loiloccamera.com\/wp-content\/uploads\/2024\/09\/balun-camera-8mp-vang-tin-hieu-600m-14_450x450.jpg","type":"image\/jpeg"}],"twitter_card":"summary_large_image","twitter_misc":{"\u01af\u1edbc t\u00ednh th\u1eddi gian \u0111\u1ecdc":"1 ph\u00fat"},"schema":{"@context":"https:\/\/schema.org","@graph":[{"@type":"WebPage","@id":"https:\/\/loiloccamera.com\/index.php\/product\/balun-camera-8mp-vang-tin-hieu-600m\/","url":"https:\/\/loiloccamera.com\/index.php\/product\/balun-camera-8mp-vang-tin-hieu-600m\/","name":"BALUN CAMERA 8MP V\u00c0NG - T\u00cdN HI\u1ec6U 600M - L\u1ee3i L\u1ed9c Camera","isPartOf":{"@id":"https:\/\/loiloccamera.com\/#website"},"primaryImageOfPage":{"@id":"https:\/\/loiloccamera.com\/index.php\/product\/balun-camera-8mp-vang-tin-hieu-600m\/#primaryimage"},"image":{"@id":"https:\/\/loiloccamera.com\/index.php\/product\/balun-camera-8mp-vang-tin-hieu-600m\/#primaryimage"},"thumbnailUrl":"https:\/\/loiloccamera.com\/wp-content\/uploads\/2024\/09\/balun-camera-8mp-vang-tin-hieu-600m-14_450x450.jpg","datePublished":"2024-09-24T12:47:53+00:00","description":"\u0110\u1ea6U N\u1ed0I CAMERA BALUN S\u1eec D\u1ee4NG CHO CAMERA TRUY\u1ec0N T\u00cdN HI\u1ec6U B\u1eb0NG C\u00c1P M\u1ea0NG HO\u1eb6C C\u00c1P \u0110I\u1ec6N THO\u1ea0I. S\u1eec D\u1ee4NG CHO CAMERA C\u00d3 \u0110\u1ed8 PH\u00c2N GI\u1ea2I T\u1ed0I \u0110A 8MP.","breadcrumb":{"@id":"https:\/\/loiloccamera.com\/index.php\/product\/balun-camera-8mp-vang-tin-hieu-600m\/#breadcrumb"},"inLanguage":"vi","potentialAction":[{"@type":"ReadAction","target":["https:\/\/loiloccamera.com\/index.php\/product\/balun-camera-8mp-vang-tin-hieu-600m\/"]}]},{"@type":"ImageObject","inLanguage":"vi","@id":"https:\/\/loiloccamera.com\/index.php\/product\/balun-camera-8mp-vang-tin-hieu-600m\/#primaryimage","url":"https:\/\/loiloccamera.com\/wp-content\/uploads\/2024\/09\/balun-camera-8mp-vang-tin-hieu-600m-14_450x450.jpg","contentUrl":"https:\/\/loiloccamera.com\/wp-content\/uploads\/2024\/09\/balun-camera-8mp-vang-tin-hieu-600m-14_450x450.jpg","width":450,"height":450},{"@type":"BreadcrumbList","@id":"https:\/\/loiloccamera.com\/index.php\/product\/balun-camera-8mp-vang-tin-hieu-600m\/#breadcrumb","itemListElement":[{"@type":"ListItem","position":1,"name":"Trang ch\u1ee7","item":"https:\/\/loiloccamera.com\/"},{"@type":"ListItem","position":2,"name":"C\u1eeda h\u00e0ng","item":"https:\/\/loiloccamera.com\/index.php\/mua\/"},{"@type":"ListItem","position":3,"name":"BALUN CAMERA 8MP V\u00c0NG &#8211; T\u00cdN HI\u1ec6U 600M"}]},{"@type":"WebSite","@id":"https:\/\/loiloccamera.com\/#website","url":"https:\/\/loiloccamera.com\/","name":"L\u1ee3i L\u1ed9c Camera","description":"Uy t\u00ednh v\u00e0 ch\u1ea5t l\u01b0\u1ee3ng h\u00e0ng \u0111\u1ea7u .","publisher":{"@id":"https:\/\/loiloccamera.com\/#organization"},"potentialAction":[{"@type":"SearchAction","target":{"@type":"EntryPoint","urlTemplate":"https:\/\/loiloccamera.com\/?s={search_term_string}"},"query-input":{"@type":"PropertyValueSpecification","valueRequired":true,"valueName":"search_term_string"}}],"inLanguage":"vi"},{"@type":"Organization","@id":"https:\/\/loiloccamera.com\/#organization","name":"L\u1ee3i L\u1ed9c Camera","url":"https:\/\/loiloccamera.com\/","logo":{"@type":"ImageObject","inLanguage":"vi","@id":"https:\/\/loiloccamera.com\/#\/schema\/logo\/image\/","url":"https:\/\/loiloccamera.com\/wp-content\/uploads\/2024\/06\/Loi-Loc-tron.png","contentUrl":"https:\/\/loiloccamera.com\/wp-content\/uploads\/2024\/06\/Loi-Loc-tron.png","width":516,"height":513,"caption":"L\u1ee3i L\u1ed9c Camera"},"image":{"@id":"https:\/\/loiloccamera.com\/#\/schema\/logo\/image\/"},"sameAs":["https:\/\/www.facebook.com\/loiloccamera\/"]}]}},"_links":{"self":[{"href":"https:\/\/loiloccamera.com\/index.php\/wp-json\/wp\/v2\/product\/7933","targetHints":{"allow":["GET"]}}],"collection":[{"href":"https:\/\/loiloccamera.com\/index.php\/wp-json\/wp\/v2\/product"}],"about":[{"href":"https:\/\/loiloccamera.com\/index.php\/wp-json\/wp\/v2\/types\/product"}],"replies":[{"embeddable":true,"href":"https:\/\/loiloccamera.com\/index.php\/wp-json\/wp\/v2\/comments?post=7933"}],"wp:featuredmedia":[{"embeddable":true,"href":"https:\/\/loiloccamera.com\/index.php\/wp-json\/wp\/v2\/media\/7935"}],"wp:attachment":[{"href":"https:\/\/loiloccamera.com\/index.php\/wp-json\/wp\/v2\/media?parent=7933"}],"wp:term":[{"taxonomy":"product_brand","embeddable":true,"href":"https:\/\/loiloccamera.com\/index.php\/wp-json\/wp\/v2\/product_brand?post=7933"},{"taxonomy":"product_cat","embeddable":true,"href":"https:\/\/loiloccamera.com\/index.php\/wp-json\/wp\/v2\/product_cat?post=7933"},{"taxonomy":"product_tag","embeddable":true,"href":"https:\/\/loiloccamera.com\/index.php\/wp-json\/wp\/v2\/product_tag?post=7933"}],"curies":[{"name":"wp","href":"https:\/\/api.w.org\/{rel}","templated":true}]}}