{"id":7941,"date":"2024-09-24T19:56:09","date_gmt":"2024-09-24T12:56:09","guid":{"rendered":"https:\/\/loiloccamera.com\/?post_type=product&#038;p=7941"},"modified":"2024-09-24T19:56:09","modified_gmt":"2024-09-24T12:56:09","slug":"cap-mang-lan-golden-japan-ftp-cat5e-2c-kem-nguon-305m-xam-chong-nhieu-1-lop","status":"publish","type":"product","link":"https:\/\/loiloccamera.com\/index.php\/product\/cap-mang-lan-golden-japan-ftp-cat5e-2c-kem-nguon-305m-xam-chong-nhieu-1-lop\/","title":{"rendered":"C\u00c1P M\u1ea0NG LAN GOLDEN JAPAN FTP CAT5E + 2C K\u00e8m ngu\u1ed3n 305m X\u00e1m (Ch\u1ed1ng nhi\u1ec5u 1 l\u1edbp)"},"content":{"rendered":"<p><img loading=\"lazy\" decoding=\"async\" class=\"aligncenter wp-image-7944 size-full\" src=\"https:\/\/loiloccamera.com\/wp-content\/uploads\/2024\/09\/cable-lan-golden-japan-ftp-cat5e-2c-kem-nguon-305m-xam-chong-nhieu-1-lop_450x430.224609375.png\" alt=\"\" width=\"450\" height=\"430\" srcset=\"https:\/\/loiloccamera.com\/wp-content\/uploads\/2024\/09\/cable-lan-golden-japan-ftp-cat5e-2c-kem-nguon-305m-xam-chong-nhieu-1-lop_450x430.224609375.png 450w, https:\/\/loiloccamera.com\/wp-content\/uploads\/2024\/09\/cable-lan-golden-japan-ftp-cat5e-2c-kem-nguon-305m-xam-chong-nhieu-1-lop_450x430.224609375-300x287.png 300w\" sizes=\"auto, (max-width: 450px) 100vw, 450px\" \/><\/p>\n<p>CU\u1ed8N C\u00c1P M\u1ea0NG K\u00c8M NGU\u1ed2N 305M CHUY\u1ec2N 1GB<\/p>\n<p>&nbsp;<\/p>\n","protected":false},"excerpt":{"rendered":"<p>H\u00e3ng S\u1ea3n Xu\u1ea5t: Golden Japan. Ch\u1ea5t Li\u1ec7u: CCA. C\u00e1p m\u1ea1ng k\u00e8m ngu\u1ed3n Cat5e FTP + 2C. Cat5e L\u00e0 lo\u1ea1i c\u00e1p cao c\u1ea5p h\u01a1n so v\u1edbi lo\u1ea1i c\u00e1p m\u1ea1ng cat5 v\u1ec1 c\u00e1c ti\u00eau chu\u1ea9n trong vi\u1ec7c truy\u1ec1n t\u1ea3i d\u1eef li\u1ec7u. C\u00e1p m\u1ea1ng Cat5e FTP l\u00e0 c\u00e1p m\u1ea1ng ch\u1ed1ng nhi\u1ec5u c\u00f3 th\u00eam c\u00e1c l\u1edbp l\u00e1 k\u1ebdm hay l\u01b0\u1edbi ch\u1ed1ng nhi\u1ec5u;<\/p>\n","protected":false},"featured_media":7944,"comment_status":"open","ping_status":"closed","template":"","meta":{"_monsterinsights_skip_tracking":false,"_monsterinsights_sitenote_active":false,"_monsterinsights_sitenote_note":"","_monsterinsights_sitenote_category":0},"product_brand":[],"product_cat":[71],"product_tag":[86],"class_list":{"0":"post-7941","1":"product","2":"type-product","3":"status-publish","4":"has-post-thumbnail","6":"product_cat-phu-kien-camera","7":"product_tag-cap-mang-kem-nguon","9":"first","10":"instock","11":"sale","12":"shipping-taxable","13":"purchasable","14":"product-type-simple"},"aioseo_notices":[],"yoast_head":"<!-- This site is optimized with the Yoast SEO plugin v27.5 - https:\/\/yoast.com\/product\/yoast-seo-wordpress\/ -->\n<title>C\u00c1P M\u1ea0NG LAN GOLDEN JAPAN FTP CAT5E + 2C K\u00e8m ngu\u1ed3n 305m X\u00e1m (Ch\u1ed1ng nhi\u1ec5u 1 l\u1edbp) - L\u1ee3i L\u1ed9c Camera<\/title>\n<meta name=\"description\" content=\"C\u00c1P M\u1ea0NG K\u00c8M NGU\u1ed2N CHUY\u00caN D\u00d9NG CHO CAMERA IP.\" \/>\n<meta name=\"robots\" content=\"index, follow, max-snippet:-1, max-image-preview:large, max-video-preview:-1\" \/>\n<link rel=\"canonical\" href=\"https:\/\/loiloccamera.com\/index.php\/product\/cap-mang-lan-golden-japan-ftp-cat5e-2c-kem-nguon-305m-xam-chong-nhieu-1-lop\/\" \/>\n<meta property=\"og:locale\" content=\"vi_VN\" \/>\n<meta property=\"og:type\" content=\"article\" \/>\n<meta property=\"og:title\" content=\"C\u00c1P M\u1ea0NG LAN GOLDEN JAPAN FTP CAT5E + 2C K\u00e8m ngu\u1ed3n 305m X\u00e1m (Ch\u1ed1ng nhi\u1ec5u 1 l\u1edbp) - L\u1ee3i L\u1ed9c Camera\" \/>\n<meta property=\"og:description\" content=\"C\u00c1P M\u1ea0NG K\u00c8M NGU\u1ed2N CHUY\u00caN D\u00d9NG CHO CAMERA IP.\" \/>\n<meta property=\"og:url\" content=\"https:\/\/loiloccamera.com\/index.php\/product\/cap-mang-lan-golden-japan-ftp-cat5e-2c-kem-nguon-305m-xam-chong-nhieu-1-lop\/\" \/>\n<meta property=\"og:site_name\" content=\"L\u1ee3i L\u1ed9c Camera\" \/>\n<meta property=\"article:publisher\" content=\"https:\/\/www.facebook.com\/loiloccamera\/\" \/>\n<meta property=\"og:image\" content=\"https:\/\/loiloccamera.com\/wp-content\/uploads\/2024\/09\/cable-lan-golden-japan-ftp-cat5e-2c-kem-nguon-305m-xam-chong-nhieu-1-lop_450x430.224609375.png\" \/>\n\t<meta property=\"og:image:width\" content=\"450\" \/>\n\t<meta property=\"og:image:height\" content=\"430\" \/>\n\t<meta property=\"og:image:type\" content=\"image\/png\" \/>\n<meta name=\"twitter:card\" content=\"summary_large_image\" \/>\n<meta name=\"twitter:label1\" content=\"\u01af\u1edbc t\u00ednh th\u1eddi gian \u0111\u1ecdc\" \/>\n\t<meta name=\"twitter:data1\" content=\"1 ph\u00fat\" \/>\n<script type=\"application\/ld+json\" class=\"yoast-schema-graph\">{\"@context\":\"https:\\\/\\\/schema.org\",\"@graph\":[{\"@type\":\"WebPage\",\"@id\":\"https:\\\/\\\/loiloccamera.com\\\/index.php\\\/product\\\/cap-mang-lan-golden-japan-ftp-cat5e-2c-kem-nguon-305m-xam-chong-nhieu-1-lop\\\/\",\"url\":\"https:\\\/\\\/loiloccamera.com\\\/index.php\\\/product\\\/cap-mang-lan-golden-japan-ftp-cat5e-2c-kem-nguon-305m-xam-chong-nhieu-1-lop\\\/\",\"name\":\"C\u00c1P M\u1ea0NG LAN GOLDEN JAPAN FTP CAT5E + 2C K\u00e8m ngu\u1ed3n 305m X\u00e1m (Ch\u1ed1ng nhi\u1ec5u 1 l\u1edbp) - L\u1ee3i L\u1ed9c Camera\",\"isPartOf\":{\"@id\":\"https:\\\/\\\/loiloccamera.com\\\/#website\"},\"primaryImageOfPage\":{\"@id\":\"https:\\\/\\\/loiloccamera.com\\\/index.php\\\/product\\\/cap-mang-lan-golden-japan-ftp-cat5e-2c-kem-nguon-305m-xam-chong-nhieu-1-lop\\\/#primaryimage\"},\"image\":{\"@id\":\"https:\\\/\\\/loiloccamera.com\\\/index.php\\\/product\\\/cap-mang-lan-golden-japan-ftp-cat5e-2c-kem-nguon-305m-xam-chong-nhieu-1-lop\\\/#primaryimage\"},\"thumbnailUrl\":\"https:\\\/\\\/loiloccamera.com\\\/wp-content\\\/uploads\\\/2024\\\/09\\\/cable-lan-golden-japan-ftp-cat5e-2c-kem-nguon-305m-xam-chong-nhieu-1-lop_450x430.224609375.png\",\"datePublished\":\"2024-09-24T12:56:09+00:00\",\"description\":\"C\u00c1P M\u1ea0NG K\u00c8M NGU\u1ed2N CHUY\u00caN D\u00d9NG CHO CAMERA IP.\",\"breadcrumb\":{\"@id\":\"https:\\\/\\\/loiloccamera.com\\\/index.php\\\/product\\\/cap-mang-lan-golden-japan-ftp-cat5e-2c-kem-nguon-305m-xam-chong-nhieu-1-lop\\\/#breadcrumb\"},\"inLanguage\":\"vi\",\"potentialAction\":[{\"@type\":\"ReadAction\",\"target\":[\"https:\\\/\\\/loiloccamera.com\\\/index.php\\\/product\\\/cap-mang-lan-golden-japan-ftp-cat5e-2c-kem-nguon-305m-xam-chong-nhieu-1-lop\\\/\"]}]},{\"@type\":\"ImageObject\",\"inLanguage\":\"vi\",\"@id\":\"https:\\\/\\\/loiloccamera.com\\\/index.php\\\/product\\\/cap-mang-lan-golden-japan-ftp-cat5e-2c-kem-nguon-305m-xam-chong-nhieu-1-lop\\\/#primaryimage\",\"url\":\"https:\\\/\\\/loiloccamera.com\\\/wp-content\\\/uploads\\\/2024\\\/09\\\/cable-lan-golden-japan-ftp-cat5e-2c-kem-nguon-305m-xam-chong-nhieu-1-lop_450x430.224609375.png\",\"contentUrl\":\"https:\\\/\\\/loiloccamera.com\\\/wp-content\\\/uploads\\\/2024\\\/09\\\/cable-lan-golden-japan-ftp-cat5e-2c-kem-nguon-305m-xam-chong-nhieu-1-lop_450x430.224609375.png\",\"width\":450,\"height\":430},{\"@type\":\"BreadcrumbList\",\"@id\":\"https:\\\/\\\/loiloccamera.com\\\/index.php\\\/product\\\/cap-mang-lan-golden-japan-ftp-cat5e-2c-kem-nguon-305m-xam-chong-nhieu-1-lop\\\/#breadcrumb\",\"itemListElement\":[{\"@type\":\"ListItem\",\"position\":1,\"name\":\"Trang ch\u1ee7\",\"item\":\"https:\\\/\\\/loiloccamera.com\\\/\"},{\"@type\":\"ListItem\",\"position\":2,\"name\":\"C\u1eeda h\u00e0ng\",\"item\":\"https:\\\/\\\/loiloccamera.com\\\/index.php\\\/mua\\\/\"},{\"@type\":\"ListItem\",\"position\":3,\"name\":\"C\u00c1P M\u1ea0NG LAN GOLDEN JAPAN FTP CAT5E + 2C K\u00e8m ngu\u1ed3n 305m X\u00e1m (Ch\u1ed1ng nhi\u1ec5u 1 l\u1edbp)\"}]},{\"@type\":\"WebSite\",\"@id\":\"https:\\\/\\\/loiloccamera.com\\\/#website\",\"url\":\"https:\\\/\\\/loiloccamera.com\\\/\",\"name\":\"L\u1ee3i L\u1ed9c Camera\",\"description\":\"Uy t\u00ednh v\u00e0 ch\u1ea5t l\u01b0\u1ee3ng h\u00e0ng \u0111\u1ea7u .\",\"publisher\":{\"@id\":\"https:\\\/\\\/loiloccamera.com\\\/#organization\"},\"potentialAction\":[{\"@type\":\"SearchAction\",\"target\":{\"@type\":\"EntryPoint\",\"urlTemplate\":\"https:\\\/\\\/loiloccamera.com\\\/?s={search_term_string}\"},\"query-input\":{\"@type\":\"PropertyValueSpecification\",\"valueRequired\":true,\"valueName\":\"search_term_string\"}}],\"inLanguage\":\"vi\"},{\"@type\":\"Organization\",\"@id\":\"https:\\\/\\\/loiloccamera.com\\\/#organization\",\"name\":\"L\u1ee3i L\u1ed9c Camera\",\"url\":\"https:\\\/\\\/loiloccamera.com\\\/\",\"logo\":{\"@type\":\"ImageObject\",\"inLanguage\":\"vi\",\"@id\":\"https:\\\/\\\/loiloccamera.com\\\/#\\\/schema\\\/logo\\\/image\\\/\",\"url\":\"https:\\\/\\\/loiloccamera.com\\\/wp-content\\\/uploads\\\/2024\\\/06\\\/Loi-Loc-tron.png\",\"contentUrl\":\"https:\\\/\\\/loiloccamera.com\\\/wp-content\\\/uploads\\\/2024\\\/06\\\/Loi-Loc-tron.png\",\"width\":516,\"height\":513,\"caption\":\"L\u1ee3i L\u1ed9c Camera\"},\"image\":{\"@id\":\"https:\\\/\\\/loiloccamera.com\\\/#\\\/schema\\\/logo\\\/image\\\/\"},\"sameAs\":[\"https:\\\/\\\/www.facebook.com\\\/loiloccamera\\\/\"]}]}<\/script>\n<!-- \/ Yoast SEO plugin. -->","yoast_head_json":{"title":"C\u00c1P M\u1ea0NG LAN GOLDEN JAPAN FTP CAT5E + 2C K\u00e8m ngu\u1ed3n 305m X\u00e1m (Ch\u1ed1ng nhi\u1ec5u 1 l\u1edbp) - L\u1ee3i L\u1ed9c Camera","description":"C\u00c1P M\u1ea0NG K\u00c8M NGU\u1ed2N CHUY\u00caN D\u00d9NG CHO CAMERA IP.","robots":{"index":"index","follow":"follow","max-snippet":"max-snippet:-1","max-image-preview":"max-image-preview:large","max-video-preview":"max-video-preview:-1"},"canonical":"https:\/\/loiloccamera.com\/index.php\/product\/cap-mang-lan-golden-japan-ftp-cat5e-2c-kem-nguon-305m-xam-chong-nhieu-1-lop\/","og_locale":"vi_VN","og_type":"article","og_title":"C\u00c1P M\u1ea0NG LAN GOLDEN JAPAN FTP CAT5E + 2C K\u00e8m ngu\u1ed3n 305m X\u00e1m (Ch\u1ed1ng nhi\u1ec5u 1 l\u1edbp) - L\u1ee3i L\u1ed9c Camera","og_description":"C\u00c1P M\u1ea0NG K\u00c8M NGU\u1ed2N CHUY\u00caN D\u00d9NG CHO CAMERA IP.","og_url":"https:\/\/loiloccamera.com\/index.php\/product\/cap-mang-lan-golden-japan-ftp-cat5e-2c-kem-nguon-305m-xam-chong-nhieu-1-lop\/","og_site_name":"L\u1ee3i L\u1ed9c Camera","article_publisher":"https:\/\/www.facebook.com\/loiloccamera\/","og_image":[{"width":450,"height":430,"url":"https:\/\/loiloccamera.com\/wp-content\/uploads\/2024\/09\/cable-lan-golden-japan-ftp-cat5e-2c-kem-nguon-305m-xam-chong-nhieu-1-lop_450x430.224609375.png","type":"image\/png"}],"twitter_card":"summary_large_image","twitter_misc":{"\u01af\u1edbc t\u00ednh th\u1eddi gian \u0111\u1ecdc":"1 ph\u00fat"},"schema":{"@context":"https:\/\/schema.org","@graph":[{"@type":"WebPage","@id":"https:\/\/loiloccamera.com\/index.php\/product\/cap-mang-lan-golden-japan-ftp-cat5e-2c-kem-nguon-305m-xam-chong-nhieu-1-lop\/","url":"https:\/\/loiloccamera.com\/index.php\/product\/cap-mang-lan-golden-japan-ftp-cat5e-2c-kem-nguon-305m-xam-chong-nhieu-1-lop\/","name":"C\u00c1P M\u1ea0NG LAN GOLDEN JAPAN FTP CAT5E + 2C K\u00e8m ngu\u1ed3n 305m X\u00e1m (Ch\u1ed1ng nhi\u1ec5u 1 l\u1edbp) - L\u1ee3i L\u1ed9c Camera","isPartOf":{"@id":"https:\/\/loiloccamera.com\/#website"},"primaryImageOfPage":{"@id":"https:\/\/loiloccamera.com\/index.php\/product\/cap-mang-lan-golden-japan-ftp-cat5e-2c-kem-nguon-305m-xam-chong-nhieu-1-lop\/#primaryimage"},"image":{"@id":"https:\/\/loiloccamera.com\/index.php\/product\/cap-mang-lan-golden-japan-ftp-cat5e-2c-kem-nguon-305m-xam-chong-nhieu-1-lop\/#primaryimage"},"thumbnailUrl":"https:\/\/loiloccamera.com\/wp-content\/uploads\/2024\/09\/cable-lan-golden-japan-ftp-cat5e-2c-kem-nguon-305m-xam-chong-nhieu-1-lop_450x430.224609375.png","datePublished":"2024-09-24T12:56:09+00:00","description":"C\u00c1P M\u1ea0NG K\u00c8M NGU\u1ed2N CHUY\u00caN D\u00d9NG CHO CAMERA IP.","breadcrumb":{"@id":"https:\/\/loiloccamera.com\/index.php\/product\/cap-mang-lan-golden-japan-ftp-cat5e-2c-kem-nguon-305m-xam-chong-nhieu-1-lop\/#breadcrumb"},"inLanguage":"vi","potentialAction":[{"@type":"ReadAction","target":["https:\/\/loiloccamera.com\/index.php\/product\/cap-mang-lan-golden-japan-ftp-cat5e-2c-kem-nguon-305m-xam-chong-nhieu-1-lop\/"]}]},{"@type":"ImageObject","inLanguage":"vi","@id":"https:\/\/loiloccamera.com\/index.php\/product\/cap-mang-lan-golden-japan-ftp-cat5e-2c-kem-nguon-305m-xam-chong-nhieu-1-lop\/#primaryimage","url":"https:\/\/loiloccamera.com\/wp-content\/uploads\/2024\/09\/cable-lan-golden-japan-ftp-cat5e-2c-kem-nguon-305m-xam-chong-nhieu-1-lop_450x430.224609375.png","contentUrl":"https:\/\/loiloccamera.com\/wp-content\/uploads\/2024\/09\/cable-lan-golden-japan-ftp-cat5e-2c-kem-nguon-305m-xam-chong-nhieu-1-lop_450x430.224609375.png","width":450,"height":430},{"@type":"BreadcrumbList","@id":"https:\/\/loiloccamera.com\/index.php\/product\/cap-mang-lan-golden-japan-ftp-cat5e-2c-kem-nguon-305m-xam-chong-nhieu-1-lop\/#breadcrumb","itemListElement":[{"@type":"ListItem","position":1,"name":"Trang ch\u1ee7","item":"https:\/\/loiloccamera.com\/"},{"@type":"ListItem","position":2,"name":"C\u1eeda h\u00e0ng","item":"https:\/\/loiloccamera.com\/index.php\/mua\/"},{"@type":"ListItem","position":3,"name":"C\u00c1P M\u1ea0NG LAN GOLDEN JAPAN FTP CAT5E + 2C K\u00e8m ngu\u1ed3n 305m X\u00e1m (Ch\u1ed1ng nhi\u1ec5u 1 l\u1edbp)"}]},{"@type":"WebSite","@id":"https:\/\/loiloccamera.com\/#website","url":"https:\/\/loiloccamera.com\/","name":"L\u1ee3i L\u1ed9c Camera","description":"Uy t\u00ednh v\u00e0 ch\u1ea5t l\u01b0\u1ee3ng h\u00e0ng \u0111\u1ea7u .","publisher":{"@id":"https:\/\/loiloccamera.com\/#organization"},"potentialAction":[{"@type":"SearchAction","target":{"@type":"EntryPoint","urlTemplate":"https:\/\/loiloccamera.com\/?s={search_term_string}"},"query-input":{"@type":"PropertyValueSpecification","valueRequired":true,"valueName":"search_term_string"}}],"inLanguage":"vi"},{"@type":"Organization","@id":"https:\/\/loiloccamera.com\/#organization","name":"L\u1ee3i L\u1ed9c Camera","url":"https:\/\/loiloccamera.com\/","logo":{"@type":"ImageObject","inLanguage":"vi","@id":"https:\/\/loiloccamera.com\/#\/schema\/logo\/image\/","url":"https:\/\/loiloccamera.com\/wp-content\/uploads\/2024\/06\/Loi-Loc-tron.png","contentUrl":"https:\/\/loiloccamera.com\/wp-content\/uploads\/2024\/06\/Loi-Loc-tron.png","width":516,"height":513,"caption":"L\u1ee3i L\u1ed9c Camera"},"image":{"@id":"https:\/\/loiloccamera.com\/#\/schema\/logo\/image\/"},"sameAs":["https:\/\/www.facebook.com\/loiloccamera\/"]}]}},"_links":{"self":[{"href":"https:\/\/loiloccamera.com\/index.php\/wp-json\/wp\/v2\/product\/7941","targetHints":{"allow":["GET"]}}],"collection":[{"href":"https:\/\/loiloccamera.com\/index.php\/wp-json\/wp\/v2\/product"}],"about":[{"href":"https:\/\/loiloccamera.com\/index.php\/wp-json\/wp\/v2\/types\/product"}],"replies":[{"embeddable":true,"href":"https:\/\/loiloccamera.com\/index.php\/wp-json\/wp\/v2\/comments?post=7941"}],"wp:featuredmedia":[{"embeddable":true,"href":"https:\/\/loiloccamera.com\/index.php\/wp-json\/wp\/v2\/media\/7944"}],"wp:attachment":[{"href":"https:\/\/loiloccamera.com\/index.php\/wp-json\/wp\/v2\/media?parent=7941"}],"wp:term":[{"taxonomy":"product_brand","embeddable":true,"href":"https:\/\/loiloccamera.com\/index.php\/wp-json\/wp\/v2\/product_brand?post=7941"},{"taxonomy":"product_cat","embeddable":true,"href":"https:\/\/loiloccamera.com\/index.php\/wp-json\/wp\/v2\/product_cat?post=7941"},{"taxonomy":"product_tag","embeddable":true,"href":"https:\/\/loiloccamera.com\/index.php\/wp-json\/wp\/v2\/product_tag?post=7941"}],"curies":[{"name":"wp","href":"https:\/\/api.w.org\/{rel}","templated":true}]}}