{"id":85,"date":"2019-09-19T14:48:00","date_gmt":"2019-09-19T07:48:00","guid":{"rendered":"http:\/\/loiloccamera.com\/?post_type=product&#038;p=85"},"modified":"2023-03-17T06:57:38","modified_gmt":"2023-03-16T23:57:38","slug":"camera-dahua-1mp-dh-hac-hfw1000sp-s3","status":"publish","type":"product","link":"https:\/\/loiloccamera.com\/index.php\/product\/camera-dahua-1mp-dh-hac-hfw1000sp-s3\/","title":{"rendered":"Camera Dahua 1MP DH-HAC-HFW1000SP-S3"},"content":{"rendered":"<p><strong><a href=\"https:\/\/sieuthicamerahanoi.com\/san-pham\/camera-dahua-1mp%E2%80%A6hac-hfw1000sp-s3\/\">Camera DH-HAC-HFW1000SP-S3<\/a>\u00a0\u0111\u1ed9 ph\u00e2n gi\u1ea3i 1MP th\u00e2n tr\u1ee5 ngo\u00e0i tr\u1eddi<\/strong><\/p>\n<h2>Th\u00f4ng s\u1ed1 K\u1ef9 thu\u1eadt Camera Dahua DH-HAC-HFW1000SP-S3<\/h2>\n<ul>\n<li>Camera phi\u00ean b\u1ea3n S3 h\u1ed7 tr\u1ee3 HDCVI\/HDTVI\/AHD\/ANALOG.<\/li>\n<li>\u0110\u1ed9 ph\u00e2n gi\u1ea3i 1\/3\u2033 CMOS 1 Megapixel 25\/30fps@720P.<\/li>\n<li>\u0110\u1ed9 nh\u1ea1y s\u00e1ng t\u1ed1i thi\u1ec3u 0.01Lux@F1.2, 0Lux IR LED on.<\/li>\n<li>Ch\u1ebf \u0111\u1ed9 ng\u00e0y \u0111\u00eam (ICR), t\u1ef1 \u0111\u1ed9ng c\u00e2n b\u1eb1ng tr\u1eafng (AWB), t\u1ef1 \u0111\u1ed9ng b\u00f9 s\u00e1ng (AGC).<\/li>\n<li>Ch\u1ed1ng ch\u00f3i s\u00e1ng (BLC,HLC), ch\u1ed1ng nhi\u1ec5u (3D-DNR).<\/li>\n<li>\u1ed0ng k\u00ednh c\u1ed1 \u0111\u1ecbnh 3.6mm.<\/li>\n<li>H\u1ed3ng ngo\u1ea1i t\u1ea7m xa 25m v\u1edbi ch\u1ebf \u0111\u1ed9 h\u1ed3ng ngo\u1ea1i th\u00f4ng minh.<\/li>\n<li>Ch\u1ed1ng n\u01b0\u1edbc IP67.<\/li>\n<li>Ch\u1ea5t li\u1ec7u v\u1ecf kim lo\u1ea1i.<\/li>\n<li>M\u00f4i tr\u01b0\u1eddng l\u00e0m vi\u1ec7c t\u1eeb -30\u00b0C~+60\u00b0C.<\/li>\n<li>Kho\u1ea3ng c\u00e1ch truy\u1ec1n t\u1ea3i tr\u00ean c\u00e1p \u0111\u1ed3ng tr\u1ee5c l\u00ean \u0111\u1ebfn 800m v\u1edbi c\u00e1p 75-3 Ohm.<\/li>\n<li>K\u00edch th\u01b0\u1edbc \u03a670mm\u00d7165mm<\/li>\n<li>Tr\u1ecdng l\u01b0\u1ee3ng\u00a00.3kg<\/li>\n<li>\u0110i\u1ec7n \u00e1p DC12V.<\/li>\n<li>Xu\u1ea5t x\u1ee9: Trung Qu\u1ed1c.<\/li>\n<li>B\u1ea3o h\u00e0nh: 24 th\u00e1ng<\/li>\n<\/ul>\n","protected":false},"excerpt":{"rendered":"<h4>H\u00e3ng s\u1ea3n xu\u1ea5t: DAHUA<\/h4>\n<h4>M\u00e3 s\u1ea3n ph\u1ea9m: DH-HAC-HFW1000SP-S3<\/h4>\n<p><strong>Camera th\u00e2n tr\u1ee5 v\u1ecf s\u1eaft \u0111\u1ed9 ph\u00e2n gi\u1ea3i 1MP.<\/strong><\/p>\n<ul>\n<li>Camera phi\u00ean b\u1ea3n S3 h\u1ed7 tr\u1ee3 HDCVI\/HDTVI\/AHD\/ANALOG.<\/li>\n<li>C\u1ea3m bi\u1ebfn h\u00ecnh \u1ea3nh 1\/3\u201d, CMOS.<\/li>\n<li>\u0110\u1ed9 ph\u00e2n gi\u1ea3i 1MP 25\/30fps@720P.<\/li>\n<li>Ch\u1ebf \u0111\u1ed9 ng\u00e0y \u0111\u00eam (ICR), t\u1ef1 \u0111\u1ed9ng c\u00e2n b\u1eb1ng tr\u1eafng (AWB), t\u1ef1 \u0111\u1ed9ng b\u00f9 s\u00e1ng (AGC), ch\u1ed1ng ch\u00f3i s\u00e1ng (BLC,HLC),\u00a0ch\u1ed1ng nhi\u1ec5u (3D-DNR).<\/li>\n<li>H\u1ed3ng ngo\u1ea1i 25m v\u1edbi c\u00f4ng ngh\u1ec7 h\u1ed3ng ngo\u1ea1i th\u00f4ng minh.<\/li>\n<li>\u1ed0ng k\u00ednh c\u1ed1 \u0111\u1ecbnh 3.6mm<\/li>\n<li>Ch\u1ed1ng n\u01b0\u1edbc IP67.<\/li>\n<\/ul>\n","protected":false},"featured_media":87,"comment_status":"open","ping_status":"closed","template":"","meta":{"_monsterinsights_skip_tracking":false,"_monsterinsights_sitenote_active":false,"_monsterinsights_sitenote_note":"","_monsterinsights_sitenote_category":0},"product_brand":[],"product_cat":[18,20],"product_tag":[],"class_list":{"0":"post-85","1":"product","2":"type-product","3":"status-publish","4":"has-post-thumbnail","6":"product_cat-camera","7":"product_cat-dahua","9":"first","10":"instock","11":"shipping-taxable","12":"purchasable","13":"product-type-simple"},"aioseo_notices":[],"yoast_head":"<!-- This site is optimized with the Yoast SEO plugin v27.5 - https:\/\/yoast.com\/product\/yoast-seo-wordpress\/ -->\n<title>Camera Dahua 1MP DH-HAC-HFW1000SP-S3 - L\u1ee3i L\u1ed9c Camera<\/title>\n<meta name=\"robots\" content=\"index, follow, max-snippet:-1, max-image-preview:large, max-video-preview:-1\" \/>\n<link rel=\"canonical\" href=\"https:\/\/loiloccamera.com\/index.php\/product\/camera-dahua-1mp-dh-hac-hfw1000sp-s3\/\" \/>\n<meta property=\"og:locale\" content=\"vi_VN\" \/>\n<meta property=\"og:type\" content=\"article\" \/>\n<meta property=\"og:title\" content=\"Camera Dahua 1MP DH-HAC-HFW1000SP-S3 - L\u1ee3i L\u1ed9c Camera\" \/>\n<meta property=\"og:description\" content=\"H\u00e3ng s\u1ea3n xu\u1ea5t: DAHUA M\u00e3 s\u1ea3n ph\u1ea9m: DH-HAC-HFW1000SP-S3 Camera th\u00e2n tr\u1ee5 v\u1ecf s\u1eaft \u0111\u1ed9 ph\u00e2n gi\u1ea3i 1MP.   Camera phi\u00ean b\u1ea3n S3 h\u1ed7 tr\u1ee3 HDCVI\/HDTVI\/AHD\/ANALOG.  C\u1ea3m bi\u1ebfn h\u00ecnh \u1ea3nh 1\/3\u201d, CMOS.  \u0110\u1ed9 ph\u00e2n gi\u1ea3i 1MP 25\/30fps@720P.  Ch\u1ebf \u0111\u1ed9 ng\u00e0y \u0111\u00eam (ICR), t\u1ef1 \u0111\u1ed9ng c\u00e2n b\u1eb1ng tr\u1eafng (AWB), t\u1ef1 \u0111\u1ed9ng b\u00f9 s\u00e1ng (AGC), ch\u1ed1ng ch\u00f3i s\u00e1ng (BLC,HLC),\u00a0ch\u1ed1ng nhi\u1ec5u (3D-DNR).  H\u1ed3ng ngo\u1ea1i 25m v\u1edbi c\u00f4ng ngh\u1ec7 h\u1ed3ng ngo\u1ea1i th\u00f4ng minh.  \u1ed0ng k\u00ednh c\u1ed1 \u0111\u1ecbnh 3.6mm  Ch\u1ed1ng n\u01b0\u1edbc IP67.\" \/>\n<meta property=\"og:url\" content=\"https:\/\/loiloccamera.com\/index.php\/product\/camera-dahua-1mp-dh-hac-hfw1000sp-s3\/\" \/>\n<meta property=\"og:site_name\" content=\"L\u1ee3i L\u1ed9c Camera\" \/>\n<meta property=\"article:publisher\" content=\"https:\/\/www.facebook.com\/loiloccamera\/\" \/>\n<meta property=\"article:modified_time\" content=\"2023-03-16T23:57:38+00:00\" \/>\n<meta property=\"og:image\" content=\"https:\/\/loiloccamera.com\/wp-content\/uploads\/2019\/09\/Camera-DH-HAC-HFW1000SP-S3-sieuthicamerahanoi.com_-300x300.jpg\" \/>\n\t<meta property=\"og:image:width\" content=\"300\" \/>\n\t<meta property=\"og:image:height\" content=\"300\" \/>\n\t<meta property=\"og:image:type\" content=\"image\/jpeg\" \/>\n<meta name=\"twitter:card\" content=\"summary_large_image\" \/>\n<meta name=\"twitter:label1\" content=\"\u01af\u1edbc t\u00ednh th\u1eddi gian \u0111\u1ecdc\" \/>\n\t<meta name=\"twitter:data1\" content=\"1 ph\u00fat\" \/>\n<script type=\"application\/ld+json\" class=\"yoast-schema-graph\">{\"@context\":\"https:\\\/\\\/schema.org\",\"@graph\":[{\"@type\":\"WebPage\",\"@id\":\"https:\\\/\\\/loiloccamera.com\\\/index.php\\\/product\\\/camera-dahua-1mp-dh-hac-hfw1000sp-s3\\\/\",\"url\":\"https:\\\/\\\/loiloccamera.com\\\/index.php\\\/product\\\/camera-dahua-1mp-dh-hac-hfw1000sp-s3\\\/\",\"name\":\"Camera Dahua 1MP DH-HAC-HFW1000SP-S3 - L\u1ee3i L\u1ed9c Camera\",\"isPartOf\":{\"@id\":\"https:\\\/\\\/loiloccamera.com\\\/#website\"},\"primaryImageOfPage\":{\"@id\":\"https:\\\/\\\/loiloccamera.com\\\/index.php\\\/product\\\/camera-dahua-1mp-dh-hac-hfw1000sp-s3\\\/#primaryimage\"},\"image\":{\"@id\":\"https:\\\/\\\/loiloccamera.com\\\/index.php\\\/product\\\/camera-dahua-1mp-dh-hac-hfw1000sp-s3\\\/#primaryimage\"},\"thumbnailUrl\":\"https:\\\/\\\/loiloccamera.com\\\/wp-content\\\/uploads\\\/2019\\\/09\\\/Camera-DH-HAC-HFW1000SP-S3-sieuthicamerahanoi.com_-300x300.jpg\",\"datePublished\":\"2019-09-19T07:48:00+00:00\",\"dateModified\":\"2023-03-16T23:57:38+00:00\",\"breadcrumb\":{\"@id\":\"https:\\\/\\\/loiloccamera.com\\\/index.php\\\/product\\\/camera-dahua-1mp-dh-hac-hfw1000sp-s3\\\/#breadcrumb\"},\"inLanguage\":\"vi\",\"potentialAction\":[{\"@type\":\"ReadAction\",\"target\":[\"https:\\\/\\\/loiloccamera.com\\\/index.php\\\/product\\\/camera-dahua-1mp-dh-hac-hfw1000sp-s3\\\/\"]}]},{\"@type\":\"ImageObject\",\"inLanguage\":\"vi\",\"@id\":\"https:\\\/\\\/loiloccamera.com\\\/index.php\\\/product\\\/camera-dahua-1mp-dh-hac-hfw1000sp-s3\\\/#primaryimage\",\"url\":\"https:\\\/\\\/loiloccamera.com\\\/wp-content\\\/uploads\\\/2019\\\/09\\\/Camera-DH-HAC-HFW1000SP-S3-sieuthicamerahanoi.com_-300x300.jpg\",\"contentUrl\":\"https:\\\/\\\/loiloccamera.com\\\/wp-content\\\/uploads\\\/2019\\\/09\\\/Camera-DH-HAC-HFW1000SP-S3-sieuthicamerahanoi.com_-300x300.jpg\",\"width\":300,\"height\":300},{\"@type\":\"BreadcrumbList\",\"@id\":\"https:\\\/\\\/loiloccamera.com\\\/index.php\\\/product\\\/camera-dahua-1mp-dh-hac-hfw1000sp-s3\\\/#breadcrumb\",\"itemListElement\":[{\"@type\":\"ListItem\",\"position\":1,\"name\":\"Trang ch\u1ee7\",\"item\":\"https:\\\/\\\/loiloccamera.com\\\/\"},{\"@type\":\"ListItem\",\"position\":2,\"name\":\"C\u1eeda h\u00e0ng\",\"item\":\"https:\\\/\\\/loiloccamera.com\\\/index.php\\\/mua\\\/\"},{\"@type\":\"ListItem\",\"position\":3,\"name\":\"Camera Dahua 1MP DH-HAC-HFW1000SP-S3\"}]},{\"@type\":\"WebSite\",\"@id\":\"https:\\\/\\\/loiloccamera.com\\\/#website\",\"url\":\"https:\\\/\\\/loiloccamera.com\\\/\",\"name\":\"L\u1ee3i L\u1ed9c Camera\",\"description\":\"Uy t\u00ednh v\u00e0 ch\u1ea5t l\u01b0\u1ee3ng h\u00e0ng \u0111\u1ea7u .\",\"publisher\":{\"@id\":\"https:\\\/\\\/loiloccamera.com\\\/#organization\"},\"potentialAction\":[{\"@type\":\"SearchAction\",\"target\":{\"@type\":\"EntryPoint\",\"urlTemplate\":\"https:\\\/\\\/loiloccamera.com\\\/?s={search_term_string}\"},\"query-input\":{\"@type\":\"PropertyValueSpecification\",\"valueRequired\":true,\"valueName\":\"search_term_string\"}}],\"inLanguage\":\"vi\"},{\"@type\":\"Organization\",\"@id\":\"https:\\\/\\\/loiloccamera.com\\\/#organization\",\"name\":\"L\u1ee3i L\u1ed9c Camera\",\"url\":\"https:\\\/\\\/loiloccamera.com\\\/\",\"logo\":{\"@type\":\"ImageObject\",\"inLanguage\":\"vi\",\"@id\":\"https:\\\/\\\/loiloccamera.com\\\/#\\\/schema\\\/logo\\\/image\\\/\",\"url\":\"https:\\\/\\\/loiloccamera.com\\\/wp-content\\\/uploads\\\/2024\\\/06\\\/Loi-Loc-tron.png\",\"contentUrl\":\"https:\\\/\\\/loiloccamera.com\\\/wp-content\\\/uploads\\\/2024\\\/06\\\/Loi-Loc-tron.png\",\"width\":516,\"height\":513,\"caption\":\"L\u1ee3i L\u1ed9c Camera\"},\"image\":{\"@id\":\"https:\\\/\\\/loiloccamera.com\\\/#\\\/schema\\\/logo\\\/image\\\/\"},\"sameAs\":[\"https:\\\/\\\/www.facebook.com\\\/loiloccamera\\\/\"]}]}<\/script>\n<!-- \/ Yoast SEO plugin. -->","yoast_head_json":{"title":"Camera Dahua 1MP DH-HAC-HFW1000SP-S3 - L\u1ee3i L\u1ed9c Camera","robots":{"index":"index","follow":"follow","max-snippet":"max-snippet:-1","max-image-preview":"max-image-preview:large","max-video-preview":"max-video-preview:-1"},"canonical":"https:\/\/loiloccamera.com\/index.php\/product\/camera-dahua-1mp-dh-hac-hfw1000sp-s3\/","og_locale":"vi_VN","og_type":"article","og_title":"Camera Dahua 1MP DH-HAC-HFW1000SP-S3 - L\u1ee3i L\u1ed9c Camera","og_description":"H\u00e3ng s\u1ea3n xu\u1ea5t: DAHUA M\u00e3 s\u1ea3n ph\u1ea9m: DH-HAC-HFW1000SP-S3 Camera th\u00e2n tr\u1ee5 v\u1ecf s\u1eaft \u0111\u1ed9 ph\u00e2n gi\u1ea3i 1MP.   Camera phi\u00ean b\u1ea3n S3 h\u1ed7 tr\u1ee3 HDCVI\/HDTVI\/AHD\/ANALOG.  C\u1ea3m bi\u1ebfn h\u00ecnh \u1ea3nh 1\/3\u201d, CMOS.  \u0110\u1ed9 ph\u00e2n gi\u1ea3i 1MP 25\/30fps@720P.  Ch\u1ebf \u0111\u1ed9 ng\u00e0y \u0111\u00eam (ICR), t\u1ef1 \u0111\u1ed9ng c\u00e2n b\u1eb1ng tr\u1eafng (AWB), t\u1ef1 \u0111\u1ed9ng b\u00f9 s\u00e1ng (AGC), ch\u1ed1ng ch\u00f3i s\u00e1ng (BLC,HLC),\u00a0ch\u1ed1ng nhi\u1ec5u (3D-DNR).  H\u1ed3ng ngo\u1ea1i 25m v\u1edbi c\u00f4ng ngh\u1ec7 h\u1ed3ng ngo\u1ea1i th\u00f4ng minh.  \u1ed0ng k\u00ednh c\u1ed1 \u0111\u1ecbnh 3.6mm  Ch\u1ed1ng n\u01b0\u1edbc IP67.","og_url":"https:\/\/loiloccamera.com\/index.php\/product\/camera-dahua-1mp-dh-hac-hfw1000sp-s3\/","og_site_name":"L\u1ee3i L\u1ed9c Camera","article_publisher":"https:\/\/www.facebook.com\/loiloccamera\/","article_modified_time":"2023-03-16T23:57:38+00:00","og_image":[{"width":300,"height":300,"url":"https:\/\/loiloccamera.com\/wp-content\/uploads\/2019\/09\/Camera-DH-HAC-HFW1000SP-S3-sieuthicamerahanoi.com_-300x300.jpg","type":"image\/jpeg"}],"twitter_card":"summary_large_image","twitter_misc":{"\u01af\u1edbc t\u00ednh th\u1eddi gian \u0111\u1ecdc":"1 ph\u00fat"},"schema":{"@context":"https:\/\/schema.org","@graph":[{"@type":"WebPage","@id":"https:\/\/loiloccamera.com\/index.php\/product\/camera-dahua-1mp-dh-hac-hfw1000sp-s3\/","url":"https:\/\/loiloccamera.com\/index.php\/product\/camera-dahua-1mp-dh-hac-hfw1000sp-s3\/","name":"Camera Dahua 1MP DH-HAC-HFW1000SP-S3 - L\u1ee3i L\u1ed9c Camera","isPartOf":{"@id":"https:\/\/loiloccamera.com\/#website"},"primaryImageOfPage":{"@id":"https:\/\/loiloccamera.com\/index.php\/product\/camera-dahua-1mp-dh-hac-hfw1000sp-s3\/#primaryimage"},"image":{"@id":"https:\/\/loiloccamera.com\/index.php\/product\/camera-dahua-1mp-dh-hac-hfw1000sp-s3\/#primaryimage"},"thumbnailUrl":"https:\/\/loiloccamera.com\/wp-content\/uploads\/2019\/09\/Camera-DH-HAC-HFW1000SP-S3-sieuthicamerahanoi.com_-300x300.jpg","datePublished":"2019-09-19T07:48:00+00:00","dateModified":"2023-03-16T23:57:38+00:00","breadcrumb":{"@id":"https:\/\/loiloccamera.com\/index.php\/product\/camera-dahua-1mp-dh-hac-hfw1000sp-s3\/#breadcrumb"},"inLanguage":"vi","potentialAction":[{"@type":"ReadAction","target":["https:\/\/loiloccamera.com\/index.php\/product\/camera-dahua-1mp-dh-hac-hfw1000sp-s3\/"]}]},{"@type":"ImageObject","inLanguage":"vi","@id":"https:\/\/loiloccamera.com\/index.php\/product\/camera-dahua-1mp-dh-hac-hfw1000sp-s3\/#primaryimage","url":"https:\/\/loiloccamera.com\/wp-content\/uploads\/2019\/09\/Camera-DH-HAC-HFW1000SP-S3-sieuthicamerahanoi.com_-300x300.jpg","contentUrl":"https:\/\/loiloccamera.com\/wp-content\/uploads\/2019\/09\/Camera-DH-HAC-HFW1000SP-S3-sieuthicamerahanoi.com_-300x300.jpg","width":300,"height":300},{"@type":"BreadcrumbList","@id":"https:\/\/loiloccamera.com\/index.php\/product\/camera-dahua-1mp-dh-hac-hfw1000sp-s3\/#breadcrumb","itemListElement":[{"@type":"ListItem","position":1,"name":"Trang ch\u1ee7","item":"https:\/\/loiloccamera.com\/"},{"@type":"ListItem","position":2,"name":"C\u1eeda h\u00e0ng","item":"https:\/\/loiloccamera.com\/index.php\/mua\/"},{"@type":"ListItem","position":3,"name":"Camera Dahua 1MP DH-HAC-HFW1000SP-S3"}]},{"@type":"WebSite","@id":"https:\/\/loiloccamera.com\/#website","url":"https:\/\/loiloccamera.com\/","name":"L\u1ee3i L\u1ed9c Camera","description":"Uy t\u00ednh v\u00e0 ch\u1ea5t l\u01b0\u1ee3ng h\u00e0ng \u0111\u1ea7u .","publisher":{"@id":"https:\/\/loiloccamera.com\/#organization"},"potentialAction":[{"@type":"SearchAction","target":{"@type":"EntryPoint","urlTemplate":"https:\/\/loiloccamera.com\/?s={search_term_string}"},"query-input":{"@type":"PropertyValueSpecification","valueRequired":true,"valueName":"search_term_string"}}],"inLanguage":"vi"},{"@type":"Organization","@id":"https:\/\/loiloccamera.com\/#organization","name":"L\u1ee3i L\u1ed9c Camera","url":"https:\/\/loiloccamera.com\/","logo":{"@type":"ImageObject","inLanguage":"vi","@id":"https:\/\/loiloccamera.com\/#\/schema\/logo\/image\/","url":"https:\/\/loiloccamera.com\/wp-content\/uploads\/2024\/06\/Loi-Loc-tron.png","contentUrl":"https:\/\/loiloccamera.com\/wp-content\/uploads\/2024\/06\/Loi-Loc-tron.png","width":516,"height":513,"caption":"L\u1ee3i L\u1ed9c Camera"},"image":{"@id":"https:\/\/loiloccamera.com\/#\/schema\/logo\/image\/"},"sameAs":["https:\/\/www.facebook.com\/loiloccamera\/"]}]}},"_links":{"self":[{"href":"https:\/\/loiloccamera.com\/index.php\/wp-json\/wp\/v2\/product\/85","targetHints":{"allow":["GET"]}}],"collection":[{"href":"https:\/\/loiloccamera.com\/index.php\/wp-json\/wp\/v2\/product"}],"about":[{"href":"https:\/\/loiloccamera.com\/index.php\/wp-json\/wp\/v2\/types\/product"}],"replies":[{"embeddable":true,"href":"https:\/\/loiloccamera.com\/index.php\/wp-json\/wp\/v2\/comments?post=85"}],"wp:featuredmedia":[{"embeddable":true,"href":"https:\/\/loiloccamera.com\/index.php\/wp-json\/wp\/v2\/media\/87"}],"wp:attachment":[{"href":"https:\/\/loiloccamera.com\/index.php\/wp-json\/wp\/v2\/media?parent=85"}],"wp:term":[{"taxonomy":"product_brand","embeddable":true,"href":"https:\/\/loiloccamera.com\/index.php\/wp-json\/wp\/v2\/product_brand?post=85"},{"taxonomy":"product_cat","embeddable":true,"href":"https:\/\/loiloccamera.com\/index.php\/wp-json\/wp\/v2\/product_cat?post=85"},{"taxonomy":"product_tag","embeddable":true,"href":"https:\/\/loiloccamera.com\/index.php\/wp-json\/wp\/v2\/product_tag?post=85"}],"curies":[{"name":"wp","href":"https:\/\/api.w.org\/{rel}","templated":true}]}}