{"id":93,"date":"2019-09-19T15:13:01","date_gmt":"2019-09-19T08:13:01","guid":{"rendered":"http:\/\/loiloccamera.com\/?post_type=product&#038;p=93"},"modified":"2023-03-21T07:24:48","modified_gmt":"2023-03-21T00:24:48","slug":"dau-ghi-hinh-ip-hikvision-ds-7104ni-q1","status":"publish","type":"product","link":"https:\/\/loiloccamera.com\/index.php\/product\/dau-ghi-hinh-ip-hikvision-ds-7104ni-q1\/","title":{"rendered":"\u0110\u1ea7u ghi h\u00ecnh IP HIKVISION DS-7104NI-Q1"},"content":{"rendered":"<div class=\"product-tabs-wrapper\">\n<div class=\"container\">\n<div class=\"row\">\n<div class=\"col-12 poduct-tabs-inner\">\n<div class=\"woocommerce-tabs wc-tabs-wrapper tabs-layout-tabs\">\n<div class=\"woodmart-tab-wrapper\">\n<div id=\"tab-description\" class=\"woocommerce-Tabs-panel woocommerce-Tabs-panel--description panel entry-content wc-tab\">\n<div class=\"wc-tab-inner \">\n<div class=\"\">\n<h2>Th\u00f4ng s\u1ed1 k\u1ef9 thu\u1eadt \u0111\u1ea7u ghi h\u00ecnh IP DS-7104NI-Q1<\/h2>\n<div class=\"parameter-table\">\n<table>\n<tbody>\n<tr>\n<th colspan=\"3\">\u0110\u1ea7u v\u00e0o Video\/ Audio<\/th>\n<\/tr>\n<tr>\n<td class=\"td1\"><b>\u0110\u1ea7u v\u00e0o \u0111\u00e0m tho\u1ea1i 2 chi\u1ec1u:<\/b><\/td>\n<td class=\"td2\"><\/td>\n<td>1-ch, RCA (2.0 Vp-p, 1k\u03a9)<\/td>\n<\/tr>\n<tr>\n<td class=\"td1\"><strong>\u0110\u1ea7u v\u00e0o Camera IP:<\/strong><\/td>\n<td class=\"td2\"><\/td>\n<td>4 k\u00eanh<\/td>\n<\/tr>\n<\/tbody>\n<\/table>\n<\/div>\n<div class=\"parameter-table\">\n<table>\n<tbody>\n<tr>\n<th colspan=\"3\">M\u1ea1ng L\u01b0\u1edbi<\/th>\n<\/tr>\n<tr>\n<td class=\"td1\"><strong>K\u1ebft n\u1ed1i t\u1ed1i \u0111a:<\/strong><\/td>\n<td class=\"td2\"><\/td>\n<td>32<\/td>\n<\/tr>\n<tr>\n<td class=\"td1\"><strong>B\u0103ng th\u00f4ng \u0111\u1ea7u v\u00e0o:<\/strong><\/td>\n<td class=\"td2\"><\/td>\n<td>40 Mbps<\/td>\n<\/tr>\n<tr>\n<td class=\"td1\"><strong>B\u0103ng th\u00f4ng \u0111\u1ea7u ra:<\/strong><\/td>\n<td class=\"td2\"><\/td>\n<td>60 Mbps<\/td>\n<\/tr>\n<\/tbody>\n<\/table>\n<\/div>\n<div class=\"parameter-table\">\n<table>\n<tbody>\n<tr>\n<th colspan=\"3\">Gi\u1ea3i m\u00e3<\/th>\n<\/tr>\n<tr>\n<td class=\"td1\">Dung l\u01b0\u1ee3ng<\/td>\n<td class=\"td2\"><\/td>\n<td>1 k\u00eanh 4MP, 4 k\u00eanh 720P, 2 k\u00eanh 1080P<\/td>\n<\/tr>\n<tr>\n<td class=\"td1\">Live view \/ Playback:<\/td>\n<td class=\"td2\"><\/td>\n<td>4MP\/ 3MP\/ 1080P \/UXGA \/720P \/VGA \/4CIF \/DCIF \/2CIF \/CIF \/QCIF<\/td>\n<\/tr>\n<\/tbody>\n<\/table>\n<\/div>\n<div class=\"parameter-table\">\n<table>\n<tbody>\n<tr>\n<th colspan=\"3\">\u1ed4 c\u1ee9ng<\/th>\n<\/tr>\n<tr>\n<td class=\"td1\"><strong>SATA:<\/strong><\/td>\n<td class=\"td2\"><\/td>\n<td>H\u1ed7 tr\u1ee3 1 \u1ed5 c\u1ee9ng<\/td>\n<\/tr>\n<tr>\n<td class=\"td1\"><strong>Dung l\u01b0\u1ee3ng t\u1ed1i \u0111a:<\/strong><\/td>\n<td class=\"td2\"><\/td>\n<td>L\u00ean \u0111\u1ebfn 6TB<\/td>\n<\/tr>\n<\/tbody>\n<\/table>\n<\/div>\n<div class=\"parameter-table\">\n<table>\n<tbody>\n<tr>\n<th colspan=\"3\">Giao di\u1ec7n ngo\u00e0i<\/th>\n<\/tr>\n<tr>\n<td class=\"td1\"><\/td>\n<td class=\"td2\"><\/td>\n<td><\/td>\n<\/tr>\n<tr>\n<td class=\"td1\"><strong>C\u1ed5ng m\u1ea1ng:<\/strong><\/td>\n<td class=\"td2\"><\/td>\n<td>1RJ-45 10\/100\/1000Mbps<\/td>\n<\/tr>\n<tr>\n<td class=\"td1\"><strong>C\u1ed5ng USB:<\/strong><\/td>\n<td class=\"td2\"><\/td>\n<td>2 c\u1ed5ng USB2.0<\/td>\n<\/tr>\n<\/tbody>\n<\/table>\n<\/div>\n<div class=\"parameter-table\">\n<table>\n<tbody>\n<tr>\n<th colspan=\"3\">Th\u00f4ng tin chung<\/th>\n<\/tr>\n<tr>\n<td class=\"td1\"><strong>Ngu\u1ed3n \u0111i\u1ec7n:<\/strong><\/td>\n<td class=\"td2\"><\/td>\n<td>12V DC<\/td>\n<\/tr>\n<tr>\n<td class=\"td1\"><\/td>\n<td class=\"td2\"><\/td>\n<td><\/td>\n<\/tr>\n<tr>\n<td class=\"td1\"><b>\u0110i\u1ec1u ki\u1ec7n ho\u1ea1t \u0111\u00f4ng:<\/b><\/td>\n<td class=\"td2\"><\/td>\n<td>\u2013 T\u1eeb 10\u00b0C \u2013 55\u00b0C<\/td>\n<\/tr>\n<tr>\n<td class=\"td1\">\u2013 T\u1eeb 10\u00b0C \u2013 55\u00b0C<\/td>\n<td class=\"td2\"><\/td>\n<td>10 % ~ 90 %<\/td>\n<\/tr>\n<tr>\n<td class=\"td1\"><strong>\u0110\u1ed9 r\u00f4ng khung<\/strong><\/td>\n<td class=\"td2\"><\/td>\n<td>1U<\/td>\n<\/tr>\n<tr>\n<td class=\"td1\"><strong>K\u00edch th\u01b0\u1edbc:<\/strong><\/td>\n<td class=\"td2\"><\/td>\n<td>205 \u00d7 205 \u00d7 45 mm<\/td>\n<\/tr>\n<tr>\n<td class=\"td1\"><strong>Tr\u1ecdng l\u01b0\u1ee3ng:<\/strong><\/td>\n<td class=\"td2\"><\/td>\n<td>\u2264 1 Kg (kh\u00f4ng bao g\u1ed3m HDD)<\/td>\n<\/tr>\n<\/tbody>\n<\/table>\n<\/div>\n<\/div>\n<\/div>\n<\/div>\n<\/div>\n<div class=\"woodmart-tab-wrapper\"><\/div>\n<\/div>\n<\/div>\n<\/div>\n<\/div>\n<\/div>\n<div class=\"container related-and-upsells\">\n<div class=\"upsells-carousel\"><\/div>\n<\/div>\n","protected":false},"excerpt":{"rendered":"<p>Th\u00f4ng s\u1ed1 k\u1ef9 thu\u1eadt \u0111\u1ea7u ghi h\u00ecnh IP DS-7104NI-Q1 \u0110\u1ea7u v\u00e0o Video\/ Audio \u0110\u1ea7u v\u00e0o \u0111\u00e0m tho\u1ea1i 2 chi\u1ec1u: 1-ch, RCA (2.0 Vp-p, 1k\u03a9) \u0110\u1ea7u v\u00e0o Camera IP: 4 k\u00eanh M\u1ea1ng L\u01b0\u1edbi K\u1ebft n\u1ed1i t\u1ed1i \u0111a: 32 B\u0103ng th\u00f4ng \u0111\u1ea7u v\u00e0o: 40 Mbps B\u0103ng th\u00f4ng \u0111\u1ea7u ra: 60 Mbps Gi\u1ea3i m\u00e3 Dung l\u01b0\u1ee3ng 1 k\u00eanh [&#8230;]\n","protected":false},"featured_media":98,"comment_status":"open","ping_status":"closed","template":"","meta":{"_monsterinsights_skip_tracking":false,"_monsterinsights_sitenote_active":false,"_monsterinsights_sitenote_note":"","_monsterinsights_sitenote_category":0},"product_brand":[],"product_cat":[22,21],"product_tag":[],"class_list":{"0":"post-93","1":"product","2":"type-product","3":"status-publish","4":"has-post-thumbnail","6":"product_cat-hikvision-dau-ghi","7":"product_cat-dau-ghi","9":"first","10":"instock","11":"shipping-taxable","12":"purchasable","13":"product-type-simple"},"aioseo_notices":[],"yoast_head":"<!-- This site is optimized with the Yoast SEO plugin v27.5 - https:\/\/yoast.com\/product\/yoast-seo-wordpress\/ -->\n<title>\u0110\u1ea7u ghi h\u00ecnh IP HIKVISION DS-7104NI-Q1 - L\u1ee3i L\u1ed9c Camera<\/title>\n<meta name=\"robots\" content=\"index, follow, max-snippet:-1, max-image-preview:large, max-video-preview:-1\" \/>\n<link rel=\"canonical\" href=\"https:\/\/loiloccamera.com\/index.php\/product\/dau-ghi-hinh-ip-hikvision-ds-7104ni-q1\/\" \/>\n<meta property=\"og:locale\" content=\"vi_VN\" \/>\n<meta property=\"og:type\" content=\"article\" \/>\n<meta property=\"og:title\" content=\"\u0110\u1ea7u ghi h\u00ecnh IP HIKVISION DS-7104NI-Q1 - L\u1ee3i L\u1ed9c Camera\" \/>\n<meta property=\"og:description\" content=\"Th\u00f4ng s\u1ed1 k\u1ef9 thu\u1eadt \u0111\u1ea7u ghi h\u00ecnh IP DS-7104NI-Q1 \u0110\u1ea7u v\u00e0o Video\/ Audio \u0110\u1ea7u v\u00e0o \u0111\u00e0m tho\u1ea1i 2 chi\u1ec1u: 1-ch, RCA (2.0 Vp-p, 1k\u03a9) \u0110\u1ea7u v\u00e0o Camera IP: 4 k\u00eanh M\u1ea1ng L\u01b0\u1edbi K\u1ebft n\u1ed1i t\u1ed1i \u0111a: 32 B\u0103ng th\u00f4ng \u0111\u1ea7u v\u00e0o: 40 Mbps B\u0103ng th\u00f4ng \u0111\u1ea7u ra: 60 Mbps Gi\u1ea3i m\u00e3 Dung l\u01b0\u1ee3ng 1 k\u00eanh [...]\" \/>\n<meta property=\"og:url\" content=\"https:\/\/loiloccamera.com\/index.php\/product\/dau-ghi-hinh-ip-hikvision-ds-7104ni-q1\/\" \/>\n<meta property=\"og:site_name\" content=\"L\u1ee3i L\u1ed9c Camera\" \/>\n<meta property=\"article:publisher\" content=\"https:\/\/www.facebook.com\/loiloccamera\/\" \/>\n<meta property=\"article:modified_time\" content=\"2023-03-21T00:24:48+00:00\" \/>\n<meta property=\"og:image\" content=\"https:\/\/loiloccamera.com\/wp-content\/uploads\/2019\/09\/Dau-ghi-hinh-camera-DS-7104NI-Q1-sieuthicamerahanoi.com_-300x300.jpg\" \/>\n\t<meta property=\"og:image:width\" content=\"300\" \/>\n\t<meta property=\"og:image:height\" content=\"300\" \/>\n\t<meta property=\"og:image:type\" content=\"image\/jpeg\" \/>\n<meta name=\"twitter:card\" content=\"summary_large_image\" \/>\n<meta name=\"twitter:label1\" content=\"\u01af\u1edbc t\u00ednh th\u1eddi gian \u0111\u1ecdc\" \/>\n\t<meta name=\"twitter:data1\" content=\"1 ph\u00fat\" \/>\n<script type=\"application\/ld+json\" class=\"yoast-schema-graph\">{\"@context\":\"https:\\\/\\\/schema.org\",\"@graph\":[{\"@type\":\"WebPage\",\"@id\":\"https:\\\/\\\/loiloccamera.com\\\/index.php\\\/product\\\/dau-ghi-hinh-ip-hikvision-ds-7104ni-q1\\\/\",\"url\":\"https:\\\/\\\/loiloccamera.com\\\/index.php\\\/product\\\/dau-ghi-hinh-ip-hikvision-ds-7104ni-q1\\\/\",\"name\":\"\u0110\u1ea7u ghi h\u00ecnh IP HIKVISION DS-7104NI-Q1 - L\u1ee3i L\u1ed9c Camera\",\"isPartOf\":{\"@id\":\"https:\\\/\\\/loiloccamera.com\\\/#website\"},\"primaryImageOfPage\":{\"@id\":\"https:\\\/\\\/loiloccamera.com\\\/index.php\\\/product\\\/dau-ghi-hinh-ip-hikvision-ds-7104ni-q1\\\/#primaryimage\"},\"image\":{\"@id\":\"https:\\\/\\\/loiloccamera.com\\\/index.php\\\/product\\\/dau-ghi-hinh-ip-hikvision-ds-7104ni-q1\\\/#primaryimage\"},\"thumbnailUrl\":\"https:\\\/\\\/loiloccamera.com\\\/wp-content\\\/uploads\\\/2019\\\/09\\\/Dau-ghi-hinh-camera-DS-7104NI-Q1-sieuthicamerahanoi.com_-300x300.jpg\",\"datePublished\":\"2019-09-19T08:13:01+00:00\",\"dateModified\":\"2023-03-21T00:24:48+00:00\",\"breadcrumb\":{\"@id\":\"https:\\\/\\\/loiloccamera.com\\\/index.php\\\/product\\\/dau-ghi-hinh-ip-hikvision-ds-7104ni-q1\\\/#breadcrumb\"},\"inLanguage\":\"vi\",\"potentialAction\":[{\"@type\":\"ReadAction\",\"target\":[\"https:\\\/\\\/loiloccamera.com\\\/index.php\\\/product\\\/dau-ghi-hinh-ip-hikvision-ds-7104ni-q1\\\/\"]}]},{\"@type\":\"ImageObject\",\"inLanguage\":\"vi\",\"@id\":\"https:\\\/\\\/loiloccamera.com\\\/index.php\\\/product\\\/dau-ghi-hinh-ip-hikvision-ds-7104ni-q1\\\/#primaryimage\",\"url\":\"https:\\\/\\\/loiloccamera.com\\\/wp-content\\\/uploads\\\/2019\\\/09\\\/Dau-ghi-hinh-camera-DS-7104NI-Q1-sieuthicamerahanoi.com_-300x300.jpg\",\"contentUrl\":\"https:\\\/\\\/loiloccamera.com\\\/wp-content\\\/uploads\\\/2019\\\/09\\\/Dau-ghi-hinh-camera-DS-7104NI-Q1-sieuthicamerahanoi.com_-300x300.jpg\",\"width\":300,\"height\":300},{\"@type\":\"BreadcrumbList\",\"@id\":\"https:\\\/\\\/loiloccamera.com\\\/index.php\\\/product\\\/dau-ghi-hinh-ip-hikvision-ds-7104ni-q1\\\/#breadcrumb\",\"itemListElement\":[{\"@type\":\"ListItem\",\"position\":1,\"name\":\"Trang ch\u1ee7\",\"item\":\"https:\\\/\\\/loiloccamera.com\\\/\"},{\"@type\":\"ListItem\",\"position\":2,\"name\":\"C\u1eeda h\u00e0ng\",\"item\":\"https:\\\/\\\/loiloccamera.com\\\/index.php\\\/mua\\\/\"},{\"@type\":\"ListItem\",\"position\":3,\"name\":\"\u0110\u1ea7u ghi h\u00ecnh IP HIKVISION DS-7104NI-Q1\"}]},{\"@type\":\"WebSite\",\"@id\":\"https:\\\/\\\/loiloccamera.com\\\/#website\",\"url\":\"https:\\\/\\\/loiloccamera.com\\\/\",\"name\":\"L\u1ee3i L\u1ed9c Camera\",\"description\":\"Uy t\u00ednh v\u00e0 ch\u1ea5t l\u01b0\u1ee3ng h\u00e0ng \u0111\u1ea7u .\",\"publisher\":{\"@id\":\"https:\\\/\\\/loiloccamera.com\\\/#organization\"},\"potentialAction\":[{\"@type\":\"SearchAction\",\"target\":{\"@type\":\"EntryPoint\",\"urlTemplate\":\"https:\\\/\\\/loiloccamera.com\\\/?s={search_term_string}\"},\"query-input\":{\"@type\":\"PropertyValueSpecification\",\"valueRequired\":true,\"valueName\":\"search_term_string\"}}],\"inLanguage\":\"vi\"},{\"@type\":\"Organization\",\"@id\":\"https:\\\/\\\/loiloccamera.com\\\/#organization\",\"name\":\"L\u1ee3i L\u1ed9c Camera\",\"url\":\"https:\\\/\\\/loiloccamera.com\\\/\",\"logo\":{\"@type\":\"ImageObject\",\"inLanguage\":\"vi\",\"@id\":\"https:\\\/\\\/loiloccamera.com\\\/#\\\/schema\\\/logo\\\/image\\\/\",\"url\":\"https:\\\/\\\/loiloccamera.com\\\/wp-content\\\/uploads\\\/2024\\\/06\\\/Loi-Loc-tron.png\",\"contentUrl\":\"https:\\\/\\\/loiloccamera.com\\\/wp-content\\\/uploads\\\/2024\\\/06\\\/Loi-Loc-tron.png\",\"width\":516,\"height\":513,\"caption\":\"L\u1ee3i L\u1ed9c Camera\"},\"image\":{\"@id\":\"https:\\\/\\\/loiloccamera.com\\\/#\\\/schema\\\/logo\\\/image\\\/\"},\"sameAs\":[\"https:\\\/\\\/www.facebook.com\\\/loiloccamera\\\/\"]}]}<\/script>\n<!-- \/ Yoast SEO plugin. -->","yoast_head_json":{"title":"\u0110\u1ea7u ghi h\u00ecnh IP HIKVISION DS-7104NI-Q1 - L\u1ee3i L\u1ed9c Camera","robots":{"index":"index","follow":"follow","max-snippet":"max-snippet:-1","max-image-preview":"max-image-preview:large","max-video-preview":"max-video-preview:-1"},"canonical":"https:\/\/loiloccamera.com\/index.php\/product\/dau-ghi-hinh-ip-hikvision-ds-7104ni-q1\/","og_locale":"vi_VN","og_type":"article","og_title":"\u0110\u1ea7u ghi h\u00ecnh IP HIKVISION DS-7104NI-Q1 - L\u1ee3i L\u1ed9c Camera","og_description":"Th\u00f4ng s\u1ed1 k\u1ef9 thu\u1eadt \u0111\u1ea7u ghi h\u00ecnh IP DS-7104NI-Q1 \u0110\u1ea7u v\u00e0o Video\/ Audio \u0110\u1ea7u v\u00e0o \u0111\u00e0m tho\u1ea1i 2 chi\u1ec1u: 1-ch, RCA (2.0 Vp-p, 1k\u03a9) \u0110\u1ea7u v\u00e0o Camera IP: 4 k\u00eanh M\u1ea1ng L\u01b0\u1edbi K\u1ebft n\u1ed1i t\u1ed1i \u0111a: 32 B\u0103ng th\u00f4ng \u0111\u1ea7u v\u00e0o: 40 Mbps B\u0103ng th\u00f4ng \u0111\u1ea7u ra: 60 Mbps Gi\u1ea3i m\u00e3 Dung l\u01b0\u1ee3ng 1 k\u00eanh [...]","og_url":"https:\/\/loiloccamera.com\/index.php\/product\/dau-ghi-hinh-ip-hikvision-ds-7104ni-q1\/","og_site_name":"L\u1ee3i L\u1ed9c Camera","article_publisher":"https:\/\/www.facebook.com\/loiloccamera\/","article_modified_time":"2023-03-21T00:24:48+00:00","og_image":[{"width":300,"height":300,"url":"https:\/\/loiloccamera.com\/wp-content\/uploads\/2019\/09\/Dau-ghi-hinh-camera-DS-7104NI-Q1-sieuthicamerahanoi.com_-300x300.jpg","type":"image\/jpeg"}],"twitter_card":"summary_large_image","twitter_misc":{"\u01af\u1edbc t\u00ednh th\u1eddi gian \u0111\u1ecdc":"1 ph\u00fat"},"schema":{"@context":"https:\/\/schema.org","@graph":[{"@type":"WebPage","@id":"https:\/\/loiloccamera.com\/index.php\/product\/dau-ghi-hinh-ip-hikvision-ds-7104ni-q1\/","url":"https:\/\/loiloccamera.com\/index.php\/product\/dau-ghi-hinh-ip-hikvision-ds-7104ni-q1\/","name":"\u0110\u1ea7u ghi h\u00ecnh IP HIKVISION DS-7104NI-Q1 - L\u1ee3i L\u1ed9c Camera","isPartOf":{"@id":"https:\/\/loiloccamera.com\/#website"},"primaryImageOfPage":{"@id":"https:\/\/loiloccamera.com\/index.php\/product\/dau-ghi-hinh-ip-hikvision-ds-7104ni-q1\/#primaryimage"},"image":{"@id":"https:\/\/loiloccamera.com\/index.php\/product\/dau-ghi-hinh-ip-hikvision-ds-7104ni-q1\/#primaryimage"},"thumbnailUrl":"https:\/\/loiloccamera.com\/wp-content\/uploads\/2019\/09\/Dau-ghi-hinh-camera-DS-7104NI-Q1-sieuthicamerahanoi.com_-300x300.jpg","datePublished":"2019-09-19T08:13:01+00:00","dateModified":"2023-03-21T00:24:48+00:00","breadcrumb":{"@id":"https:\/\/loiloccamera.com\/index.php\/product\/dau-ghi-hinh-ip-hikvision-ds-7104ni-q1\/#breadcrumb"},"inLanguage":"vi","potentialAction":[{"@type":"ReadAction","target":["https:\/\/loiloccamera.com\/index.php\/product\/dau-ghi-hinh-ip-hikvision-ds-7104ni-q1\/"]}]},{"@type":"ImageObject","inLanguage":"vi","@id":"https:\/\/loiloccamera.com\/index.php\/product\/dau-ghi-hinh-ip-hikvision-ds-7104ni-q1\/#primaryimage","url":"https:\/\/loiloccamera.com\/wp-content\/uploads\/2019\/09\/Dau-ghi-hinh-camera-DS-7104NI-Q1-sieuthicamerahanoi.com_-300x300.jpg","contentUrl":"https:\/\/loiloccamera.com\/wp-content\/uploads\/2019\/09\/Dau-ghi-hinh-camera-DS-7104NI-Q1-sieuthicamerahanoi.com_-300x300.jpg","width":300,"height":300},{"@type":"BreadcrumbList","@id":"https:\/\/loiloccamera.com\/index.php\/product\/dau-ghi-hinh-ip-hikvision-ds-7104ni-q1\/#breadcrumb","itemListElement":[{"@type":"ListItem","position":1,"name":"Trang ch\u1ee7","item":"https:\/\/loiloccamera.com\/"},{"@type":"ListItem","position":2,"name":"C\u1eeda h\u00e0ng","item":"https:\/\/loiloccamera.com\/index.php\/mua\/"},{"@type":"ListItem","position":3,"name":"\u0110\u1ea7u ghi h\u00ecnh IP HIKVISION DS-7104NI-Q1"}]},{"@type":"WebSite","@id":"https:\/\/loiloccamera.com\/#website","url":"https:\/\/loiloccamera.com\/","name":"L\u1ee3i L\u1ed9c Camera","description":"Uy t\u00ednh v\u00e0 ch\u1ea5t l\u01b0\u1ee3ng h\u00e0ng \u0111\u1ea7u .","publisher":{"@id":"https:\/\/loiloccamera.com\/#organization"},"potentialAction":[{"@type":"SearchAction","target":{"@type":"EntryPoint","urlTemplate":"https:\/\/loiloccamera.com\/?s={search_term_string}"},"query-input":{"@type":"PropertyValueSpecification","valueRequired":true,"valueName":"search_term_string"}}],"inLanguage":"vi"},{"@type":"Organization","@id":"https:\/\/loiloccamera.com\/#organization","name":"L\u1ee3i L\u1ed9c Camera","url":"https:\/\/loiloccamera.com\/","logo":{"@type":"ImageObject","inLanguage":"vi","@id":"https:\/\/loiloccamera.com\/#\/schema\/logo\/image\/","url":"https:\/\/loiloccamera.com\/wp-content\/uploads\/2024\/06\/Loi-Loc-tron.png","contentUrl":"https:\/\/loiloccamera.com\/wp-content\/uploads\/2024\/06\/Loi-Loc-tron.png","width":516,"height":513,"caption":"L\u1ee3i L\u1ed9c Camera"},"image":{"@id":"https:\/\/loiloccamera.com\/#\/schema\/logo\/image\/"},"sameAs":["https:\/\/www.facebook.com\/loiloccamera\/"]}]}},"_links":{"self":[{"href":"https:\/\/loiloccamera.com\/index.php\/wp-json\/wp\/v2\/product\/93","targetHints":{"allow":["GET"]}}],"collection":[{"href":"https:\/\/loiloccamera.com\/index.php\/wp-json\/wp\/v2\/product"}],"about":[{"href":"https:\/\/loiloccamera.com\/index.php\/wp-json\/wp\/v2\/types\/product"}],"replies":[{"embeddable":true,"href":"https:\/\/loiloccamera.com\/index.php\/wp-json\/wp\/v2\/comments?post=93"}],"wp:featuredmedia":[{"embeddable":true,"href":"https:\/\/loiloccamera.com\/index.php\/wp-json\/wp\/v2\/media\/98"}],"wp:attachment":[{"href":"https:\/\/loiloccamera.com\/index.php\/wp-json\/wp\/v2\/media?parent=93"}],"wp:term":[{"taxonomy":"product_brand","embeddable":true,"href":"https:\/\/loiloccamera.com\/index.php\/wp-json\/wp\/v2\/product_brand?post=93"},{"taxonomy":"product_cat","embeddable":true,"href":"https:\/\/loiloccamera.com\/index.php\/wp-json\/wp\/v2\/product_cat?post=93"},{"taxonomy":"product_tag","embeddable":true,"href":"https:\/\/loiloccamera.com\/index.php\/wp-json\/wp\/v2\/product_tag?post=93"}],"curies":[{"name":"wp","href":"https:\/\/api.w.org\/{rel}","templated":true}]}}